{"id":95,"date":"2022-11-05T08:14:53","date_gmt":"2022-11-05T08:14:53","guid":{"rendered":"https:\/\/neosumk.com\/?page_id=95"},"modified":"2022-11-06T12:08:58","modified_gmt":"2022-11-06T12:08:58","slug":"disclaimer","status":"publish","type":"page","link":"https:\/\/osenc.com\/poland\/disclaimer\/","title":{"rendered":"Zastrze\u017cenie"},"content":{"rendered":"<div data-elementor-type=\"wp-page\" data-elementor-id=\"95\" class=\"elementor elementor-95\" data-elementor-post-type=\"page\">\n\t\t\t\t\t\t<section class=\"elementor-section elementor-top-section elementor-element elementor-element-83b9577 elementor-section-height-min-height elementor-section-boxed elementor-section-height-default elementor-section-items-middle\" data-id=\"83b9577\" data-element_type=\"section\" data-e-type=\"section\">\n\t\t\t\t\t\t<div class=\"elementor-container elementor-column-gap-default\">\n\t\t\t\t\t<div class=\"elementor-column elementor-col-100 elementor-top-column elementor-element elementor-element-78fa5b9\" data-id=\"78fa5b9\" data-element_type=\"column\" data-e-type=\"column\">\n\t\t\t<div class=\"elementor-widget-wrap elementor-element-populated\">\n\t\t\t\t\t\t<div class=\"elementor-element elementor-element-cb10f64 elementor-widget elementor-widget-heading\" data-id=\"cb10f64\" data-element_type=\"widget\" data-e-type=\"widget\" data-widget_type=\"heading.default\">\n\t\t\t\t\t<h1 class=\"elementor-heading-title elementor-size-default\">Zastrze\u017cenie<\/h1>\t\t\t\t<\/div>\n\t\t\t\t\t<\/div>\n\t\t<\/div>\n\t\t\t\t\t<\/div>\n\t\t<\/section>\n\t\t\t\t<section class=\"elementor-section elementor-top-section elementor-element elementor-element-7f1e0f3 elementor-section-boxed elementor-section-height-default elementor-section-height-default\" data-id=\"7f1e0f3\" data-element_type=\"section\" data-e-type=\"section\">\n\t\t\t\t\t\t<div class=\"elementor-container elementor-column-gap-default\">\n\t\t\t\t\t<div class=\"elementor-column elementor-col-100 elementor-top-column elementor-element elementor-element-2edc594\" data-id=\"2edc594\" data-element_type=\"column\" data-e-type=\"column\">\n\t\t\t<div class=\"elementor-widget-wrap elementor-element-populated\">\n\t\t\t\t\t\t<div class=\"elementor-element elementor-element-d0cde31 elementor-widget elementor-widget-text-editor\" data-id=\"d0cde31\" data-element_type=\"widget\" data-e-type=\"widget\" data-widget_type=\"text-editor.default\">\n\t\t\t\t\t\t\t\t\t<p>Ostatnia aktualizacja: 15 pa\u017adziernika 2022 r.<\/p><h2>Interpretacja i definicje<\/h2><h3>Interpretacja<\/h3><p>Wyrazy, kt\u00f3rych pierwsza litera jest pisana wielk\u0105 liter\u0105, maj\u0105 znaczenie zdefiniowane w nast\u0119puj\u0105cych warunkach. Poni\u017csze definicje maj\u0105 takie samo znaczenie niezale\u017cnie od tego, czy wyst\u0119puj\u0105 w liczbie pojedynczej czy mnogiej.<\/p><h3>Definicje<\/h3><p>Dla cel\u00f3w niniejszego Zastrze\u017cenia:<\/p><ul><li>Sp\u00f3\u0142ka (okre\u015blana w niniejszym Zastrze\u017ceniu jako \u201cSp\u00f3\u0142ka\u201d, \u201cMy\u201d, \u201cNas\u201d lub \u201cNasze\u201d) odnosi si\u0119 do Osenc Magnet Co., Ltd, Mu Lun Chuang Ye Er Lu, Changpin, Dongguan 523000.<\/li><li>Us\u0142uga odnosi si\u0119 do Witryny.<\/li><li>U\u017cytkownik oznacza osob\u0119 fizyczn\u0105 uzyskuj\u0105c\u0105 dost\u0119p do Us\u0142ugi lub sp\u00f3\u0142k\u0119 b\u0105d\u017a inny podmiot prawny, w imieniu kt\u00f3rego taka osoba fizyczna uzyskuje dost\u0119p do Us\u0142ugi lub z niej korzysta.<\/li><li>Strona internetowa odnosi si\u0119 do Osenc, dost\u0119pnej pod adresem https:\/\/osenc.com\/<\/li><\/ul><h2>Zastrze\u017cenie<\/h2><p>Informacje zawarte w Serwisie s\u0142u\u017c\u0105 wy\u0142\u0105cznie og\u00f3lnym celom informacyjnym.<br \/>Sp\u00f3\u0142ka nie ponosi odpowiedzialno\u015bci za b\u0142\u0119dy lub pomini\u0119cia w tre\u015bci Serwisu.<br \/>W \u017cadnym wypadku Sp\u00f3\u0142ka nie ponosi odpowiedzialno\u015bci za jakiekolwiek szczeg\u00f3lne, bezpo\u015brednie, po\u015brednie, wynikowe lub przypadkowe szkody lub jakiekolwiek inne szkody, czy to w ramach umowy, zaniedbania lub innego czynu niedozwolonego, wynikaj\u0105ce z lub w zwi\u0105zku z korzystaniem z Us\u0142ugi lub tre\u015bci Us\u0142ugi. Sp\u00f3\u0142ka zastrzega sobie prawo do dodawania, usuwania lub modyfikowania zawarto\u015bci Serwisu w dowolnym momencie bez wcze\u015bniejszego powiadomienia. Niniejsze Zastrze\u017cenie zosta\u0142o utworzone przy pomocy Generatora Zastrze\u017ce\u0144 TermsFeed.<br \/>Sp\u00f3\u0142ka nie gwarantuje, \u017ce Us\u0142uga jest wolna od wirus\u00f3w lub innych szkodliwych element\u00f3w.<\/p><h2>Zastrze\u017cenie dotycz\u0105ce link\u00f3w zewn\u0119trznych<\/h2><p>Us\u0142uga mo\u017ce zawiera\u0107 \u0142\u0105cza do zewn\u0119trznych stron internetowych, kt\u00f3re nie s\u0105 dostarczane ani utrzymywane przez Sp\u00f3\u0142k\u0119 lub w jakikolwiek spos\u00f3b z ni\u0105 powi\u0105zane.<br \/>Nale\u017cy pami\u0119ta\u0107, \u017ce Sp\u00f3\u0142ka nie gwarantuje dok\u0142adno\u015bci, trafno\u015bci, aktualno\u015bci ani kompletno\u015bci jakichkolwiek informacji na tych zewn\u0119trznych stronach internetowych.<\/p><h2>Wy\u0142\u0105czenie odpowiedzialno\u015bci za b\u0142\u0119dy i pomini\u0119cia<\/h2><p>Informacje podane w Serwisie maj\u0105 jedynie charakter og\u00f3lnych wskaz\u00f3wek dotycz\u0105cych interesuj\u0105cych nas kwestii. Nawet je\u015bli Sp\u00f3\u0142ka podejmie wszelkie \u015brodki ostro\u017cno\u015bci, aby zapewni\u0107, \u017ce zawarto\u015b\u0107 Serwisu jest zar\u00f3wno aktualna, jak i dok\u0142adna, mog\u0105 wyst\u0105pi\u0107 b\u0142\u0119dy. Ponadto, bior\u0105c pod uwag\u0119 zmieniaj\u0105cy si\u0119 charakter przepis\u00f3w prawa, zasad i regulacji, mog\u0105 wyst\u0105pi\u0107 op\u00f3\u017anienia, pomini\u0119cia lub nie\u015bcis\u0142o\u015bci w informacjach zawartych w Serwisie.<br \/>Sp\u00f3\u0142ka nie ponosi odpowiedzialno\u015bci za jakiekolwiek b\u0142\u0119dy lub pomini\u0119cia ani za wyniki uzyskane w wyniku wykorzystania tych informacji.<\/p><h2>Zastrze\u017cenie dotycz\u0105ce dozwolonego u\u017cytku<\/h2><p>Sp\u00f3\u0142ka mo\u017ce wykorzystywa\u0107 materia\u0142y chronione prawem autorskim, kt\u00f3re nie zawsze zosta\u0142y wyra\u017anie autoryzowane przez w\u0142a\u015bciciela praw autorskich. Sp\u00f3\u0142ka udost\u0119pnia takie materia\u0142y w celu krytyki, komentowania, przekazywania wiadomo\u015bci, nauczania, stypendi\u00f3w lub bada\u0144.<br \/>Sp\u00f3\u0142ka uwa\u017ca, \u017ce stanowi to \u201cdozwolony u\u017cytek\u201d wszelkich takich materia\u0142\u00f3w chronionych prawem autorskim, zgodnie z sekcj\u0105 107 ameryka\u0144skiego prawa autorskiego.<br \/>Je\u015bli u\u017cytkownik chce wykorzysta\u0107 materia\u0142y chronione prawem autorskim z Us\u0142ugi do w\u0142asnych cel\u00f3w, kt\u00f3re wykraczaj\u0105 poza dozwolony u\u017cytek, musi uzyska\u0107 zgod\u0119 w\u0142a\u015bciciela praw autorskich.<\/p><h2>Wyra\u017cone pogl\u0105dy Zastrze\u017cenie<\/h2><p>Serwis mo\u017ce zawiera\u0107 pogl\u0105dy i opinie, kt\u00f3re s\u0105 pogl\u0105dami i opiniami autor\u00f3w i niekoniecznie odzwierciedlaj\u0105 oficjaln\u0105 polityk\u0119 lub stanowisko jakiegokolwiek innego autora, agencji, organizacji, pracodawcy lub sp\u00f3\u0142ki, w tym Sp\u00f3\u0142ki.<br \/>Komentarze publikowane przez u\u017cytkownik\u00f3w s\u0105 ich wy\u0142\u0105czn\u0105 odpowiedzialno\u015bci\u0105, a u\u017cytkownicy bior\u0105 na siebie pe\u0142n\u0105 odpowiedzialno\u015b\u0107 za wszelkie znies\u0142awienia lub spory s\u0105dowe, kt\u00f3re wynikaj\u0105 z czego\u015b napisanego w komentarzu lub jako bezpo\u015bredni rezultat czego\u015b napisanego w komentarzu. Sp\u00f3\u0142ka nie ponosi odpowiedzialno\u015bci za komentarze publikowane przez u\u017cytkownik\u00f3w i zastrzega sobie prawo do usuni\u0119cia ka\u017cdego komentarza z dowolnego powodu.<\/p><h2>Wy\u0142\u0105czenie odpowiedzialno\u015bci<\/h2><p>Informacje zawarte w Serwisie s\u0105 dostarczane przy za\u0142o\u017ceniu, \u017ce Sp\u00f3\u0142ka nie jest zaanga\u017cowana w \u015bwiadczenie us\u0142ug prawnych, ksi\u0119gowych, podatkowych lub innych profesjonalnych porad i us\u0142ug. W zwi\u0105zku z tym nie nale\u017cy ich wykorzystywa\u0107 jako substytutu konsultacji z profesjonalnymi doradcami ksi\u0119gowymi, podatkowymi, prawnymi lub innymi kompetentnymi doradcami.<br \/>W \u017cadnym wypadku Sp\u00f3\u0142ka ani jej dostawcy nie ponosz\u0105 odpowiedzialno\u015bci za jakiekolwiek szczeg\u00f3lne, przypadkowe, po\u015brednie lub wt\u00f3rne szkody wynikaj\u0105ce z lub w zwi\u0105zku z dost\u0119pem lub korzystaniem lub niemo\u017cno\u015bci\u0105 uzyskania dost\u0119pu lub korzystania z Us\u0142ugi.<\/p><h2>\u201cZastrze\u017cenie \u201dU\u017cywaj na w\u0142asne ryzyko\"<\/h2><p>Wszystkie informacje zawarte w Serwisie s\u0105 dostarczane w stanie, w jakim si\u0119 znajduj\u0105, bez gwarancji kompletno\u015bci, dok\u0142adno\u015bci, terminowo\u015bci lub wynik\u00f3w uzyskanych w wyniku korzystania z tych informacji, a tak\u017ce bez jakiejkolwiek gwarancji, wyra\u017anej lub dorozumianej, w tym mi\u0119dzy innymi gwarancji wykonania, przydatno\u015bci handlowej i przydatno\u015bci do okre\u015blonego celu.<br \/>Sp\u00f3\u0142ka nie ponosi odpowiedzialno\u015bci wobec U\u017cytkownika ani innych os\u00f3b za jakiekolwiek decyzje lub dzia\u0142ania podj\u0119te w oparciu o informacje podane przez Us\u0142ug\u0119 ani za jakiekolwiek szkody wt\u00f3rne, szczeg\u00f3lne lub podobne, nawet je\u015bli zosta\u0142a poinformowana o mo\u017cliwo\u015bci wyst\u0105pienia takich szk\u00f3d.<\/p><h2>Kontakt<\/h2><p>W przypadku jakichkolwiek pyta\u0144 dotycz\u0105cych niniejszego Zastrze\u017cenia, U\u017cytkownik mo\u017ce skontaktowa\u0107 si\u0119 z nami:<\/p><ul><li>E-mail: info@osenc.com<\/li><\/ul>\t\t\t\t\t\t\t\t<\/div>\n\t\t\t\t\t<\/div>\n\t\t<\/div>\n\t\t\t\t\t<\/div>\n\t\t<\/section>\n\t\t\t\t<\/div>","protected":false},"excerpt":{"rendered":"<p>Wy\u0142\u0105czenie odpowiedzialno\u015bci Ostatnia aktualizacja: 15 pa\u017adziernika 2022 r. Interpretacja i definicje Interpretacja S\u0142owa, kt\u00f3rych pocz\u0105tkowa litera jest pisana wielk\u0105 liter\u0105, maj\u0105 znaczenie zdefiniowane w nast\u0119puj\u0105cych warunkach. Poni\u017csze definicje maj\u0105 takie samo znaczenie niezale\u017cnie od tego, czy wyst\u0119puj\u0105 w liczbie pojedynczej czy mnogiej. Definicje Dla cel\u00f3w niniejszego Zastrze\u017cenia: Sp\u00f3\u0142ka (zwana dalej...<\/p>","protected":false},"author":1,"featured_media":0,"parent":0,"menu_order":40,"comment_status":"closed","ping_status":"closed","template":"","meta":{"_kad_blocks_custom_css":"","_kad_blocks_head_custom_js":"","_kad_blocks_body_custom_js":"","_kad_blocks_footer_custom_js":"","_kad_post_transparent":"","_kad_post_title":"","_kad_post_layout":"","_kad_post_sidebar_id":"","_kad_post_content_style":"","_kad_post_vertical_padding":"","_kad_post_feature":"","_kad_post_feature_position":"","_kad_post_header":false,"_kad_post_footer":false,"_kad_post_classname":"","footnotes":""},"class_list":["post-95","page","type-page","status-publish","hentry"],"taxonomy_info":[],"featured_image_src_large":false,"author_info":{"display_name":"Ben Zhong","author_link":"https:\/\/osenc.com\/poland\/author\/infoosenc-com\/"},"comment_info":"","_links":{"self":[{"href":"https:\/\/osenc.com\/poland\/wp-json\/wp\/v2\/pages\/95","targetHints":{"allow":["GET"]}}],"collection":[{"href":"https:\/\/osenc.com\/poland\/wp-json\/wp\/v2\/pages"}],"about":[{"href":"https:\/\/osenc.com\/poland\/wp-json\/wp\/v2\/types\/page"}],"author":[{"embeddable":true,"href":"https:\/\/osenc.com\/poland\/wp-json\/wp\/v2\/users\/1"}],"replies":[{"embeddable":true,"href":"https:\/\/osenc.com\/poland\/wp-json\/wp\/v2\/comments?post=95"}],"version-history":[{"count":0,"href":"https:\/\/osenc.com\/poland\/wp-json\/wp\/v2\/pages\/95\/revisions"}],"wp:attachment":[{"href":"https:\/\/osenc.com\/poland\/wp-json\/wp\/v2\/media?parent=95"}],"curies":[{"name":"wp","href":"https:\/\/api.w.org\/{rel}","templated":true}]}}