{"id":5962,"date":"2025-10-17T00:07:07","date_gmt":"2025-10-16T16:07:07","guid":{"rendered":"https:\/\/osenc.com\/?page_id=5962"},"modified":"2025-10-17T00:31:21","modified_gmt":"2025-10-16T16:31:21","slug":"magnetic-drum-separator","status":"publish","type":"page","link":"https:\/\/osenc.com\/poland\/magnetic-drum-separator\/","title":{"rendered":"B\u0119ben magnetyczny"},"content":{"rendered":"\t\t<div data-elementor-type=\"wp-page\" data-elementor-id=\"5962\" class=\"elementor elementor-5962\" data-elementor-post-type=\"page\">\n\t\t\t\t\t\t<section class=\"elementor-section elementor-top-section elementor-element elementor-element-2480005 elementor-section-boxed elementor-section-height-default elementor-section-height-default\" data-id=\"2480005\" data-element_type=\"section\" data-e-type=\"section\">\n\t\t\t\t\t\t<div class=\"elementor-container elementor-column-gap-default\">\n\t\t\t\t\t<div class=\"elementor-column elementor-col-50 elementor-top-column elementor-element elementor-element-523c9cc1\" data-id=\"523c9cc1\" data-element_type=\"column\" data-e-type=\"column\">\n\t\t\t<div class=\"elementor-widget-wrap elementor-element-populated\">\n\t\t\t\t\t\t<div class=\"elementor-element elementor-element-36ccf837 elementor-widget elementor-widget-image\" data-id=\"36ccf837\" data-element_type=\"widget\" data-e-type=\"widget\" data-widget_type=\"image.default\">\n\t\t\t\t\t\t\t\t\t\t\t\t\t\t\t<img fetchpriority=\"high\" decoding=\"async\" width=\"1024\" height=\"1024\" src=\"https:\/\/osenc.com\/wp-content\/uploads\/2025\/10\/Magnetic-Drum-1024x1024.jpg\" class=\"attachment-large size-large wp-image-5964\" alt=\"Magnetic Drum\" srcset=\"https:\/\/osenc.com\/wp-content\/uploads\/2025\/10\/Magnetic-Drum-1024x1024.jpg 1024w, https:\/\/osenc.com\/wp-content\/uploads\/2025\/10\/Magnetic-Drum-600x600.jpg 600w, https:\/\/osenc.com\/wp-content\/uploads\/2025\/10\/Magnetic-Drum-150x150.jpg 150w, https:\/\/osenc.com\/wp-content\/uploads\/2025\/10\/Magnetic-Drum-768x768.jpg 768w, https:\/\/osenc.com\/wp-content\/uploads\/2025\/10\/Magnetic-Drum-12x12.jpg 12w, https:\/\/osenc.com\/wp-content\/uploads\/2025\/10\/Magnetic-Drum.jpg 1200w\" sizes=\"(max-width: 1024px) 100vw, 1024px\" \/>\t\t\t\t\t\t\t\t\t\t\t\t\t\t\t<\/div>\n\t\t\t\t\t<\/div>\n\t\t<\/div>\n\t\t\t\t<div class=\"elementor-column elementor-col-50 elementor-top-column elementor-element elementor-element-55133c4e\" data-id=\"55133c4e\" data-element_type=\"column\" data-e-type=\"column\">\n\t\t\t<div class=\"elementor-widget-wrap elementor-element-populated\">\n\t\t\t\t\t\t<div class=\"elementor-element elementor-element-f293c64 elementor-widget elementor-widget-heading\" data-id=\"f293c64\" data-element_type=\"widget\" data-e-type=\"widget\" data-widget_type=\"heading.default\">\n\t\t\t\t\t<h1 class=\"elementor-heading-title elementor-size-default\">High Performance Magnetic Drum<\/h1>\t\t\t\t<\/div>\n\t\t\t\t<div class=\"elementor-element elementor-element-6ccbdc95 elementor-widget elementor-widget-text-editor\" data-id=\"6ccbdc95\" data-element_type=\"widget\" data-e-type=\"widget\" data-widget_type=\"text-editor.default\">\n\t\t\t\t\t\t\t\t\t<ul><li data-start=\"78\" data-end=\"122\"><p data-start=\"81\" data-end=\"122\"><strong data-start=\"81\" data-end=\"120\">High Magnetic Separation Efficiency<\/strong><\/p><\/li><li data-start=\"123\" data-end=\"168\"><p data-start=\"126\" data-end=\"168\"><strong data-start=\"126\" data-end=\"166\">Continuous Automatic Cleaning System<\/strong><\/p><\/li><li data-start=\"169\" data-end=\"214\"><p data-start=\"172\" data-end=\"214\"><strong data-start=\"172\" data-end=\"212\">Durable Stainless-Steel Construction<\/strong><\/p><\/li><li data-start=\"215\" data-end=\"253\"><p data-start=\"218\" data-end=\"253\"><strong data-start=\"218\" data-end=\"251\">Ferrite and Neodymium Options<\/strong><\/p><\/li><\/ul>\t\t\t\t\t\t\t\t<\/div>\n\t\t\t\t<div class=\"elementor-element elementor-element-70a175fd elementor-widget elementor-widget-button\" data-id=\"70a175fd\" data-element_type=\"widget\" data-e-type=\"widget\" data-widget_type=\"button.default\">\n\t\t\t\t\t\t\t\t\t\t<a class=\"elementor-button elementor-button-link elementor-size-sm\" href=\"#elementor-action%3Aaction%3Dpopup%3Aopen%26settings%3DeyJpZCI6IjIwMSIsInRvZ2dsZSI6ZmFsc2V9\">\n\t\t\t\t\t\t<span class=\"elementor-button-content-wrapper\">\n\t\t\t\t\t\t\t\t\t<span class=\"elementor-button-text\">Get An Instant Quotation Now<\/span>\n\t\t\t\t\t<\/span>\n\t\t\t\t\t<\/a>\n\t\t\t\t\t\t\t\t<\/div>\n\t\t\t\t\t<\/div>\n\t\t<\/div>\n\t\t\t\t\t<\/div>\n\t\t<\/section>\n\t\t\t\t<section class=\"elementor-section elementor-top-section elementor-element elementor-element-5fb709d3 elementor-section-boxed elementor-section-height-default elementor-section-height-default\" data-id=\"5fb709d3\" data-element_type=\"section\" data-e-type=\"section\" data-settings=\"{&quot;background_background&quot;:&quot;classic&quot;}\">\n\t\t\t\t\t\t<div class=\"elementor-container elementor-column-gap-default\">\n\t\t\t\t\t<div class=\"elementor-column elementor-col-50 elementor-top-column elementor-element elementor-element-57aa4dac\" data-id=\"57aa4dac\" data-element_type=\"column\" data-e-type=\"column\">\n\t\t\t<div class=\"elementor-widget-wrap elementor-element-populated\">\n\t\t\t\t\t\t<div class=\"elementor-element elementor-element-5bc02b99 elementor-widget elementor-widget-text-editor\" data-id=\"5bc02b99\" data-element_type=\"widget\" data-e-type=\"widget\" data-widget_type=\"text-editor.default\">\n\t\t\t\t\t\t\t\t\t<p>Osenc Magnetic Drum Separators\u2014also called drum magnets, permanent magnetic drums, drum-in-housing, and LIMS\/HIMS\u2014continuously remove ferrous contaminants. With a stationary magnetic core and rotating 304\/316 stainless shell, they offer axial\/radial poles, counter-rotation or concurrent flow, adjustable splitters, and wear liners to protect downstream equipment.<\/p><p>Available as dry or wet drum separators with ferrite (ceramic) or neodymium (rare-earth) options, they suit mining, recycling, food, plastics, glass, and ceramics. Expect high-purity output, self-cleaning continuous operation, sealed bearings, custom sizes, low maintenance, and long service life.<\/p><h2 data-start=\"88\" data-end=\"141\"><strong data-start=\"92\" data-end=\"141\">Applications of Osenc Magnetic Drum Separator<\/strong><\/h2><ol data-start=\"143\" data-end=\"1088\"><li data-start=\"143\" data-end=\"311\"><p data-start=\"146\" data-end=\"311\"><strong data-start=\"146\" data-end=\"168\">Recycling Industry<\/strong> \u2013 Efficiently separates ferrous metals from shredded scrap, electronic waste, and non-ferrous material streams for cleaner recycling output.<\/p><\/li><li data-start=\"313\" data-end=\"473\"><p data-start=\"316\" data-end=\"473\"><strong data-start=\"316\" data-end=\"347\">Mining &amp; Mineral Processing<\/strong> \u2013 Removes tramp iron and concentrates magnetic minerals, ensuring higher purity and protecting crushers and grinding mills.<\/p><\/li><li data-start=\"475\" data-end=\"616\"><p data-start=\"478\" data-end=\"616\"><strong data-start=\"478\" data-end=\"504\">Food Processing Plants<\/strong> \u2013 Eliminates ferrous contamination from sugar, flour, grains, and spices to meet food-grade safety standards.<\/p><\/li><li data-start=\"618\" data-end=\"786\"><p data-start=\"621\" data-end=\"786\"><strong data-start=\"621\" data-end=\"654\">Cement &amp; Aggregate Production<\/strong> \u2013 Extracts iron debris from limestone, sand, and raw cement materials, preventing equipment wear and maintaining product quality.<\/p><\/li><li data-start=\"788\" data-end=\"936\"><p data-start=\"791\" data-end=\"936\"><strong data-start=\"791\" data-end=\"818\">Wood &amp; Biomass Industry<\/strong> \u2013 Captures nails, screws, and steel fragments from wood chips and biomass before further processing or pelletizing.<\/p><\/li><\/ol><h2>Benefits of Osenc Magnetic Drum Separator<\/h2><h3>Continuous Automatic Operation<\/h3><p>Osenc Magnetic Drums operate continuously without manual intervention, automatically separating ferrous contaminants to maintain a stable production process and minimize downtime in high-capacity industrial systems.<\/p><h3>Self-Cleaning for Maximum Efficiency<\/h3><p>The automatic self-cleaning design ensures metal contaminants are continuously discharged, reducing labor costs, preventing accumulation, and keeping the separator operating at peak magnetic performance.<\/p><h3>Protects Critical Processing Equipment<\/h3><p>By removing tramp iron and ferrous debris, the magnetic drum protects crushers, grinders, and conveyors from costly damage, extending the lifespan of downstream machinery.<\/p><h3>High Purity Separation Results<\/h3><p>With strong and uniform magnetic fields, Osenc drums ensure precise separation of even fine ferrous particles, delivering cleaner end materials suitable for recycling, food, and chemical industries.<\/p><h3>Low Maintenance &amp; Long Service Life<\/h3><p>Built with durable stainless-steel housing and high-quality magnetic systems, the separator requires minimal maintenance and provides long-lasting, stable performance under continuous industrial operation.<\/p><h2>FAQ<\/h2><h3>How does a Magnetic Drum work?<\/h3><div class=\"relative my-1 min-h-6 mt-3 mt-6\"><div class=\"relative flex origin-top-left flex-col gap-2 overflow-x-clip\"><div class=\"flex w-full flex-col items-start justify-between text-start flex-row\"><article class=\"text-token-text-primary w-full focus:outline-none [--shadow-height:45px] has-data-writing-block:pointer-events-none has-data-writing-block:-mt-(--shadow-height) has-data-writing-block:pt-(--shadow-height) [&amp;:has([data-writing-block])&gt;*]:pointer-events-auto [content-visibility:auto] supports-[content-visibility:auto]:[contain-intrinsic-size:auto_100lvh] scroll-mt-[calc(var(--header-height)+min(200px,max(70px,20svh)))]\" dir=\"auto\" tabindex=\"-1\" data-turn-id=\"d9d6d7be-e42a-4beb-ba5b-6507c061aee4\" data-testid=\"conversation-turn-16\" data-scroll-anchor=\"true\" data-turn=\"assistant\"><div class=\"text-base my-auto mx-auto pb-10 [--thread-content-margin:--spacing(4)] thread-sm:[--thread-content-margin:--spacing(6)] thread-lg:[--thread-content-margin:--spacing(16)] px-(--thread-content-margin)\"><div class=\"[--thread-content-max-width:40rem] thread-lg:[--thread-content-max-width:48rem] mx-auto max-w-(--thread-content-max-width) flex-1 group\/turn-messages focus-visible:outline-hidden relative flex w-full min-w-0 flex-col agent-turn\" tabindex=\"-1\"><div class=\"flex max-w-full flex-col grow\"><div class=\"min-h-8 text-message relative flex w-full flex-col items-end gap-2 text-start break-words whitespace-normal [.text-message+&amp;]:mt-1\" dir=\"auto\" data-message-author-role=\"assistant\" data-message-id=\"78159d4b-7f8e-4e1c-b7c5-352bce2e886e\" data-message-model-slug=\"gpt-5-thinking\"><div class=\"flex w-full flex-col gap-1 empty:hidden first:pt-[1px]\"><div class=\"markdown prose dark:prose-invert w-full break-words light markdown-new-styling\"><p data-start=\"0\" data-end=\"416\" data-is-last-node=\"\" data-is-only-node=\"\">A Magnetic Drum separates ferrous and weakly magnetic materials from bulk flows, including tramp iron, steel fragments, nails, screws, wire, iron fines\/scale, cast iron, and iron oxides (e.g., magnetite). High-intensity drums can also recover ferrosilicon and some 400-series (ferritic\/martensitic) stainless. Non-magnetic materials\u2014such as plastics, glass, wood, aluminum, and copper\u2014typically discharge unaffected.<\/p><\/div><\/div><\/div><\/div><h2 class=\"z-0 flex min-h-[46px] justify-start\">What materials can a Magnetic Drum separate?<\/h2><div class=\"mt-3 w-full empty:hidden\"><div class=\"text-center\"><span style=\"font-size: 16px;\">A Magnetic Drum separates ferrous and weakly magnetic materials from bulk flows, including tramp iron, steel fragments, nails, screws, wire, iron fines\/scale, cast iron, and iron oxides (e.g., magnetite). High-intensity drums can also recover ferrosilicon and some 400-series (ferritic\/martensitic) stainless. Non-magnetic materials\u2014such as plastics, glass, wood, aluminum, and copper\u2014typically discharge unaffected.<\/span><\/div><\/div><\/div><\/div><\/article><div class=\"pointer-events-none h-px w-px\" aria-hidden=\"true\" data-edge=\"true\"><article class=\"text-token-text-primary w-full focus:outline-none [--shadow-height:45px] has-data-writing-block:pointer-events-none has-data-writing-block:-mt-(--shadow-height) has-data-writing-block:pt-(--shadow-height) [&amp;:has([data-writing-block])&gt;*]:pointer-events-auto [content-visibility:auto] supports-[content-visibility:auto]:[contain-intrinsic-size:auto_100lvh] scroll-mt-[calc(var(--header-height)+min(200px,max(70px,20svh)))]\" dir=\"auto\" tabindex=\"-1\" data-turn-id=\"d9d6d7be-e42a-4beb-ba5b-6507c061aee4\" data-testid=\"conversation-turn-16\" data-scroll-anchor=\"true\" data-turn=\"assistant\"><div class=\"text-base my-auto mx-auto pb-10 [--thread-content-margin:--spacing(4)] thread-sm:[--thread-content-margin:--spacing(6)] thread-lg:[--thread-content-margin:--spacing(16)] px-(--thread-content-margin)\"><div class=\"[--thread-content-max-width:40rem] thread-lg:[--thread-content-max-width:48rem] mx-auto max-w-(--thread-content-max-width) flex-1 group\/turn-messages focus-visible:outline-hidden relative flex w-full min-w-0 flex-col agent-turn\" tabindex=\"-1\"><h2 class=\"z-0 flex min-h-[46px] justify-start\">How to choose the right Magnetic Drum?<\/h2><p>Choose by application: material type (ferrous content, particle size, moisture), process mode (dry\/wet), throughput, and separation goal (scalping vs recovery). Use ferrite for coarse\/high-temperature; rare-earth (NdFeB) for fine\/weakly magnetic. Specify drum diameter\/length, axial vs radial poles, concurrent vs counter-rotation, wear liners, adjustable splitters, housing\/seals. Validate field strength (Gauss), temperature limits, feed uniformity, and maintenance access.<\/p><h3>What\u2019s the difference between Ferrite and Neodymium drums?<\/h3><article class=\"text-token-text-primary w-full focus:outline-none [--shadow-height:45px] has-data-writing-block:pointer-events-none has-data-writing-block:-mt-(--shadow-height) has-data-writing-block:pt-(--shadow-height) [&amp;:has([data-writing-block])&gt;*]:pointer-events-auto [content-visibility:auto] supports-[content-visibility:auto]:[contain-intrinsic-size:auto_100lvh] scroll-mt-[calc(var(--header-height)+min(200px,max(70px,20svh)))]\" dir=\"auto\" tabindex=\"-1\" data-turn-id=\"95b54cdd-ea43-4f57-af82-484125f7466a\" data-testid=\"conversation-turn-20\" data-scroll-anchor=\"true\" data-turn=\"assistant\"><div class=\"text-base my-auto mx-auto pb-10 [--thread-content-margin:--spacing(4)] thread-sm:[--thread-content-margin:--spacing(6)] thread-lg:[--thread-content-margin:--spacing(16)] px-(--thread-content-margin)\"><div class=\"[--thread-content-max-width:40rem] thread-lg:[--thread-content-max-width:48rem] mx-auto max-w-(--thread-content-max-width) flex-1 group\/turn-messages focus-visible:outline-hidden relative flex w-full min-w-0 flex-col agent-turn\" tabindex=\"-1\"><div class=\"flex max-w-full flex-col grow\"><div class=\"min-h-8 text-message relative flex w-full flex-col items-end gap-2 text-start break-words whitespace-normal [.text-message+&amp;]:mt-1\" dir=\"auto\" data-message-author-role=\"assistant\" data-message-id=\"e5ecd0bb-87e9-4587-94d1-d88983e0974a\" data-message-model-slug=\"gpt-5-thinking\"><div class=\"flex w-full flex-col gap-1 empty:hidden first:pt-[1px]\"><div class=\"markdown prose dark:prose-invert w-full break-words light markdown-new-styling\"><p data-start=\"0\" data-end=\"418\" data-is-last-node=\"\" data-is-only-node=\"\">Ferrite (ceramic) drums provide deep, uniform fields at lower flux density\u2014rugged, economical, and heat-tolerant (\u2248250\u2013300 \u00b0C) for coarse particles, scalping, and primary wet\/dry separation. Neodymium (rare-earth) drums generate much higher field intensity\/gradient but shallower reach\u2014ideal for fine\/weakly magnetic contaminants; lower temperature limits (\u224880\u2013150 \u00b0C), need better corrosion protection, and cost more.<\/p><p data-start=\"0\" data-end=\"418\" data-is-last-node=\"\" data-is-only-node=\"\">Related:\u00a0<\/p><p data-start=\"0\" data-end=\"418\" data-is-last-node=\"\" data-is-only-node=\"\"><a style=\"font-size: 16px; background-color: #ffffff;\" href=\"\/how-does-a-magnetic-drum-separator-work\/\" target=\"_blank\" rel=\"noopener\">How Does a Magnetic Drum Separator Work<\/a><\/p><p data-start=\"0\" data-end=\"418\" data-is-last-node=\"\" data-is-only-node=\"\"><a style=\"font-size: 16px; background-color: #ffffff;\" href=\"\/what-is-a-magnetic-drum\/\" target=\"_blank\" rel=\"noopener\">What is a Magnetic Drum<\/a><\/p><\/div><\/div><\/div><\/div><\/div><\/div><\/article><\/div><\/div><\/article><\/div><\/div><\/div><\/div>\t\t\t\t\t\t\t\t<\/div>\n\t\t\t\t<div class=\"elementor-element elementor-element-47e4ea86 elementor-widget elementor-widget-button\" data-id=\"47e4ea86\" data-element_type=\"widget\" data-e-type=\"widget\" data-widget_type=\"button.default\">\n\t\t\t\t\t\t\t\t\t\t<a class=\"elementor-button elementor-button-link elementor-size-sm\" href=\"#elementor-action%3Aaction%3Dpopup%3Aopen%26settings%3DeyJpZCI6IjIwMSIsInRvZ2dsZSI6ZmFsc2V9\">\n\t\t\t\t\t\t<span class=\"elementor-button-content-wrapper\">\n\t\t\t\t\t\t\t\t\t<span class=\"elementor-button-text\">Contact Osenc Now<\/span>\n\t\t\t\t\t<\/span>\n\t\t\t\t\t<\/a>\n\t\t\t\t\t\t\t\t<\/div>\n\t\t\t\t\t<\/div>\n\t\t<\/div>\n\t\t\t\t<div class=\"elementor-column elementor-col-50 elementor-top-column elementor-element elementor-element-14b22fb3\" data-id=\"14b22fb3\" data-element_type=\"column\" data-e-type=\"column\">\n\t\t\t<div class=\"elementor-widget-wrap elementor-element-populated\">\n\t\t\t\t\t\t<div class=\"elementor-element elementor-element-1aedeab5 elementor-toc--minimized-on-tablet elementor-widget elementor-widget-table-of-contents\" data-id=\"1aedeab5\" data-element_type=\"widget\" data-e-type=\"widget\" data-settings=\"{&quot;exclude_headings_by_selector&quot;:[],&quot;no_headings_message&quot;:&quot;No headings were found on this page.&quot;,&quot;headings_by_tags&quot;:[&quot;h2&quot;,&quot;h3&quot;,&quot;h4&quot;,&quot;h5&quot;,&quot;h6&quot;],&quot;marker_view&quot;:&quot;numbers&quot;,&quot;minimize_box&quot;:&quot;yes&quot;,&quot;minimized_on&quot;:&quot;tablet&quot;,&quot;hierarchical_view&quot;:&quot;yes&quot;,&quot;min_height&quot;:{&quot;unit&quot;:&quot;px&quot;,&quot;size&quot;:&quot;&quot;,&quot;sizes&quot;:[]},&quot;min_height_tablet&quot;:{&quot;unit&quot;:&quot;px&quot;,&quot;size&quot;:&quot;&quot;,&quot;sizes&quot;:[]},&quot;min_height_mobile&quot;:{&quot;unit&quot;:&quot;px&quot;,&quot;size&quot;:&quot;&quot;,&quot;sizes&quot;:[]}}\" data-widget_type=\"table-of-contents.default\">\n\t\t\t\t\t\t\t\t\t<div class=\"elementor-toc__header\">\n\t\t\t\t\t\t<h4 class=\"elementor-toc__header-title\">\n\t\t\t\tTable of Contents\t\t\t<\/h4>\n\t\t\t\t\t\t\t\t\t\t<div class=\"elementor-toc__toggle-button elementor-toc__toggle-button--expand\" role=\"button\" tabindex=\"0\" aria-controls=\"elementor-toc__1aedeab5\" aria-expanded=\"true\" aria-label=\"Inhaltsverzeichnis \u00f6ffnen\"><svg aria-hidden=\"true\" class=\"e-font-icon-svg e-fas-chevron-down\" viewBox=\"0 0 448 512\" xmlns=\"http:\/\/www.w3.org\/2000\/svg\"><path d=\"M207.029 381.476L12.686 187.132c-9.373-9.373-9.373-24.569 0-33.941l22.667-22.667c9.357-9.357 24.522-9.375 33.901-.04L224 284.505l154.745-154.021c9.379-9.335 24.544-9.317 33.901.04l22.667 22.667c9.373 9.373 9.373 24.569 0 33.941L240.971 381.476c-9.373 9.372-24.569 9.372-33.942 0z\"><\/path><\/svg><\/div>\n\t\t\t\t<div class=\"elementor-toc__toggle-button elementor-toc__toggle-button--collapse\" role=\"button\" tabindex=\"0\" aria-controls=\"elementor-toc__1aedeab5\" aria-expanded=\"true\" aria-label=\"Inhaltsverzeichnis schlie\u00dfen\"><svg aria-hidden=\"true\" class=\"e-font-icon-svg e-fas-chevron-up\" viewBox=\"0 0 448 512\" xmlns=\"http:\/\/www.w3.org\/2000\/svg\"><path d=\"M240.971 130.524l194.343 194.343c9.373 9.373 9.373 24.569 0 33.941l-22.667 22.667c-9.357 9.357-24.522 9.375-33.901.04L224 227.495 69.255 381.516c-9.379 9.335-24.544 9.317-33.901-.04l-22.667-22.667c-9.373-9.373-9.373-24.569 0-33.941L207.03 130.525c9.372-9.373 24.568-9.373 33.941-.001z\"><\/path><\/svg><\/div>\n\t\t\t\t\t<\/div>\n\t\t\t\t<div id=\"elementor-toc__1aedeab5\" class=\"elementor-toc__body\">\n\t\t\t<div class=\"elementor-toc__spinner-container\">\n\t\t\t\t<svg class=\"elementor-toc__spinner eicon-animation-spin e-font-icon-svg e-eicon-loading\" aria-hidden=\"true\" viewBox=\"0 0 1000 1000\" xmlns=\"http:\/\/www.w3.org\/2000\/svg\"><path d=\"M500 975V858C696 858 858 696 858 500S696 142 500 142 142 304 142 500H25C25 237 238 25 500 25S975 237 975 500 763 975 500 975Z\"><\/path><\/svg>\t\t\t<\/div>\n\t\t<\/div>\n\t\t\t\t\t\t<\/div>\n\t\t\t\t\t<\/div>\n\t\t<\/div>\n\t\t\t\t\t<\/div>\n\t\t<\/section>\n\t\t\t\t<\/div>\n\t\t","protected":false},"excerpt":{"rendered":"<p>Wysokowydajny b\u0119ben magnetyczny Wysoka wydajno\u015b\u0107 separacji magnetycznej Ci\u0105g\u0142y automatyczny system czyszczenia Trwa\u0142a konstrukcja ze stali nierdzewnej Opcje ferrytowe i neodymowe Uzyskaj natychmiastow\u0105 wycen\u0119 Teraz Magnetyczne separatory b\u0119bnowe Osenc - zwane r\u00f3wnie\u017c magnesami b\u0119bnowymi, sta\u0142ymi b\u0119bnami magnetycznymi, b\u0119bnami w obudowie i LIMS \/ HIMS - stale usuwaj\u0105 zanieczyszczenia \u017celazne. Dzi\u0119ki nieruchomemu rdzeniowi magnetycznemu i obracaj\u0105cej si\u0119 pow\u0142oce ze stali nierdzewnej 304\/316, oferuj\u0105 one bieguny osiowe \/ promieniowe, przeciwbie\u017cne ...<\/p>","protected":false},"author":14,"featured_media":5964,"parent":0,"menu_order":0,"comment_status":"closed","ping_status":"closed","template":"","meta":{"_kad_blocks_custom_css":"","_kad_blocks_head_custom_js":"","_kad_blocks_body_custom_js":"","_kad_blocks_footer_custom_js":"","_kad_post_transparent":"","_kad_post_title":"","_kad_post_layout":"","_kad_post_sidebar_id":"","_kad_post_content_style":"","_kad_post_vertical_padding":"","_kad_post_feature":"","_kad_post_feature_position":"","_kad_post_header":false,"_kad_post_footer":false,"_kad_post_classname":"","footnotes":""},"class_list":["post-5962","page","type-page","status-publish","has-post-thumbnail","hentry"],"taxonomy_info":[],"featured_image_src_large":["https:\/\/osenc.com\/wp-content\/uploads\/2025\/10\/Magnetic-Drum-1024x1024.jpg",1024,1024,true],"author_info":{"display_name":"Wade","author_link":"https:\/\/osenc.com\/poland\/author\/wade\/"},"comment_info":"","_links":{"self":[{"href":"https:\/\/osenc.com\/poland\/wp-json\/wp\/v2\/pages\/5962","targetHints":{"allow":["GET"]}}],"collection":[{"href":"https:\/\/osenc.com\/poland\/wp-json\/wp\/v2\/pages"}],"about":[{"href":"https:\/\/osenc.com\/poland\/wp-json\/wp\/v2\/types\/page"}],"author":[{"embeddable":true,"href":"https:\/\/osenc.com\/poland\/wp-json\/wp\/v2\/users\/14"}],"replies":[{"embeddable":true,"href":"https:\/\/osenc.com\/poland\/wp-json\/wp\/v2\/comments?post=5962"}],"version-history":[{"count":0,"href":"https:\/\/osenc.com\/poland\/wp-json\/wp\/v2\/pages\/5962\/revisions"}],"wp:featuredmedia":[{"embeddable":true,"href":"https:\/\/osenc.com\/poland\/wp-json\/wp\/v2\/media\/5964"}],"wp:attachment":[{"href":"https:\/\/osenc.com\/poland\/wp-json\/wp\/v2\/media?parent=5962"}],"curies":[{"name":"wp","href":"https:\/\/api.w.org\/{rel}","templated":true}]}}