{"id":4975,"date":"2025-07-07T22:33:44","date_gmt":"2025-07-07T14:33:44","guid":{"rendered":"https:\/\/osenc.com\/?page_id=4975"},"modified":"2025-09-24T22:19:06","modified_gmt":"2025-09-24T14:19:06","slug":"blog","status":"publish","type":"page","link":"https:\/\/osenc.com\/poland\/blog\/","title":{"rendered":"Blog"},"content":{"rendered":"<div data-elementor-type=\"wp-page\" data-elementor-id=\"4975\" class=\"elementor elementor-4975\" data-elementor-post-type=\"page\">\n\t\t\t\t\t\t<section class=\"elementor-section elementor-top-section elementor-element elementor-element-28cb4f35 elementor-section-height-min-height elementor-section-boxed elementor-section-height-default elementor-section-items-middle\" data-id=\"28cb4f35\" data-element_type=\"section\" data-e-type=\"section\" data-settings=\"{&quot;background_background&quot;:&quot;classic&quot;}\">\n\t\t\t\t\t\t\t<div class=\"elementor-background-overlay\"><\/div>\n\t\t\t\t\t\t\t<div class=\"elementor-container elementor-column-gap-default\">\n\t\t\t\t\t<div class=\"elementor-column elementor-col-100 elementor-top-column elementor-element elementor-element-419717d9\" data-id=\"419717d9\" data-element_type=\"column\" data-e-type=\"column\">\n\t\t\t<div class=\"elementor-widget-wrap elementor-element-populated\">\n\t\t\t\t\t\t\t<\/div>\n\t\t<\/div>\n\t\t\t\t\t<\/div>\n\t\t<\/section>\n\t\t\t\t<section class=\"elementor-section elementor-top-section elementor-element elementor-element-227d205b elementor-section-boxed elementor-section-height-default elementor-section-height-default\" data-id=\"227d205b\" data-element_type=\"section\" data-e-type=\"section\" data-settings=\"{&quot;background_background&quot;:&quot;classic&quot;}\">\n\t\t\t\t\t\t<div class=\"elementor-container elementor-column-gap-default\">\n\t\t\t\t\t<div class=\"elementor-column elementor-col-100 elementor-top-column elementor-element elementor-element-2703ca4d\" data-id=\"2703ca4d\" data-element_type=\"column\" data-e-type=\"column\">\n\t\t\t<div class=\"elementor-widget-wrap elementor-element-populated\">\n\t\t\t\t\t\t<div class=\"elementor-element elementor-element-60faf4a elementor-grid-3 elementor-grid-tablet-2 elementor-grid-mobile-1 elementor-posts--thumbnail-top elementor-card-shadow-yes elementor-posts__hover-gradient elementor-widget elementor-widget-posts\" data-id=\"60faf4a\" data-element_type=\"widget\" data-e-type=\"widget\" data-settings=\"{&quot;pagination_type&quot;:&quot;numbers_and_prev_next&quot;,&quot;cards_columns&quot;:&quot;3&quot;,&quot;cards_columns_tablet&quot;:&quot;2&quot;,&quot;cards_columns_mobile&quot;:&quot;1&quot;,&quot;cards_row_gap&quot;:{&quot;unit&quot;:&quot;px&quot;,&quot;size&quot;:35,&quot;sizes&quot;:[]},&quot;cards_row_gap_tablet&quot;:{&quot;unit&quot;:&quot;px&quot;,&quot;size&quot;:&quot;&quot;,&quot;sizes&quot;:[]},&quot;cards_row_gap_mobile&quot;:{&quot;unit&quot;:&quot;px&quot;,&quot;size&quot;:&quot;&quot;,&quot;sizes&quot;:[]}}\" data-widget_type=\"posts.cards\">\n\t\t\t\t<div class=\"elementor-widget-container\">\n\t\t\t\t\t\t\t<div class=\"elementor-posts-container elementor-posts elementor-posts--skin-cards elementor-grid\" role=\"list\">\n\t\t\t\t<article class=\"elementor-post elementor-grid-item post-7278 post type-post status-publish format-standard has-post-thumbnail hentry category-magnet\" role=\"listitem\">\n\t\t\t<div class=\"elementor-post__card\">\n\t\t\t\t<a class=\"elementor-post__thumbnail__link\" href=\"https:\/\/osenc.com\/poland\/clarifying-amazons-iata-report-requirement-for-magnetic-products\/\" tabindex=\"-1\"><div class=\"elementor-post__thumbnail\"><img fetchpriority=\"high\" decoding=\"async\" width=\"300\" height=\"278\" src=\"https:\/\/osenc.com\/wp-content\/uploads\/2022\/11\/IATA-label-300x278.jpg\" class=\"attachment-medium size-medium wp-image-1631\" alt=\"Etykieta IATA\" srcset=\"https:\/\/osenc.com\/wp-content\/uploads\/2022\/11\/IATA-label-300x278.jpg 300w, https:\/\/osenc.com\/wp-content\/uploads\/2022\/11\/IATA-label.jpg 500w\" sizes=\"(max-width: 300px) 100vw, 300px\" \/><\/div><\/a>\n\t\t\t\t<div class=\"elementor-post__text\">\n\t\t\t\t<h3 class=\"elementor-post__title\">\n\t\t\t<a href=\"https:\/\/osenc.com\/poland\/clarifying-amazons-iata-report-requirement-for-magnetic-products\/\">\n\t\t\t\tWyja\u015bnienie wymaga\u0144 Amazon dotycz\u0105cych raport\u00f3w IATA dla produkt\u00f3w magnetycznych\t\t\t<\/a>\n\t\t<\/h3>\n\t\t\t\t<div class=\"elementor-post__excerpt\">\n\t\t\t<p>W ostatnim czasie wielu sprzedawc\u00f3w Amazon napotka\u0142o na zamieszanie podczas procesu weryfikacji \u201cproduktu magnetycznego\u201d. Amazon cz\u0119sto prosi o raport z test\u00f3w magnetycznych, kt\u00f3ry jest zgodny ze standardami IATA, a niekt\u00f3re notatki z przegl\u0105du wyra\u017anie wspominaj\u0105 o pomiarze nat\u0119\u017cenia pola magnetycznego (w gausach)<\/p>\n\t\t<\/div>\n\t\t\n\t\t<a class=\"elementor-post__read-more\" href=\"https:\/\/osenc.com\/poland\/clarifying-amazons-iata-report-requirement-for-magnetic-products\/\" aria-label=\"Czytaj wi\u0119cej o Wyja\u015bnienie wymaga\u0144 Amazon dotycz\u0105cych raport\u00f3w IATA dla produkt\u00f3w magnetycznych\" tabindex=\"-1\">\n\t\t\tCzytaj wi\u0119cej \u00bb\t\t<\/a>\n\n\t\t\t\t<\/div>\n\t\t\t\t<div class=\"elementor-post__meta-data\">\n\t\t\t\t\t<span class=\"elementor-post-date\">\n\t\t\t2026-02-27\t\t<\/span>\n\t\t\t\t<\/div>\n\t\t\t\t\t<\/div>\n\t\t<\/article>\n\t\t\t\t<article class=\"elementor-post elementor-grid-item post-1727 post type-post status-publish format-standard has-post-thumbnail hentry category-magnet\" role=\"listitem\">\n\t\t\t<div class=\"elementor-post__card\">\n\t\t\t\t<a class=\"elementor-post__thumbnail__link\" href=\"https:\/\/osenc.com\/poland\/use-of-magnet\/\" tabindex=\"-1\"><div class=\"elementor-post__thumbnail\"><img decoding=\"async\" width=\"300\" height=\"215\" src=\"https:\/\/osenc.com\/wp-content\/uploads\/2023\/02\/HDD-300x215.jpg\" class=\"attachment-medium size-medium wp-image-3619\" alt=\"HDD\" srcset=\"https:\/\/osenc.com\/wp-content\/uploads\/2023\/02\/HDD-300x215.jpg 300w, https:\/\/osenc.com\/wp-content\/uploads\/2023\/02\/HDD.jpg 700w\" sizes=\"(max-width: 300px) 100vw, 300px\" \/><\/div><\/a>\n\t\t\t\t<div class=\"elementor-post__text\">\n\t\t\t\t<h3 class=\"elementor-post__title\">\n\t\t\t<a href=\"https:\/\/osenc.com\/poland\/use-of-magnet\/\">\n\t\t\t\t10 zastosowa\u0144 magnes\u00f3w w \u017cyciu codziennym (z prawdziwymi przyk\u0142adami)\t\t\t<\/a>\n\t\t<\/h3>\n\t\t\t\t<div class=\"elementor-post__excerpt\">\n\t\t\t<p>Magnesy pojawiaj\u0105 si\u0119 w codziennym \u017cyciu cz\u0119\u015bciej, ni\u017c wi\u0119kszo\u015b\u0107 ludzi zdaje sobie z tego spraw\u0119. S\u0105 one \u201czakulisowym\u201d powodem, dla kt\u00f3rego lod\u00f3wka pozostaje szczelna, s\u0142uchawki wydaj\u0105 d\u017awi\u0119k, a silniki obracaj\u0105 si\u0119 we wszystkim, od wentylator\u00f3w po pralki. W skr\u00f3cie: najcz\u0119stsze zastosowania<\/p>\n\t\t<\/div>\n\t\t\n\t\t<a class=\"elementor-post__read-more\" href=\"https:\/\/osenc.com\/poland\/use-of-magnet\/\" aria-label=\"Przeczytaj wi\u0119cej o 10 zastosowaniach magnes\u00f3w w \u017cyciu codziennym (z prawdziwymi przyk\u0142adami)\" tabindex=\"-1\">\n\t\t\tCzytaj wi\u0119cej \u00bb\t\t<\/a>\n\n\t\t\t\t<\/div>\n\t\t\t\t<div class=\"elementor-post__meta-data\">\n\t\t\t\t\t<span class=\"elementor-post-date\">\n\t\t\t2026-02-13\t\t<\/span>\n\t\t\t\t<\/div>\n\t\t\t\t\t<\/div>\n\t\t<\/article>\n\t\t\t\t<article class=\"elementor-post elementor-grid-item post-1644 post type-post status-publish format-standard has-post-thumbnail hentry category-applcation\" role=\"listitem\">\n\t\t\t<div class=\"elementor-post__card\">\n\t\t\t\t<a class=\"elementor-post__thumbnail__link\" href=\"https:\/\/osenc.com\/poland\/what-are-ring-magnets-used-for\/\" tabindex=\"-1\"><div class=\"elementor-post__thumbnail\"><img decoding=\"async\" width=\"300\" height=\"300\" src=\"https:\/\/osenc.com\/wp-content\/uploads\/2022\/11\/Ring-Magnet-300x300.jpg\" class=\"attachment-medium size-medium wp-image-1292\" alt=\"Magnes pier\u015bcieniowy\" srcset=\"https:\/\/osenc.com\/wp-content\/uploads\/2022\/11\/Ring-Magnet-300x300.jpg 300w, https:\/\/osenc.com\/wp-content\/uploads\/2022\/11\/Ring-Magnet-150x150.jpg 150w, https:\/\/osenc.com\/wp-content\/uploads\/2022\/11\/Ring-Magnet-768x768.jpg 768w, https:\/\/osenc.com\/wp-content\/uploads\/2022\/11\/Ring-Magnet.jpg 800w\" sizes=\"(max-width: 300px) 100vw, 300px\" \/><\/div><\/a>\n\t\t\t\t<div class=\"elementor-post__text\">\n\t\t\t\t<h3 class=\"elementor-post__title\">\n\t\t\t<a href=\"https:\/\/osenc.com\/poland\/what-are-ring-magnets-used-for\/\">\n\t\t\t\tCo to jest magnes pier\u015bcieniowy i jak go u\u017cywa\u0107?\t\t\t<\/a>\n\t\t<\/h3>\n\t\t\t\t<div class=\"elementor-post__excerpt\">\n\t\t\t<p>Magnes pier\u015bcieniowy (mo\u017cna r\u00f3wnie\u017c us\u0142ysze\u0107 \u201cmagnes p\u0105czkowy\u201d, \u201cmagnes pier\u015bcieniowy\u201d lub \u201cpier\u015bcie\u0144 magnetyczny\u201d) to w zasadzie magnes trwa\u0142y w kszta\u0142cie podk\u0142adki - okr\u0105g\u0142y na zewn\u0105trz z otworem po\u015brodku. To w\u0142a\u015bnie ten otw\u00f3r czyni go tak u\u017cytecznym: mo\u017cna go wsun\u0105\u0107<\/p>\n\t\t<\/div>\n\t\t\n\t\t<a class=\"elementor-post__read-more\" href=\"https:\/\/osenc.com\/poland\/what-are-ring-magnets-used-for\/\" aria-label=\"Czytaj wi\u0119cej o Co to jest magnes pier\u015bcieniowy i jak go u\u017cywa\u0107?\" tabindex=\"-1\">\n\t\t\tCzytaj wi\u0119cej \u00bb\t\t<\/a>\n\n\t\t\t\t<\/div>\n\t\t\t\t<div class=\"elementor-post__meta-data\">\n\t\t\t\t\t<span class=\"elementor-post-date\">\n\t\t\t2026-01-19\t\t<\/span>\n\t\t\t\t<\/div>\n\t\t\t\t\t<\/div>\n\t\t<\/article>\n\t\t\t\t<article class=\"elementor-post elementor-grid-item post-1698 post type-post status-publish format-standard has-post-thumbnail hentry category-magnet\" role=\"listitem\">\n\t\t\t<div class=\"elementor-post__card\">\n\t\t\t\t<a class=\"elementor-post__thumbnail__link\" href=\"https:\/\/osenc.com\/poland\/grades-of-magnets\/\" tabindex=\"-1\"><div class=\"elementor-post__thumbnail\"><img loading=\"lazy\" decoding=\"async\" width=\"300\" height=\"150\" src=\"https:\/\/osenc.com\/wp-content\/uploads\/2022\/11\/maximum-energy-300x150.webp\" class=\"attachment-medium size-medium wp-image-1707\" alt=\"maksymalna energia\" srcset=\"https:\/\/osenc.com\/wp-content\/uploads\/2022\/11\/maximum-energy-300x150.webp 300w, https:\/\/osenc.com\/wp-content\/uploads\/2022\/11\/maximum-energy-1024x510.webp 1024w, https:\/\/osenc.com\/wp-content\/uploads\/2022\/11\/maximum-energy-768x383.webp 768w, https:\/\/osenc.com\/wp-content\/uploads\/2022\/11\/maximum-energy.webp 1304w\" sizes=\"(max-width: 300px) 100vw, 300px\" \/><\/div><\/a>\n\t\t\t\t<div class=\"elementor-post__text\">\n\t\t\t\t<h3 class=\"elementor-post__title\">\n\t\t\t<a href=\"https:\/\/osenc.com\/poland\/grades-of-magnets\/\">\n\t\t\t\tGatunki magnes\u00f3w\t\t\t<\/a>\n\t\t<\/h3>\n\t\t\t\t<div class=\"elementor-post__excerpt\">\n\t\t\t<p>Magnesy wyst\u0119puj\u0105 w r\u00f3\u017cnych klasach, szczeg\u00f3lnie w przypadku magnes\u00f3w neodymowych (NdFeB). Termin \u201cgatunki magnes\u00f3w\u201d zazwyczaj odnosi si\u0119 do (BH)max lub maksymalnego produktu energetycznego materia\u0142u, kt\u00f3ry jest kluczow\u0105 warto\u015bci\u0105 do por\u00f3wnywania wytrzyma\u0142o\u015bci gatunk\u00f3w magnes\u00f3w neodymowych. Podczas gdy gatunki magnes\u00f3w<\/p>\n\t\t<\/div>\n\t\t\n\t\t<a class=\"elementor-post__read-more\" href=\"https:\/\/osenc.com\/poland\/grades-of-magnets\/\" aria-label=\"Przeczytaj wi\u0119cej o klasach magnes\u00f3w\" tabindex=\"-1\">\n\t\t\tCzytaj wi\u0119cej \u00bb\t\t<\/a>\n\n\t\t\t\t<\/div>\n\t\t\t\t<div class=\"elementor-post__meta-data\">\n\t\t\t\t\t<span class=\"elementor-post-date\">\n\t\t\t2026-01-14\t\t<\/span>\n\t\t\t\t<\/div>\n\t\t\t\t\t<\/div>\n\t\t<\/article>\n\t\t\t\t<article class=\"elementor-post elementor-grid-item post-1600 post type-post status-publish format-standard hentry category-applcation\" role=\"listitem\">\n\t\t\t<div class=\"elementor-post__card\">\n\t\t\t\t<div class=\"elementor-post__text\">\n\t\t\t\t<h3 class=\"elementor-post__title\">\n\t\t\t<a href=\"https:\/\/osenc.com\/poland\/speaker-and-speaker-magnet\/\">\n\t\t\t\tJak g\u0142o\u015bniki wykorzystuj\u0105 magnesy?\t\t\t<\/a>\n\t\t<\/h3>\n\t\t\t\t<div class=\"elementor-post__excerpt\">\n\t\t\t<p>Jak g\u0142o\u015bniki wykorzystuj\u0105 magnesy? Postrzegam magnesy jako serce ka\u017cdego g\u0142o\u015bnika. Pomagaj\u0105 one przekszta\u0142ci\u0107 sygna\u0142y elektryczne w d\u017awi\u0119ki, kt\u00f3re s\u0142ysz\u0119 ka\u017cdego dnia. Wsp\u00f3\u0142pracuj\u0105 ze sob\u0105 trzy g\u0142\u00f3wne cz\u0119\u015bci: magnes sta\u0142y, cewka drgaj\u0105ca (elektromagnes) i g\u0142o\u015bnik.<\/p>\n\t\t<\/div>\n\t\t\n\t\t<a class=\"elementor-post__read-more\" href=\"https:\/\/osenc.com\/poland\/speaker-and-speaker-magnet\/\" aria-label=\"Przeczytaj wi\u0119cej o tym, jak g\u0142o\u015bniki wykorzystuj\u0105 magnesy\" tabindex=\"-1\">\n\t\t\tCzytaj wi\u0119cej \u00bb\t\t<\/a>\n\n\t\t\t\t<\/div>\n\t\t\t\t<div class=\"elementor-post__meta-data\">\n\t\t\t\t\t<span class=\"elementor-post-date\">\n\t\t\t2026-01-13\t\t<\/span>\n\t\t\t\t<\/div>\n\t\t\t\t\t<\/div>\n\t\t<\/article>\n\t\t\t\t<article class=\"elementor-post elementor-grid-item post-1636 post type-post status-publish format-standard has-post-thumbnail hentry category-applcation\" role=\"listitem\">\n\t\t\t<div class=\"elementor-post__card\">\n\t\t\t\t<a class=\"elementor-post__thumbnail__link\" href=\"https:\/\/osenc.com\/poland\/separate-magnet\/\" tabindex=\"-1\"><div class=\"elementor-post__thumbnail\"><img loading=\"lazy\" decoding=\"async\" width=\"300\" height=\"169\" src=\"https:\/\/osenc.com\/wp-content\/uploads\/2022\/11\/separate-big-magnet-300x169.jpg\" class=\"attachment-medium size-medium wp-image-1637\" alt=\"oddzielny du\u017cy magnes\" srcset=\"https:\/\/osenc.com\/wp-content\/uploads\/2022\/11\/separate-big-magnet-300x169.jpg 300w, https:\/\/osenc.com\/wp-content\/uploads\/2022\/11\/separate-big-magnet.jpg 500w\" sizes=\"(max-width: 300px) 100vw, 300px\" \/><\/div><\/a>\n\t\t\t\t<div class=\"elementor-post__text\">\n\t\t\t\t<h3 class=\"elementor-post__title\">\n\t\t\t<a href=\"https:\/\/osenc.com\/poland\/separate-magnet\/\">\n\t\t\t\tJak rozdzieli\u0107 przyklejone magnesy (silne\/ma\u0142e)?\t\t\t<\/a>\n\t\t<\/h3>\n\t\t\t\t<div class=\"elementor-post__excerpt\">\n\t\t\t<p>Pola magnetyczne to pot\u0119\u017cne si\u0142y wykorzystywane w nauce, przemy\u015ble i \u017cyciu codziennym. Jednak gdy przylegaj\u0105 do siebie, ich si\u0142a sprawia, \u017ce trudno im si\u0119 rozdzieli\u0107. Nie ma znaczenia, czy masz ma\u0142e magnesy, czy ci\u0119\u017ckie magnesy neodymowe,<\/p>\n\t\t<\/div>\n\t\t\n\t\t<a class=\"elementor-post__read-more\" href=\"https:\/\/osenc.com\/poland\/separate-magnet\/\" aria-label=\"Przeczytaj wi\u0119cej o tym, jak rozdzieli\u0107 przyklejone magnesy (silne\/ma\u0142e)\" tabindex=\"-1\">\n\t\t\tCzytaj wi\u0119cej \u00bb\t\t<\/a>\n\n\t\t\t\t<\/div>\n\t\t\t\t<div class=\"elementor-post__meta-data\">\n\t\t\t\t\t<span class=\"elementor-post-date\">\n\t\t\t2026-01-03\t\t<\/span>\n\t\t\t\t<\/div>\n\t\t\t\t\t<\/div>\n\t\t<\/article>\n\t\t\t\t<\/div>\n\t\t\n\t\t\t\t<div class=\"e-load-more-anchor\" data-page=\"1\" data-max-page=\"9\" data-next-page=\"https:\/\/osenc.com\/poland\/wp-json\/wp\/v2\/pages\/4975\/page\/2\/\"><\/div>\n\t\t\t\t<nav class=\"elementor-pagination\" aria-label=\"Paginacja\">\n\t\t\t<span class=\"page-numbers prev\">\u00ab Poprzedni<\/span>\n<span aria-current=\"page\" class=\"page-numbers current\"><span class=\"elementor-screen-only\">Strona<\/span>1<\/span>\n<a class=\"page-numbers\" href=\"https:\/\/osenc.com\/poland\/wp-json\/wp\/v2\/pages\/4975\/page\/2\/\"><span class=\"elementor-screen-only\">Strona<\/span>2<\/a>\n<a class=\"page-numbers\" href=\"https:\/\/osenc.com\/poland\/wp-json\/wp\/v2\/pages\/4975\/page\/3\/\"><span class=\"elementor-screen-only\">Strona<\/span>3<\/a>\n<a class=\"page-numbers\" href=\"https:\/\/osenc.com\/poland\/wp-json\/wp\/v2\/pages\/4975\/page\/4\/\"><span class=\"elementor-screen-only\">Strona<\/span>4<\/a>\n<a class=\"page-numbers\" href=\"https:\/\/osenc.com\/poland\/wp-json\/wp\/v2\/pages\/4975\/page\/5\/\"><span class=\"elementor-screen-only\">Strona<\/span>5<\/a>\n<a class=\"page-numbers next\" href=\"https:\/\/osenc.com\/poland\/wp-json\/wp\/v2\/pages\/4975\/page\/2\/\">Nast\u0119pny \u00bb<\/a>\t\t<\/nav>\n\t\t\t\t\t\t<\/div>\n\t\t\t\t<\/div>\n\t\t\t\t\t<\/div>\n\t\t<\/div>\n\t\t\t\t\t<\/div>\n\t\t<\/section>\n\t\t\t\t<\/div>","protected":false},"excerpt":{"rendered":"","protected":false},"author":14,"featured_media":0,"parent":0,"menu_order":0,"comment_status":"closed","ping_status":"closed","template":"","meta":{"_kad_blocks_custom_css":"","_kad_blocks_head_custom_js":"","_kad_blocks_body_custom_js":"","_kad_blocks_footer_custom_js":"","_kad_post_transparent":"","_kad_post_title":"","_kad_post_layout":"","_kad_post_sidebar_id":"","_kad_post_content_style":"","_kad_post_vertical_padding":"","_kad_post_feature":"","_kad_post_feature_position":"","_kad_post_header":false,"_kad_post_footer":false,"_kad_post_classname":"","footnotes":""},"class_list":["post-4975","page","type-page","status-publish","hentry"],"taxonomy_info":[],"featured_image_src_large":false,"author_info":{"display_name":"Wade","author_link":"https:\/\/osenc.com\/poland\/author\/wade\/"},"comment_info":"","_links":{"self":[{"href":"https:\/\/osenc.com\/poland\/wp-json\/wp\/v2\/pages\/4975","targetHints":{"allow":["GET"]}}],"collection":[{"href":"https:\/\/osenc.com\/poland\/wp-json\/wp\/v2\/pages"}],"about":[{"href":"https:\/\/osenc.com\/poland\/wp-json\/wp\/v2\/types\/page"}],"author":[{"embeddable":true,"href":"https:\/\/osenc.com\/poland\/wp-json\/wp\/v2\/users\/14"}],"replies":[{"embeddable":true,"href":"https:\/\/osenc.com\/poland\/wp-json\/wp\/v2\/comments?post=4975"}],"version-history":[{"count":0,"href":"https:\/\/osenc.com\/poland\/wp-json\/wp\/v2\/pages\/4975\/revisions"}],"wp:attachment":[{"href":"https:\/\/osenc.com\/poland\/wp-json\/wp\/v2\/media?parent=4975"}],"curies":[{"name":"wp","href":"https:\/\/api.w.org\/{rel}","templated":true}]}}