{"id":345,"date":"2022-11-06T05:23:19","date_gmt":"2022-11-06T05:23:19","guid":{"rendered":"https:\/\/neosumk.com\/?page_id=345"},"modified":"2025-08-19T19:36:40","modified_gmt":"2025-08-19T11:36:40","slug":"hexagon-neodymium-magnets","status":"publish","type":"page","link":"https:\/\/osenc.com\/poland\/hexagon-neodymium-magnets\/","title":{"rendered":"Sze\u015bciok\u0105tne magnesy neodymowe"},"content":{"rendered":"\t\t<div data-elementor-type=\"wp-page\" data-elementor-id=\"345\" class=\"elementor elementor-345\" data-elementor-post-type=\"page\">\n\t\t\t\t\t\t<section class=\"elementor-section elementor-top-section elementor-element elementor-element-18765f3d elementor-section-boxed elementor-section-height-default elementor-section-height-default\" data-id=\"18765f3d\" data-element_type=\"section\" data-e-type=\"section\">\n\t\t\t\t\t\t<div class=\"elementor-container elementor-column-gap-default\">\n\t\t\t\t\t<div class=\"elementor-column elementor-col-50 elementor-top-column elementor-element elementor-element-65bce5eb\" data-id=\"65bce5eb\" data-element_type=\"column\" data-e-type=\"column\">\n\t\t\t<div class=\"elementor-widget-wrap elementor-element-populated\">\n\t\t\t\t\t\t<div class=\"elementor-element elementor-element-6a1d6101 elementor-widget elementor-widget-image\" data-id=\"6a1d6101\" data-element_type=\"widget\" data-e-type=\"widget\" data-widget_type=\"image.default\">\n\t\t\t\t\t\t\t\t\t\t\t\t\t\t\t<img fetchpriority=\"high\" decoding=\"async\" width=\"750\" height=\"750\" src=\"https:\/\/osenc.com\/wp-content\/uploads\/2022\/11\/10001.jpg\" class=\"attachment-large size-large wp-image-1427\" alt=\"hexagon neodymium magnets\" srcset=\"https:\/\/osenc.com\/wp-content\/uploads\/2022\/11\/10001.jpg 750w, https:\/\/osenc.com\/wp-content\/uploads\/2022\/11\/10001-300x300.jpg 300w, https:\/\/osenc.com\/wp-content\/uploads\/2022\/11\/10001-150x150.jpg 150w\" sizes=\"(max-width: 750px) 100vw, 750px\" \/>\t\t\t\t\t\t\t\t\t\t\t\t\t\t\t<\/div>\n\t\t\t\t\t<\/div>\n\t\t<\/div>\n\t\t\t\t<div class=\"elementor-column elementor-col-50 elementor-top-column elementor-element elementor-element-499b4e8c\" data-id=\"499b4e8c\" data-element_type=\"column\" data-e-type=\"column\">\n\t\t\t<div class=\"elementor-widget-wrap elementor-element-populated\">\n\t\t\t\t\t\t<div class=\"elementor-element elementor-element-582f4cb2 elementor-widget elementor-widget-heading\" data-id=\"582f4cb2\" data-element_type=\"widget\" data-e-type=\"widget\" data-widget_type=\"heading.default\">\n\t\t\t\t\t<h1 class=\"elementor-heading-title elementor-size-default\">Hexagon Neodymium Magnets\n<\/h1>\t\t\t\t<\/div>\n\t\t\t\t<div class=\"elementor-element elementor-element-8da9156 elementor-widget elementor-widget-text-editor\" data-id=\"8da9156\" data-element_type=\"widget\" data-e-type=\"widget\" data-widget_type=\"text-editor.default\">\n\t\t\t\t\t\t\t\t\t<ul><li data-start=\"129\" data-end=\"181\"><p data-start=\"132\" data-end=\"181\">Outer diameters: 1.5\u2013300 mm; Height: 0.3\u2013120 mm<\/p><\/li><li data-start=\"182\" data-end=\"226\"><p data-start=\"185\" data-end=\"226\">Internal angle of regular hexagon: 120\u00b0<\/p><\/li><li data-start=\"227\" data-end=\"286\"><p data-start=\"230\" data-end=\"286\">Grades available: N35\u2013N55, plus high-temperature types<\/p><\/li><li data-start=\"287\" data-end=\"352\"><p data-start=\"290\" data-end=\"352\">Magnetization: axial or radial, optional uncommon directions<\/p><\/li><\/ul>\t\t\t\t\t\t\t\t<\/div>\n\t\t\t\t<div class=\"elementor-element elementor-element-708b1dce elementor-widget elementor-widget-button\" data-id=\"708b1dce\" data-element_type=\"widget\" data-e-type=\"widget\" data-widget_type=\"button.default\">\n\t\t\t\t\t\t\t\t\t\t<a class=\"elementor-button elementor-button-link elementor-size-sm\" href=\"#elementor-action%3Aaction%3Dpopup%3Aopen%26settings%3DeyJpZCI6IjIwMSIsInRvZ2dsZSI6ZmFsc2V9\">\n\t\t\t\t\t\t<span class=\"elementor-button-content-wrapper\">\n\t\t\t\t\t\t\t\t\t<span class=\"elementor-button-text\">Get An Instant Quotation Now<\/span>\n\t\t\t\t\t<\/span>\n\t\t\t\t\t<\/a>\n\t\t\t\t\t\t\t\t<\/div>\n\t\t\t\t\t<\/div>\n\t\t<\/div>\n\t\t\t\t\t<\/div>\n\t\t<\/section>\n\t\t\t\t<section class=\"elementor-section elementor-top-section elementor-element elementor-element-6c50c7e4 elementor-section-boxed elementor-section-height-default elementor-section-height-default\" data-id=\"6c50c7e4\" data-element_type=\"section\" data-e-type=\"section\" data-settings=\"{&quot;background_background&quot;:&quot;classic&quot;}\">\n\t\t\t\t\t\t<div class=\"elementor-container elementor-column-gap-default\">\n\t\t\t\t\t<div class=\"elementor-column elementor-col-50 elementor-top-column elementor-element elementor-element-717a30c4\" data-id=\"717a30c4\" data-element_type=\"column\" data-e-type=\"column\">\n\t\t\t<div class=\"elementor-widget-wrap elementor-element-populated\">\n\t\t\t\t\t\t<div class=\"elementor-element elementor-element-5ae4bb1 elementor-widget elementor-widget-text-editor\" data-id=\"5ae4bb1\" data-element_type=\"widget\" data-e-type=\"widget\" data-widget_type=\"text-editor.default\">\n\t\t\t\t\t\t\t\t\t<h2>What is Hexagon neodymium magnets?<\/h2><p>Hexagon neodymium magnets has 6 sides and 6 angles. Its 6 sides are the same length, and the angles between the 6 sides are also the same.<br \/>The internal angles of a regular hexagon, which is a hexagon in which all sides and angles are equal, measure 120 degrees each.<\/p><h2>Features<\/h2><p>The hexagon shape has important applications in many fields, including mathematics, biology, chemistry, and engineering.<br \/>In engineering, the most typical application of the hexagon shape is for bolts, nuts, and other fasteners. The six-sided shape provides a secure grip and helps to prevent the fasteners from coming loose. Hexagon-shaped magnets also have various applications in motors, generators, and sensors.<\/p><p>The hexagon-shaped neodymium magnets can have multiple features depending on their composition and intended uses. Two of their most important features include:<br \/>Easy to machine: Hexagon-shaped magnets can be comparatively easier to make. Therefore, we can say it\u2019s a cost-effective polygon.<br \/>Easy to combine: Thanks to the uniform sides of neodymium magnets with a regular hexagon shape, you can easily use multiple pieces of them to build a bigger layout.<\/p><h2>Dimensional identification<\/h2><p>As a common practice, <a href=\"https:\/\/osenc.com\/\">neodymium magnet manufacturer<\/a> use 2 parameters to define the sizes of hexagon neodymium magnets.<br \/>There are basically two types of diagonals in a hexagon which are: Long diagonals (3 diagonals that pass through the center), and short diagonals. And we use the value of a long diagonal to define the diameter of hexagon neodymium magnets.<\/p><p>They are the diameter and thickness (height), usually with numbers in millimeters.<br \/>Suppose you are looking for hexagon neodymium magnets with a diameter of 9 mm and a height of 3 mm, you can specify it this way: D9 x 3 mm.<\/p><p>Using this dimensional identification for <a href=\"https:\/\/osenc.com\/custom-neodymium-magnets\/\">custom neodymium magnets<\/a> will help eliminate unnecessary misunderstandings on both sides about dimensions.<\/p><h2>Available dimensions<\/h2><p>The shapes of hexagon neodymium magnets can be regular or irregular. Most of the time, we use the regular shape because of its cost-effectiveness.<br \/>A regular hexagon has six equal sides and six equal angles, while an irregular hexagon has sides and angles of different sizes.<\/p><p>Here are the dimensions that we can offer:<\/p><p>Outer diameters: 1.5 \u2013 300 mm (1\/16 &#8211; 11 13\/16 inches)<br \/>Height: 0.3 \u2013 120 mm (1\/64 &#8211; 4 \u00be inches)<br \/><a href=\"https:\/\/en.wikipedia.org\/wiki\/Magnetic_declination\" target=\"_blank\" rel=\"noopener\">Magnetic direction<\/a>: 100mm (3 15\/16 inches)<\/p><p>Note:<br \/>These are the possible limits that Osenc can offer.<br \/>If your designs are close to the biggest or smallest values, we need to confirm details case by case.<\/p><p>However, as a custom neodymium magnet supplier, Osenc is also able to provide irregular shapes for hexagon neodymiium magnets.<\/p><p>Irregular Hexagon: It has sides and angles of different measurements. All the internal angles are not equal to 120\u00b0. But, the sum of all interior angles is the same, i.e 720 degrees.<br \/>Convex Hexagon: It is one in which all the interior angles measure less than 180\u00b0. Convex hexagons can be regular or irregular, which means they can have equal or unequal side lengths and angles. All the vertices of the convex hexagon are pointed outwards.<br \/>Concave Hexagon: It is one in which at least one of the interior angles is greater than 180\u00b0. There is at least one vertex that points inwards.<\/p><h2>Grades<\/h2><p>Neodymium magnets have different grades, ranging from N35 to N55, and they also have high-temperature designs for special applications.<br \/>You can refer to our introduction to neodymium magnet grades. It will be helpful for you to determine which grade is the most appropriate for you.<\/p><h2>Magnetization directions<\/h2><p>Hexagon neodymium magnets have 2 common magnetization directions. They are the axial and radial magnetization directions.<br \/>Meanwhile, they still have 2 additional possible magnetization directions, though they are not commonly applied.<\/p><h2>Coatings<\/h2><p>Neodymium magnets are sensitive to the working environment. The humidity and even other corrosive elements can cause them to corrode quickly.<br \/>To improve the durability of neodymium magnets, we will need to apply a layer or even multiple layers of coatings on their surfaces. Meanwhile, this will also make the magnets more resistant to scratches and other types of damage.<br \/>Osenc can offer custom neodymium magnets with several different types of coatings. They include nickel, zinc, epoxy, etc. Each of them has its own unique properties and benefits.<\/p><p>As for the neodymium hexagon magnets, we usually recommend the nickel coating, considering their typical applications. The nickel coating has good quality and also a reasonable balance between cost and effectiveness.<\/p><p>However, if you are looking for neodymium hexagon magnets for applications under harsh working conditions, you may need another coating that offers better performance.<br \/>Please refer to this page to pick the most appropriate coating for your magnets.<\/p><h2>Optional designs<\/h2><p>The neodymium hexagon magnets can work with other components to build new designs. Particularly, they are very good for indoor decoration.<\/p><h3>Hexagon Fridge Magnets<\/h3><p>We can put a natural wooden cover on it and make a hexagon fridge magnet. It\u2019s usually for a decorative purpose, and you can arrange them into different figures on the fridge.<\/p><h3>Resin hexagon magnets<\/h3><p>It is also possible to use resin to make an outer cover, so the hexagon-shaped neodymium magnets can have beautiful graphics. They can have glossy surfaces.<\/p><h2>Where to buy?<\/h2><p>Get your FREE quotes for custom designs<br \/>Osenc can manufacture hexagon neodymium magnets to fit your exact specifications.<br \/>Always more than happy to help you determine the best solution for your applications.<br \/>You can contact us by clicking the Get a Quote button below!<\/p>\t\t\t\t\t\t\t\t<\/div>\n\t\t\t\t<div class=\"elementor-element elementor-element-16143229 elementor-widget elementor-widget-button\" data-id=\"16143229\" data-element_type=\"widget\" data-e-type=\"widget\" data-widget_type=\"button.default\">\n\t\t\t\t\t\t\t\t\t\t<a class=\"elementor-button elementor-button-link elementor-size-sm\" href=\"#elementor-action%3Aaction%3Dpopup%3Aopen%26settings%3DeyJpZCI6IjIwMSIsInRvZ2dsZSI6ZmFsc2V9\">\n\t\t\t\t\t\t<span class=\"elementor-button-content-wrapper\">\n\t\t\t\t\t\t\t\t\t<span class=\"elementor-button-text\">Contact Osenc Now<\/span>\n\t\t\t\t\t<\/span>\n\t\t\t\t\t<\/a>\n\t\t\t\t\t\t\t\t<\/div>\n\t\t\t\t\t<\/div>\n\t\t<\/div>\n\t\t\t\t<div class=\"elementor-column elementor-col-50 elementor-top-column elementor-element elementor-element-69259eda\" data-id=\"69259eda\" data-element_type=\"column\" data-e-type=\"column\">\n\t\t\t<div class=\"elementor-widget-wrap elementor-element-populated\">\n\t\t\t\t\t\t<div class=\"elementor-element elementor-element-77ca9d93 elementor-toc--minimized-on-tablet elementor-widget elementor-widget-table-of-contents\" data-id=\"77ca9d93\" data-element_type=\"widget\" data-e-type=\"widget\" data-settings=\"{&quot;exclude_headings_by_selector&quot;:[],&quot;no_headings_message&quot;:&quot;No headings were found on this page.&quot;,&quot;headings_by_tags&quot;:[&quot;h2&quot;,&quot;h3&quot;,&quot;h4&quot;,&quot;h5&quot;,&quot;h6&quot;],&quot;marker_view&quot;:&quot;numbers&quot;,&quot;minimize_box&quot;:&quot;yes&quot;,&quot;minimized_on&quot;:&quot;tablet&quot;,&quot;hierarchical_view&quot;:&quot;yes&quot;,&quot;min_height&quot;:{&quot;unit&quot;:&quot;px&quot;,&quot;size&quot;:&quot;&quot;,&quot;sizes&quot;:[]},&quot;min_height_tablet&quot;:{&quot;unit&quot;:&quot;px&quot;,&quot;size&quot;:&quot;&quot;,&quot;sizes&quot;:[]},&quot;min_height_mobile&quot;:{&quot;unit&quot;:&quot;px&quot;,&quot;size&quot;:&quot;&quot;,&quot;sizes&quot;:[]}}\" data-widget_type=\"table-of-contents.default\">\n\t\t\t\t\t\t\t\t\t<div class=\"elementor-toc__header\">\n\t\t\t\t\t\t<h4 class=\"elementor-toc__header-title\">\n\t\t\t\tTable of Contents\t\t\t<\/h4>\n\t\t\t\t\t\t\t\t\t\t<div class=\"elementor-toc__toggle-button elementor-toc__toggle-button--expand\" role=\"button\" tabindex=\"0\" aria-controls=\"elementor-toc__77ca9d93\" aria-expanded=\"true\" aria-label=\"Open table of contents\"><svg aria-hidden=\"true\" class=\"e-font-icon-svg e-fas-chevron-down\" viewBox=\"0 0 448 512\" xmlns=\"http:\/\/www.w3.org\/2000\/svg\"><path d=\"M207.029 381.476L12.686 187.132c-9.373-9.373-9.373-24.569 0-33.941l22.667-22.667c9.357-9.357 24.522-9.375 33.901-.04L224 284.505l154.745-154.021c9.379-9.335 24.544-9.317 33.901.04l22.667 22.667c9.373 9.373 9.373 24.569 0 33.941L240.971 381.476c-9.373 9.372-24.569 9.372-33.942 0z\"><\/path><\/svg><\/div>\n\t\t\t\t<div class=\"elementor-toc__toggle-button elementor-toc__toggle-button--collapse\" role=\"button\" tabindex=\"0\" aria-controls=\"elementor-toc__77ca9d93\" aria-expanded=\"true\" aria-label=\"Close table of contents\"><svg aria-hidden=\"true\" class=\"e-font-icon-svg e-fas-chevron-up\" viewBox=\"0 0 448 512\" xmlns=\"http:\/\/www.w3.org\/2000\/svg\"><path d=\"M240.971 130.524l194.343 194.343c9.373 9.373 9.373 24.569 0 33.941l-22.667 22.667c-9.357 9.357-24.522 9.375-33.901.04L224 227.495 69.255 381.516c-9.379 9.335-24.544 9.317-33.901-.04l-22.667-22.667c-9.373-9.373-9.373-24.569 0-33.941L207.03 130.525c9.372-9.373 24.568-9.373 33.941-.001z\"><\/path><\/svg><\/div>\n\t\t\t\t\t<\/div>\n\t\t\t\t<div id=\"elementor-toc__77ca9d93\" class=\"elementor-toc__body\">\n\t\t\t<div class=\"elementor-toc__spinner-container\">\n\t\t\t\t<svg class=\"elementor-toc__spinner eicon-animation-spin e-font-icon-svg e-eicon-loading\" aria-hidden=\"true\" viewBox=\"0 0 1000 1000\" xmlns=\"http:\/\/www.w3.org\/2000\/svg\"><path d=\"M500 975V858C696 858 858 696 858 500S696 142 500 142 142 304 142 500H25C25 237 238 25 500 25S975 237 975 500 763 975 500 975Z\"><\/path><\/svg>\t\t\t<\/div>\n\t\t<\/div>\n\t\t\t\t\t\t<\/div>\n\t\t\t\t\t<\/div>\n\t\t<\/div>\n\t\t\t\t\t<\/div>\n\t\t<\/section>\n\t\t\t\t<\/div>\n\t\t","protected":false},"excerpt":{"rendered":"<p>Magnesy neodymowe sze\u015bciok\u0105tne \u015arednice zewn\u0119trzne: 1,5-300 mm; Wysoko\u015b\u0107: 0,3-120 mm K\u0105t wewn\u0119trzny sze\u015bciok\u0105ta foremnego: 120\u00b0 Dost\u0119pne gatunki: N35-N55, plus typy wysokotemperaturowe Namagnesowanie: osiowe lub promieniowe, opcjonalnie nietypowe kierunki Uzyskaj natychmiastow\u0105 wycen\u0119 Teraz Co to s\u0105 sze\u015bciok\u0105tne magnesy neodymowe? Sze\u015bciok\u0105tne magnesy neodymowe maj\u0105 6 bok\u00f3w i 6 k\u0105t\u00f3w. Jego 6 bok\u00f3w ma t\u0119 sam\u0105 d\u0142ugo\u015b\u0107,...<\/p>","protected":false},"author":1,"featured_media":1427,"parent":0,"menu_order":27,"comment_status":"closed","ping_status":"closed","template":"","meta":{"_kad_blocks_custom_css":"","_kad_blocks_head_custom_js":"","_kad_blocks_body_custom_js":"","_kad_blocks_footer_custom_js":"","_kad_post_transparent":"","_kad_post_title":"","_kad_post_layout":"","_kad_post_sidebar_id":"","_kad_post_content_style":"","_kad_post_vertical_padding":"","_kad_post_feature":"","_kad_post_feature_position":"","_kad_post_header":false,"_kad_post_footer":false,"_kad_post_classname":"","footnotes":""},"class_list":["post-345","page","type-page","status-publish","has-post-thumbnail","hentry"],"taxonomy_info":[],"featured_image_src_large":["https:\/\/osenc.com\/wp-content\/uploads\/2022\/11\/10001.jpg",750,750,false],"author_info":{"display_name":"Ben Zhong","author_link":"https:\/\/osenc.com\/poland\/author\/infoosenc-com\/"},"comment_info":"","_links":{"self":[{"href":"https:\/\/osenc.com\/poland\/wp-json\/wp\/v2\/pages\/345","targetHints":{"allow":["GET"]}}],"collection":[{"href":"https:\/\/osenc.com\/poland\/wp-json\/wp\/v2\/pages"}],"about":[{"href":"https:\/\/osenc.com\/poland\/wp-json\/wp\/v2\/types\/page"}],"author":[{"embeddable":true,"href":"https:\/\/osenc.com\/poland\/wp-json\/wp\/v2\/users\/1"}],"replies":[{"embeddable":true,"href":"https:\/\/osenc.com\/poland\/wp-json\/wp\/v2\/comments?post=345"}],"version-history":[{"count":0,"href":"https:\/\/osenc.com\/poland\/wp-json\/wp\/v2\/pages\/345\/revisions"}],"wp:featuredmedia":[{"embeddable":true,"href":"https:\/\/osenc.com\/poland\/wp-json\/wp\/v2\/media\/1427"}],"wp:attachment":[{"href":"https:\/\/osenc.com\/poland\/wp-json\/wp\/v2\/media?parent=345"}],"curies":[{"name":"wp","href":"https:\/\/api.w.org\/{rel}","templated":true}]}}