{"id":215,"date":"2022-11-05T11:25:18","date_gmt":"2022-11-05T11:25:18","guid":{"rendered":"https:\/\/neosumk.com\/?page_id=215"},"modified":"2025-08-19T16:59:54","modified_gmt":"2025-08-19T08:59:54","slug":"neodymium-magnet-coating","status":"publish","type":"page","link":"https:\/\/osenc.com\/poland\/neodymium-magnet-coating\/","title":{"rendered":"Pow\u0142oka magnesu neodymowego"},"content":{"rendered":"\t\t<div data-elementor-type=\"wp-page\" data-elementor-id=\"215\" class=\"elementor elementor-215\" data-elementor-post-type=\"page\">\n\t\t\t\t\t\t<section class=\"elementor-section elementor-top-section elementor-element elementor-element-74efa471 elementor-section-boxed elementor-section-height-default elementor-section-height-default\" data-id=\"74efa471\" data-element_type=\"section\" data-e-type=\"section\">\n\t\t\t\t\t\t<div class=\"elementor-container elementor-column-gap-default\">\n\t\t\t\t\t<div class=\"elementor-column elementor-col-50 elementor-top-column elementor-element elementor-element-222c585\" data-id=\"222c585\" data-element_type=\"column\" data-e-type=\"column\">\n\t\t\t<div class=\"elementor-widget-wrap elementor-element-populated\">\n\t\t\t\t\t\t<div class=\"elementor-element elementor-element-1210fb5c elementor-widget elementor-widget-image\" data-id=\"1210fb5c\" data-element_type=\"widget\" data-e-type=\"widget\" data-widget_type=\"image.default\">\n\t\t\t\t\t\t\t\t\t\t\t\t\t\t\t<img fetchpriority=\"high\" decoding=\"async\" width=\"600\" height=\"385\" src=\"https:\/\/osenc.com\/wp-content\/uploads\/2023\/01\/magnet-coating.jpg\" class=\"attachment-large size-large wp-image-3098\" alt=\"coated neodymium magnets\" srcset=\"https:\/\/osenc.com\/wp-content\/uploads\/2023\/01\/magnet-coating.jpg 600w, https:\/\/osenc.com\/wp-content\/uploads\/2023\/01\/magnet-coating-300x193.jpg 300w\" sizes=\"(max-width: 600px) 100vw, 600px\" \/>\t\t\t\t\t\t\t\t\t\t\t\t\t\t\t<\/div>\n\t\t\t\t\t<\/div>\n\t\t<\/div>\n\t\t\t\t<div class=\"elementor-column elementor-col-50 elementor-top-column elementor-element elementor-element-57621a54\" data-id=\"57621a54\" data-element_type=\"column\" data-e-type=\"column\">\n\t\t\t<div class=\"elementor-widget-wrap elementor-element-populated\">\n\t\t\t\t\t\t<div class=\"elementor-element elementor-element-463bc2e elementor-widget elementor-widget-heading\" data-id=\"463bc2e\" data-element_type=\"widget\" data-e-type=\"widget\" data-widget_type=\"heading.default\">\n\t\t\t\t\t<h1 class=\"elementor-heading-title elementor-size-default\">neodymium magnet coating<\/h1>\t\t\t\t<\/div>\n\t\t\t\t<div class=\"elementor-element elementor-element-e0ace12 elementor-widget elementor-widget-text-editor\" data-id=\"e0ace12\" data-element_type=\"widget\" data-e-type=\"widget\" data-widget_type=\"text-editor.default\">\n\t\t\t\t\t\t\t\t\t<ul><li data-start=\"121\" data-end=\"189\"><p data-start=\"124\" data-end=\"189\">Reason: Prevent oxidation and corrosion, extend magnet lifespan<\/p><\/li><li data-start=\"190\" data-end=\"273\"><p data-start=\"193\" data-end=\"273\">Key factors: waterproof, UV resistance, friction, insulation, biocompatibility<\/p><\/li><li data-start=\"274\" data-end=\"348\"><p data-start=\"277\" data-end=\"348\">Single-layer coatings: Ni, Zn, Au, Sn, Ti, TiN, Epoxy, PTFE, Parylene<\/p><\/li><li data-start=\"349\" data-end=\"424\"><p data-start=\"352\" data-end=\"424\">Multi-layer coatings: Ni-Cu-Ni, Ni-Cu-Ni+PTFE, Zn+Rubber, Tin+Parylene<\/p><\/li><\/ul>\t\t\t\t\t\t\t\t<\/div>\n\t\t\t\t<div class=\"elementor-element elementor-element-7478bf2 elementor-widget elementor-widget-button\" data-id=\"7478bf2\" data-element_type=\"widget\" data-e-type=\"widget\" data-widget_type=\"button.default\">\n\t\t\t\t\t\t\t\t\t\t<a class=\"elementor-button elementor-button-link elementor-size-sm\" href=\"#elementor-action%3Aaction%3Dpopup%3Aopen%26settings%3DeyJpZCI6IjIwMSIsInRvZ2dsZSI6ZmFsc2V9\">\n\t\t\t\t\t\t<span class=\"elementor-button-content-wrapper\">\n\t\t\t\t\t\t\t\t\t<span class=\"elementor-button-text\">Get An Instant Quotation Now<\/span>\n\t\t\t\t\t<\/span>\n\t\t\t\t\t<\/a>\n\t\t\t\t\t\t\t\t<\/div>\n\t\t\t\t\t<\/div>\n\t\t<\/div>\n\t\t\t\t\t<\/div>\n\t\t<\/section>\n\t\t\t\t<section class=\"elementor-section elementor-top-section elementor-element elementor-element-4d664bf0 elementor-section-boxed elementor-section-height-default elementor-section-height-default\" data-id=\"4d664bf0\" data-element_type=\"section\" data-e-type=\"section\" data-settings=\"{&quot;background_background&quot;:&quot;classic&quot;}\">\n\t\t\t\t\t\t<div class=\"elementor-container elementor-column-gap-default\">\n\t\t\t\t\t<div class=\"elementor-column elementor-col-50 elementor-top-column elementor-element elementor-element-4a5b23ef\" data-id=\"4a5b23ef\" data-element_type=\"column\" data-e-type=\"column\">\n\t\t\t<div class=\"elementor-widget-wrap elementor-element-populated\">\n\t\t\t\t\t\t<div class=\"elementor-element elementor-element-290f320 elementor-widget elementor-widget-text-editor\" data-id=\"290f320\" data-element_type=\"widget\" data-e-type=\"widget\" data-widget_type=\"text-editor.default\">\n\t\t\t\t\t\t\t\t\t<h2>Why need Coating &amp; Plating?<\/h2><p>Neodymium magnet coating is one of the main factors in production. Because the materials of neodymium magnets are unstable since they contain a lot of iron. They can have negative chemical reactions \u2013 corrosion (rust) &#8211; under hot and humid working conditions. This will weaken the magnetic performance and even shorten their life spans. And the coating can prevent or slow down oxidation very well.<\/p><p><img decoding=\"async\" class=\"aligncenter wp-image-3098 size-full\" src=\"https:\/\/osenc.com\/wp-content\/uploads\/2023\/01\/magnet-coating.jpg\" alt=\"magnet coating\" width=\"600\" height=\"385\" srcset=\"https:\/\/osenc.com\/wp-content\/uploads\/2023\/01\/magnet-coating.jpg 600w, https:\/\/osenc.com\/wp-content\/uploads\/2023\/01\/magnet-coating-300x193.jpg 300w\" sizes=\"(max-width: 600px) 100vw, 600px\" \/><\/p><h2>What should be considered when choosing a coating<\/h2><p>In many cases, people just consider how to make sure the neodymium magnet will not rust. But in some high technology cases or medical cases, there are many factors should be conisder, likes:<\/p><ul><li>waterproof<\/li><li>Mildew-proof<\/li><li>Strong anti-salt spray performance<\/li><li>Coefficient of friction<\/li><li>Operating temperature<\/li><li>Improved UV resistance<\/li><li>Uniform thickness<\/li><li>No damage to the workpiece<\/li><li>Electrical insulation<\/li><li><a href=\"https:\/\/www.iso.org\/standard\/68936.html\" target=\"_blank\" rel=\"noopener\">Biological evaluation of medical devices<\/a><\/li><li>Comply with the <a href=\"https:\/\/tblplastics.com\/usp-class-vi-testing\/\" target=\"_blank\" rel=\"noopener\">biological test requirements of UDP Class VI plastics<\/a><\/li><\/ul><h2>How many kinds of magnet coating?<\/h2><p>There are many standards for <a href=\"https:\/\/osenc.com\/preventing-neodymium-magnets-from-corrosion\/\">distinguishing coatings<\/a>, and Osenc mainly divided into two types:<\/p><h3>One layer coating<\/h3><p><a href=\"https:\/\/osenc.com\/nickel-coating-for-magnets\/\">Nickel<\/a> (Ni)<\/p><p><a href=\"https:\/\/osenc.com\/rubber-coated-magnets\/\">Rubber<\/a><\/p><p><a href=\"https:\/\/osenc.com\/epoxy-coating-for-magnets\/\">Epoxy<\/a><\/p><p><a href=\"https:\/\/osenc.com\/zinc-coating-for-magnets\/\">Zinc<\/a> (Zn)<\/p><p>Gold (Au)<\/p><p>Tin (Sn)<\/p><p>Titanium (Ti)<\/p><p><a href=\"https:\/\/osenc.com\/titanium-nitrate-coating-for-magnets\/\">Titanium Nitride<\/a> (TiN)<\/p><p><a href=\"https:\/\/osenc.com\/parylene-coating-for-magnets\/\">Parylene<\/a> C<\/p><p>Everlube<\/p><p><a href=\"https:\/\/osenc.com\/chrome-coating-for-magnets\/\">Chrome<\/a><\/p><p>PTFE(Polytetrafluoroethylene)<\/p><p>Phosphate passivation<\/p><h3>multi-layer<\/h3><p>Nickel-Copper-Nickel<\/p><p>Nickel-Copper-Nickel, plus Rubber<\/p><p>Zinc, plus Rubber<\/p><p>Nickel-Copper-Nickel, plus Parylene<\/p><p>Nickel-Copper-Nickel, plus PTFE<\/p><p>Tin, plus Parylene<\/p><p>Zinc chromate<\/p><h2>Adhesive<\/h2><p>Even with the same adhesive, different magnet coating will stick differently. Please choose the right plating according to your needs.<\/p>\t\t\t\t\t\t\t\t<\/div>\n\t\t\t\t<div class=\"elementor-element elementor-element-9a4f6f elementor-widget elementor-widget-button\" data-id=\"9a4f6f\" data-element_type=\"widget\" data-e-type=\"widget\" data-widget_type=\"button.default\">\n\t\t\t\t\t\t\t\t\t\t<a class=\"elementor-button elementor-button-link elementor-size-sm\" href=\"#elementor-action%3Aaction%3Dpopup%3Aopen%26settings%3DeyJpZCI6IjIwMSIsInRvZ2dsZSI6ZmFsc2V9\">\n\t\t\t\t\t\t<span class=\"elementor-button-content-wrapper\">\n\t\t\t\t\t\t\t\t\t<span class=\"elementor-button-text\">Contact Osenc Now<\/span>\n\t\t\t\t\t<\/span>\n\t\t\t\t\t<\/a>\n\t\t\t\t\t\t\t\t<\/div>\n\t\t\t\t\t<\/div>\n\t\t<\/div>\n\t\t\t\t<div class=\"elementor-column elementor-col-50 elementor-top-column elementor-element elementor-element-40586c63\" data-id=\"40586c63\" data-element_type=\"column\" data-e-type=\"column\">\n\t\t\t<div class=\"elementor-widget-wrap elementor-element-populated\">\n\t\t\t\t\t\t<div class=\"elementor-element elementor-element-3974d077 elementor-toc--minimized-on-tablet elementor-widget elementor-widget-table-of-contents\" data-id=\"3974d077\" data-element_type=\"widget\" data-e-type=\"widget\" data-settings=\"{&quot;exclude_headings_by_selector&quot;:[],&quot;no_headings_message&quot;:&quot;No headings were found on this page.&quot;,&quot;headings_by_tags&quot;:[&quot;h2&quot;,&quot;h3&quot;,&quot;h4&quot;,&quot;h5&quot;,&quot;h6&quot;],&quot;marker_view&quot;:&quot;numbers&quot;,&quot;minimize_box&quot;:&quot;yes&quot;,&quot;minimized_on&quot;:&quot;tablet&quot;,&quot;hierarchical_view&quot;:&quot;yes&quot;,&quot;min_height&quot;:{&quot;unit&quot;:&quot;px&quot;,&quot;size&quot;:&quot;&quot;,&quot;sizes&quot;:[]},&quot;min_height_tablet&quot;:{&quot;unit&quot;:&quot;px&quot;,&quot;size&quot;:&quot;&quot;,&quot;sizes&quot;:[]},&quot;min_height_mobile&quot;:{&quot;unit&quot;:&quot;px&quot;,&quot;size&quot;:&quot;&quot;,&quot;sizes&quot;:[]}}\" data-widget_type=\"table-of-contents.default\">\n\t\t\t\t\t\t\t\t\t<div class=\"elementor-toc__header\">\n\t\t\t\t\t\t<h4 class=\"elementor-toc__header-title\">\n\t\t\t\tTable of Contents\t\t\t<\/h4>\n\t\t\t\t\t\t\t\t\t\t<div class=\"elementor-toc__toggle-button elementor-toc__toggle-button--expand\" role=\"button\" tabindex=\"0\" aria-controls=\"elementor-toc__3974d077\" aria-expanded=\"true\" aria-label=\"Open table of contents\"><svg aria-hidden=\"true\" class=\"e-font-icon-svg e-fas-chevron-down\" viewBox=\"0 0 448 512\" xmlns=\"http:\/\/www.w3.org\/2000\/svg\"><path d=\"M207.029 381.476L12.686 187.132c-9.373-9.373-9.373-24.569 0-33.941l22.667-22.667c9.357-9.357 24.522-9.375 33.901-.04L224 284.505l154.745-154.021c9.379-9.335 24.544-9.317 33.901.04l22.667 22.667c9.373 9.373 9.373 24.569 0 33.941L240.971 381.476c-9.373 9.372-24.569 9.372-33.942 0z\"><\/path><\/svg><\/div>\n\t\t\t\t<div class=\"elementor-toc__toggle-button elementor-toc__toggle-button--collapse\" role=\"button\" tabindex=\"0\" aria-controls=\"elementor-toc__3974d077\" aria-expanded=\"true\" aria-label=\"Close table of contents\"><svg aria-hidden=\"true\" class=\"e-font-icon-svg e-fas-chevron-up\" viewBox=\"0 0 448 512\" xmlns=\"http:\/\/www.w3.org\/2000\/svg\"><path d=\"M240.971 130.524l194.343 194.343c9.373 9.373 9.373 24.569 0 33.941l-22.667 22.667c-9.357 9.357-24.522 9.375-33.901.04L224 227.495 69.255 381.516c-9.379 9.335-24.544 9.317-33.901-.04l-22.667-22.667c-9.373-9.373-9.373-24.569 0-33.941L207.03 130.525c9.372-9.373 24.568-9.373 33.941-.001z\"><\/path><\/svg><\/div>\n\t\t\t\t\t<\/div>\n\t\t\t\t<div id=\"elementor-toc__3974d077\" class=\"elementor-toc__body\">\n\t\t\t<div class=\"elementor-toc__spinner-container\">\n\t\t\t\t<svg class=\"elementor-toc__spinner eicon-animation-spin e-font-icon-svg e-eicon-loading\" aria-hidden=\"true\" viewBox=\"0 0 1000 1000\" xmlns=\"http:\/\/www.w3.org\/2000\/svg\"><path d=\"M500 975V858C696 858 858 696 858 500S696 142 500 142 142 304 142 500H25C25 237 238 25 500 25S975 237 975 500 763 975 500 975Z\"><\/path><\/svg>\t\t\t<\/div>\n\t\t<\/div>\n\t\t\t\t\t\t<\/div>\n\t\t\t\t\t<\/div>\n\t\t<\/div>\n\t\t\t\t\t<\/div>\n\t\t<\/section>\n\t\t\t\t<\/div>\n\t\t","protected":false},"excerpt":{"rendered":"<p>powlekane magnesy neodymowe powlekane magnesy neodymowe \u5b8c\u6210\uff0c\u5e76\u4e14\u589e\u52a0\u5185\u5bb9 pow\u0142oka magnesu neodymowego Pow\u00f3d: Zapobieganie utlenianiu i korozji, wyd\u0142u\u017cenie \u017cywotno\u015bci magnesu Kluczowe czynniki: wodoodporno\u015b\u0107, odporno\u015b\u0107 na promieniowanie UV, tarcie, izolacja, biokompatybilno\u015b\u0107 Pow\u0142oki jednowarstwowe: Ni, Zn, Au, Sn, Ti, TiN, Epoxy, PTFE, Parylene Pow\u0142oki wielowarstwowe: Ni-Cu-Ni, Ni-Cu-Ni+PTFE, Zn+Guma, Cyna+Parylen Uzyskaj natychmiastow\u0105 wycen\u0119 Teraz Dlaczego potrzebujesz powlekania i galwanizacji? Magnes neodymowy...<\/p>","protected":false},"author":1,"featured_media":3098,"parent":0,"menu_order":36,"comment_status":"closed","ping_status":"closed","template":"","meta":{"_kad_blocks_custom_css":"","_kad_blocks_head_custom_js":"","_kad_blocks_body_custom_js":"","_kad_blocks_footer_custom_js":"","_kad_post_transparent":"","_kad_post_title":"","_kad_post_layout":"","_kad_post_sidebar_id":"","_kad_post_content_style":"","_kad_post_vertical_padding":"","_kad_post_feature":"","_kad_post_feature_position":"","_kad_post_header":false,"_kad_post_footer":false,"_kad_post_classname":"","footnotes":""},"class_list":["post-215","page","type-page","status-publish","has-post-thumbnail","hentry"],"taxonomy_info":[],"featured_image_src_large":["https:\/\/osenc.com\/wp-content\/uploads\/2023\/01\/magnet-coating.jpg",600,385,false],"author_info":{"display_name":"Ben Zhong","author_link":"https:\/\/osenc.com\/poland\/author\/infoosenc-com\/"},"comment_info":"","_links":{"self":[{"href":"https:\/\/osenc.com\/poland\/wp-json\/wp\/v2\/pages\/215","targetHints":{"allow":["GET"]}}],"collection":[{"href":"https:\/\/osenc.com\/poland\/wp-json\/wp\/v2\/pages"}],"about":[{"href":"https:\/\/osenc.com\/poland\/wp-json\/wp\/v2\/types\/page"}],"author":[{"embeddable":true,"href":"https:\/\/osenc.com\/poland\/wp-json\/wp\/v2\/users\/1"}],"replies":[{"embeddable":true,"href":"https:\/\/osenc.com\/poland\/wp-json\/wp\/v2\/comments?post=215"}],"version-history":[{"count":0,"href":"https:\/\/osenc.com\/poland\/wp-json\/wp\/v2\/pages\/215\/revisions"}],"wp:featuredmedia":[{"embeddable":true,"href":"https:\/\/osenc.com\/poland\/wp-json\/wp\/v2\/media\/3098"}],"wp:attachment":[{"href":"https:\/\/osenc.com\/poland\/wp-json\/wp\/v2\/media?parent=215"}],"curies":[{"name":"wp","href":"https:\/\/api.w.org\/{rel}","templated":true}]}}