{"id":4975,"date":"2025-07-07T22:33:44","date_gmt":"2025-07-07T14:33:44","guid":{"rendered":"https:\/\/osenc.com\/?page_id=4975"},"modified":"2025-09-24T22:19:06","modified_gmt":"2025-09-24T14:19:06","slug":"blog","status":"publish","type":"page","link":"https:\/\/osenc.com\/it\/blog\/","title":{"rendered":"Blog"},"content":{"rendered":"<div data-elementor-type=\"wp-page\" data-elementor-id=\"4975\" class=\"elementor elementor-4975\" data-elementor-post-type=\"page\">\n\t\t\t\t\t\t<section class=\"elementor-section elementor-top-section elementor-element elementor-element-28cb4f35 elementor-section-height-min-height elementor-section-boxed elementor-section-height-default elementor-section-items-middle\" data-id=\"28cb4f35\" data-element_type=\"section\" data-e-type=\"section\" data-settings=\"{&quot;background_background&quot;:&quot;classic&quot;}\">\n\t\t\t\t\t\t\t<div class=\"elementor-background-overlay\"><\/div>\n\t\t\t\t\t\t\t<div class=\"elementor-container elementor-column-gap-default\">\n\t\t\t\t\t<div class=\"elementor-column elementor-col-100 elementor-top-column elementor-element elementor-element-419717d9\" data-id=\"419717d9\" data-element_type=\"column\" data-e-type=\"column\">\n\t\t\t<div class=\"elementor-widget-wrap elementor-element-populated\">\n\t\t\t\t\t\t\t<\/div>\n\t\t<\/div>\n\t\t\t\t\t<\/div>\n\t\t<\/section>\n\t\t\t\t<section class=\"elementor-section elementor-top-section elementor-element elementor-element-227d205b elementor-section-boxed elementor-section-height-default elementor-section-height-default\" data-id=\"227d205b\" data-element_type=\"section\" data-e-type=\"section\" data-settings=\"{&quot;background_background&quot;:&quot;classic&quot;}\">\n\t\t\t\t\t\t<div class=\"elementor-container elementor-column-gap-default\">\n\t\t\t\t\t<div class=\"elementor-column elementor-col-100 elementor-top-column elementor-element elementor-element-2703ca4d\" data-id=\"2703ca4d\" data-element_type=\"column\" data-e-type=\"column\">\n\t\t\t<div class=\"elementor-widget-wrap elementor-element-populated\">\n\t\t\t\t\t\t<div class=\"elementor-element elementor-element-60faf4a elementor-grid-3 elementor-grid-tablet-2 elementor-grid-mobile-1 elementor-posts--thumbnail-top elementor-card-shadow-yes elementor-posts__hover-gradient elementor-widget elementor-widget-posts\" data-id=\"60faf4a\" data-element_type=\"widget\" data-e-type=\"widget\" data-settings=\"{&quot;pagination_type&quot;:&quot;numbers_and_prev_next&quot;,&quot;cards_columns&quot;:&quot;3&quot;,&quot;cards_columns_tablet&quot;:&quot;2&quot;,&quot;cards_columns_mobile&quot;:&quot;1&quot;,&quot;cards_row_gap&quot;:{&quot;unit&quot;:&quot;px&quot;,&quot;size&quot;:35,&quot;sizes&quot;:[]},&quot;cards_row_gap_tablet&quot;:{&quot;unit&quot;:&quot;px&quot;,&quot;size&quot;:&quot;&quot;,&quot;sizes&quot;:[]},&quot;cards_row_gap_mobile&quot;:{&quot;unit&quot;:&quot;px&quot;,&quot;size&quot;:&quot;&quot;,&quot;sizes&quot;:[]}}\" data-widget_type=\"posts.cards\">\n\t\t\t\t<div class=\"elementor-widget-container\">\n\t\t\t\t\t\t\t<div class=\"elementor-posts-container elementor-posts elementor-posts--skin-cards elementor-grid\" role=\"list\">\n\t\t\t\t<article class=\"elementor-post elementor-grid-item post-7278 post type-post status-publish format-standard has-post-thumbnail hentry category-magnet\" role=\"listitem\">\n\t\t\t<div class=\"elementor-post__card\">\n\t\t\t\t<a class=\"elementor-post__thumbnail__link\" href=\"https:\/\/osenc.com\/it\/clarifying-amazons-iata-report-requirement-for-magnetic-products\/\" tabindex=\"-1\"><div class=\"elementor-post__thumbnail\"><img fetchpriority=\"high\" decoding=\"async\" width=\"300\" height=\"278\" src=\"https:\/\/osenc.com\/wp-content\/uploads\/2022\/11\/IATA-label-300x278.jpg\" class=\"attachment-medium size-medium wp-image-1631\" alt=\"Etichetta IATA\" srcset=\"https:\/\/osenc.com\/wp-content\/uploads\/2022\/11\/IATA-label-300x278.jpg 300w, https:\/\/osenc.com\/wp-content\/uploads\/2022\/11\/IATA-label.jpg 500w\" sizes=\"(max-width: 300px) 100vw, 300px\" \/><\/div><\/a>\n\t\t\t\t<div class=\"elementor-post__text\">\n\t\t\t\t<h3 class=\"elementor-post__title\">\n\t\t\t<a href=\"https:\/\/osenc.com\/it\/clarifying-amazons-iata-report-requirement-for-magnetic-products\/\">\n\t\t\t\tChiarimenti sul requisito del rapporto IATA di Amazon per i prodotti magnetici\t\t\t<\/a>\n\t\t<\/h3>\n\t\t\t\t<div class=\"elementor-post__excerpt\">\n\t\t\t<p>Di recente, molti venditori Amazon si sono trovati in confusione durante il processo di revisione dei \u201cprodotti magnetici\u201d. Amazon richiede spesso un rapporto di test magnetico conforme agli standard IATA e alcune note di revisione menzionano specificamente la misurazione dell'intensit\u00e0 del campo magnetico (in gauss).<\/p>\n\t\t<\/div>\n\t\t\n\t\t<a class=\"elementor-post__read-more\" href=\"https:\/\/osenc.com\/it\/clarifying-amazons-iata-report-requirement-for-magnetic-products\/\" aria-label=\"Leggi tutto Clarifying Amazon\u2019s IATA Report Requirement for Magnetic Products\" tabindex=\"-1\">\n\t\t\tContinua a leggere \"\t\t<\/a>\n\n\t\t\t\t<\/div>\n\t\t\t\t<div class=\"elementor-post__meta-data\">\n\t\t\t\t\t<span class=\"elementor-post-date\">\n\t\t\t2026-02-27\t\t<\/span>\n\t\t\t\t<\/div>\n\t\t\t\t\t<\/div>\n\t\t<\/article>\n\t\t\t\t<article class=\"elementor-post elementor-grid-item post-1727 post type-post status-publish format-standard has-post-thumbnail hentry category-magnet\" role=\"listitem\">\n\t\t\t<div class=\"elementor-post__card\">\n\t\t\t\t<a class=\"elementor-post__thumbnail__link\" href=\"https:\/\/osenc.com\/it\/use-of-magnet\/\" tabindex=\"-1\"><div class=\"elementor-post__thumbnail\"><img decoding=\"async\" width=\"300\" height=\"215\" src=\"https:\/\/osenc.com\/wp-content\/uploads\/2023\/02\/HDD-300x215.jpg\" class=\"attachment-medium size-medium wp-image-3619\" alt=\"HDD\" srcset=\"https:\/\/osenc.com\/wp-content\/uploads\/2023\/02\/HDD-300x215.jpg 300w, https:\/\/osenc.com\/wp-content\/uploads\/2023\/02\/HDD.jpg 700w\" sizes=\"(max-width: 300px) 100vw, 300px\" \/><\/div><\/a>\n\t\t\t\t<div class=\"elementor-post__text\">\n\t\t\t\t<h3 class=\"elementor-post__title\">\n\t\t\t<a href=\"https:\/\/osenc.com\/it\/use-of-magnet\/\">\n\t\t\t\t10 usi dei magneti nella vita quotidiana (con esempi reali)\t\t\t<\/a>\n\t\t<\/h3>\n\t\t\t\t<div class=\"elementor-post__excerpt\">\n\t\t\t<p>I magneti sono presenti nella vita quotidiana pi\u00f9 di quanto la maggior parte delle persone creda. Sono la ragione \u201cdietro le quinte\u201d per cui il frigorifero rimane chiuso, le cuffie emettono suoni e i motori girano all'interno di tutto, dai ventilatori alle lavatrici. In breve: gli usi pi\u00f9 comuni dei magneti sono<\/p>\n\t\t<\/div>\n\t\t\n\t\t<a class=\"elementor-post__read-more\" href=\"https:\/\/osenc.com\/it\/use-of-magnet\/\" aria-label=\"Leggi tutto 10 Uses of Magnets in Daily Life (With Real Examples)\" tabindex=\"-1\">\n\t\t\tContinua a leggere \"\t\t<\/a>\n\n\t\t\t\t<\/div>\n\t\t\t\t<div class=\"elementor-post__meta-data\">\n\t\t\t\t\t<span class=\"elementor-post-date\">\n\t\t\t2026-02-13\t\t<\/span>\n\t\t\t\t<\/div>\n\t\t\t\t\t<\/div>\n\t\t<\/article>\n\t\t\t\t<article class=\"elementor-post elementor-grid-item post-1644 post type-post status-publish format-standard has-post-thumbnail hentry category-applcation\" role=\"listitem\">\n\t\t\t<div class=\"elementor-post__card\">\n\t\t\t\t<a class=\"elementor-post__thumbnail__link\" href=\"https:\/\/osenc.com\/it\/what-are-ring-magnets-used-for\/\" tabindex=\"-1\"><div class=\"elementor-post__thumbnail\"><img decoding=\"async\" width=\"300\" height=\"300\" src=\"https:\/\/osenc.com\/wp-content\/uploads\/2022\/11\/Ring-Magnet-300x300.jpg\" class=\"attachment-medium size-medium wp-image-1292\" alt=\"Magnete ad anello\" srcset=\"https:\/\/osenc.com\/wp-content\/uploads\/2022\/11\/Ring-Magnet-300x300.jpg 300w, https:\/\/osenc.com\/wp-content\/uploads\/2022\/11\/Ring-Magnet-150x150.jpg 150w, https:\/\/osenc.com\/wp-content\/uploads\/2022\/11\/Ring-Magnet-768x768.jpg 768w, https:\/\/osenc.com\/wp-content\/uploads\/2022\/11\/Ring-Magnet.jpg 800w\" sizes=\"(max-width: 300px) 100vw, 300px\" \/><\/div><\/a>\n\t\t\t\t<div class=\"elementor-post__text\">\n\t\t\t\t<h3 class=\"elementor-post__title\">\n\t\t\t<a href=\"https:\/\/osenc.com\/it\/what-are-ring-magnets-used-for\/\">\n\t\t\t\tCos'\u00e8 una calamita ad anello (calamita a ciambella) e come usarla\t\t\t<\/a>\n\t\t<\/h3>\n\t\t\t\t<div class=\"elementor-post__excerpt\">\n\t\t\t<p>Un magnete ad anello (si dice anche \u201cmagnete a ciambella\u201d, \u201cmagnete anulare\u201d o \u201canello magnetico\u201d) \u00e8 fondamentalmente un magnete permanente a forma di rondella, rotondo all'esterno e con un foro al centro. Il foro \u00e8 ci\u00f2 che lo rende cos\u00ec utile: si pu\u00f2 infilare<\/p>\n\t\t<\/div>\n\t\t\n\t\t<a class=\"elementor-post__read-more\" href=\"https:\/\/osenc.com\/it\/what-are-ring-magnets-used-for\/\" aria-label=\"Leggi tutto What Is a Ring Magnet (Donut Magnet) &amp; How to Use It\" tabindex=\"-1\">\n\t\t\tContinua a leggere \"\t\t<\/a>\n\n\t\t\t\t<\/div>\n\t\t\t\t<div class=\"elementor-post__meta-data\">\n\t\t\t\t\t<span class=\"elementor-post-date\">\n\t\t\t2026-01-19\t\t<\/span>\n\t\t\t\t<\/div>\n\t\t\t\t\t<\/div>\n\t\t<\/article>\n\t\t\t\t<article class=\"elementor-post elementor-grid-item post-1698 post type-post status-publish format-standard has-post-thumbnail hentry category-magnet\" role=\"listitem\">\n\t\t\t<div class=\"elementor-post__card\">\n\t\t\t\t<a class=\"elementor-post__thumbnail__link\" href=\"https:\/\/osenc.com\/it\/grades-of-magnets\/\" tabindex=\"-1\"><div class=\"elementor-post__thumbnail\"><img loading=\"lazy\" decoding=\"async\" width=\"300\" height=\"150\" src=\"https:\/\/osenc.com\/wp-content\/uploads\/2022\/11\/maximum-energy-300x150.webp\" class=\"attachment-medium size-medium wp-image-1707\" alt=\"energia massima\" srcset=\"https:\/\/osenc.com\/wp-content\/uploads\/2022\/11\/maximum-energy-300x150.webp 300w, https:\/\/osenc.com\/wp-content\/uploads\/2022\/11\/maximum-energy-1024x510.webp 1024w, https:\/\/osenc.com\/wp-content\/uploads\/2022\/11\/maximum-energy-768x383.webp 768w, https:\/\/osenc.com\/wp-content\/uploads\/2022\/11\/maximum-energy.webp 1304w\" sizes=\"(max-width: 300px) 100vw, 300px\" \/><\/div><\/a>\n\t\t\t\t<div class=\"elementor-post__text\">\n\t\t\t\t<h3 class=\"elementor-post__title\">\n\t\t\t<a href=\"https:\/\/osenc.com\/it\/grades-of-magnets\/\">\n\t\t\t\tGradi dei magneti\t\t\t<\/a>\n\t\t<\/h3>\n\t\t\t\t<div class=\"elementor-post__excerpt\">\n\t\t\t<p>I magneti sono disponibili in vari gradi, soprattutto quelli al neodimio (NdFeB). Il termine \u201cgradi di magnete\u201d si riferisce in genere al prodotto di energia massima del materiale (BH)max, che \u00e8 un valore chiave per confrontare la forza dei magneti al neodimio. Mentre i gradi dei magneti<\/p>\n\t\t<\/div>\n\t\t\n\t\t<a class=\"elementor-post__read-more\" href=\"https:\/\/osenc.com\/it\/grades-of-magnets\/\" aria-label=\"Leggi tutto Grades of Magnets\" tabindex=\"-1\">\n\t\t\tContinua a leggere \"\t\t<\/a>\n\n\t\t\t\t<\/div>\n\t\t\t\t<div class=\"elementor-post__meta-data\">\n\t\t\t\t\t<span class=\"elementor-post-date\">\n\t\t\t2026-01-14\t\t<\/span>\n\t\t\t\t<\/div>\n\t\t\t\t\t<\/div>\n\t\t<\/article>\n\t\t\t\t<article class=\"elementor-post elementor-grid-item post-1600 post type-post status-publish format-standard hentry category-applcation\" role=\"listitem\">\n\t\t\t<div class=\"elementor-post__card\">\n\t\t\t\t<div class=\"elementor-post__text\">\n\t\t\t\t<h3 class=\"elementor-post__title\">\n\t\t\t<a href=\"https:\/\/osenc.com\/it\/speaker-and-speaker-magnet\/\">\n\t\t\t\tCome gli altoparlanti utilizzano i magneti\t\t\t<\/a>\n\t\t<\/h3>\n\t\t\t\t<div class=\"elementor-post__excerpt\">\n\t\t\t<p>In che modo i diffusori utilizzano i magneti? Per me i magneti sono il cuore di ogni diffusore. Contribuiscono a trasformare i segnali elettrici nei suoni che sento ogni giorno. Tre parti principali lavorano insieme: il magnete permanente, la bobina mobile (un elettromagnete) e<\/p>\n\t\t<\/div>\n\t\t\n\t\t<a class=\"elementor-post__read-more\" href=\"https:\/\/osenc.com\/it\/speaker-and-speaker-magnet\/\" aria-label=\"Leggi tutto How Do Speakers Use Magnets\" tabindex=\"-1\">\n\t\t\tContinua a leggere \"\t\t<\/a>\n\n\t\t\t\t<\/div>\n\t\t\t\t<div class=\"elementor-post__meta-data\">\n\t\t\t\t\t<span class=\"elementor-post-date\">\n\t\t\t2026-01-13\t\t<\/span>\n\t\t\t\t<\/div>\n\t\t\t\t\t<\/div>\n\t\t<\/article>\n\t\t\t\t<article class=\"elementor-post elementor-grid-item post-1636 post type-post status-publish format-standard has-post-thumbnail hentry category-applcation\" role=\"listitem\">\n\t\t\t<div class=\"elementor-post__card\">\n\t\t\t\t<a class=\"elementor-post__thumbnail__link\" href=\"https:\/\/osenc.com\/it\/separate-magnet\/\" tabindex=\"-1\"><div class=\"elementor-post__thumbnail\"><img loading=\"lazy\" decoding=\"async\" width=\"300\" height=\"169\" src=\"https:\/\/osenc.com\/wp-content\/uploads\/2022\/11\/separate-big-magnet-300x169.jpg\" class=\"attachment-medium size-medium wp-image-1637\" alt=\"magnete separato grande\" srcset=\"https:\/\/osenc.com\/wp-content\/uploads\/2022\/11\/separate-big-magnet-300x169.jpg 300w, https:\/\/osenc.com\/wp-content\/uploads\/2022\/11\/separate-big-magnet.jpg 500w\" sizes=\"(max-width: 300px) 100vw, 300px\" \/><\/div><\/a>\n\t\t\t\t<div class=\"elementor-post__text\">\n\t\t\t\t<h3 class=\"elementor-post__title\">\n\t\t\t<a href=\"https:\/\/osenc.com\/it\/separate-magnet\/\">\n\t\t\t\tCome separare magneti incollati (forti\/piccoli)\t\t\t<\/a>\n\t\t<\/h3>\n\t\t\t\t<div class=\"elementor-post__excerpt\">\n\t\t\t<p>I campi magnetici sono forze potenti che trovano applicazione nella scienza, nell'industria e nella vita quotidiana. Tuttavia, quando si uniscono, la loro forza rende difficile separarli. Non importa se si tratta di piccoli magneti o di pesanti magneti al neodimio,<\/p>\n\t\t<\/div>\n\t\t\n\t\t<a class=\"elementor-post__read-more\" href=\"https:\/\/osenc.com\/it\/separate-magnet\/\" aria-label=\"Leggi tutto How to Separate Magnets Stuck (Strong\/Small)\" tabindex=\"-1\">\n\t\t\tContinua a leggere \"\t\t<\/a>\n\n\t\t\t\t<\/div>\n\t\t\t\t<div class=\"elementor-post__meta-data\">\n\t\t\t\t\t<span class=\"elementor-post-date\">\n\t\t\t2026-01-03\t\t<\/span>\n\t\t\t\t<\/div>\n\t\t\t\t\t<\/div>\n\t\t<\/article>\n\t\t\t\t<\/div>\n\t\t\n\t\t\t\t<div class=\"e-load-more-anchor\" data-page=\"1\" data-max-page=\"9\" data-next-page=\"https:\/\/osenc.com\/it\/wp-json\/wp\/v2\/pages\/4975\/page\/2\/\"><\/div>\n\t\t\t\t<nav class=\"elementor-pagination\" aria-label=\"Paginazione\">\n\t\t\t<span class=\"page-numbers prev\">\" Precedente<\/span>\n<span aria-current=\"page\" class=\"page-numbers current\"><span class=\"elementor-screen-only\">Pagina<\/span>1<\/span>\n<a class=\"page-numbers\" href=\"https:\/\/osenc.com\/it\/wp-json\/wp\/v2\/pages\/4975\/page\/2\/\"><span class=\"elementor-screen-only\">Pagina<\/span>2<\/a>\n<a class=\"page-numbers\" href=\"https:\/\/osenc.com\/it\/wp-json\/wp\/v2\/pages\/4975\/page\/3\/\"><span class=\"elementor-screen-only\">Pagina<\/span>3<\/a>\n<a class=\"page-numbers\" href=\"https:\/\/osenc.com\/it\/wp-json\/wp\/v2\/pages\/4975\/page\/4\/\"><span class=\"elementor-screen-only\">Pagina<\/span>4<\/a>\n<a class=\"page-numbers\" href=\"https:\/\/osenc.com\/it\/wp-json\/wp\/v2\/pages\/4975\/page\/5\/\"><span class=\"elementor-screen-only\">Pagina<\/span>5<\/a>\n<a class=\"page-numbers next\" href=\"https:\/\/osenc.com\/it\/wp-json\/wp\/v2\/pages\/4975\/page\/2\/\">Successivo \"<\/a>\t\t<\/nav>\n\t\t\t\t\t\t<\/div>\n\t\t\t\t<\/div>\n\t\t\t\t\t<\/div>\n\t\t<\/div>\n\t\t\t\t\t<\/div>\n\t\t<\/section>\n\t\t\t\t<\/div>","protected":false},"excerpt":{"rendered":"","protected":false},"author":14,"featured_media":0,"parent":0,"menu_order":0,"comment_status":"closed","ping_status":"closed","template":"","meta":{"_kad_blocks_custom_css":"","_kad_blocks_head_custom_js":"","_kad_blocks_body_custom_js":"","_kad_blocks_footer_custom_js":"","_kad_post_transparent":"","_kad_post_title":"","_kad_post_layout":"","_kad_post_sidebar_id":"","_kad_post_content_style":"","_kad_post_vertical_padding":"","_kad_post_feature":"","_kad_post_feature_position":"","_kad_post_header":false,"_kad_post_footer":false,"_kad_post_classname":"","footnotes":""},"class_list":["post-4975","page","type-page","status-publish","hentry"],"taxonomy_info":[],"featured_image_src_large":false,"author_info":{"display_name":"Wade","author_link":"https:\/\/osenc.com\/it\/author\/wade\/"},"comment_info":"","_links":{"self":[{"href":"https:\/\/osenc.com\/it\/wp-json\/wp\/v2\/pages\/4975","targetHints":{"allow":["GET"]}}],"collection":[{"href":"https:\/\/osenc.com\/it\/wp-json\/wp\/v2\/pages"}],"about":[{"href":"https:\/\/osenc.com\/it\/wp-json\/wp\/v2\/types\/page"}],"author":[{"embeddable":true,"href":"https:\/\/osenc.com\/it\/wp-json\/wp\/v2\/users\/14"}],"replies":[{"embeddable":true,"href":"https:\/\/osenc.com\/it\/wp-json\/wp\/v2\/comments?post=4975"}],"version-history":[{"count":0,"href":"https:\/\/osenc.com\/it\/wp-json\/wp\/v2\/pages\/4975\/revisions"}],"wp:attachment":[{"href":"https:\/\/osenc.com\/it\/wp-json\/wp\/v2\/media?parent=4975"}],"curies":[{"name":"wp","href":"https:\/\/api.w.org\/{rel}","templated":true}]}}