{"id":95,"date":"2022-11-05T08:14:53","date_gmt":"2022-11-05T08:14:53","guid":{"rendered":"https:\/\/neosumk.com\/?page_id=95"},"modified":"2022-11-06T12:08:58","modified_gmt":"2022-11-06T12:08:58","slug":"disclaimer","status":"publish","type":"page","link":"https:\/\/osenc.com\/fr\/disclaimer\/","title":{"rendered":"Clause de non-responsabilit\u00e9"},"content":{"rendered":"<div data-elementor-type=\"wp-page\" data-elementor-id=\"95\" class=\"elementor elementor-95\" data-elementor-post-type=\"page\">\n\t\t\t\t\t\t<section class=\"elementor-section elementor-top-section elementor-element elementor-element-83b9577 elementor-section-height-min-height elementor-section-boxed elementor-section-height-default elementor-section-items-middle\" data-id=\"83b9577\" data-element_type=\"section\" data-e-type=\"section\">\n\t\t\t\t\t\t<div class=\"elementor-container elementor-column-gap-default\">\n\t\t\t\t\t<div class=\"elementor-column elementor-col-100 elementor-top-column elementor-element elementor-element-78fa5b9\" data-id=\"78fa5b9\" data-element_type=\"column\" data-e-type=\"column\">\n\t\t\t<div class=\"elementor-widget-wrap elementor-element-populated\">\n\t\t\t\t\t\t<div class=\"elementor-element elementor-element-cb10f64 elementor-widget elementor-widget-heading\" data-id=\"cb10f64\" data-element_type=\"widget\" data-e-type=\"widget\" data-widget_type=\"heading.default\">\n\t\t\t\t\t<h1 class=\"elementor-heading-title elementor-size-default\">Clause de non-responsabilit\u00e9<\/h1>\t\t\t\t<\/div>\n\t\t\t\t\t<\/div>\n\t\t<\/div>\n\t\t\t\t\t<\/div>\n\t\t<\/section>\n\t\t\t\t<section class=\"elementor-section elementor-top-section elementor-element elementor-element-7f1e0f3 elementor-section-boxed elementor-section-height-default elementor-section-height-default\" data-id=\"7f1e0f3\" data-element_type=\"section\" data-e-type=\"section\">\n\t\t\t\t\t\t<div class=\"elementor-container elementor-column-gap-default\">\n\t\t\t\t\t<div class=\"elementor-column elementor-col-100 elementor-top-column elementor-element elementor-element-2edc594\" data-id=\"2edc594\" data-element_type=\"column\" data-e-type=\"column\">\n\t\t\t<div class=\"elementor-widget-wrap elementor-element-populated\">\n\t\t\t\t\t\t<div class=\"elementor-element elementor-element-d0cde31 elementor-widget elementor-widget-text-editor\" data-id=\"d0cde31\" data-element_type=\"widget\" data-e-type=\"widget\" data-widget_type=\"text-editor.default\">\n\t\t\t\t\t\t\t\t\t<p>Derni\u00e8re mise \u00e0 jour : 15 octobre 2022<\/p><h2>Interpr\u00e9tation et d\u00e9finitions<\/h2><h3>Interpr\u00e9tation<\/h3><p>Les mots dont la lettre initiale est en majuscule ont des significations d\u00e9finies dans les conditions suivantes. Les d\u00e9finitions suivantes ont la m\u00eame signification, qu'elles apparaissent au singulier ou au pluriel.<\/p><h3>D\u00e9finitions<\/h3><p>Aux fins du pr\u00e9sent avis de non-responsabilit\u00e9 :<\/p><ul><li>La soci\u00e9t\u00e9 (d\u00e9sign\u00e9e par \"la soci\u00e9t\u00e9\", \"nous\", \"notre\" ou \"nos\" dans le pr\u00e9sent avis de non-responsabilit\u00e9) est Osenc Magnet Co. Ltd, Mu Lun Chuang Ye Er Lu, Changpin, Dongguan 523000.<\/li><li>Le service fait r\u00e9f\u00e9rence au site web.<\/li><li>On entend par \"vous\" la personne qui acc\u00e8de au service, ou la soci\u00e9t\u00e9 ou autre entit\u00e9 juridique au nom de laquelle cette personne acc\u00e8de au service ou l'utilise, selon le cas.<\/li><li>Le site Internet fait r\u00e9f\u00e9rence \u00e0 Osenc, accessible \u00e0 partir de https:\/\/osenc.com\/<\/li><\/ul><h2>Clause de non-responsabilit\u00e9<\/h2><p>Les informations contenues dans le service ne sont donn\u00e9es qu'\u00e0 titre d'information g\u00e9n\u00e9rale.<br \/>La Soci\u00e9t\u00e9 n'assume aucune responsabilit\u00e9 pour les erreurs ou omissions dans le contenu du Service.<br \/>La Soci\u00e9t\u00e9 ne peut en aucun cas \u00eatre tenue responsable des dommages sp\u00e9ciaux, directs, indirects, cons\u00e9cutifs ou accessoires ou de tout autre dommage, qu'il s'agisse d'une action contractuelle, d'une n\u00e9gligence ou d'un autre d\u00e9lit, r\u00e9sultant de l'utilisation du service ou de son contenu ou s'y rapportant. La soci\u00e9t\u00e9 se r\u00e9serve le droit d'apporter des ajouts, des suppressions ou des modifications au contenu du service \u00e0 tout moment et sans pr\u00e9avis. Le pr\u00e9sent avis de non-responsabilit\u00e9 a \u00e9t\u00e9 cr\u00e9\u00e9 avec l'aide du g\u00e9n\u00e9rateur d'avis de non-responsabilit\u00e9 de TermsFeed.<br \/>La soci\u00e9t\u00e9 ne garantit pas que le service est exempt de virus ou d'autres \u00e9l\u00e9ments nuisibles.<\/p><h2>Liens externes Disclaimer<\/h2><p>Le service peut contenir des liens vers des sites web externes qui ne sont pas fournis ou maintenus par la soci\u00e9t\u00e9 ou qui ne lui sont pas affili\u00e9s de quelque mani\u00e8re que ce soit.<br \/>Veuillez noter que l'entreprise ne garantit pas l'exactitude, la pertinence, l'actualit\u00e9 ou l'exhaustivit\u00e9 des informations figurant sur ces sites web externes.<\/p><h2>Clause de non-responsabilit\u00e9 en cas d'erreur ou d'omission<\/h2><p>Les informations fournies par le service le sont \u00e0 titre d'orientation g\u00e9n\u00e9rale sur des sujets d'int\u00e9r\u00eat uniquement. M\u00eame si l'Entreprise prend toutes les pr\u00e9cautions n\u00e9cessaires pour s'assurer que le contenu du Service est \u00e0 la fois actuel et exact, des erreurs peuvent se produire. En outre, compte tenu de la nature changeante des lois, r\u00e8gles et r\u00e8glements, il peut y avoir des retards, des omissions ou des inexactitudes dans les informations contenues dans le Service.<br \/>L'entreprise n'est pas responsable des erreurs ou omissions, ni des r\u00e9sultats obtenus par l'utilisation de ces informations.<\/p><h2>Clause de non-responsabilit\u00e9 concernant l'utilisation \u00e9quitable<\/h2><p>L'entreprise peut utiliser du mat\u00e9riel prot\u00e9g\u00e9 par des droits d'auteur qui n'a pas toujours \u00e9t\u00e9 sp\u00e9cifiquement autoris\u00e9 par le d\u00e9tenteur des droits d'auteur. L'entreprise met ce mat\u00e9riel \u00e0 disposition \u00e0 des fins de critique, de commentaire, de reportage, d'enseignement, d'\u00e9rudition ou de recherche.<br \/>La soci\u00e9t\u00e9 estime qu'il s'agit d'une \"utilisation \u00e9quitable\" de tout mat\u00e9riel prot\u00e9g\u00e9 par des droits d'auteur, conform\u00e9ment \u00e0 l'article 107 de la loi am\u00e9ricaine sur les droits d'auteur.<br \/>Si vous souhaitez utiliser du mat\u00e9riel prot\u00e9g\u00e9 par des droits d'auteur provenant du service \u00e0 des fins personnelles allant au-del\u00e0 de l'utilisation \u00e9quitable, vous devez obtenir l'autorisation du d\u00e9tenteur des droits d'auteur.<\/p><h2>Opinions exprim\u00e9es Clause de non-responsabilit\u00e9<\/h2><p>Le service peut contenir des points de vue et des opinions qui sont ceux des auteurs et qui ne refl\u00e8tent pas n\u00e9cessairement la politique ou la position officielle d'un autre auteur, d'une agence, d'une organisation, d'un employeur ou d'une soci\u00e9t\u00e9, y compris la soci\u00e9t\u00e9.<br \/>Les commentaires publi\u00e9s par les utilisateurs rel\u00e8vent de leur seule responsabilit\u00e9 et les utilisateurs assumeront l'enti\u00e8re responsabilit\u00e9 de toute diffamation ou de tout litige r\u00e9sultant de quelque chose d'\u00e9crit dans un commentaire ou en cons\u00e9quence directe de quelque chose d'\u00e9crit dans un commentaire. L'Entreprise n'est pas responsable des commentaires publi\u00e9s par les utilisateurs et se r\u00e9serve le droit de supprimer tout commentaire pour quelque raison que ce soit.<\/p><h2>Clause de non-responsabilit\u00e9<\/h2><p>Les informations contenues dans le Service sont fournies en tenant compte du fait que la Soci\u00e9t\u00e9 n'est pas engag\u00e9e dans la fourniture de conseils et de services juridiques, comptables, fiscaux ou autres conseils et services professionnels. Elles ne sauraient donc se substituer \u00e0 la consultation de conseillers professionnels comptables, fiscaux, juridiques ou autres.<br \/>En aucun cas, la Soci\u00e9t\u00e9 ou ses fournisseurs ne peuvent \u00eatre tenus responsables de dommages sp\u00e9ciaux, accessoires, indirects ou cons\u00e9cutifs, quels qu'ils soient, r\u00e9sultant de ou li\u00e9s \u00e0 votre acc\u00e8s, votre utilisation ou votre incapacit\u00e9 \u00e0 acc\u00e9der au service ou \u00e0 l'utiliser.<\/p><h2>\"Avis de non-responsabilit\u00e9 \"Utilisation \u00e0 vos risques et p\u00e9rils<\/h2><p>Toutes les informations contenues dans le service sont fournies \"en l'\u00e9tat\", sans garantie d'exhaustivit\u00e9, d'exactitude, d'actualit\u00e9 ou de r\u00e9sultats obtenus par l'utilisation de ces informations, et sans garantie d'aucune sorte, expresse ou implicite, y compris, mais sans s'y limiter, les garanties de performance, de qualit\u00e9 marchande et d'ad\u00e9quation \u00e0 un usage particulier.<br \/>L'entreprise ne sera pas responsable envers vous ou envers quiconque de toute d\u00e9cision ou action prise sur la base des informations fournies par le service ou de tout dommage indirect, sp\u00e9cial ou similaire, m\u00eame si elle a \u00e9t\u00e9 inform\u00e9e de l'\u00e9ventualit\u00e9 de tels dommages.<\/p><h2>Nous contacter<\/h2><p>Si vous avez des questions concernant cette clause de non-responsabilit\u00e9, vous pouvez nous contacter :<\/p><ul><li>Par courrier \u00e9lectronique : info@osenc.com<\/li><\/ul>\t\t\t\t\t\t\t\t<\/div>\n\t\t\t\t\t<\/div>\n\t\t<\/div>\n\t\t\t\t\t<\/div>\n\t\t<\/section>\n\t\t\t\t<\/div>","protected":false},"excerpt":{"rendered":"<p>Avis de non-responsabilit\u00e9 Derni\u00e8re mise \u00e0 jour : 15 octobre 2022 Interpr\u00e9tation et d\u00e9finitions Interpr\u00e9tation Les mots dont la premi\u00e8re lettre est en majuscule ont une signification d\u00e9finie dans les conditions suivantes. Les d\u00e9finitions suivantes ont la m\u00eame signification, qu'elles apparaissent au singulier ou au pluriel. D\u00e9finitions Aux fins du pr\u00e9sent avis de non-responsabilit\u00e9, on entend par : l'entreprise (d\u00e9sign\u00e9e par...<\/p>","protected":false},"author":1,"featured_media":0,"parent":0,"menu_order":40,"comment_status":"closed","ping_status":"closed","template":"","meta":{"_kad_blocks_custom_css":"","_kad_blocks_head_custom_js":"","_kad_blocks_body_custom_js":"","_kad_blocks_footer_custom_js":"","_kad_post_transparent":"","_kad_post_title":"","_kad_post_layout":"","_kad_post_sidebar_id":"","_kad_post_content_style":"","_kad_post_vertical_padding":"","_kad_post_feature":"","_kad_post_feature_position":"","_kad_post_header":false,"_kad_post_footer":false,"_kad_post_classname":"","footnotes":""},"class_list":["post-95","page","type-page","status-publish","hentry"],"taxonomy_info":[],"featured_image_src_large":false,"author_info":{"display_name":"Ben Zhong","author_link":"https:\/\/osenc.com\/fr\/author\/infoosenc-com\/"},"comment_info":"","_links":{"self":[{"href":"https:\/\/osenc.com\/fr\/wp-json\/wp\/v2\/pages\/95","targetHints":{"allow":["GET"]}}],"collection":[{"href":"https:\/\/osenc.com\/fr\/wp-json\/wp\/v2\/pages"}],"about":[{"href":"https:\/\/osenc.com\/fr\/wp-json\/wp\/v2\/types\/page"}],"author":[{"embeddable":true,"href":"https:\/\/osenc.com\/fr\/wp-json\/wp\/v2\/users\/1"}],"replies":[{"embeddable":true,"href":"https:\/\/osenc.com\/fr\/wp-json\/wp\/v2\/comments?post=95"}],"version-history":[{"count":0,"href":"https:\/\/osenc.com\/fr\/wp-json\/wp\/v2\/pages\/95\/revisions"}],"wp:attachment":[{"href":"https:\/\/osenc.com\/fr\/wp-json\/wp\/v2\/media?parent=95"}],"curies":[{"name":"wp","href":"https:\/\/api.w.org\/{rel}","templated":true}]}}