{"id":701,"date":"2022-11-07T01:56:32","date_gmt":"2022-11-07T01:56:32","guid":{"rendered":"https:\/\/neosumk.com\/?page_id=701"},"modified":"2025-08-19T19:46:34","modified_gmt":"2025-08-19T11:46:34","slug":"n55-neodymium-magnets","status":"publish","type":"page","link":"https:\/\/osenc.com\/fr\/n55-neodymium-magnets\/","title":{"rendered":"Aimants en n\u00e9odyme N55"},"content":{"rendered":"\t\t<div data-elementor-type=\"wp-page\" data-elementor-id=\"701\" class=\"elementor elementor-701\" data-elementor-post-type=\"page\">\n\t\t\t\t\t\t<section class=\"elementor-section elementor-top-section elementor-element elementor-element-446c20c1 elementor-section-boxed elementor-section-height-default elementor-section-height-default\" data-id=\"446c20c1\" data-element_type=\"section\" data-e-type=\"section\">\n\t\t\t\t\t\t<div class=\"elementor-container elementor-column-gap-default\">\n\t\t\t\t\t<div class=\"elementor-column elementor-col-50 elementor-top-column elementor-element elementor-element-255f9c54\" data-id=\"255f9c54\" data-element_type=\"column\" data-e-type=\"column\">\n\t\t\t<div class=\"elementor-widget-wrap elementor-element-populated\">\n\t\t\t\t\t\t<div class=\"elementor-element elementor-element-8bf38f7 elementor-widget elementor-widget-image\" data-id=\"8bf38f7\" data-element_type=\"widget\" data-e-type=\"widget\" data-widget_type=\"image.default\">\n\t\t\t\t\t\t\t\t\t\t\t\t\t\t\t<img fetchpriority=\"high\" decoding=\"async\" width=\"800\" height=\"800\" src=\"https:\/\/osenc.com\/wp-content\/uploads\/2025\/08\/N55-magnet.webp\" class=\"attachment-large size-large wp-image-5250\" alt=\"N55 magnet\" srcset=\"https:\/\/osenc.com\/wp-content\/uploads\/2025\/08\/N55-magnet.webp 800w, https:\/\/osenc.com\/wp-content\/uploads\/2025\/08\/N55-magnet-600x600.webp 600w, https:\/\/osenc.com\/wp-content\/uploads\/2025\/08\/N55-magnet-150x150.webp 150w, https:\/\/osenc.com\/wp-content\/uploads\/2025\/08\/N55-magnet-768x768.webp 768w\" sizes=\"(max-width: 800px) 100vw, 800px\" \/>\t\t\t\t\t\t\t\t\t\t\t\t\t\t\t<\/div>\n\t\t\t\t\t<\/div>\n\t\t<\/div>\n\t\t\t\t<div class=\"elementor-column elementor-col-50 elementor-top-column elementor-element elementor-element-594fedbb\" data-id=\"594fedbb\" data-element_type=\"column\" data-e-type=\"column\">\n\t\t\t<div class=\"elementor-widget-wrap elementor-element-populated\">\n\t\t\t\t\t\t<div class=\"elementor-element elementor-element-5dffa8c2 elementor-widget elementor-widget-heading\" data-id=\"5dffa8c2\" data-element_type=\"widget\" data-e-type=\"widget\" data-widget_type=\"heading.default\">\n\t\t\t\t\t<h1 class=\"elementor-heading-title elementor-size-default\">N55 Neodymium Magnets For Sale<\/h1>\t\t\t\t<\/div>\n\t\t\t\t<div class=\"elementor-element elementor-element-fcfa761 elementor-widget elementor-widget-text-editor\" data-id=\"fcfa761\" data-element_type=\"widget\" data-e-type=\"widget\" data-widget_type=\"text-editor.default\">\n\t\t\t\t\t\t\t\t\t<ul><li data-start=\"54\" data-end=\"124\"><p data-start=\"57\" data-end=\"124\"><strong data-start=\"57\" data-end=\"76\">Higher strength<\/strong> \u2013 5\u20136% stronger performance than N52 magnets.<\/p><\/li><li data-start=\"125\" data-end=\"199\"><p data-start=\"128\" data-end=\"199\"><strong data-start=\"128\" data-end=\"145\">Precision use<\/strong> \u2013 Ideal for magnetic sensors and magnetic switches.<\/p><\/li><li data-start=\"200\" data-end=\"271\"><p data-start=\"203\" data-end=\"271\"><strong data-start=\"203\" data-end=\"220\">Miniature fit<\/strong> \u2013 Best choice for tiny magnets and small robots.<\/p><\/li><li data-start=\"272\" data-end=\"362\"><p data-start=\"275\" data-end=\"362\"><strong data-start=\"275\" data-end=\"293\">Durable design<\/strong> \u2013 Resistant to demagnetization, heat; coating protection required.<\/p><\/li><\/ul>\t\t\t\t\t\t\t\t<\/div>\n\t\t\t\t<div class=\"elementor-element elementor-element-388adcff elementor-widget elementor-widget-button\" data-id=\"388adcff\" data-element_type=\"widget\" data-e-type=\"widget\" data-widget_type=\"button.default\">\n\t\t\t\t\t\t\t\t\t\t<a class=\"elementor-button elementor-button-link elementor-size-sm\" href=\"#elementor-action%3Aaction%3Dpopup%3Aopen%26settings%3DeyJpZCI6IjIwMSIsInRvZ2dsZSI6ZmFsc2V9\">\n\t\t\t\t\t\t<span class=\"elementor-button-content-wrapper\">\n\t\t\t\t\t\t\t\t\t<span class=\"elementor-button-text\">Get An Instant Quotation Now<\/span>\n\t\t\t\t\t<\/span>\n\t\t\t\t\t<\/a>\n\t\t\t\t\t\t\t\t<\/div>\n\t\t\t\t\t<\/div>\n\t\t<\/div>\n\t\t\t\t\t<\/div>\n\t\t<\/section>\n\t\t\t\t<section class=\"elementor-section elementor-top-section elementor-element elementor-element-17661694 elementor-section-boxed elementor-section-height-default elementor-section-height-default\" data-id=\"17661694\" data-element_type=\"section\" data-e-type=\"section\" data-settings=\"{&quot;background_background&quot;:&quot;classic&quot;}\">\n\t\t\t\t\t\t<div class=\"elementor-container elementor-column-gap-default\">\n\t\t\t\t\t<div class=\"elementor-column elementor-col-50 elementor-top-column elementor-element elementor-element-692f0e\" data-id=\"692f0e\" data-element_type=\"column\" data-e-type=\"column\">\n\t\t\t<div class=\"elementor-widget-wrap elementor-element-populated\">\n\t\t\t\t\t\t<div class=\"elementor-element elementor-element-3b645c23 elementor-widget elementor-widget-text-editor\" data-id=\"3b645c23\" data-element_type=\"widget\" data-e-type=\"widget\" data-widget_type=\"text-editor.default\">\n\t\t\t\t\t\t\t\t\t<p>We are proud to offer N55 Super Magnets to our customers. This is not because all magnet factories can produce. Rather, it is smaller in size and stronger in magnetic force than N52.<br \/>Its performance is 5%-6% higher than that of N52 magnet. For precision applications such as magnetic sensors, magnetic switches, etc., N55 is the best choice.<br \/>Due to its strong magnetic field, the N55 is ideal for making tiny magnets and tiny robots.<\/p><p>Like other N-series neodymium magnets, N55 magnets are resistant to demagnetization and heat. And coating is also necessary for N55 to protect.<\/p>\t\t\t\t\t\t\t\t<\/div>\n\t\t\t\t<div class=\"elementor-element elementor-element-4915b4a7 elementor-widget elementor-widget-button\" data-id=\"4915b4a7\" data-element_type=\"widget\" data-e-type=\"widget\" data-widget_type=\"button.default\">\n\t\t\t\t\t\t\t\t\t\t<a class=\"elementor-button elementor-button-link elementor-size-sm\" href=\"#elementor-action%3Aaction%3Dpopup%3Aopen%26settings%3DeyJpZCI6IjIwMSIsInRvZ2dsZSI6ZmFsc2V9\">\n\t\t\t\t\t\t<span class=\"elementor-button-content-wrapper\">\n\t\t\t\t\t\t\t\t\t<span class=\"elementor-button-text\">Contact Osenc Now<\/span>\n\t\t\t\t\t<\/span>\n\t\t\t\t\t<\/a>\n\t\t\t\t\t\t\t\t<\/div>\n\t\t\t\t\t<\/div>\n\t\t<\/div>\n\t\t\t\t<div class=\"elementor-column elementor-col-50 elementor-top-column elementor-element elementor-element-6785b49c\" data-id=\"6785b49c\" data-element_type=\"column\" data-e-type=\"column\">\n\t\t\t<div class=\"elementor-widget-wrap elementor-element-populated\">\n\t\t\t\t\t\t<div class=\"elementor-element elementor-element-d58a951 elementor-toc--minimized-on-tablet elementor-widget elementor-widget-table-of-contents\" data-id=\"d58a951\" data-element_type=\"widget\" data-e-type=\"widget\" data-settings=\"{&quot;exclude_headings_by_selector&quot;:[],&quot;no_headings_message&quot;:&quot;No headings were found on this page.&quot;,&quot;headings_by_tags&quot;:[&quot;h2&quot;,&quot;h3&quot;,&quot;h4&quot;,&quot;h5&quot;,&quot;h6&quot;],&quot;marker_view&quot;:&quot;numbers&quot;,&quot;minimize_box&quot;:&quot;yes&quot;,&quot;minimized_on&quot;:&quot;tablet&quot;,&quot;hierarchical_view&quot;:&quot;yes&quot;,&quot;min_height&quot;:{&quot;unit&quot;:&quot;px&quot;,&quot;size&quot;:&quot;&quot;,&quot;sizes&quot;:[]},&quot;min_height_tablet&quot;:{&quot;unit&quot;:&quot;px&quot;,&quot;size&quot;:&quot;&quot;,&quot;sizes&quot;:[]},&quot;min_height_mobile&quot;:{&quot;unit&quot;:&quot;px&quot;,&quot;size&quot;:&quot;&quot;,&quot;sizes&quot;:[]}}\" data-widget_type=\"table-of-contents.default\">\n\t\t\t\t\t\t\t\t\t<div class=\"elementor-toc__header\">\n\t\t\t\t\t\t<h4 class=\"elementor-toc__header-title\">\n\t\t\t\tTable of Contents\t\t\t<\/h4>\n\t\t\t\t\t\t\t\t\t\t<div class=\"elementor-toc__toggle-button elementor-toc__toggle-button--expand\" role=\"button\" tabindex=\"0\" aria-controls=\"elementor-toc__d58a951\" aria-expanded=\"true\" aria-label=\"Ouvrir la table des mati\u00e8res\"><svg aria-hidden=\"true\" class=\"e-font-icon-svg e-fas-chevron-down\" viewBox=\"0 0 448 512\" xmlns=\"http:\/\/www.w3.org\/2000\/svg\"><path d=\"M207.029 381.476L12.686 187.132c-9.373-9.373-9.373-24.569 0-33.941l22.667-22.667c9.357-9.357 24.522-9.375 33.901-.04L224 284.505l154.745-154.021c9.379-9.335 24.544-9.317 33.901.04l22.667 22.667c9.373 9.373 9.373 24.569 0 33.941L240.971 381.476c-9.373 9.372-24.569 9.372-33.942 0z\"><\/path><\/svg><\/div>\n\t\t\t\t<div class=\"elementor-toc__toggle-button elementor-toc__toggle-button--collapse\" role=\"button\" tabindex=\"0\" aria-controls=\"elementor-toc__d58a951\" aria-expanded=\"true\" aria-label=\"Fermer la table des mati\u00e8res\"><svg aria-hidden=\"true\" class=\"e-font-icon-svg e-fas-chevron-up\" viewBox=\"0 0 448 512\" xmlns=\"http:\/\/www.w3.org\/2000\/svg\"><path d=\"M240.971 130.524l194.343 194.343c9.373 9.373 9.373 24.569 0 33.941l-22.667 22.667c-9.357 9.357-24.522 9.375-33.901.04L224 227.495 69.255 381.516c-9.379 9.335-24.544 9.317-33.901-.04l-22.667-22.667c-9.373-9.373-9.373-24.569 0-33.941L207.03 130.525c9.372-9.373 24.568-9.373 33.941-.001z\"><\/path><\/svg><\/div>\n\t\t\t\t\t<\/div>\n\t\t\t\t<div id=\"elementor-toc__d58a951\" class=\"elementor-toc__body\">\n\t\t\t<div class=\"elementor-toc__spinner-container\">\n\t\t\t\t<svg class=\"elementor-toc__spinner eicon-animation-spin e-font-icon-svg e-eicon-loading\" aria-hidden=\"true\" viewBox=\"0 0 1000 1000\" xmlns=\"http:\/\/www.w3.org\/2000\/svg\"><path d=\"M500 975V858C696 858 858 696 858 500S696 142 500 142 142 304 142 500H25C25 237 238 25 500 25S975 237 975 500 763 975 500 975Z\"><\/path><\/svg>\t\t\t<\/div>\n\t\t<\/div>\n\t\t\t\t\t\t<\/div>\n\t\t\t\t\t<\/div>\n\t\t<\/div>\n\t\t\t\t\t<\/div>\n\t\t<\/section>\n\t\t\t\t<\/div>\n\t\t","protected":false},"excerpt":{"rendered":"<p>Aimants n\u00e9odyme N55 \u00e0 vendre Plus grande puissance \u2013 Performances sup\u00e9rieures de 5 \u00e0 61 TP3T \u00e0 celles des aimants N52. Utilisation de pr\u00e9cision \u2013 Id\u00e9al pour les capteurs magn\u00e9tiques et les interrupteurs magn\u00e9tiques. Taille miniature \u2013 Le meilleur choix pour les aimants minuscules et les petits robots. Conception durable \u2013 R\u00e9sistant \u00e0 la d\u00e9magn\u00e9tisation et \u00e0 la chaleur ; protection par rev\u00eatement requise. Obtenez un devis instantan\u00e9 d\u00e8s maintenant Nous sommes fiers de vous proposer...<\/p>","protected":false},"author":1,"featured_media":5250,"parent":0,"menu_order":15,"comment_status":"closed","ping_status":"closed","template":"","meta":{"_kad_blocks_custom_css":"","_kad_blocks_head_custom_js":"","_kad_blocks_body_custom_js":"","_kad_blocks_footer_custom_js":"","_kad_post_transparent":"","_kad_post_title":"","_kad_post_layout":"","_kad_post_sidebar_id":"","_kad_post_content_style":"","_kad_post_vertical_padding":"","_kad_post_feature":"","_kad_post_feature_position":"","_kad_post_header":false,"_kad_post_footer":false,"_kad_post_classname":"","footnotes":""},"class_list":["post-701","page","type-page","status-publish","has-post-thumbnail","hentry"],"taxonomy_info":[],"featured_image_src_large":["https:\/\/osenc.com\/wp-content\/uploads\/2025\/08\/N55-magnet.webp",800,800,false],"author_info":{"display_name":"Ben Zhong","author_link":"https:\/\/osenc.com\/fr\/author\/infoosenc-com\/"},"comment_info":"","_links":{"self":[{"href":"https:\/\/osenc.com\/fr\/wp-json\/wp\/v2\/pages\/701","targetHints":{"allow":["GET"]}}],"collection":[{"href":"https:\/\/osenc.com\/fr\/wp-json\/wp\/v2\/pages"}],"about":[{"href":"https:\/\/osenc.com\/fr\/wp-json\/wp\/v2\/types\/page"}],"author":[{"embeddable":true,"href":"https:\/\/osenc.com\/fr\/wp-json\/wp\/v2\/users\/1"}],"replies":[{"embeddable":true,"href":"https:\/\/osenc.com\/fr\/wp-json\/wp\/v2\/comments?post=701"}],"version-history":[{"count":0,"href":"https:\/\/osenc.com\/fr\/wp-json\/wp\/v2\/pages\/701\/revisions"}],"wp:featuredmedia":[{"embeddable":true,"href":"https:\/\/osenc.com\/fr\/wp-json\/wp\/v2\/media\/5250"}],"wp:attachment":[{"href":"https:\/\/osenc.com\/fr\/wp-json\/wp\/v2\/media?parent=701"}],"curies":[{"name":"wp","href":"https:\/\/api.w.org\/{rel}","templated":true}]}}