{"id":4975,"date":"2025-07-07T22:33:44","date_gmt":"2025-07-07T14:33:44","guid":{"rendered":"https:\/\/osenc.com\/?page_id=4975"},"modified":"2025-09-24T22:19:06","modified_gmt":"2025-09-24T14:19:06","slug":"blog","status":"publish","type":"page","link":"https:\/\/osenc.com\/fr\/blog\/","title":{"rendered":"Blog"},"content":{"rendered":"<div data-elementor-type=\"wp-page\" data-elementor-id=\"4975\" class=\"elementor elementor-4975\" data-elementor-post-type=\"page\">\n\t\t\t\t\t\t<section class=\"elementor-section elementor-top-section elementor-element elementor-element-28cb4f35 elementor-section-height-min-height elementor-section-boxed elementor-section-height-default elementor-section-items-middle\" data-id=\"28cb4f35\" data-element_type=\"section\" data-e-type=\"section\" data-settings=\"{&quot;background_background&quot;:&quot;classic&quot;}\">\n\t\t\t\t\t\t\t<div class=\"elementor-background-overlay\"><\/div>\n\t\t\t\t\t\t\t<div class=\"elementor-container elementor-column-gap-default\">\n\t\t\t\t\t<div class=\"elementor-column elementor-col-100 elementor-top-column elementor-element elementor-element-419717d9\" data-id=\"419717d9\" data-element_type=\"column\" data-e-type=\"column\">\n\t\t\t<div class=\"elementor-widget-wrap elementor-element-populated\">\n\t\t\t\t\t\t\t<\/div>\n\t\t<\/div>\n\t\t\t\t\t<\/div>\n\t\t<\/section>\n\t\t\t\t<section class=\"elementor-section elementor-top-section elementor-element elementor-element-227d205b elementor-section-boxed elementor-section-height-default elementor-section-height-default\" data-id=\"227d205b\" data-element_type=\"section\" data-e-type=\"section\" data-settings=\"{&quot;background_background&quot;:&quot;classic&quot;}\">\n\t\t\t\t\t\t<div class=\"elementor-container elementor-column-gap-default\">\n\t\t\t\t\t<div class=\"elementor-column elementor-col-100 elementor-top-column elementor-element elementor-element-2703ca4d\" data-id=\"2703ca4d\" data-element_type=\"column\" data-e-type=\"column\">\n\t\t\t<div class=\"elementor-widget-wrap elementor-element-populated\">\n\t\t\t\t\t\t<div class=\"elementor-element elementor-element-60faf4a elementor-grid-3 elementor-grid-tablet-2 elementor-grid-mobile-1 elementor-posts--thumbnail-top elementor-card-shadow-yes elementor-posts__hover-gradient elementor-widget elementor-widget-posts\" data-id=\"60faf4a\" data-element_type=\"widget\" data-e-type=\"widget\" data-settings=\"{&quot;pagination_type&quot;:&quot;numbers_and_prev_next&quot;,&quot;cards_columns&quot;:&quot;3&quot;,&quot;cards_columns_tablet&quot;:&quot;2&quot;,&quot;cards_columns_mobile&quot;:&quot;1&quot;,&quot;cards_row_gap&quot;:{&quot;unit&quot;:&quot;px&quot;,&quot;size&quot;:35,&quot;sizes&quot;:[]},&quot;cards_row_gap_tablet&quot;:{&quot;unit&quot;:&quot;px&quot;,&quot;size&quot;:&quot;&quot;,&quot;sizes&quot;:[]},&quot;cards_row_gap_mobile&quot;:{&quot;unit&quot;:&quot;px&quot;,&quot;size&quot;:&quot;&quot;,&quot;sizes&quot;:[]}}\" data-widget_type=\"posts.cards\">\n\t\t\t\t<div class=\"elementor-widget-container\">\n\t\t\t\t\t\t\t<div class=\"elementor-posts-container elementor-posts elementor-posts--skin-cards elementor-grid\" role=\"list\">\n\t\t\t\t<article class=\"elementor-post elementor-grid-item post-7278 post type-post status-publish format-standard has-post-thumbnail hentry category-magnet\" role=\"listitem\">\n\t\t\t<div class=\"elementor-post__card\">\n\t\t\t\t<a class=\"elementor-post__thumbnail__link\" href=\"https:\/\/osenc.com\/fr\/clarifying-amazons-iata-report-requirement-for-magnetic-products\/\" tabindex=\"-1\"><div class=\"elementor-post__thumbnail\"><img fetchpriority=\"high\" decoding=\"async\" width=\"300\" height=\"278\" src=\"https:\/\/osenc.com\/wp-content\/uploads\/2022\/11\/IATA-label-300x278.jpg\" class=\"attachment-medium size-medium wp-image-1631\" alt=\"Label IATA\" srcset=\"https:\/\/osenc.com\/wp-content\/uploads\/2022\/11\/IATA-label-300x278.jpg 300w, https:\/\/osenc.com\/wp-content\/uploads\/2022\/11\/IATA-label.jpg 500w\" sizes=\"(max-width: 300px) 100vw, 300px\" \/><\/div><\/a>\n\t\t\t\t<div class=\"elementor-post__text\">\n\t\t\t\t<h3 class=\"elementor-post__title\">\n\t\t\t<a href=\"https:\/\/osenc.com\/fr\/clarifying-amazons-iata-report-requirement-for-magnetic-products\/\">\n\t\t\t\tClarification de l'exigence de rapport IATA d'Amazon pour les produits magn\u00e9tiques\t\t\t<\/a>\n\t\t<\/h3>\n\t\t\t\t<div class=\"elementor-post__excerpt\">\n\t\t\t<p>R\u00e9cemment, de nombreux vendeurs Amazon ont \u00e9t\u00e9 confront\u00e9s \u00e0 une certaine confusion au cours du processus d'\u00e9valuation des \u201cproduits magn\u00e9tiques\u201d. Amazon demande souvent un rapport de test magn\u00e9tique conforme aux normes IATA, et certaines notes d'examen mentionnent sp\u00e9cifiquement la mesure de l'intensit\u00e9 du champ magn\u00e9tique (en gauss).<\/p>\n\t\t<\/div>\n\t\t\n\t\t<a class=\"elementor-post__read-more\" href=\"https:\/\/osenc.com\/fr\/clarifying-amazons-iata-report-requirement-for-magnetic-products\/\" aria-label=\"En savoir plus sur Clarifying Amazon\u2019s IATA Report Requirement for Magnetic Products\" tabindex=\"-1\">\n\t\t\tLire plus \"\t\t<\/a>\n\n\t\t\t\t<\/div>\n\t\t\t\t<div class=\"elementor-post__meta-data\">\n\t\t\t\t\t<span class=\"elementor-post-date\">\n\t\t\t2026-02-27\t\t<\/span>\n\t\t\t\t<\/div>\n\t\t\t\t\t<\/div>\n\t\t<\/article>\n\t\t\t\t<article class=\"elementor-post elementor-grid-item post-1727 post type-post status-publish format-standard has-post-thumbnail hentry category-magnet\" role=\"listitem\">\n\t\t\t<div class=\"elementor-post__card\">\n\t\t\t\t<a class=\"elementor-post__thumbnail__link\" href=\"https:\/\/osenc.com\/fr\/use-of-magnet\/\" tabindex=\"-1\"><div class=\"elementor-post__thumbnail\"><img decoding=\"async\" width=\"300\" height=\"215\" src=\"https:\/\/osenc.com\/wp-content\/uploads\/2023\/02\/HDD-300x215.jpg\" class=\"attachment-medium size-medium wp-image-3619\" alt=\"DISQUE DUR\" srcset=\"https:\/\/osenc.com\/wp-content\/uploads\/2023\/02\/HDD-300x215.jpg 300w, https:\/\/osenc.com\/wp-content\/uploads\/2023\/02\/HDD.jpg 700w\" sizes=\"(max-width: 300px) 100vw, 300px\" \/><\/div><\/a>\n\t\t\t\t<div class=\"elementor-post__text\">\n\t\t\t\t<h3 class=\"elementor-post__title\">\n\t\t\t<a href=\"https:\/\/osenc.com\/fr\/use-of-magnet\/\">\n\t\t\t\t10 utilisations des aimants dans la vie quotidienne (avec des exemples concrets)\t\t\t<\/a>\n\t\t<\/h3>\n\t\t\t\t<div class=\"elementor-post__excerpt\">\n\t\t\t<p>Les aimants sont plus pr\u00e9sents dans notre quotidien que la plupart des gens ne le pensent. Ils sont la raison \u201c cach\u00e9e \u201d pour laquelle votre r\u00e9frig\u00e9rateur reste ferm\u00e9, vos \u00e9couteurs produisent du son et les moteurs tournent dans tout, des ventilateurs aux machines \u00e0 laver. En bref : les utilisations les plus courantes des<\/p>\n\t\t<\/div>\n\t\t\n\t\t<a class=\"elementor-post__read-more\" href=\"https:\/\/osenc.com\/fr\/use-of-magnet\/\" aria-label=\"En savoir plus sur 10 utilisations des aimants dans la vie quotidienne (avec des exemples concrets)\" tabindex=\"-1\">\n\t\t\tLire plus \"\t\t<\/a>\n\n\t\t\t\t<\/div>\n\t\t\t\t<div class=\"elementor-post__meta-data\">\n\t\t\t\t\t<span class=\"elementor-post-date\">\n\t\t\t2026-02-13\t\t<\/span>\n\t\t\t\t<\/div>\n\t\t\t\t\t<\/div>\n\t\t<\/article>\n\t\t\t\t<article class=\"elementor-post elementor-grid-item post-1644 post type-post status-publish format-standard has-post-thumbnail hentry category-applcation\" role=\"listitem\">\n\t\t\t<div class=\"elementor-post__card\">\n\t\t\t\t<a class=\"elementor-post__thumbnail__link\" href=\"https:\/\/osenc.com\/fr\/what-are-ring-magnets-used-for\/\" tabindex=\"-1\"><div class=\"elementor-post__thumbnail\"><img decoding=\"async\" width=\"300\" height=\"300\" src=\"https:\/\/osenc.com\/wp-content\/uploads\/2022\/11\/Ring-Magnet-300x300.jpg\" class=\"attachment-medium size-medium wp-image-1292\" alt=\"Anneau magn\u00e9tique\" srcset=\"https:\/\/osenc.com\/wp-content\/uploads\/2022\/11\/Ring-Magnet-300x300.jpg 300w, https:\/\/osenc.com\/wp-content\/uploads\/2022\/11\/Ring-Magnet-150x150.jpg 150w, https:\/\/osenc.com\/wp-content\/uploads\/2022\/11\/Ring-Magnet-768x768.jpg 768w, https:\/\/osenc.com\/wp-content\/uploads\/2022\/11\/Ring-Magnet.jpg 800w\" sizes=\"(max-width: 300px) 100vw, 300px\" \/><\/div><\/a>\n\t\t\t\t<div class=\"elementor-post__text\">\n\t\t\t\t<h3 class=\"elementor-post__title\">\n\t\t\t<a href=\"https:\/\/osenc.com\/fr\/what-are-ring-magnets-used-for\/\">\n\t\t\t\tQu'est-ce qu'un aimant en forme d'anneau (aimant en forme de beigne) et comment l'utiliser ?\t\t\t<\/a>\n\t\t<\/h3>\n\t\t\t\t<div class=\"elementor-post__excerpt\">\n\t\t\t<p>Un aimant annulaire (vous entendrez \u00e9galement \u201caimant en forme de beigne\u201d, \u201caimant annulaire\u201d ou \u201canneau magn\u00e9tique\u201d) est en fait un aimant permanent en forme de rondelle - rond \u00e0 l'ext\u00e9rieur et perc\u00e9 d'un trou en son centre. C'est ce trou qui le rend si utile : vous pouvez l'enfiler dans votre appareil.<\/p>\n\t\t<\/div>\n\t\t\n\t\t<a class=\"elementor-post__read-more\" href=\"https:\/\/osenc.com\/fr\/what-are-ring-magnets-used-for\/\" aria-label=\"En savoir plus sur What Is a Ring Magnet (Donut Magnet) &amp; How to Use It\" tabindex=\"-1\">\n\t\t\tLire plus \"\t\t<\/a>\n\n\t\t\t\t<\/div>\n\t\t\t\t<div class=\"elementor-post__meta-data\">\n\t\t\t\t\t<span class=\"elementor-post-date\">\n\t\t\t2026-01-19\t\t<\/span>\n\t\t\t\t<\/div>\n\t\t\t\t\t<\/div>\n\t\t<\/article>\n\t\t\t\t<article class=\"elementor-post elementor-grid-item post-1698 post type-post status-publish format-standard has-post-thumbnail hentry category-magnet\" role=\"listitem\">\n\t\t\t<div class=\"elementor-post__card\">\n\t\t\t\t<a class=\"elementor-post__thumbnail__link\" href=\"https:\/\/osenc.com\/fr\/grades-of-magnets\/\" tabindex=\"-1\"><div class=\"elementor-post__thumbnail\"><img loading=\"lazy\" decoding=\"async\" width=\"300\" height=\"150\" src=\"https:\/\/osenc.com\/wp-content\/uploads\/2022\/11\/maximum-energy-300x150.webp\" class=\"attachment-medium size-medium wp-image-1707\" alt=\"\u00e9nergie maximale\" srcset=\"https:\/\/osenc.com\/wp-content\/uploads\/2022\/11\/maximum-energy-300x150.webp 300w, https:\/\/osenc.com\/wp-content\/uploads\/2022\/11\/maximum-energy-1024x510.webp 1024w, https:\/\/osenc.com\/wp-content\/uploads\/2022\/11\/maximum-energy-768x383.webp 768w, https:\/\/osenc.com\/wp-content\/uploads\/2022\/11\/maximum-energy.webp 1304w\" sizes=\"(max-width: 300px) 100vw, 300px\" \/><\/div><\/a>\n\t\t\t\t<div class=\"elementor-post__text\">\n\t\t\t\t<h3 class=\"elementor-post__title\">\n\t\t\t<a href=\"https:\/\/osenc.com\/fr\/grades-of-magnets\/\">\n\t\t\t\tGrades des aimants\t\t\t<\/a>\n\t\t<\/h3>\n\t\t\t\t<div class=\"elementor-post__excerpt\">\n\t\t\t<p>Les aimants existent en diff\u00e9rentes qualit\u00e9s, en particulier les aimants en n\u00e9odyme (NdFeB). Le terme \u201cqualit\u00e9 d'aimant\u201d fait g\u00e9n\u00e9ralement r\u00e9f\u00e9rence au (BH)max ou produit \u00e9nerg\u00e9tique maximal du mat\u00e9riau, qui est une valeur cl\u00e9 pour comparer la force des qualit\u00e9s d'aimants en n\u00e9odyme. Alors que les qualit\u00e9s d'aimant<\/p>\n\t\t<\/div>\n\t\t\n\t\t<a class=\"elementor-post__read-more\" href=\"https:\/\/osenc.com\/fr\/grades-of-magnets\/\" aria-label=\"En savoir plus sur Grades of Magnets\" tabindex=\"-1\">\n\t\t\tLire plus \"\t\t<\/a>\n\n\t\t\t\t<\/div>\n\t\t\t\t<div class=\"elementor-post__meta-data\">\n\t\t\t\t\t<span class=\"elementor-post-date\">\n\t\t\t2026-01-14\t\t<\/span>\n\t\t\t\t<\/div>\n\t\t\t\t\t<\/div>\n\t\t<\/article>\n\t\t\t\t<article class=\"elementor-post elementor-grid-item post-1600 post type-post status-publish format-standard hentry category-applcation\" role=\"listitem\">\n\t\t\t<div class=\"elementor-post__card\">\n\t\t\t\t<div class=\"elementor-post__text\">\n\t\t\t\t<h3 class=\"elementor-post__title\">\n\t\t\t<a href=\"https:\/\/osenc.com\/fr\/speaker-and-speaker-magnet\/\">\n\t\t\t\tComment les orateurs utilisent-ils les aimants ?\t\t\t<\/a>\n\t\t<\/h3>\n\t\t\t\t<div class=\"elementor-post__excerpt\">\n\t\t\t<p>Comment les haut-parleurs utilisent-ils les aimants ? Je consid\u00e8re les aimants comme le c\u0153ur de chaque haut-parleur. Ils contribuent \u00e0 transformer les signaux \u00e9lectriques en sons que j'entends tous les jours. Trois \u00e9l\u00e9ments principaux fonctionnent ensemble : l'aimant permanent, la bobine mobile (un \u00e9lectro-aimant) et la membrane.<\/p>\n\t\t<\/div>\n\t\t\n\t\t<a class=\"elementor-post__read-more\" href=\"https:\/\/osenc.com\/fr\/speaker-and-speaker-magnet\/\" aria-label=\"En savoir plus sur Comment les orateurs utilisent-ils les aimants ?\" tabindex=\"-1\">\n\t\t\tLire plus \"\t\t<\/a>\n\n\t\t\t\t<\/div>\n\t\t\t\t<div class=\"elementor-post__meta-data\">\n\t\t\t\t\t<span class=\"elementor-post-date\">\n\t\t\t2026-01-13\t\t<\/span>\n\t\t\t\t<\/div>\n\t\t\t\t\t<\/div>\n\t\t<\/article>\n\t\t\t\t<article class=\"elementor-post elementor-grid-item post-1636 post type-post status-publish format-standard has-post-thumbnail hentry category-applcation\" role=\"listitem\">\n\t\t\t<div class=\"elementor-post__card\">\n\t\t\t\t<a class=\"elementor-post__thumbnail__link\" href=\"https:\/\/osenc.com\/fr\/separate-magnet\/\" tabindex=\"-1\"><div class=\"elementor-post__thumbnail\"><img loading=\"lazy\" decoding=\"async\" width=\"300\" height=\"169\" src=\"https:\/\/osenc.com\/wp-content\/uploads\/2022\/11\/separate-big-magnet-300x169.jpg\" class=\"attachment-medium size-medium wp-image-1637\" alt=\"grand aimant s\u00e9par\u00e9\" srcset=\"https:\/\/osenc.com\/wp-content\/uploads\/2022\/11\/separate-big-magnet-300x169.jpg 300w, https:\/\/osenc.com\/wp-content\/uploads\/2022\/11\/separate-big-magnet.jpg 500w\" sizes=\"(max-width: 300px) 100vw, 300px\" \/><\/div><\/a>\n\t\t\t\t<div class=\"elementor-post__text\">\n\t\t\t\t<h3 class=\"elementor-post__title\">\n\t\t\t<a href=\"https:\/\/osenc.com\/fr\/separate-magnet\/\">\n\t\t\t\tComment s\u00e9parer des aimants coll\u00e9s (puissants\/petits)\t\t\t<\/a>\n\t\t<\/h3>\n\t\t\t\t<div class=\"elementor-post__excerpt\">\n\t\t\t<p>Les champs magn\u00e9tiques sont des forces puissantes qui s'appliquent \u00e0 la science, \u00e0 l'industrie et \u00e0 la vie quotidienne. Cependant, lorsqu'ils s'agglutinent, leur force les rend difficiles \u00e0 s\u00e9parer. Peu importe que vous ayez de petits aimants ou de lourds aimants en n\u00e9odyme,<\/p>\n\t\t<\/div>\n\t\t\n\t\t<a class=\"elementor-post__read-more\" href=\"https:\/\/osenc.com\/fr\/separate-magnet\/\" aria-label=\"En savoir plus sur Comment s\u00e9parer les aimants coinc\u00e9s (fort\/petit)\" tabindex=\"-1\">\n\t\t\tLire plus \"\t\t<\/a>\n\n\t\t\t\t<\/div>\n\t\t\t\t<div class=\"elementor-post__meta-data\">\n\t\t\t\t\t<span class=\"elementor-post-date\">\n\t\t\t2026-01-03\t\t<\/span>\n\t\t\t\t<\/div>\n\t\t\t\t\t<\/div>\n\t\t<\/article>\n\t\t\t\t<\/div>\n\t\t\n\t\t\t\t<div class=\"e-load-more-anchor\" data-page=\"1\" data-max-page=\"9\" data-next-page=\"https:\/\/osenc.com\/fr\/wp-json\/wp\/v2\/pages\/4975\/page\/2\/\"><\/div>\n\t\t\t\t<nav class=\"elementor-pagination\" aria-label=\"Pagination\">\n\t\t\t<span class=\"page-numbers prev\">\" Pr\u00e9c\u00e9dent<\/span>\n<span aria-current=\"page\" class=\"page-numbers current\"><span class=\"elementor-screen-only\">Page<\/span>1<\/span>\n<a class=\"page-numbers\" href=\"https:\/\/osenc.com\/fr\/wp-json\/wp\/v2\/pages\/4975\/page\/2\/\"><span class=\"elementor-screen-only\">Page<\/span>2<\/a>\n<a class=\"page-numbers\" href=\"https:\/\/osenc.com\/fr\/wp-json\/wp\/v2\/pages\/4975\/page\/3\/\"><span class=\"elementor-screen-only\">Page<\/span>3<\/a>\n<a class=\"page-numbers\" href=\"https:\/\/osenc.com\/fr\/wp-json\/wp\/v2\/pages\/4975\/page\/4\/\"><span class=\"elementor-screen-only\">Page<\/span>4<\/a>\n<a class=\"page-numbers\" href=\"https:\/\/osenc.com\/fr\/wp-json\/wp\/v2\/pages\/4975\/page\/5\/\"><span class=\"elementor-screen-only\">Page<\/span>5<\/a>\n<a class=\"page-numbers next\" href=\"https:\/\/osenc.com\/fr\/wp-json\/wp\/v2\/pages\/4975\/page\/2\/\">Suivant \"<\/a>\t\t<\/nav>\n\t\t\t\t\t\t<\/div>\n\t\t\t\t<\/div>\n\t\t\t\t\t<\/div>\n\t\t<\/div>\n\t\t\t\t\t<\/div>\n\t\t<\/section>\n\t\t\t\t<\/div>","protected":false},"excerpt":{"rendered":"","protected":false},"author":14,"featured_media":0,"parent":0,"menu_order":0,"comment_status":"closed","ping_status":"closed","template":"","meta":{"_kad_blocks_custom_css":"","_kad_blocks_head_custom_js":"","_kad_blocks_body_custom_js":"","_kad_blocks_footer_custom_js":"","_kad_post_transparent":"","_kad_post_title":"","_kad_post_layout":"","_kad_post_sidebar_id":"","_kad_post_content_style":"","_kad_post_vertical_padding":"","_kad_post_feature":"","_kad_post_feature_position":"","_kad_post_header":false,"_kad_post_footer":false,"_kad_post_classname":"","footnotes":""},"class_list":["post-4975","page","type-page","status-publish","hentry"],"taxonomy_info":[],"featured_image_src_large":false,"author_info":{"display_name":"Wade","author_link":"https:\/\/osenc.com\/fr\/author\/wade\/"},"comment_info":"","_links":{"self":[{"href":"https:\/\/osenc.com\/fr\/wp-json\/wp\/v2\/pages\/4975","targetHints":{"allow":["GET"]}}],"collection":[{"href":"https:\/\/osenc.com\/fr\/wp-json\/wp\/v2\/pages"}],"about":[{"href":"https:\/\/osenc.com\/fr\/wp-json\/wp\/v2\/types\/page"}],"author":[{"embeddable":true,"href":"https:\/\/osenc.com\/fr\/wp-json\/wp\/v2\/users\/14"}],"replies":[{"embeddable":true,"href":"https:\/\/osenc.com\/fr\/wp-json\/wp\/v2\/comments?post=4975"}],"version-history":[{"count":0,"href":"https:\/\/osenc.com\/fr\/wp-json\/wp\/v2\/pages\/4975\/revisions"}],"wp:attachment":[{"href":"https:\/\/osenc.com\/fr\/wp-json\/wp\/v2\/media?parent=4975"}],"curies":[{"name":"wp","href":"https:\/\/api.w.org\/{rel}","templated":true}]}}