{"id":4975,"date":"2025-07-07T22:33:44","date_gmt":"2025-07-07T14:33:44","guid":{"rendered":"https:\/\/osenc.com\/?page_id=4975"},"modified":"2025-09-24T22:19:06","modified_gmt":"2025-09-24T14:19:06","slug":"blog","status":"publish","type":"page","link":"https:\/\/osenc.com\/es\/blog\/","title":{"rendered":"Blog"},"content":{"rendered":"<div data-elementor-type=\"wp-page\" data-elementor-id=\"4975\" class=\"elementor elementor-4975\" data-elementor-post-type=\"page\">\n\t\t\t\t\t\t<section class=\"elementor-section elementor-top-section elementor-element elementor-element-28cb4f35 elementor-section-height-min-height elementor-section-boxed elementor-section-height-default elementor-section-items-middle\" data-id=\"28cb4f35\" data-element_type=\"section\" data-e-type=\"section\" data-settings=\"{&quot;background_background&quot;:&quot;classic&quot;}\">\n\t\t\t\t\t\t\t<div class=\"elementor-background-overlay\"><\/div>\n\t\t\t\t\t\t\t<div class=\"elementor-container elementor-column-gap-default\">\n\t\t\t\t\t<div class=\"elementor-column elementor-col-100 elementor-top-column elementor-element elementor-element-419717d9\" data-id=\"419717d9\" data-element_type=\"column\" data-e-type=\"column\">\n\t\t\t<div class=\"elementor-widget-wrap elementor-element-populated\">\n\t\t\t\t\t\t\t<\/div>\n\t\t<\/div>\n\t\t\t\t\t<\/div>\n\t\t<\/section>\n\t\t\t\t<section class=\"elementor-section elementor-top-section elementor-element elementor-element-227d205b elementor-section-boxed elementor-section-height-default elementor-section-height-default\" data-id=\"227d205b\" data-element_type=\"section\" data-e-type=\"section\" data-settings=\"{&quot;background_background&quot;:&quot;classic&quot;}\">\n\t\t\t\t\t\t<div class=\"elementor-container elementor-column-gap-default\">\n\t\t\t\t\t<div class=\"elementor-column elementor-col-100 elementor-top-column elementor-element elementor-element-2703ca4d\" data-id=\"2703ca4d\" data-element_type=\"column\" data-e-type=\"column\">\n\t\t\t<div class=\"elementor-widget-wrap elementor-element-populated\">\n\t\t\t\t\t\t<div class=\"elementor-element elementor-element-60faf4a elementor-grid-3 elementor-grid-tablet-2 elementor-grid-mobile-1 elementor-posts--thumbnail-top elementor-card-shadow-yes elementor-posts__hover-gradient elementor-widget elementor-widget-posts\" data-id=\"60faf4a\" data-element_type=\"widget\" data-e-type=\"widget\" data-settings=\"{&quot;pagination_type&quot;:&quot;numbers_and_prev_next&quot;,&quot;cards_columns&quot;:&quot;3&quot;,&quot;cards_columns_tablet&quot;:&quot;2&quot;,&quot;cards_columns_mobile&quot;:&quot;1&quot;,&quot;cards_row_gap&quot;:{&quot;unit&quot;:&quot;px&quot;,&quot;size&quot;:35,&quot;sizes&quot;:[]},&quot;cards_row_gap_tablet&quot;:{&quot;unit&quot;:&quot;px&quot;,&quot;size&quot;:&quot;&quot;,&quot;sizes&quot;:[]},&quot;cards_row_gap_mobile&quot;:{&quot;unit&quot;:&quot;px&quot;,&quot;size&quot;:&quot;&quot;,&quot;sizes&quot;:[]}}\" data-widget_type=\"posts.cards\">\n\t\t\t\t<div class=\"elementor-widget-container\">\n\t\t\t\t\t\t\t<div class=\"elementor-posts-container elementor-posts elementor-posts--skin-cards elementor-grid\" role=\"list\">\n\t\t\t\t<article class=\"elementor-post elementor-grid-item post-7278 post type-post status-publish format-standard has-post-thumbnail hentry category-magnet\" role=\"listitem\">\n\t\t\t<div class=\"elementor-post__card\">\n\t\t\t\t<a class=\"elementor-post__thumbnail__link\" href=\"https:\/\/osenc.com\/es\/clarifying-amazons-iata-report-requirement-for-magnetic-products\/\" tabindex=\"-1\"><div class=\"elementor-post__thumbnail\"><img fetchpriority=\"high\" decoding=\"async\" width=\"300\" height=\"278\" src=\"https:\/\/osenc.com\/wp-content\/uploads\/2022\/11\/IATA-label-300x278.jpg\" class=\"attachment-medium size-medium wp-image-1631\" alt=\"Etiqueta IATA\" srcset=\"https:\/\/osenc.com\/wp-content\/uploads\/2022\/11\/IATA-label-300x278.jpg 300w, https:\/\/osenc.com\/wp-content\/uploads\/2022\/11\/IATA-label.jpg 500w\" sizes=\"(max-width: 300px) 100vw, 300px\" \/><\/div><\/a>\n\t\t\t\t<div class=\"elementor-post__text\">\n\t\t\t\t<h3 class=\"elementor-post__title\">\n\t\t\t<a href=\"https:\/\/osenc.com\/es\/clarifying-amazons-iata-report-requirement-for-magnetic-products\/\">\n\t\t\t\tAclaraci\u00f3n sobre el requisito de informe IATA de Amazon para productos magn\u00e9ticos\t\t\t<\/a>\n\t\t<\/h3>\n\t\t\t\t<div class=\"elementor-post__excerpt\">\n\t\t\t<p>Recientemente, muchos vendedores de Amazon se han encontrado con confusiones durante el proceso de revisi\u00f3n del \u201cproducto magn\u00e9tico\u201d. Amazon suele pedir un informe de pruebas magn\u00e9ticas que cumpla las normas de la IATA, y algunas notas de revisi\u00f3n mencionan espec\u00edficamente la medici\u00f3n de la intensidad del campo magn\u00e9tico (en gauss)<\/p>\n\t\t<\/div>\n\t\t\n\t\t<a class=\"elementor-post__read-more\" href=\"https:\/\/osenc.com\/es\/clarifying-amazons-iata-report-requirement-for-magnetic-products\/\" aria-label=\"M\u00e1s informaci\u00f3n sobre Clarifying Amazon\u2019s IATA Report Requirement for Magnetic Products\" tabindex=\"-1\">\n\t\t\tLeer M\u00e1s \"\t\t<\/a>\n\n\t\t\t\t<\/div>\n\t\t\t\t<div class=\"elementor-post__meta-data\">\n\t\t\t\t\t<span class=\"elementor-post-date\">\n\t\t\t2026-02-27\t\t<\/span>\n\t\t\t\t<\/div>\n\t\t\t\t\t<\/div>\n\t\t<\/article>\n\t\t\t\t<article class=\"elementor-post elementor-grid-item post-1727 post type-post status-publish format-standard has-post-thumbnail hentry category-magnet\" role=\"listitem\">\n\t\t\t<div class=\"elementor-post__card\">\n\t\t\t\t<a class=\"elementor-post__thumbnail__link\" href=\"https:\/\/osenc.com\/es\/use-of-magnet\/\" tabindex=\"-1\"><div class=\"elementor-post__thumbnail\"><img decoding=\"async\" width=\"300\" height=\"215\" src=\"https:\/\/osenc.com\/wp-content\/uploads\/2023\/02\/HDD-300x215.jpg\" class=\"attachment-medium size-medium wp-image-3619\" alt=\"HDD\" srcset=\"https:\/\/osenc.com\/wp-content\/uploads\/2023\/02\/HDD-300x215.jpg 300w, https:\/\/osenc.com\/wp-content\/uploads\/2023\/02\/HDD.jpg 700w\" sizes=\"(max-width: 300px) 100vw, 300px\" \/><\/div><\/a>\n\t\t\t\t<div class=\"elementor-post__text\">\n\t\t\t\t<h3 class=\"elementor-post__title\">\n\t\t\t<a href=\"https:\/\/osenc.com\/es\/use-of-magnet\/\">\n\t\t\t\t10 usos de los imanes en la vida cotidiana (con ejemplos reales)\t\t\t<\/a>\n\t\t<\/h3>\n\t\t\t\t<div class=\"elementor-post__excerpt\">\n\t\t\t<p>Los imanes est\u00e1n m\u00e1s presentes en la vida cotidiana de lo que la mayor\u00eda de la gente cree. Son la raz\u00f3n \u201coculta\u201d por la que tu nevera se mantiene cerrada, tus auriculares emiten sonido y los motores giran dentro de todo, desde ventiladores hasta lavadoras. En resumen: los usos m\u00e1s comunes de<\/p>\n\t\t<\/div>\n\t\t\n\t\t<a class=\"elementor-post__read-more\" href=\"https:\/\/osenc.com\/es\/use-of-magnet\/\" aria-label=\"M\u00e1s informaci\u00f3n sobre 10 usos de los imanes en la vida cotidiana (con ejemplos reales)\" tabindex=\"-1\">\n\t\t\tLeer M\u00e1s \"\t\t<\/a>\n\n\t\t\t\t<\/div>\n\t\t\t\t<div class=\"elementor-post__meta-data\">\n\t\t\t\t\t<span class=\"elementor-post-date\">\n\t\t\t2026-02-13\t\t<\/span>\n\t\t\t\t<\/div>\n\t\t\t\t\t<\/div>\n\t\t<\/article>\n\t\t\t\t<article class=\"elementor-post elementor-grid-item post-1644 post type-post status-publish format-standard has-post-thumbnail hentry category-applcation\" role=\"listitem\">\n\t\t\t<div class=\"elementor-post__card\">\n\t\t\t\t<a class=\"elementor-post__thumbnail__link\" href=\"https:\/\/osenc.com\/es\/what-are-ring-magnets-used-for\/\" tabindex=\"-1\"><div class=\"elementor-post__thumbnail\"><img decoding=\"async\" width=\"300\" height=\"300\" src=\"https:\/\/osenc.com\/wp-content\/uploads\/2022\/11\/Ring-Magnet-300x300.jpg\" class=\"attachment-medium size-medium wp-image-1292\" alt=\"Anillo magn\u00e9tico\" srcset=\"https:\/\/osenc.com\/wp-content\/uploads\/2022\/11\/Ring-Magnet-300x300.jpg 300w, https:\/\/osenc.com\/wp-content\/uploads\/2022\/11\/Ring-Magnet-150x150.jpg 150w, https:\/\/osenc.com\/wp-content\/uploads\/2022\/11\/Ring-Magnet-768x768.jpg 768w, https:\/\/osenc.com\/wp-content\/uploads\/2022\/11\/Ring-Magnet.jpg 800w\" sizes=\"(max-width: 300px) 100vw, 300px\" \/><\/div><\/a>\n\t\t\t\t<div class=\"elementor-post__text\">\n\t\t\t\t<h3 class=\"elementor-post__title\">\n\t\t\t<a href=\"https:\/\/osenc.com\/es\/what-are-ring-magnets-used-for\/\">\n\t\t\t\tQu\u00e9 es un im\u00e1n anular y c\u00f3mo se utiliza\t\t\t<\/a>\n\t\t<\/h3>\n\t\t\t\t<div class=\"elementor-post__excerpt\">\n\t\t\t<p>Un im\u00e1n anular (tambi\u00e9n se le llama \u201cim\u00e1n donut\u201d, \u201cim\u00e1n anular\u201d o \u201canillo magn\u00e9tico\u201d) es b\u00e1sicamente un im\u00e1n permanente con forma de arandela, redondo por fuera y con un agujero en el centro. Ese orificio es lo que lo hace tan \u00fatil: puedes deslizarlo<\/p>\n\t\t<\/div>\n\t\t\n\t\t<a class=\"elementor-post__read-more\" href=\"https:\/\/osenc.com\/es\/what-are-ring-magnets-used-for\/\" aria-label=\"M\u00e1s informaci\u00f3n sobre Qu\u00e9 es un im\u00e1n de anillo (im\u00e1n de donut) y c\u00f3mo utilizarlo\" tabindex=\"-1\">\n\t\t\tLeer M\u00e1s \"\t\t<\/a>\n\n\t\t\t\t<\/div>\n\t\t\t\t<div class=\"elementor-post__meta-data\">\n\t\t\t\t\t<span class=\"elementor-post-date\">\n\t\t\t2026-01-19\t\t<\/span>\n\t\t\t\t<\/div>\n\t\t\t\t\t<\/div>\n\t\t<\/article>\n\t\t\t\t<article class=\"elementor-post elementor-grid-item post-1698 post type-post status-publish format-standard has-post-thumbnail hentry category-magnet\" role=\"listitem\">\n\t\t\t<div class=\"elementor-post__card\">\n\t\t\t\t<a class=\"elementor-post__thumbnail__link\" href=\"https:\/\/osenc.com\/es\/grades-of-magnets\/\" tabindex=\"-1\"><div class=\"elementor-post__thumbnail\"><img loading=\"lazy\" decoding=\"async\" width=\"300\" height=\"150\" src=\"https:\/\/osenc.com\/wp-content\/uploads\/2022\/11\/maximum-energy-300x150.webp\" class=\"attachment-medium size-medium wp-image-1707\" alt=\"m\u00e1xima energ\u00eda\" srcset=\"https:\/\/osenc.com\/wp-content\/uploads\/2022\/11\/maximum-energy-300x150.webp 300w, https:\/\/osenc.com\/wp-content\/uploads\/2022\/11\/maximum-energy-1024x510.webp 1024w, https:\/\/osenc.com\/wp-content\/uploads\/2022\/11\/maximum-energy-768x383.webp 768w, https:\/\/osenc.com\/wp-content\/uploads\/2022\/11\/maximum-energy.webp 1304w\" sizes=\"(max-width: 300px) 100vw, 300px\" \/><\/div><\/a>\n\t\t\t\t<div class=\"elementor-post__text\">\n\t\t\t\t<h3 class=\"elementor-post__title\">\n\t\t\t<a href=\"https:\/\/osenc.com\/es\/grades-of-magnets\/\">\n\t\t\t\tGrados de imanes\t\t\t<\/a>\n\t\t<\/h3>\n\t\t\t\t<div class=\"elementor-post__excerpt\">\n\t\t\t<p>Los imanes se presentan en varios grados, especialmente los de neodimio (NdFeB). El t\u00e9rmino \u201cgrados de im\u00e1n\u201d suele referirse al (BH)max o producto de energ\u00eda m\u00e1xima del material, que es un valor clave para comparar la fuerza de los grados de im\u00e1n de neodimio. Mientras que los grados magn\u00e9ticos<\/p>\n\t\t<\/div>\n\t\t\n\t\t<a class=\"elementor-post__read-more\" href=\"https:\/\/osenc.com\/es\/grades-of-magnets\/\" aria-label=\"M\u00e1s informaci\u00f3n sobre Grados de los imanes\" tabindex=\"-1\">\n\t\t\tLeer M\u00e1s \"\t\t<\/a>\n\n\t\t\t\t<\/div>\n\t\t\t\t<div class=\"elementor-post__meta-data\">\n\t\t\t\t\t<span class=\"elementor-post-date\">\n\t\t\t2026-01-14\t\t<\/span>\n\t\t\t\t<\/div>\n\t\t\t\t\t<\/div>\n\t\t<\/article>\n\t\t\t\t<article class=\"elementor-post elementor-grid-item post-1600 post type-post status-publish format-standard hentry category-applcation\" role=\"listitem\">\n\t\t\t<div class=\"elementor-post__card\">\n\t\t\t\t<div class=\"elementor-post__text\">\n\t\t\t\t<h3 class=\"elementor-post__title\">\n\t\t\t<a href=\"https:\/\/osenc.com\/es\/speaker-and-speaker-magnet\/\">\n\t\t\t\tC\u00f3mo utilizan los altavoces los imanes\t\t\t<\/a>\n\t\t<\/h3>\n\t\t\t\t<div class=\"elementor-post__excerpt\">\n\t\t\t<p>\u00bfC\u00f3mo utilizan los altavoces los imanes? Para m\u00ed, los imanes son el coraz\u00f3n de todo altavoz. Ayudan a convertir las se\u00f1ales el\u00e9ctricas en los sonidos que oigo cada d\u00eda. Hay tres partes principales que funcionan juntas: el im\u00e1n permanente, la bobina m\u00f3vil (un electroim\u00e1n) y la bobina m\u00f3vil.<\/p>\n\t\t<\/div>\n\t\t\n\t\t<a class=\"elementor-post__read-more\" href=\"https:\/\/osenc.com\/es\/speaker-and-speaker-magnet\/\" aria-label=\"M\u00e1s informaci\u00f3n sobre C\u00f3mo utilizan los altavoces los imanes\" tabindex=\"-1\">\n\t\t\tLeer M\u00e1s \"\t\t<\/a>\n\n\t\t\t\t<\/div>\n\t\t\t\t<div class=\"elementor-post__meta-data\">\n\t\t\t\t\t<span class=\"elementor-post-date\">\n\t\t\t2026-01-13\t\t<\/span>\n\t\t\t\t<\/div>\n\t\t\t\t\t<\/div>\n\t\t<\/article>\n\t\t\t\t<article class=\"elementor-post elementor-grid-item post-1636 post type-post status-publish format-standard has-post-thumbnail hentry category-applcation\" role=\"listitem\">\n\t\t\t<div class=\"elementor-post__card\">\n\t\t\t\t<a class=\"elementor-post__thumbnail__link\" href=\"https:\/\/osenc.com\/es\/separate-magnet\/\" tabindex=\"-1\"><div class=\"elementor-post__thumbnail\"><img loading=\"lazy\" decoding=\"async\" width=\"300\" height=\"169\" src=\"https:\/\/osenc.com\/wp-content\/uploads\/2022\/11\/separate-big-magnet-300x169.jpg\" class=\"attachment-medium size-medium wp-image-1637\" alt=\"im\u00e1n grande separado\" srcset=\"https:\/\/osenc.com\/wp-content\/uploads\/2022\/11\/separate-big-magnet-300x169.jpg 300w, https:\/\/osenc.com\/wp-content\/uploads\/2022\/11\/separate-big-magnet.jpg 500w\" sizes=\"(max-width: 300px) 100vw, 300px\" \/><\/div><\/a>\n\t\t\t\t<div class=\"elementor-post__text\">\n\t\t\t\t<h3 class=\"elementor-post__title\">\n\t\t\t<a href=\"https:\/\/osenc.com\/es\/separate-magnet\/\">\n\t\t\t\tC\u00f3mo separar imanes pegados (fuertes\/peque\u00f1os)\t\t\t<\/a>\n\t\t<\/h3>\n\t\t\t\t<div class=\"elementor-post__excerpt\">\n\t\t\t<p>Los campos magn\u00e9ticos son fuerzas poderosas que se aplican en la ciencia, la industria y la vida cotidiana. Sin embargo, cuando se unen, su fuerza hace dif\u00edcil que se separen. No importa si se trata de imanes peque\u00f1os o pesados imanes de neodimio,<\/p>\n\t\t<\/div>\n\t\t\n\t\t<a class=\"elementor-post__read-more\" href=\"https:\/\/osenc.com\/es\/separate-magnet\/\" aria-label=\"M\u00e1s informaci\u00f3n sobre C\u00f3mo separar imanes pegados (fuertes\/peque\u00f1os)\" tabindex=\"-1\">\n\t\t\tLeer M\u00e1s \"\t\t<\/a>\n\n\t\t\t\t<\/div>\n\t\t\t\t<div class=\"elementor-post__meta-data\">\n\t\t\t\t\t<span class=\"elementor-post-date\">\n\t\t\t2026-01-03\t\t<\/span>\n\t\t\t\t<\/div>\n\t\t\t\t\t<\/div>\n\t\t<\/article>\n\t\t\t\t<\/div>\n\t\t\n\t\t\t\t<div class=\"e-load-more-anchor\" data-page=\"1\" data-max-page=\"9\" data-next-page=\"https:\/\/osenc.com\/es\/wp-json\/wp\/v2\/pages\/4975\/page\/2\/\"><\/div>\n\t\t\t\t<nav class=\"elementor-pagination\" aria-label=\"Paginaci\u00f3n\">\n\t\t\t<span class=\"page-numbers prev\">\" Anterior<\/span>\n<span aria-current=\"page\" class=\"page-numbers current\"><span class=\"elementor-screen-only\">P\u00e1gina<\/span>1<\/span>\n<a class=\"page-numbers\" href=\"https:\/\/osenc.com\/es\/wp-json\/wp\/v2\/pages\/4975\/page\/2\/\"><span class=\"elementor-screen-only\">P\u00e1gina<\/span>2<\/a>\n<a class=\"page-numbers\" href=\"https:\/\/osenc.com\/es\/wp-json\/wp\/v2\/pages\/4975\/page\/3\/\"><span class=\"elementor-screen-only\">P\u00e1gina<\/span>3<\/a>\n<a class=\"page-numbers\" href=\"https:\/\/osenc.com\/es\/wp-json\/wp\/v2\/pages\/4975\/page\/4\/\"><span class=\"elementor-screen-only\">P\u00e1gina<\/span>4<\/a>\n<a class=\"page-numbers\" href=\"https:\/\/osenc.com\/es\/wp-json\/wp\/v2\/pages\/4975\/page\/5\/\"><span class=\"elementor-screen-only\">P\u00e1gina<\/span>5<\/a>\n<a class=\"page-numbers next\" href=\"https:\/\/osenc.com\/es\/wp-json\/wp\/v2\/pages\/4975\/page\/2\/\">Siguiente \"<\/a>\t\t<\/nav>\n\t\t\t\t\t\t<\/div>\n\t\t\t\t<\/div>\n\t\t\t\t\t<\/div>\n\t\t<\/div>\n\t\t\t\t\t<\/div>\n\t\t<\/section>\n\t\t\t\t<\/div>","protected":false},"excerpt":{"rendered":"","protected":false},"author":14,"featured_media":0,"parent":0,"menu_order":0,"comment_status":"closed","ping_status":"closed","template":"","meta":{"_kad_blocks_custom_css":"","_kad_blocks_head_custom_js":"","_kad_blocks_body_custom_js":"","_kad_blocks_footer_custom_js":"","_kad_post_transparent":"","_kad_post_title":"","_kad_post_layout":"","_kad_post_sidebar_id":"","_kad_post_content_style":"","_kad_post_vertical_padding":"","_kad_post_feature":"","_kad_post_feature_position":"","_kad_post_header":false,"_kad_post_footer":false,"_kad_post_classname":"","footnotes":""},"class_list":["post-4975","page","type-page","status-publish","hentry"],"taxonomy_info":[],"featured_image_src_large":false,"author_info":{"display_name":"Wade","author_link":"https:\/\/osenc.com\/es\/author\/wade\/"},"comment_info":"","_links":{"self":[{"href":"https:\/\/osenc.com\/es\/wp-json\/wp\/v2\/pages\/4975","targetHints":{"allow":["GET"]}}],"collection":[{"href":"https:\/\/osenc.com\/es\/wp-json\/wp\/v2\/pages"}],"about":[{"href":"https:\/\/osenc.com\/es\/wp-json\/wp\/v2\/types\/page"}],"author":[{"embeddable":true,"href":"https:\/\/osenc.com\/es\/wp-json\/wp\/v2\/users\/14"}],"replies":[{"embeddable":true,"href":"https:\/\/osenc.com\/es\/wp-json\/wp\/v2\/comments?post=4975"}],"version-history":[{"count":0,"href":"https:\/\/osenc.com\/es\/wp-json\/wp\/v2\/pages\/4975\/revisions"}],"wp:attachment":[{"href":"https:\/\/osenc.com\/es\/wp-json\/wp\/v2\/media?parent=4975"}],"curies":[{"name":"wp","href":"https:\/\/api.w.org\/{rel}","templated":true}]}}