{"id":95,"date":"2022-11-05T08:14:53","date_gmt":"2022-11-05T08:14:53","guid":{"rendered":"https:\/\/neosumk.com\/?page_id=95"},"modified":"2022-11-06T12:08:58","modified_gmt":"2022-11-06T12:08:58","slug":"disclaimer","status":"publish","type":"page","link":"https:\/\/osenc.com\/de\/disclaimer\/","title":{"rendered":"Haftungsausschluss"},"content":{"rendered":"<div data-elementor-type=\"wp-page\" data-elementor-id=\"95\" class=\"elementor elementor-95\" data-elementor-post-type=\"page\">\n\t\t\t\t\t\t<section class=\"elementor-section elementor-top-section elementor-element elementor-element-83b9577 elementor-section-height-min-height elementor-section-boxed elementor-section-height-default elementor-section-items-middle\" data-id=\"83b9577\" data-element_type=\"section\" data-e-type=\"section\">\n\t\t\t\t\t\t<div class=\"elementor-container elementor-column-gap-default\">\n\t\t\t\t\t<div class=\"elementor-column elementor-col-100 elementor-top-column elementor-element elementor-element-78fa5b9\" data-id=\"78fa5b9\" data-element_type=\"column\" data-e-type=\"column\">\n\t\t\t<div class=\"elementor-widget-wrap elementor-element-populated\">\n\t\t\t\t\t\t<div class=\"elementor-element elementor-element-cb10f64 elementor-widget elementor-widget-heading\" data-id=\"cb10f64\" data-element_type=\"widget\" data-e-type=\"widget\" data-widget_type=\"heading.default\">\n\t\t\t\t\t<h1 class=\"elementor-heading-title elementor-size-default\">Haftungsausschluss<\/h1>\t\t\t\t<\/div>\n\t\t\t\t\t<\/div>\n\t\t<\/div>\n\t\t\t\t\t<\/div>\n\t\t<\/section>\n\t\t\t\t<section class=\"elementor-section elementor-top-section elementor-element elementor-element-7f1e0f3 elementor-section-boxed elementor-section-height-default elementor-section-height-default\" data-id=\"7f1e0f3\" data-element_type=\"section\" data-e-type=\"section\">\n\t\t\t\t\t\t<div class=\"elementor-container elementor-column-gap-default\">\n\t\t\t\t\t<div class=\"elementor-column elementor-col-100 elementor-top-column elementor-element elementor-element-2edc594\" data-id=\"2edc594\" data-element_type=\"column\" data-e-type=\"column\">\n\t\t\t<div class=\"elementor-widget-wrap elementor-element-populated\">\n\t\t\t\t\t\t<div class=\"elementor-element elementor-element-d0cde31 elementor-widget elementor-widget-text-editor\" data-id=\"d0cde31\" data-element_type=\"widget\" data-e-type=\"widget\" data-widget_type=\"text-editor.default\">\n\t\t\t\t\t\t\t\t\t<p>Zuletzt aktualisiert: Oktober 15, 2022<\/p><h2>Auslegung und Definitionen<\/h2><h3>Auslegung<\/h3><p>Die W\u00f6rter, deren Anfangsbuchstaben gro\u00df geschrieben sind, haben die unter den nachstehenden Bedingungen definierte Bedeutung. Die folgenden Definitionen haben dieselbe Bedeutung, unabh\u00e4ngig davon, ob sie im Singular oder im Plural stehen.<\/p><h3>Definitionen<\/h3><p>F\u00fcr die Zwecke dieses Haftungsausschlusses:<\/p><ul><li>Das Unternehmen (in diesem Haftungsausschluss entweder als \"das Unternehmen\", \"wir\", \"uns\" oder \"unser\" bezeichnet) bezieht sich auf Osenc Magnet Co., Ltd, Mu Lun Chuang Ye Er Lu, Changpin, Dongguan 523000.<\/li><li>Der Dienst bezieht sich auf die Website.<\/li><li>Sie sind die Person, die auf den Dienst zugreift, oder das Unternehmen oder eine andere juristische Person, in deren Namen eine solche Person auf den Dienst zugreift oder ihn nutzt, je nachdem.<\/li><li>Die Website verweist auf Osenc, zug\u00e4nglich \u00fcber https:\/\/osenc.com\/<\/li><\/ul><h2>Haftungsausschluss<\/h2><p>Die in dem Dienst enthaltenen Informationen dienen nur zu allgemeinen Informationszwecken.<br \/>Das Unternehmen \u00fcbernimmt keine Verantwortung f\u00fcr Fehler oder Auslassungen in den Inhalten des Dienstes.<br \/>In keinem Fall haftet das Unternehmen f\u00fcr besondere, direkte, indirekte oder zuf\u00e4llige Sch\u00e4den oder Sch\u00e4den jeglicher Art, sei es durch Vertrag, Fahrl\u00e4ssigkeit oder andere unerlaubte Handlungen, die aus oder in Verbindung mit der Nutzung des Dienstes oder der Inhalte des Dienstes entstehen. Das Unternehmen beh\u00e4lt sich das Recht vor, den Inhalt des Dienstes jederzeit und ohne vorherige Ank\u00fcndigung zu erg\u00e4nzen, zu l\u00f6schen oder zu \u00e4ndern. Dieser Disclaimer wurde mit Hilfe des TermsFeed Disclaimer Generator erstellt.<br \/>Das Unternehmen garantiert nicht, dass der Dienst frei von Viren oder anderen sch\u00e4dlichen Komponenten ist.<\/p><h2>Externe Links Haftungsausschluss<\/h2><p>Der Dienst kann Links zu externen Websites enthalten, die nicht vom Unternehmen bereitgestellt oder unterhalten werden oder mit diesem in irgendeiner Weise verbunden sind.<br \/>Bitte beachten Sie, dass das Unternehmen keine Garantie f\u00fcr die Richtigkeit, Relevanz, Aktualit\u00e4t oder Vollst\u00e4ndigkeit der Informationen auf diesen externen Websites \u00fcbernimmt.<\/p><h2>Haftungsausschluss f\u00fcr Fehler und Auslassungen<\/h2><p>Die Informationen des Dienstes dienen lediglich der allgemeinen Orientierung in Fragen von Interesse. Auch wenn das Unternehmen alle Vorsichtsma\u00dfnahmen ergreift, um sicherzustellen, dass der Inhalt des Dienstes sowohl aktuell als auch korrekt ist, k\u00f6nnen Fehler auftreten. Au\u00dferdem kann es angesichts der sich \u00e4ndernden Gesetze, Regeln und Vorschriften zu Verz\u00f6gerungen, Auslassungen oder Ungenauigkeiten bei den im Dienst enthaltenen Informationen kommen.<br \/>Das Unternehmen haftet nicht f\u00fcr etwaige Fehler oder Auslassungen oder f\u00fcr die Ergebnisse, die sich aus der Verwendung dieser Informationen ergeben.<\/p><h2>Haftungsausschluss f\u00fcr faire Nutzung<\/h2><p>Das Unternehmen kann urheberrechtlich gesch\u00fctztes Material verwenden, das nicht immer ausdr\u00fccklich vom Urheberrechtsinhaber genehmigt wurde. Das Unternehmen stellt solches Material f\u00fcr Kritik, Kommentare, Nachrichtenberichterstattung, Lehre, Wissenschaft oder Forschung zur Verf\u00fcgung.<br \/>Das Unternehmen ist der Ansicht, dass dies eine \"faire Nutzung\" von urheberrechtlich gesch\u00fctztem Material im Sinne von Abschnitt 107 des US-Urheberrechtsgesetzes darstellt.<br \/>Wenn Sie urheberrechtlich gesch\u00fctztes Material aus dem Dienst f\u00fcr Ihre eigenen Zwecke verwenden m\u00f6chten, die \u00fcber eine angemessene Nutzung hinausgehen, m\u00fcssen Sie die Erlaubnis des Urheberrechtsinhabers einholen.<\/p><h2>Erkl\u00e4rte Ansichten Haftungsausschluss<\/h2><p>Der Dienst kann Ansichten und Meinungen enthalten, die von den Autoren stammen und nicht notwendigerweise die offizielle Politik oder Position eines anderen Autors, einer Agentur, einer Organisation, eines Arbeitgebers oder eines Unternehmens, einschlie\u00dflich des Unternehmens, wiedergeben.<br \/>Die von den Nutzern ver\u00f6ffentlichten Kommentare liegen in deren alleiniger Verantwortung, und die Nutzer \u00fcbernehmen die volle Verantwortung, Haftung und Schuld f\u00fcr Verleumdungen oder Rechtsstreitigkeiten, die sich aus etwas ergeben, das in einem Kommentar geschrieben wurde, oder als direkte Folge von etwas, das in einem Kommentar geschrieben wurde. Das Unternehmen haftet nicht f\u00fcr Kommentare, die von Nutzern ver\u00f6ffentlicht werden, und beh\u00e4lt sich das Recht vor, jeden Kommentar aus beliebigen Gr\u00fcnden zu l\u00f6schen.<\/p><h2>Keine Verantwortung Haftungsausschluss<\/h2><p>Die Informationen des Dienstes werden unter der Voraussetzung zur Verf\u00fcgung gestellt, dass das Unternehmen hier keine rechtlichen, buchhalterischen, steuerlichen oder sonstigen professionellen Beratungen und Dienstleistungen anbietet. Sie sollten daher nicht als Ersatz f\u00fcr eine Beratung durch professionelle Buchhaltungs-, Steuer-, Rechts- oder andere kompetente Berater verwendet werden.<br \/>In keinem Fall haften das Unternehmen oder seine Lieferanten f\u00fcr besondere, zuf\u00e4llige, indirekte oder Folgesch\u00e4den, die sich aus oder in Verbindung mit Ihrem Zugang oder Ihrer Nutzung oder der Unm\u00f6glichkeit des Zugangs oder der Nutzung des Dienstes ergeben.<\/p><h2>\"Benutzung auf eigene Gefahr\" Haftungsausschluss<\/h2><p>Alle Informationen des Dienstes werden im Ist-Zustand zur Verf\u00fcgung gestellt, ohne Garantie auf Vollst\u00e4ndigkeit, Genauigkeit, Aktualit\u00e4t oder auf die Ergebnisse, die durch die Nutzung dieser Informationen erzielt werden, und ohne jegliche ausdr\u00fcckliche oder stillschweigende Garantie, einschlie\u00dflich, aber nicht beschr\u00e4nkt auf Garantien f\u00fcr Leistung, Marktg\u00e4ngigkeit und Eignung f\u00fcr einen bestimmten Zweck.<br \/>Das Unternehmen haftet weder Ihnen noch anderen gegen\u00fcber f\u00fcr Entscheidungen oder Handlungen, die im Vertrauen auf die Informationen des Dienstes getroffen wurden, noch f\u00fcr Folgesch\u00e4den, besondere oder \u00e4hnliche Sch\u00e4den, selbst wenn auf die M\u00f6glichkeit solcher Sch\u00e4den hingewiesen wurde.<\/p><h2>Kontakt<\/h2><p>Wenn Sie Fragen zu diesem Haftungsausschluss haben, k\u00f6nnen Sie uns kontaktieren:<\/p><ul><li>Per E-Mail: info@osenc.com<\/li><\/ul>\t\t\t\t\t\t\t\t<\/div>\n\t\t\t\t\t<\/div>\n\t\t<\/div>\n\t\t\t\t\t<\/div>\n\t\t<\/section>\n\t\t\t\t<\/div>","protected":false},"excerpt":{"rendered":"<p>Haftungsausschluss Zuletzt aktualisiert: 15. Oktober 2022 Auslegung und Definitionen Auslegung Die W\u00f6rter, deren Anfangsbuchstaben gro\u00df geschrieben sind, haben die unter den folgenden Bedingungen definierte Bedeutung. Die folgenden Definitionen haben dieselbe Bedeutung, unabh\u00e4ngig davon, ob sie im Singular oder im Plural stehen. Definitionen F\u00fcr die Zwecke dieses Haftungsausschlusses: Unternehmen (bezeichnet als...<\/p>","protected":false},"author":1,"featured_media":0,"parent":0,"menu_order":40,"comment_status":"closed","ping_status":"closed","template":"","meta":{"_kad_blocks_custom_css":"","_kad_blocks_head_custom_js":"","_kad_blocks_body_custom_js":"","_kad_blocks_footer_custom_js":"","_kad_post_transparent":"","_kad_post_title":"","_kad_post_layout":"","_kad_post_sidebar_id":"","_kad_post_content_style":"","_kad_post_vertical_padding":"","_kad_post_feature":"","_kad_post_feature_position":"","_kad_post_header":false,"_kad_post_footer":false,"_kad_post_classname":"","footnotes":""},"class_list":["post-95","page","type-page","status-publish","hentry"],"taxonomy_info":[],"featured_image_src_large":false,"author_info":{"display_name":"Ben Zhong","author_link":"https:\/\/osenc.com\/de\/author\/infoosenc-com\/"},"comment_info":"","_links":{"self":[{"href":"https:\/\/osenc.com\/de\/wp-json\/wp\/v2\/pages\/95","targetHints":{"allow":["GET"]}}],"collection":[{"href":"https:\/\/osenc.com\/de\/wp-json\/wp\/v2\/pages"}],"about":[{"href":"https:\/\/osenc.com\/de\/wp-json\/wp\/v2\/types\/page"}],"author":[{"embeddable":true,"href":"https:\/\/osenc.com\/de\/wp-json\/wp\/v2\/users\/1"}],"replies":[{"embeddable":true,"href":"https:\/\/osenc.com\/de\/wp-json\/wp\/v2\/comments?post=95"}],"version-history":[{"count":0,"href":"https:\/\/osenc.com\/de\/wp-json\/wp\/v2\/pages\/95\/revisions"}],"wp:attachment":[{"href":"https:\/\/osenc.com\/de\/wp-json\/wp\/v2\/media?parent=95"}],"curies":[{"name":"wp","href":"https:\/\/api.w.org\/{rel}","templated":true}]}}