{"id":614,"date":"2022-11-07T00:47:51","date_gmt":"2022-11-07T00:47:51","guid":{"rendered":"https:\/\/neosumk.com\/?page_id=614"},"modified":"2025-08-19T19:00:43","modified_gmt":"2025-08-19T11:00:43","slug":"chrome-coating-for-magnets","status":"publish","type":"page","link":"https:\/\/osenc.com\/de\/chrome-coating-for-magnets\/","title":{"rendered":"Chrombeschichtung f\u00fcr Magnete"},"content":{"rendered":"\t\t<div data-elementor-type=\"wp-page\" data-elementor-id=\"614\" class=\"elementor elementor-614\" data-elementor-post-type=\"page\">\n\t\t\t\t\t\t<section class=\"elementor-section elementor-top-section elementor-element elementor-element-27a1f5ef elementor-section-boxed elementor-section-height-default elementor-section-height-default\" data-id=\"27a1f5ef\" data-element_type=\"section\" data-e-type=\"section\">\n\t\t\t\t\t\t<div class=\"elementor-container elementor-column-gap-default\">\n\t\t\t\t\t<div class=\"elementor-column elementor-col-50 elementor-top-column elementor-element elementor-element-6505b4ac\" data-id=\"6505b4ac\" data-element_type=\"column\" data-e-type=\"column\">\n\t\t\t<div class=\"elementor-widget-wrap elementor-element-populated\">\n\t\t\t\t\t\t<div class=\"elementor-element elementor-element-574896b7 elementor-widget elementor-widget-image\" data-id=\"574896b7\" data-element_type=\"widget\" data-e-type=\"widget\" data-widget_type=\"image.default\">\n\t\t\t\t\t\t\t\t\t\t\t\t\t\t\t<img fetchpriority=\"high\" decoding=\"async\" width=\"600\" height=\"600\" src=\"https:\/\/osenc.com\/wp-content\/uploads\/2022\/12\/Neodymium-Magnets.png\" class=\"attachment-large size-large wp-image-2021\" alt=\"Chrome Coated Magnet\" srcset=\"https:\/\/osenc.com\/wp-content\/uploads\/2022\/12\/Neodymium-Magnets.png 600w, https:\/\/osenc.com\/wp-content\/uploads\/2022\/12\/Neodymium-Magnets-300x300.png 300w, https:\/\/osenc.com\/wp-content\/uploads\/2022\/12\/Neodymium-Magnets-150x150.png 150w\" sizes=\"(max-width: 600px) 100vw, 600px\" \/>\t\t\t\t\t\t\t\t\t\t\t\t\t\t\t<\/div>\n\t\t\t\t\t<\/div>\n\t\t<\/div>\n\t\t\t\t<div class=\"elementor-column elementor-col-50 elementor-top-column elementor-element elementor-element-4b2b9534\" data-id=\"4b2b9534\" data-element_type=\"column\" data-e-type=\"column\">\n\t\t\t<div class=\"elementor-widget-wrap elementor-element-populated\">\n\t\t\t\t\t\t<div class=\"elementor-element elementor-element-7ee5e330 elementor-widget elementor-widget-heading\" data-id=\"7ee5e330\" data-element_type=\"widget\" data-e-type=\"widget\" data-widget_type=\"heading.default\">\n\t\t\t\t\t<h1 class=\"elementor-heading-title elementor-size-default\">Chrome Coated Magnet For Sale<\/h1>\t\t\t\t<\/div>\n\t\t\t\t<div class=\"elementor-element elementor-element-e5a6bbf elementor-widget elementor-widget-text-editor\" data-id=\"e5a6bbf\" data-element_type=\"widget\" data-e-type=\"widget\" data-widget_type=\"text-editor.default\">\n\t\t\t\t\t\t\t\t\t<ul><li data-start=\"111\" data-end=\"170\"><p data-start=\"114\" data-end=\"170\">Chrome layer thickness less than 0.025 mm (0.001 inch)<\/p><\/li><li data-start=\"171\" data-end=\"216\"><p data-start=\"174\" data-end=\"216\">Decorative chrome thickness: 0.05\u20130.5 \u00b5m<\/p><\/li><li data-start=\"217\" data-end=\"253\"><p data-start=\"220\" data-end=\"253\">Hard chrome hardness: 68\u201372 HRC<\/p><\/li><li data-start=\"254\" data-end=\"291\"><p data-start=\"257\" data-end=\"291\">Hard chrome thickness: 10\u2013500 \u00b5m<\/p><\/li><\/ul>\t\t\t\t\t\t\t\t<\/div>\n\t\t\t\t<div class=\"elementor-element elementor-element-5423cc5e elementor-widget elementor-widget-button\" data-id=\"5423cc5e\" data-element_type=\"widget\" data-e-type=\"widget\" data-widget_type=\"button.default\">\n\t\t\t\t\t\t\t\t\t\t<a class=\"elementor-button elementor-button-link elementor-size-sm\" href=\"#elementor-action%3Aaction%3Dpopup%3Aopen%26settings%3DeyJpZCI6IjIwMSIsInRvZ2dsZSI6ZmFsc2V9\">\n\t\t\t\t\t\t<span class=\"elementor-button-content-wrapper\">\n\t\t\t\t\t\t\t\t\t<span class=\"elementor-button-text\">Get An Instant Quotation Now<\/span>\n\t\t\t\t\t<\/span>\n\t\t\t\t\t<\/a>\n\t\t\t\t\t\t\t\t<\/div>\n\t\t\t\t\t<\/div>\n\t\t<\/div>\n\t\t\t\t\t<\/div>\n\t\t<\/section>\n\t\t\t\t<section class=\"elementor-section elementor-top-section elementor-element elementor-element-273d4511 elementor-section-boxed elementor-section-height-default elementor-section-height-default\" data-id=\"273d4511\" data-element_type=\"section\" data-e-type=\"section\" data-settings=\"{&quot;background_background&quot;:&quot;classic&quot;}\">\n\t\t\t\t\t\t<div class=\"elementor-container elementor-column-gap-default\">\n\t\t\t\t\t<div class=\"elementor-column elementor-col-50 elementor-top-column elementor-element elementor-element-51a92fd0\" data-id=\"51a92fd0\" data-element_type=\"column\" data-e-type=\"column\">\n\t\t\t<div class=\"elementor-widget-wrap elementor-element-populated\">\n\t\t\t\t\t\t<div class=\"elementor-element elementor-element-4a5fa42 elementor-widget elementor-widget-text-editor\" data-id=\"4a5fa42\" data-element_type=\"widget\" data-e-type=\"widget\" data-widget_type=\"text-editor.default\">\n\t\t\t\t\t\t\t\t\t<section class=\"elementor-section elementor-top-section elementor-element elementor-element-4e7904c elementor-section-boxed elementor-section-height-default elementor-section-height-default\" data-id=\"4e7904c\" data-element_type=\"section\"><\/section><section data-id=\"4e7904c\" data-element_type=\"section\">A chrome-coated <a href=\"https:\/\/osenc.com\/neodymium-magnets\/\" target=\"_blank\" rel=\"noopener\">neodymium magnet<\/a> features a shiny, reflective surface that provides good wear resistance, hardness, and moderate corrosion protection. The chrome layer makes it both durable and visually appealing, which is why it is often used in decorative displays, consumer products, automotive accessories, and fixtures where aesthetics and strength matter. While it enhances appearance and surface hardness, chrome is less corrosion-resistant than epoxy or parylene coatings.<\/section><section class=\"elementor-section elementor-top-section elementor-element elementor-element-15bcafa elementor-section-boxed elementor-section-height-default elementor-section-height-default\" data-id=\"15bcafa\" data-element_type=\"section\"><div class=\"elementor-container elementor-column-gap-default\"><div class=\"elementor-column elementor-col-100 elementor-top-column elementor-element elementor-element-43b2757\" data-id=\"43b2757\" data-element_type=\"column\"><div class=\"elementor-widget-wrap elementor-element-populated\"><div class=\"elementor-element elementor-element-4a5fa42 elementor-widget elementor-widget-text-editor\" data-id=\"4a5fa42\" data-element_type=\"widget\" data-widget_type=\"text-editor.default\"><div class=\"elementor-widget-container\"><h2>What Are Neodymium Magnets?<\/h2><p><span class=\"word\">Neodymium<\/span>\u00a0<span class=\"word\">magnets<\/span>\u00a0<span class=\"word\">are<\/span>\u00a0<span class=\"word\">super<\/span>\u00a0<span class=\"word\">permanent<\/span>\u00a0<span class=\"word\">magnets<\/span>.\u00a0<span class=\"word\">It<\/span>\u00a0<span class=\"word\">is<\/span>\u00a0<span class=\"word\">commercially<\/span>\u00a0<span class=\"word\">available<\/span>.\u00a0<span class=\"word\">They<\/span>\u00a0<span class=\"word\">are<\/span>\u00a0<span class=\"word\">more<\/span>\u00a0<span class=\"word\">expensive<\/span>\u00a0<span class=\"word\">than<\/span>\u00a0<span class=\"word\">other<\/span>\u00a0<span class=\"word\">magnets<\/span>\u00a0<span class=\"word\">since<\/span>\u00a0<span class=\"word\">it<\/span>\u00a0<span class=\"word\">made<\/span>\u00a0<span class=\"word\">of<\/span>\u00a0<a href=\"https:\/\/en.wikipedia.org\/wiki\/Rare-earth_element\" target=\"_blank\" rel=\"noopener\"><span class=\"word\">rear<\/span>\u00a0<span class=\"word\">earth<\/span><\/a>.\u00a0<span class=\"word\">They<\/span>\u00a0<span class=\"word\">have<\/span>\u00a0<span class=\"word\">many<\/span>\u00a0<span class=\"word\">advantages<\/span>\u00a0<span class=\"word\">that<\/span>\u00a0<span class=\"word\">make<\/span>\u00a0<span class=\"word\">them<\/span>\u00a0<span class=\"word\">such<\/span>\u00a0<span class=\"word\">desirable<\/span>\u00a0<span class=\"word\">materials<\/span>\u00a0<span class=\"word\">in<\/span>\u00a0<span class=\"word\">so<\/span>\u00a0<span class=\"word\">many<\/span>\u00a0<span class=\"word\">industries<\/span>.\u00a0<span class=\"word\">They<\/span>\u2019<span class=\"word\">re<\/span>\u00a0<span class=\"word\">stronger<\/span>,\u00a0<span class=\"word\">smaller<\/span>\u00a0<span class=\"word\">and<\/span>\u00a0<span class=\"word\">more<\/span>\u00a0<span class=\"word\">versatile<\/span>\u00a0<span class=\"word\">than<\/span>\u00a0<span class=\"word\">any<\/span>\u00a0<span class=\"word\">other<\/span>\u00a0<span class=\"word\">commonly<\/span>\u00a0<span class=\"word\">used<\/span>\u00a0<span class=\"word\">magnet<\/span>.<\/p><p><img decoding=\"async\" class=\"aligncenter wp-image-2021 size-medium entered lazyloaded\" src=\"https:\/\/osenc.com\/wp-content\/uploads\/2022\/12\/Neodymium-Magnets-300x300.png\" sizes=\"(max-width: 300px) 100vw, 300px\" srcset=\"https:\/\/osenc.com\/wp-content\/uploads\/2022\/12\/Neodymium-Magnets-300x300.png 300w, https:\/\/osenc.com\/wp-content\/uploads\/2022\/12\/Neodymium-Magnets-150x150.png 150w, https:\/\/osenc.com\/wp-content\/uploads\/2022\/12\/Neodymium-Magnets.png 600w\" alt=\"Chrome Coating\" width=\"300\" height=\"300\" data-lazy-srcset=\"https:\/\/osenc.com\/wp-content\/uploads\/2022\/12\/Neodymium-Magnets-300x300.png 300w, https:\/\/osenc.com\/wp-content\/uploads\/2022\/12\/Neodymium-Magnets-150x150.png 150w, https:\/\/osenc.com\/wp-content\/uploads\/2022\/12\/Neodymium-Magnets.png 600w\" data-lazy-sizes=\"(max-width: 300px) 100vw, 300px\" data-lazy-src=\"https:\/\/osenc.com\/wp-content\/uploads\/2022\/12\/Neodymium-Magnets-300x300.png\" data-ll-status=\"loaded\" \/><\/p><h2>Shapes<\/h2><p>Customers get a large variety of shapes when they need to choose from different neodymium magnets in shape, strength, and size. The neodymium magnets are popular and versatile for their unique shapes and magnetic strength. Neodymium magnets are manufactured from the boron, iron, and neodymium and the mixture of these three elements transforms these magnets into the strongest and the most powerful available magnets on the planet Earth.<\/p><p>Different applications require different shapes of neodymium magnets. Design magnets serve the purpose of producing something creative and artistic and sometimes you need small, simple, and powerful magnets. But now, you do not need to search out the market for different shapes because Osenc can provide you with a variety of shapes. Osenc manufactures neodymium magnets in disk countersunk, squares, spheres, rings, square countersunks, disks or rod, etc.<\/p><p><a href=\"https:\/\/osenc.com\/neodymium-segment-magnets\/\">Arc Magnet<\/a><\/p><p><a href=\"https:\/\/osenc.com\/neodymium-bar-magnets\/\">Bar Magnet<\/a><\/p><p><a href=\"https:\/\/osenc.com\/countersunk-neodymium-magnets\/\">Countersunk Magnet<\/a><\/p><p><a href=\"https:\/\/osenc.com\/neodymium-magnet-tubes\/\">Tube Magnet<\/a><\/p><p><a href=\"https:\/\/osenc.com\/neodymium-disc-magnets\/\">Disc Magnet<\/a><\/p><p><a href=\"https:\/\/osenc.com\/neodymium-ring-magnets\/\">Ring Magnet<\/a><\/p><p><a href=\"https:\/\/osenc.com\/cone-neodymium-magnets\/\">Cone Magnet<\/a><\/p><p><a href=\"https:\/\/osenc.com\/custom-neodymium-magnets\/\">Custom Magnet<\/a><\/p><h2>Coatings<\/h2><p>All the above shapes of magnets come in different\u00a0<a href=\"https:\/\/osenc.com\/neodymium-magnet-coating\/\">coatings<\/a>\u00a0because the coating prevents rusting. The most common coating for neodymium magnets is nickel-copper-nickel or copper-nickel plating. A good choice for neodymium magnets is Zn coating because of its attractive price. visit here to know more about the neodymium magnet coating.<\/p><h2>Size<\/h2><p>When buying neodymium magnets, make sure that you are choosing the size of magnet that fulfill your need. Osenc can manufacture the magnet as small as 0.2mm and as large as 200mm.<\/p><h2>Grades<\/h2><p>What does it mean by N35, N38, N42,\u2026.?<\/p><p>Neodymium magnets are actually graded by the material from which they are made of. As a rule, the higher grade (a number following \u2018N\u2019), the stronger the magnet will be. Currently, the highest grade of neodymium magnet available is N52. A letter that is following a grade refers to the temperature rating of the magnet. The magnet will be standard temperature neodymium if there is no letter following the grade.<\/p><h2>Directions Of Magnetization<\/h2><p>Neodymium magnets have their own respective corresponding magnetization directions according to their sizes and shapes. For example cylinder and the disc magnets can be diametrically and axially magnetized and for the neodymium sphere magnets, only axial magnetization is present.<\/p><h2>Manufacturer Of Neodymium Magnets<\/h2><p>Osenc, you can get the best types of neodymium magnets with every shape, size and strength according to your requirements and needs. We do not compromise on quality. Our focus is to provide you with high end quality neodymium magnetic products because we are the best manufacturers of neodymium magnets. Our magnets are delivered throughout the world because we are a factory of neodymium magnets and produce the strongest neodymium magnets.<\/p><p><strong>Reference<\/strong>: <a href=\"https:\/\/en.wikipedia.org\/wiki\/Chromium(IV)_oxide\" target=\"_blank\" rel=\"nofollow noopener\">https:\/\/en.wikipedia.org\/wiki\/Chromium(IV)_oxide<\/a><\/p><\/div><\/div><\/div><\/div><\/div><\/section>\t\t\t\t\t\t\t\t<\/div>\n\t\t\t\t<div class=\"elementor-element elementor-element-588ec004 elementor-widget elementor-widget-button\" data-id=\"588ec004\" data-element_type=\"widget\" data-e-type=\"widget\" data-widget_type=\"button.default\">\n\t\t\t\t\t\t\t\t\t\t<a class=\"elementor-button elementor-button-link elementor-size-sm\" href=\"#elementor-action%3Aaction%3Dpopup%3Aopen%26settings%3DeyJpZCI6IjIwMSIsInRvZ2dsZSI6ZmFsc2V9\">\n\t\t\t\t\t\t<span class=\"elementor-button-content-wrapper\">\n\t\t\t\t\t\t\t\t\t<span class=\"elementor-button-text\">Contact Osenc Now<\/span>\n\t\t\t\t\t<\/span>\n\t\t\t\t\t<\/a>\n\t\t\t\t\t\t\t\t<\/div>\n\t\t\t\t\t<\/div>\n\t\t<\/div>\n\t\t\t\t<div class=\"elementor-column elementor-col-50 elementor-top-column elementor-element elementor-element-3e5b2154\" data-id=\"3e5b2154\" data-element_type=\"column\" data-e-type=\"column\">\n\t\t\t<div class=\"elementor-widget-wrap elementor-element-populated\">\n\t\t\t\t\t\t<div class=\"elementor-element elementor-element-463ae29f elementor-toc--minimized-on-tablet elementor-widget elementor-widget-table-of-contents\" data-id=\"463ae29f\" data-element_type=\"widget\" data-e-type=\"widget\" data-settings=\"{&quot;exclude_headings_by_selector&quot;:[],&quot;no_headings_message&quot;:&quot;No headings were found on this page.&quot;,&quot;headings_by_tags&quot;:[&quot;h2&quot;,&quot;h3&quot;,&quot;h4&quot;,&quot;h5&quot;,&quot;h6&quot;],&quot;marker_view&quot;:&quot;numbers&quot;,&quot;minimize_box&quot;:&quot;yes&quot;,&quot;minimized_on&quot;:&quot;tablet&quot;,&quot;hierarchical_view&quot;:&quot;yes&quot;,&quot;min_height&quot;:{&quot;unit&quot;:&quot;px&quot;,&quot;size&quot;:&quot;&quot;,&quot;sizes&quot;:[]},&quot;min_height_tablet&quot;:{&quot;unit&quot;:&quot;px&quot;,&quot;size&quot;:&quot;&quot;,&quot;sizes&quot;:[]},&quot;min_height_mobile&quot;:{&quot;unit&quot;:&quot;px&quot;,&quot;size&quot;:&quot;&quot;,&quot;sizes&quot;:[]}}\" data-widget_type=\"table-of-contents.default\">\n\t\t\t\t\t\t\t\t\t<div class=\"elementor-toc__header\">\n\t\t\t\t\t\t<h4 class=\"elementor-toc__header-title\">\n\t\t\t\tTable of Contents\t\t\t<\/h4>\n\t\t\t\t\t\t\t\t\t\t<div class=\"elementor-toc__toggle-button elementor-toc__toggle-button--expand\" role=\"button\" tabindex=\"0\" aria-controls=\"elementor-toc__463ae29f\" aria-expanded=\"true\" aria-label=\"Inhaltsverzeichnis \u00f6ffnen\"><svg aria-hidden=\"true\" class=\"e-font-icon-svg e-fas-chevron-down\" viewBox=\"0 0 448 512\" xmlns=\"http:\/\/www.w3.org\/2000\/svg\"><path d=\"M207.029 381.476L12.686 187.132c-9.373-9.373-9.373-24.569 0-33.941l22.667-22.667c9.357-9.357 24.522-9.375 33.901-.04L224 284.505l154.745-154.021c9.379-9.335 24.544-9.317 33.901.04l22.667 22.667c9.373 9.373 9.373 24.569 0 33.941L240.971 381.476c-9.373 9.372-24.569 9.372-33.942 0z\"><\/path><\/svg><\/div>\n\t\t\t\t<div class=\"elementor-toc__toggle-button elementor-toc__toggle-button--collapse\" role=\"button\" tabindex=\"0\" aria-controls=\"elementor-toc__463ae29f\" aria-expanded=\"true\" aria-label=\"Inhaltsverzeichnis schlie\u00dfen\"><svg aria-hidden=\"true\" class=\"e-font-icon-svg e-fas-chevron-up\" viewBox=\"0 0 448 512\" xmlns=\"http:\/\/www.w3.org\/2000\/svg\"><path d=\"M240.971 130.524l194.343 194.343c9.373 9.373 9.373 24.569 0 33.941l-22.667 22.667c-9.357 9.357-24.522 9.375-33.901.04L224 227.495 69.255 381.516c-9.379 9.335-24.544 9.317-33.901-.04l-22.667-22.667c-9.373-9.373-9.373-24.569 0-33.941L207.03 130.525c9.372-9.373 24.568-9.373 33.941-.001z\"><\/path><\/svg><\/div>\n\t\t\t\t\t<\/div>\n\t\t\t\t<div id=\"elementor-toc__463ae29f\" class=\"elementor-toc__body\">\n\t\t\t<div class=\"elementor-toc__spinner-container\">\n\t\t\t\t<svg class=\"elementor-toc__spinner eicon-animation-spin e-font-icon-svg e-eicon-loading\" aria-hidden=\"true\" viewBox=\"0 0 1000 1000\" xmlns=\"http:\/\/www.w3.org\/2000\/svg\"><path d=\"M500 975V858C696 858 858 696 858 500S696 142 500 142 142 304 142 500H25C25 237 238 25 500 25S975 237 975 500 763 975 500 975Z\"><\/path><\/svg>\t\t\t<\/div>\n\t\t<\/div>\n\t\t\t\t\t\t<\/div>\n\t\t\t\t\t<\/div>\n\t\t<\/div>\n\t\t\t\t\t<\/div>\n\t\t<\/section>\n\t\t\t\t<\/div>\n\t\t","protected":false},"excerpt":{"rendered":"<p>Chrome Coated Magnet For Sale Chromschichtdicke weniger als 0,025 mm (0,001 Zoll) Dekorative Chromdicke: 0,05-0,5 \u00b5m Hartchromh\u00e4rte: 68-72 HRC Hartchromdicke: 10-500 \u00b5m Holen Sie sich jetzt ein sofortiges Angebot Ein verchromter Neodym-Magnet verf\u00fcgt \u00fcber eine gl\u00e4nzende, reflektierende Oberfl\u00e4che, die eine gute Verschlei\u00dffestigkeit, H\u00e4rte und einen m\u00e4\u00dfigen Korrosionsschutz bietet. Die Chrom...<\/p>","protected":false},"author":1,"featured_media":2248,"parent":0,"menu_order":20,"comment_status":"closed","ping_status":"closed","template":"","meta":{"_kad_blocks_custom_css":"","_kad_blocks_head_custom_js":"","_kad_blocks_body_custom_js":"","_kad_blocks_footer_custom_js":"","_kad_post_transparent":"","_kad_post_title":"","_kad_post_layout":"","_kad_post_sidebar_id":"","_kad_post_content_style":"","_kad_post_vertical_padding":"","_kad_post_feature":"","_kad_post_feature_position":"","_kad_post_header":false,"_kad_post_footer":false,"_kad_post_classname":"","footnotes":""},"class_list":["post-614","page","type-page","status-publish","has-post-thumbnail","hentry"],"taxonomy_info":[],"featured_image_src_large":["https:\/\/osenc.com\/wp-content\/uploads\/2022\/12\/neodymium-magnet-tubes.png",500,500,false],"author_info":{"display_name":"Ben Zhong","author_link":"https:\/\/osenc.com\/de\/author\/infoosenc-com\/"},"comment_info":"","_links":{"self":[{"href":"https:\/\/osenc.com\/de\/wp-json\/wp\/v2\/pages\/614","targetHints":{"allow":["GET"]}}],"collection":[{"href":"https:\/\/osenc.com\/de\/wp-json\/wp\/v2\/pages"}],"about":[{"href":"https:\/\/osenc.com\/de\/wp-json\/wp\/v2\/types\/page"}],"author":[{"embeddable":true,"href":"https:\/\/osenc.com\/de\/wp-json\/wp\/v2\/users\/1"}],"replies":[{"embeddable":true,"href":"https:\/\/osenc.com\/de\/wp-json\/wp\/v2\/comments?post=614"}],"version-history":[{"count":0,"href":"https:\/\/osenc.com\/de\/wp-json\/wp\/v2\/pages\/614\/revisions"}],"wp:featuredmedia":[{"embeddable":true,"href":"https:\/\/osenc.com\/de\/wp-json\/wp\/v2\/media\/2248"}],"wp:attachment":[{"href":"https:\/\/osenc.com\/de\/wp-json\/wp\/v2\/media?parent=614"}],"curies":[{"name":"wp","href":"https:\/\/api.w.org\/{rel}","templated":true}]}}