{"id":559,"date":"2022-11-06T10:01:01","date_gmt":"2022-11-06T10:01:01","guid":{"rendered":"https:\/\/neosumk.com\/?page_id=559"},"modified":"2025-08-19T17:35:05","modified_gmt":"2025-08-19T09:35:05","slug":"teflon-coated-magnets","status":"publish","type":"page","link":"https:\/\/osenc.com\/de\/teflon-coated-magnets\/","title":{"rendered":"Teflonbeschichteter Magnet"},"content":{"rendered":"\t\t<div data-elementor-type=\"wp-page\" data-elementor-id=\"559\" class=\"elementor elementor-559\" data-elementor-post-type=\"page\">\n\t\t\t\t\t\t<section class=\"elementor-section elementor-top-section elementor-element elementor-element-44c68ae5 elementor-section-boxed elementor-section-height-default elementor-section-height-default\" data-id=\"44c68ae5\" data-element_type=\"section\" data-e-type=\"section\">\n\t\t\t\t\t\t<div class=\"elementor-container elementor-column-gap-default\">\n\t\t\t\t\t<div class=\"elementor-column elementor-col-50 elementor-top-column elementor-element elementor-element-6448451a\" data-id=\"6448451a\" data-element_type=\"column\" data-e-type=\"column\">\n\t\t\t<div class=\"elementor-widget-wrap elementor-element-populated\">\n\t\t\t\t\t\t<div class=\"elementor-element elementor-element-7da6d6 elementor-widget elementor-widget-image\" data-id=\"7da6d6\" data-element_type=\"widget\" data-e-type=\"widget\" data-widget_type=\"image.default\">\n\t\t\t\t\t\t\t\t\t\t\t\t\t\t\t<img fetchpriority=\"high\" decoding=\"async\" width=\"800\" height=\"800\" src=\"https:\/\/osenc.com\/wp-content\/uploads\/2023\/03\/10002.jpg\" class=\"attachment-large size-large wp-image-3658\" alt=\"Teflon coated magnets\" srcset=\"https:\/\/osenc.com\/wp-content\/uploads\/2023\/03\/10002.jpg 800w, https:\/\/osenc.com\/wp-content\/uploads\/2023\/03\/10002-300x300.jpg 300w, https:\/\/osenc.com\/wp-content\/uploads\/2023\/03\/10002-150x150.jpg 150w, https:\/\/osenc.com\/wp-content\/uploads\/2023\/03\/10002-768x768.jpg 768w, https:\/\/osenc.com\/wp-content\/uploads\/2023\/03\/elementor\/thumbs\/10002-q2wrxf7ycb5ek2u261e69vxq7vppzdfsd2h6va0z9k.jpg 500w\" sizes=\"(max-width: 800px) 100vw, 800px\" \/>\t\t\t\t\t\t\t\t\t\t\t\t\t\t\t<\/div>\n\t\t\t\t\t<\/div>\n\t\t<\/div>\n\t\t\t\t<div class=\"elementor-column elementor-col-50 elementor-top-column elementor-element elementor-element-4b10bddc\" data-id=\"4b10bddc\" data-element_type=\"column\" data-e-type=\"column\">\n\t\t\t<div class=\"elementor-widget-wrap elementor-element-populated\">\n\t\t\t\t\t\t<div class=\"elementor-element elementor-element-7d56f725 elementor-widget elementor-widget-heading\" data-id=\"7d56f725\" data-element_type=\"widget\" data-e-type=\"widget\" data-widget_type=\"heading.default\">\n\t\t\t\t\t<h1 class=\"elementor-heading-title elementor-size-default\">Teflon coated magnets\n<\/h1>\t\t\t\t<\/div>\n\t\t\t\t<div class=\"elementor-element elementor-element-b515e44 elementor-widget elementor-widget-text-editor\" data-id=\"b515e44\" data-element_type=\"widget\" data-e-type=\"widget\" data-widget_type=\"text-editor.default\">\n\t\t\t\t\t\t\t\t\t<ul><li data-start=\"111\" data-end=\"177\"><p data-start=\"114\" data-end=\"177\">Two PTFE types: black (PTFE coating) and white (PTFE plastic)<\/p><\/li><li data-start=\"178\" data-end=\"236\"><p data-start=\"181\" data-end=\"236\">Coefficient of friction &lt; 0.1, second only to diamond<\/p><\/li><li data-start=\"237\" data-end=\"288\"><p data-start=\"240\" data-end=\"288\">Temperature resistance: works up to 240\u2013260 \u00b0C<\/p><\/li><li data-start=\"289\" data-end=\"362\"><p data-start=\"292\" data-end=\"362\">PTFE coating has no pinholes, ensuring excellent chemical resistance<\/p><\/li><li>\u00a0<\/li><\/ul>\t\t\t\t\t\t\t\t<\/div>\n\t\t\t\t<div class=\"elementor-element elementor-element-5454c818 elementor-widget elementor-widget-button\" data-id=\"5454c818\" data-element_type=\"widget\" data-e-type=\"widget\" data-widget_type=\"button.default\">\n\t\t\t\t\t\t\t\t\t\t<a class=\"elementor-button elementor-button-link elementor-size-sm\" href=\"#elementor-action%3Aaction%3Dpopup%3Aopen%26settings%3DeyJpZCI6IjIwMSIsInRvZ2dsZSI6ZmFsc2V9\">\n\t\t\t\t\t\t<span class=\"elementor-button-content-wrapper\">\n\t\t\t\t\t\t\t\t\t<span class=\"elementor-button-text\">Get An Instant Quotation Now<\/span>\n\t\t\t\t\t<\/span>\n\t\t\t\t\t<\/a>\n\t\t\t\t\t\t\t\t<\/div>\n\t\t\t\t\t<\/div>\n\t\t<\/div>\n\t\t\t\t\t<\/div>\n\t\t<\/section>\n\t\t\t\t<section class=\"elementor-section elementor-top-section elementor-element elementor-element-35ba9436 elementor-section-boxed elementor-section-height-default elementor-section-height-default\" data-id=\"35ba9436\" data-element_type=\"section\" data-e-type=\"section\" data-settings=\"{&quot;background_background&quot;:&quot;classic&quot;}\">\n\t\t\t\t\t\t<div class=\"elementor-container elementor-column-gap-default\">\n\t\t\t\t\t<div class=\"elementor-column elementor-col-50 elementor-top-column elementor-element elementor-element-3a7720e7\" data-id=\"3a7720e7\" data-element_type=\"column\" data-e-type=\"column\">\n\t\t\t<div class=\"elementor-widget-wrap elementor-element-populated\">\n\t\t\t\t\t\t<div class=\"elementor-element elementor-element-7f8ef07 elementor-widget elementor-widget-text-editor\" data-id=\"7f8ef07\" data-element_type=\"widget\" data-e-type=\"widget\" data-widget_type=\"text-editor.default\">\n\t\t\t\t\t\t\t\t\t<h2>Teflon coated magnets\u00a0<\/h2><p>Teflon coated magnets are powerful magnets that have been coated with a layer of Teflon, a synthetic polymer known for its non-stick and high-temperature resistant properties. This coating provides excellent resistance to corrosion and chemicals, making these magnets suitable for use in harsh environments such as automotive, medical, and electronics industries. Teflon coated magnets are also highly durable and have good impact resistance, making them ideal for a wide range of applications, including medical equipment, sensors, motors, and magnetic separators.<\/p>\t\t\t\t\t\t\t\t<\/div>\n\t\t\t\t<div class=\"elementor-element elementor-element-a95c665 elementor-widget elementor-widget-image\" data-id=\"a95c665\" data-element_type=\"widget\" data-e-type=\"widget\" data-widget_type=\"image.default\">\n\t\t\t\t\t\t\t\t\t\t\t\t\t\t\t<img decoding=\"async\" width=\"538\" height=\"538\" src=\"https:\/\/osenc.com\/wp-content\/uploads\/2023\/04\/Teflon-coating-magnet.jpg\" class=\"attachment-large size-large wp-image-4010\" alt=\"\" srcset=\"https:\/\/osenc.com\/wp-content\/uploads\/2023\/04\/Teflon-coating-magnet.jpg 538w, https:\/\/osenc.com\/wp-content\/uploads\/2023\/04\/Teflon-coating-magnet-300x300.jpg 300w, https:\/\/osenc.com\/wp-content\/uploads\/2023\/04\/Teflon-coating-magnet-150x150.jpg 150w, https:\/\/osenc.com\/wp-content\/uploads\/2023\/04\/elementor\/thumbs\/Teflon-coating-magnet-q56psw4qn4qq3fzn7m4q9tw043rei23bjubzr0y1l4.jpg 500w\" sizes=\"(max-width: 538px) 100vw, 538px\" \/>\t\t\t\t\t\t\t\t\t\t\t\t\t\t\t<\/div>\n\t\t\t\t<div class=\"elementor-element elementor-element-ba8eccd elementor-widget elementor-widget-image\" data-id=\"ba8eccd\" data-element_type=\"widget\" data-e-type=\"widget\" data-widget_type=\"image.default\">\n\t\t\t\t\t\t\t\t\t\t\t\t\t\t\t<img fetchpriority=\"high\" decoding=\"async\" width=\"800\" height=\"800\" src=\"https:\/\/osenc.com\/wp-content\/uploads\/2023\/03\/10002.jpg\" class=\"attachment-large size-large wp-image-3658\" alt=\"Teflon coated magnets\" srcset=\"https:\/\/osenc.com\/wp-content\/uploads\/2023\/03\/10002.jpg 800w, https:\/\/osenc.com\/wp-content\/uploads\/2023\/03\/10002-300x300.jpg 300w, https:\/\/osenc.com\/wp-content\/uploads\/2023\/03\/10002-150x150.jpg 150w, https:\/\/osenc.com\/wp-content\/uploads\/2023\/03\/10002-768x768.jpg 768w, https:\/\/osenc.com\/wp-content\/uploads\/2023\/03\/elementor\/thumbs\/10002-q2wrxf7ycb5ek2u261e69vxq7vppzdfsd2h6va0z9k.jpg 500w\" sizes=\"(max-width: 800px) 100vw, 800px\" \/>\t\t\t\t\t\t\t\t\t\t\t\t\t\t\t<\/div>\n\t\t\t\t<div class=\"elementor-element elementor-element-627cd71 elementor-widget elementor-widget-text-editor\" data-id=\"627cd71\" data-element_type=\"widget\" data-e-type=\"widget\" data-widget_type=\"text-editor.default\">\n\t\t\t\t\t\t\t\t\t<h2>2 types of Teflon<\/h2><p>PTFE coating + Magnet\u00a0 (In\u00a0 regular that is black)<\/p><p>PTFE\u00a0 plastic + Magnet (In\u00a0 regular that is white)<\/p><p>We call it black PTFE magnet and white\u00a0<span style=\"background-color: var(--ast-global-color-4); color: var(--ast-global-color-3); font-size: 1rem;\">PTFE<\/span><span style=\"background-color: var(--ast-global-color-4); color: var(--ast-global-color-3); font-size: 1rem;\">\u00a0<\/span><span style=\"font-style: inherit; font-weight: inherit; background-color: var(--ast-global-color-4); color: var(--ast-global-color-3);\">magnet<\/span><\/p><h2>What is PTFE?<\/h2><p><span style=\"background-color: var(--ast-global-color-4); color: var(--ast-global-color-3); font-size: 1rem;\">Teflon <\/span>coating, also known as PTFE\u00a0<span style=\"font-style: inherit; font-weight: inherit; background-color: var(--ast-global-color-4); color: var(--ast-global-color-3);\">, or\u00a0<\/span><span style=\"font-size: 1rem; font-style: inherit; font-weight: inherit; color: var(--ast-global-color-3); background-color: var(--ast-global-color-4);\">Polytetrafluoroethylene<\/span><span style=\"font-style: inherit; font-weight: inherit; color: var(--ast-global-color-3); background-color: var(--ast-global-color-4);\">\u00a0(commonly known as &#8220;the King of Plastic&#8221;). It is a synthetic fluoropolymer discovered by <a href=\"https:\/\/en.wikipedia.org\/wiki\/Roy_J._Plunkett\" target=\"_blank\" rel=\"noopener\">Roy Plunkett<\/a>.<\/span><\/p><p>Teflon is a fluorocarbon-based polymer with multiple strong carbon-fluorine bonds. This feature makes it highly resistant to a variety of substances. For most regular consumers, Teflon is famous for its most common application on non-stick pans and other cookware.<\/p><p>Actually, thanks to the strength of the carbon-fluorine bonds, Teflon coatings are also widely used in containers\uff0cfluid agitation testing, and piping systems for reactive or corrosive chemicals<\/p><h2>Advantages Of Teflon Coated Neodymium Magnets<\/h2><h3>PTFE is non-stick<\/h3><p>Therefore, it can make PTFE-coated magnets easy to clean, and less likely for pollutants to accumulate on their surfaces. This coating is a good choice if keeping the magnets clean is an important consideration for you.<\/p><p><img decoding=\"async\" class=\"aligncenter wp-image-2436 size-full\" src=\"https:\/\/osenc.com\/wp-content\/uploads\/2023\/01\/Teflon-magnet.png\" alt=\"Teflon magnet\" width=\"600\" height=\"400\" srcset=\"https:\/\/osenc.com\/wp-content\/uploads\/2023\/01\/Teflon-magnet.png 600w, https:\/\/osenc.com\/wp-content\/uploads\/2023\/01\/Teflon-magnet-300x200.png 300w\" sizes=\"(max-width: 600px) 100vw, 600px\" \/><\/p><h3>Low coefficient of friction<\/h3><p>The coefficient of friction of PTFE coating is less than 0.1, which is only behind the diamond. This is an important feature to consider if your application will require the magnets to have smoothness to a certain extent.<\/p><h3>Water resistance<\/h3><p>The surfaces of <a href=\"https:\/\/osenc.com\/neodymium-magnets\/\">neodymium magnets<\/a> with PTFE coating will be shielded from water and many other liquids. Even during production, it is also difficult for them to be contaminated by various solutions, even the lubricants for machines. If there is dirt on their surface, you can clean them by gentle swiping.<\/p><p><img loading=\"lazy\" decoding=\"async\" class=\"aligncenter wp-image-2437 size-full\" src=\"https:\/\/osenc.com\/wp-content\/uploads\/2023\/01\/PTFE-Coating.png\" alt=\"PTFE Coating\" width=\"600\" height=\"340\" srcset=\"https:\/\/osenc.com\/wp-content\/uploads\/2023\/01\/PTFE-Coating.png 600w, https:\/\/osenc.com\/wp-content\/uploads\/2023\/01\/PTFE-Coating-300x170.png 300w\" sizes=\"(max-width: 600px) 100vw, 600px\" \/><\/p><h3>Temperature resistance<\/h3><p>PTFE coating can work properly within a wide range of temperatures, usually up to 240 \u00b0C \u2013 260 \u00b0C without any problem. This is much higher than the working temperatures of neodymium magnets themselves. It will be an ideal solution if your applications will be under high-temperature conditions.<\/p><h3>Wear resistance<\/h3><p>A surface coated with PTFE will have excellent resistance against tear and wear. Just imagine how many times you will use non-stick cookware to make food. The non-stick coating will still last for years. Consider this coating if the durability of the coating is important for your applications.<\/p><h3>Shockproof<\/h3><p>PTFE is a highly durable plastic material with exceptional shockproof performance. It is widely used in various industries, including electronics, automotive, and aerospace, due to its excellent thermal and chemical resistance, low friction, and long-term stability.<\/p><p><img loading=\"lazy\" decoding=\"async\" class=\"wp-image-3659 size-medium aligncenter\" src=\"https:\/\/osenc.com\/wp-content\/uploads\/2023\/03\/10001-300x300.jpg\" alt=\"\" width=\"300\" height=\"300\" srcset=\"https:\/\/osenc.com\/wp-content\/uploads\/2023\/03\/10001-300x300.jpg 300w, https:\/\/osenc.com\/wp-content\/uploads\/2023\/03\/10001-150x150.jpg 150w, https:\/\/osenc.com\/wp-content\/uploads\/2023\/03\/10001-768x768.jpg 768w, https:\/\/osenc.com\/wp-content\/uploads\/2023\/03\/10001.jpg 800w\" sizes=\"(max-width: 300px) 100vw, 300px\" \/><\/p><h3>Chemical resistance<\/h3><p>Some other types of coating seem to completely cover the neodymium magnets inside at the first glance. However, technically speaking, this is not true. For example, for the coating of natural rubber, there are very small pinholes, which are not visible to the naked eye. Therefore, the neodymium magnets will have a faster gradual degradation.<br \/>However, PTFE coating won\u2019t have this issue. It doesn\u2019t have pinholes, so it has much more excellent resistance to acid and alkaline pollutants. Therefore, it can assure a longer life span for the neodymium magnets inside.<\/p>\t\t\t\t\t\t\t\t<\/div>\n\t\t\t\t<div class=\"elementor-element elementor-element-39ffa31b elementor-widget elementor-widget-button\" data-id=\"39ffa31b\" data-element_type=\"widget\" data-e-type=\"widget\" data-widget_type=\"button.default\">\n\t\t\t\t\t\t\t\t\t\t<a class=\"elementor-button elementor-button-link elementor-size-sm\" href=\"#elementor-action%3Aaction%3Dpopup%3Aopen%26settings%3DeyJpZCI6IjIwMSIsInRvZ2dsZSI6ZmFsc2V9\">\n\t\t\t\t\t\t<span class=\"elementor-button-content-wrapper\">\n\t\t\t\t\t\t\t\t\t<span class=\"elementor-button-text\">Contact Osenc Now<\/span>\n\t\t\t\t\t<\/span>\n\t\t\t\t\t<\/a>\n\t\t\t\t\t\t\t\t<\/div>\n\t\t\t\t\t<\/div>\n\t\t<\/div>\n\t\t\t\t<div class=\"elementor-column elementor-col-50 elementor-top-column elementor-element elementor-element-7e314355\" data-id=\"7e314355\" data-element_type=\"column\" data-e-type=\"column\">\n\t\t\t<div class=\"elementor-widget-wrap elementor-element-populated\">\n\t\t\t\t\t\t<div class=\"elementor-element elementor-element-1ef29439 elementor-toc--minimized-on-tablet elementor-widget elementor-widget-table-of-contents\" data-id=\"1ef29439\" data-element_type=\"widget\" data-e-type=\"widget\" data-settings=\"{&quot;exclude_headings_by_selector&quot;:[],&quot;no_headings_message&quot;:&quot;No headings were found on this page.&quot;,&quot;headings_by_tags&quot;:[&quot;h2&quot;,&quot;h3&quot;,&quot;h4&quot;,&quot;h5&quot;,&quot;h6&quot;],&quot;marker_view&quot;:&quot;numbers&quot;,&quot;minimize_box&quot;:&quot;yes&quot;,&quot;minimized_on&quot;:&quot;tablet&quot;,&quot;hierarchical_view&quot;:&quot;yes&quot;,&quot;min_height&quot;:{&quot;unit&quot;:&quot;px&quot;,&quot;size&quot;:&quot;&quot;,&quot;sizes&quot;:[]},&quot;min_height_tablet&quot;:{&quot;unit&quot;:&quot;px&quot;,&quot;size&quot;:&quot;&quot;,&quot;sizes&quot;:[]},&quot;min_height_mobile&quot;:{&quot;unit&quot;:&quot;px&quot;,&quot;size&quot;:&quot;&quot;,&quot;sizes&quot;:[]}}\" data-widget_type=\"table-of-contents.default\">\n\t\t\t\t\t\t\t\t\t<div class=\"elementor-toc__header\">\n\t\t\t\t\t\t<h4 class=\"elementor-toc__header-title\">\n\t\t\t\tTable of Contents\t\t\t<\/h4>\n\t\t\t\t\t\t\t\t\t\t<div class=\"elementor-toc__toggle-button elementor-toc__toggle-button--expand\" role=\"button\" tabindex=\"0\" aria-controls=\"elementor-toc__1ef29439\" aria-expanded=\"true\" aria-label=\"Inhaltsverzeichnis \u00f6ffnen\"><svg aria-hidden=\"true\" class=\"e-font-icon-svg e-fas-chevron-down\" viewBox=\"0 0 448 512\" xmlns=\"http:\/\/www.w3.org\/2000\/svg\"><path d=\"M207.029 381.476L12.686 187.132c-9.373-9.373-9.373-24.569 0-33.941l22.667-22.667c9.357-9.357 24.522-9.375 33.901-.04L224 284.505l154.745-154.021c9.379-9.335 24.544-9.317 33.901.04l22.667 22.667c9.373 9.373 9.373 24.569 0 33.941L240.971 381.476c-9.373 9.372-24.569 9.372-33.942 0z\"><\/path><\/svg><\/div>\n\t\t\t\t<div class=\"elementor-toc__toggle-button elementor-toc__toggle-button--collapse\" role=\"button\" tabindex=\"0\" aria-controls=\"elementor-toc__1ef29439\" aria-expanded=\"true\" aria-label=\"Inhaltsverzeichnis schlie\u00dfen\"><svg aria-hidden=\"true\" class=\"e-font-icon-svg e-fas-chevron-up\" viewBox=\"0 0 448 512\" xmlns=\"http:\/\/www.w3.org\/2000\/svg\"><path d=\"M240.971 130.524l194.343 194.343c9.373 9.373 9.373 24.569 0 33.941l-22.667 22.667c-9.357 9.357-24.522 9.375-33.901.04L224 227.495 69.255 381.516c-9.379 9.335-24.544 9.317-33.901-.04l-22.667-22.667c-9.373-9.373-9.373-24.569 0-33.941L207.03 130.525c9.372-9.373 24.568-9.373 33.941-.001z\"><\/path><\/svg><\/div>\n\t\t\t\t\t<\/div>\n\t\t\t\t<div id=\"elementor-toc__1ef29439\" class=\"elementor-toc__body\">\n\t\t\t<div class=\"elementor-toc__spinner-container\">\n\t\t\t\t<svg class=\"elementor-toc__spinner eicon-animation-spin e-font-icon-svg e-eicon-loading\" aria-hidden=\"true\" viewBox=\"0 0 1000 1000\" xmlns=\"http:\/\/www.w3.org\/2000\/svg\"><path d=\"M500 975V858C696 858 858 696 858 500S696 142 500 142 142 304 142 500H25C25 237 238 25 500 25S975 237 975 500 763 975 500 975Z\"><\/path><\/svg>\t\t\t<\/div>\n\t\t<\/div>\n\t\t\t\t\t\t<\/div>\n\t\t\t\t\t<\/div>\n\t\t<\/div>\n\t\t\t\t\t<\/div>\n\t\t<\/section>\n\t\t\t\t<\/div>\n\t\t","protected":false},"excerpt":{"rendered":"<p>Teflonbeschichtete Magnete Teflonbeschichtete Magnete Teflonbeschichtete Magnete Zwei PTFE-Typen: schwarz (PTFE-Beschichtung) und wei\u00df (PTFE-Kunststoff) Reibungskoeffizient &lt; 0,1, an zweiter Stelle nach Diamant Temperaturbest\u00e4ndigkeit: funktioniert bis zu 240-260 \u00b0C PTFE-Beschichtung hat keine Nadell\u00f6cher, was eine ausgezeichnete chemische Best\u00e4ndigkeit gew\u00e4hrleistet Holen Sie sich jetzt ein sofortiges Angebot Teflonbeschichtete Magnete...<\/p>","protected":false},"author":1,"featured_media":4231,"parent":0,"menu_order":24,"comment_status":"closed","ping_status":"closed","template":"","meta":{"_kad_blocks_custom_css":"","_kad_blocks_head_custom_js":"","_kad_blocks_body_custom_js":"","_kad_blocks_footer_custom_js":"","_kad_post_transparent":"","_kad_post_title":"","_kad_post_layout":"","_kad_post_sidebar_id":"","_kad_post_content_style":"","_kad_post_vertical_padding":"","_kad_post_feature":"","_kad_post_feature_position":"","_kad_post_header":false,"_kad_post_footer":false,"_kad_post_classname":"","footnotes":""},"class_list":["post-559","page","type-page","status-publish","has-post-thumbnail","hentry"],"taxonomy_info":[],"featured_image_src_large":["https:\/\/osenc.com\/wp-content\/uploads\/2023\/05\/Teflon-magnet.jpg",800,800,false],"author_info":{"display_name":"Ben Zhong","author_link":"https:\/\/osenc.com\/de\/author\/infoosenc-com\/"},"comment_info":"","_links":{"self":[{"href":"https:\/\/osenc.com\/de\/wp-json\/wp\/v2\/pages\/559","targetHints":{"allow":["GET"]}}],"collection":[{"href":"https:\/\/osenc.com\/de\/wp-json\/wp\/v2\/pages"}],"about":[{"href":"https:\/\/osenc.com\/de\/wp-json\/wp\/v2\/types\/page"}],"author":[{"embeddable":true,"href":"https:\/\/osenc.com\/de\/wp-json\/wp\/v2\/users\/1"}],"replies":[{"embeddable":true,"href":"https:\/\/osenc.com\/de\/wp-json\/wp\/v2\/comments?post=559"}],"version-history":[{"count":0,"href":"https:\/\/osenc.com\/de\/wp-json\/wp\/v2\/pages\/559\/revisions"}],"wp:featuredmedia":[{"embeddable":true,"href":"https:\/\/osenc.com\/de\/wp-json\/wp\/v2\/media\/4231"}],"wp:attachment":[{"href":"https:\/\/osenc.com\/de\/wp-json\/wp\/v2\/media?parent=559"}],"curies":[{"name":"wp","href":"https:\/\/api.w.org\/{rel}","templated":true}]}}