{"id":4975,"date":"2025-07-07T22:33:44","date_gmt":"2025-07-07T14:33:44","guid":{"rendered":"https:\/\/osenc.com\/?page_id=4975"},"modified":"2025-09-24T22:19:06","modified_gmt":"2025-09-24T14:19:06","slug":"blog","status":"publish","type":"page","link":"https:\/\/osenc.com\/de\/blog\/","title":{"rendered":"Blog"},"content":{"rendered":"<div data-elementor-type=\"wp-page\" data-elementor-id=\"4975\" class=\"elementor elementor-4975\" data-elementor-post-type=\"page\">\n\t\t\t\t\t\t<section class=\"elementor-section elementor-top-section elementor-element elementor-element-28cb4f35 elementor-section-height-min-height elementor-section-boxed elementor-section-height-default elementor-section-items-middle\" data-id=\"28cb4f35\" data-element_type=\"section\" data-e-type=\"section\" data-settings=\"{&quot;background_background&quot;:&quot;classic&quot;}\">\n\t\t\t\t\t\t\t<div class=\"elementor-background-overlay\"><\/div>\n\t\t\t\t\t\t\t<div class=\"elementor-container elementor-column-gap-default\">\n\t\t\t\t\t<div class=\"elementor-column elementor-col-100 elementor-top-column elementor-element elementor-element-419717d9\" data-id=\"419717d9\" data-element_type=\"column\" data-e-type=\"column\">\n\t\t\t<div class=\"elementor-widget-wrap elementor-element-populated\">\n\t\t\t\t\t\t\t<\/div>\n\t\t<\/div>\n\t\t\t\t\t<\/div>\n\t\t<\/section>\n\t\t\t\t<section class=\"elementor-section elementor-top-section elementor-element elementor-element-227d205b elementor-section-boxed elementor-section-height-default elementor-section-height-default\" data-id=\"227d205b\" data-element_type=\"section\" data-e-type=\"section\" data-settings=\"{&quot;background_background&quot;:&quot;classic&quot;}\">\n\t\t\t\t\t\t<div class=\"elementor-container elementor-column-gap-default\">\n\t\t\t\t\t<div class=\"elementor-column elementor-col-100 elementor-top-column elementor-element elementor-element-2703ca4d\" data-id=\"2703ca4d\" data-element_type=\"column\" data-e-type=\"column\">\n\t\t\t<div class=\"elementor-widget-wrap elementor-element-populated\">\n\t\t\t\t\t\t<div class=\"elementor-element elementor-element-60faf4a elementor-grid-3 elementor-grid-tablet-2 elementor-grid-mobile-1 elementor-posts--thumbnail-top elementor-card-shadow-yes elementor-posts__hover-gradient elementor-widget elementor-widget-posts\" data-id=\"60faf4a\" data-element_type=\"widget\" data-e-type=\"widget\" data-settings=\"{&quot;pagination_type&quot;:&quot;numbers_and_prev_next&quot;,&quot;cards_columns&quot;:&quot;3&quot;,&quot;cards_columns_tablet&quot;:&quot;2&quot;,&quot;cards_columns_mobile&quot;:&quot;1&quot;,&quot;cards_row_gap&quot;:{&quot;unit&quot;:&quot;px&quot;,&quot;size&quot;:35,&quot;sizes&quot;:[]},&quot;cards_row_gap_tablet&quot;:{&quot;unit&quot;:&quot;px&quot;,&quot;size&quot;:&quot;&quot;,&quot;sizes&quot;:[]},&quot;cards_row_gap_mobile&quot;:{&quot;unit&quot;:&quot;px&quot;,&quot;size&quot;:&quot;&quot;,&quot;sizes&quot;:[]}}\" data-widget_type=\"posts.cards\">\n\t\t\t\t<div class=\"elementor-widget-container\">\n\t\t\t\t\t\t\t<div class=\"elementor-posts-container elementor-posts elementor-posts--skin-cards elementor-grid\" role=\"list\">\n\t\t\t\t<article class=\"elementor-post elementor-grid-item post-7278 post type-post status-publish format-standard has-post-thumbnail hentry category-magnet\" role=\"listitem\">\n\t\t\t<div class=\"elementor-post__card\">\n\t\t\t\t<a class=\"elementor-post__thumbnail__link\" href=\"https:\/\/osenc.com\/de\/clarifying-amazons-iata-report-requirement-for-magnetic-products\/\" tabindex=\"-1\"><div class=\"elementor-post__thumbnail\"><img fetchpriority=\"high\" decoding=\"async\" width=\"300\" height=\"278\" src=\"https:\/\/osenc.com\/wp-content\/uploads\/2022\/11\/IATA-label-300x278.jpg\" class=\"attachment-medium size-medium wp-image-1631\" alt=\"IATA-Etikett\" srcset=\"https:\/\/osenc.com\/wp-content\/uploads\/2022\/11\/IATA-label-300x278.jpg 300w, https:\/\/osenc.com\/wp-content\/uploads\/2022\/11\/IATA-label.jpg 500w\" sizes=\"(max-width: 300px) 100vw, 300px\" \/><\/div><\/a>\n\t\t\t\t<div class=\"elementor-post__text\">\n\t\t\t\t<h3 class=\"elementor-post__title\">\n\t\t\t<a href=\"https:\/\/osenc.com\/de\/clarifying-amazons-iata-report-requirement-for-magnetic-products\/\">\n\t\t\t\tKl\u00e4rung der IATA-Berichtspflicht von Amazon f\u00fcr magnetische Produkte\t\t\t<\/a>\n\t\t<\/h3>\n\t\t\t\t<div class=\"elementor-post__excerpt\">\n\t\t\t<p>In letzter Zeit sind viele Amazon-Verk\u00e4ufer bei der \u00dcberpr\u00fcfung von \u201cmagnetischen Produkten\u201d auf Verwirrung gesto\u00dfen. Amazon verlangt oft einen magnetischen Pr\u00fcfbericht, der den IATA-Normen entspricht, und in einigen Pr\u00fcfvermerken wird ausdr\u00fccklich die Messung der magnetischen Feldst\u00e4rke (in Gau\u00df) erw\u00e4hnt<\/p>\n\t\t<\/div>\n\t\t\n\t\t<a class=\"elementor-post__read-more\" href=\"https:\/\/osenc.com\/de\/clarifying-amazons-iata-report-requirement-for-magnetic-products\/\" aria-label=\"Mehr \u00fcber Clarifying Amazon\u2019s IATA Report Requirement for Magnetic Products\" tabindex=\"-1\">\n\t\t\tMehr lesen \"\t\t<\/a>\n\n\t\t\t\t<\/div>\n\t\t\t\t<div class=\"elementor-post__meta-data\">\n\t\t\t\t\t<span class=\"elementor-post-date\">\n\t\t\t2026-02-27\t\t<\/span>\n\t\t\t\t<\/div>\n\t\t\t\t\t<\/div>\n\t\t<\/article>\n\t\t\t\t<article class=\"elementor-post elementor-grid-item post-1727 post type-post status-publish format-standard has-post-thumbnail hentry category-magnet\" role=\"listitem\">\n\t\t\t<div class=\"elementor-post__card\">\n\t\t\t\t<a class=\"elementor-post__thumbnail__link\" href=\"https:\/\/osenc.com\/de\/use-of-magnet\/\" tabindex=\"-1\"><div class=\"elementor-post__thumbnail\"><img decoding=\"async\" width=\"300\" height=\"215\" src=\"https:\/\/osenc.com\/wp-content\/uploads\/2023\/02\/HDD-300x215.jpg\" class=\"attachment-medium size-medium wp-image-3619\" alt=\"HDD\" srcset=\"https:\/\/osenc.com\/wp-content\/uploads\/2023\/02\/HDD-300x215.jpg 300w, https:\/\/osenc.com\/wp-content\/uploads\/2023\/02\/HDD.jpg 700w\" sizes=\"(max-width: 300px) 100vw, 300px\" \/><\/div><\/a>\n\t\t\t\t<div class=\"elementor-post__text\">\n\t\t\t\t<h3 class=\"elementor-post__title\">\n\t\t\t<a href=\"https:\/\/osenc.com\/de\/use-of-magnet\/\">\n\t\t\t\t10 Verwendungsm\u00f6glichkeiten von Magneten im Alltag (mit realen Beispielen)\t\t\t<\/a>\n\t\t<\/h3>\n\t\t\t\t<div class=\"elementor-post__excerpt\">\n\t\t\t<p>Magnete tauchen im Alltag h\u00e4ufiger auf, als den meisten Menschen bewusst ist. Sie sind der \u201cheimliche\u201d Grund daf\u00fcr, dass Ihr K\u00fchlschrank geschlossen bleibt, Ihre Kopfh\u00f6rer T\u00f6ne wiedergeben und Motoren in allen m\u00f6glichen Ger\u00e4ten, von Ventilatoren bis hin zu Waschmaschinen, laufen. Kurz gesagt: Die h\u00e4ufigsten Verwendungszwecke von<\/p>\n\t\t<\/div>\n\t\t\n\t\t<a class=\"elementor-post__read-more\" href=\"https:\/\/osenc.com\/de\/use-of-magnet\/\" aria-label=\"Mehr \u00fcber 10 Verwendungsm\u00f6glichkeiten von Magneten im t\u00e4glichen Leben (mit echten Beispielen)\" tabindex=\"-1\">\n\t\t\tMehr lesen \"\t\t<\/a>\n\n\t\t\t\t<\/div>\n\t\t\t\t<div class=\"elementor-post__meta-data\">\n\t\t\t\t\t<span class=\"elementor-post-date\">\n\t\t\t2026-02-13\t\t<\/span>\n\t\t\t\t<\/div>\n\t\t\t\t\t<\/div>\n\t\t<\/article>\n\t\t\t\t<article class=\"elementor-post elementor-grid-item post-1644 post type-post status-publish format-standard has-post-thumbnail hentry category-applcation\" role=\"listitem\">\n\t\t\t<div class=\"elementor-post__card\">\n\t\t\t\t<a class=\"elementor-post__thumbnail__link\" href=\"https:\/\/osenc.com\/de\/what-are-ring-magnets-used-for\/\" tabindex=\"-1\"><div class=\"elementor-post__thumbnail\"><img decoding=\"async\" width=\"300\" height=\"300\" src=\"https:\/\/osenc.com\/wp-content\/uploads\/2022\/11\/Ring-Magnet-300x300.jpg\" class=\"attachment-medium size-medium wp-image-1292\" alt=\"Ringmagnet\" srcset=\"https:\/\/osenc.com\/wp-content\/uploads\/2022\/11\/Ring-Magnet-300x300.jpg 300w, https:\/\/osenc.com\/wp-content\/uploads\/2022\/11\/Ring-Magnet-150x150.jpg 150w, https:\/\/osenc.com\/wp-content\/uploads\/2022\/11\/Ring-Magnet-768x768.jpg 768w, https:\/\/osenc.com\/wp-content\/uploads\/2022\/11\/Ring-Magnet.jpg 800w\" sizes=\"(max-width: 300px) 100vw, 300px\" \/><\/div><\/a>\n\t\t\t\t<div class=\"elementor-post__text\">\n\t\t\t\t<h3 class=\"elementor-post__title\">\n\t\t\t<a href=\"https:\/\/osenc.com\/de\/what-are-ring-magnets-used-for\/\">\n\t\t\t\tWas ist ein Ringmagnet (Donut-Magnet) und wie benutzt man ihn?\t\t\t<\/a>\n\t\t<\/h3>\n\t\t\t\t<div class=\"elementor-post__excerpt\">\n\t\t\t<p>Ein Ringmagnet (man spricht auch von \u201cDonut-Magnet\u201d, \u201cRingmagnet\u201d oder \u201cMagnetring\u201d) ist im Grunde ein scheibenf\u00f6rmiger Dauermagnet - au\u00dfen rund und mit einem Loch in der Mitte. Dieses Loch macht ihn so n\u00fctzlich: Sie k\u00f6nnen ihn<\/p>\n\t\t<\/div>\n\t\t\n\t\t<a class=\"elementor-post__read-more\" href=\"https:\/\/osenc.com\/de\/what-are-ring-magnets-used-for\/\" aria-label=\"Mehr \u00fcber What Is a Ring Magnet (Donut Magnet) &amp; How to Use It\" tabindex=\"-1\">\n\t\t\tMehr lesen \"\t\t<\/a>\n\n\t\t\t\t<\/div>\n\t\t\t\t<div class=\"elementor-post__meta-data\">\n\t\t\t\t\t<span class=\"elementor-post-date\">\n\t\t\t2026-01-19\t\t<\/span>\n\t\t\t\t<\/div>\n\t\t\t\t\t<\/div>\n\t\t<\/article>\n\t\t\t\t<article class=\"elementor-post elementor-grid-item post-1698 post type-post status-publish format-standard has-post-thumbnail hentry category-magnet\" role=\"listitem\">\n\t\t\t<div class=\"elementor-post__card\">\n\t\t\t\t<a class=\"elementor-post__thumbnail__link\" href=\"https:\/\/osenc.com\/de\/grades-of-magnets\/\" tabindex=\"-1\"><div class=\"elementor-post__thumbnail\"><img loading=\"lazy\" decoding=\"async\" width=\"300\" height=\"150\" src=\"https:\/\/osenc.com\/wp-content\/uploads\/2022\/11\/maximum-energy-300x150.webp\" class=\"attachment-medium size-medium wp-image-1707\" alt=\"maximale Energie\" srcset=\"https:\/\/osenc.com\/wp-content\/uploads\/2022\/11\/maximum-energy-300x150.webp 300w, https:\/\/osenc.com\/wp-content\/uploads\/2022\/11\/maximum-energy-1024x510.webp 1024w, https:\/\/osenc.com\/wp-content\/uploads\/2022\/11\/maximum-energy-768x383.webp 768w, https:\/\/osenc.com\/wp-content\/uploads\/2022\/11\/maximum-energy.webp 1304w\" sizes=\"(max-width: 300px) 100vw, 300px\" \/><\/div><\/a>\n\t\t\t\t<div class=\"elementor-post__text\">\n\t\t\t\t<h3 class=\"elementor-post__title\">\n\t\t\t<a href=\"https:\/\/osenc.com\/de\/grades-of-magnets\/\">\n\t\t\t\tMagnetklassen\t\t\t<\/a>\n\t\t<\/h3>\n\t\t\t\t<div class=\"elementor-post__excerpt\">\n\t\t\t<p>Magnete gibt es in verschiedenen Qualit\u00e4ten, insbesondere Neodym-Magnete (NdFeB). Der Begriff \u201cMagnetsorte\u201d bezieht sich in der Regel auf das (BH)max oder maximale Energieprodukt des Materials, das ein Schl\u00fcsselwert f\u00fcr den Vergleich der St\u00e4rke von Neodym-Magnetsorten ist. W\u00e4hrend Magnetsorten<\/p>\n\t\t<\/div>\n\t\t\n\t\t<a class=\"elementor-post__read-more\" href=\"https:\/\/osenc.com\/de\/grades-of-magnets\/\" aria-label=\"Mehr \u00fcber Grades of Magnets\" tabindex=\"-1\">\n\t\t\tMehr lesen \"\t\t<\/a>\n\n\t\t\t\t<\/div>\n\t\t\t\t<div class=\"elementor-post__meta-data\">\n\t\t\t\t\t<span class=\"elementor-post-date\">\n\t\t\t2026-01-14\t\t<\/span>\n\t\t\t\t<\/div>\n\t\t\t\t\t<\/div>\n\t\t<\/article>\n\t\t\t\t<article class=\"elementor-post elementor-grid-item post-1600 post type-post status-publish format-standard hentry category-applcation\" role=\"listitem\">\n\t\t\t<div class=\"elementor-post__card\">\n\t\t\t\t<div class=\"elementor-post__text\">\n\t\t\t\t<h3 class=\"elementor-post__title\">\n\t\t\t<a href=\"https:\/\/osenc.com\/de\/speaker-and-speaker-magnet\/\">\n\t\t\t\tWie verwenden Redner Magnete?\t\t\t<\/a>\n\t\t<\/h3>\n\t\t\t\t<div class=\"elementor-post__excerpt\">\n\t\t\t<p>Wie verwenden Lautsprecher Magnete? F\u00fcr mich sind Magnete das Herzst\u00fcck eines jeden Lautsprechers. Sie helfen dabei, elektrische Signale in die T\u00f6ne zu verwandeln, die ich jeden Tag h\u00f6re. Drei Hauptteile arbeiten zusammen: der Permanentmagnet, die Schwingspule (ein Elektromagnet) und<\/p>\n\t\t<\/div>\n\t\t\n\t\t<a class=\"elementor-post__read-more\" href=\"https:\/\/osenc.com\/de\/speaker-and-speaker-magnet\/\" aria-label=\"Mehr \u00fcber How Do Speakers Use Magnets\" tabindex=\"-1\">\n\t\t\tMehr lesen \"\t\t<\/a>\n\n\t\t\t\t<\/div>\n\t\t\t\t<div class=\"elementor-post__meta-data\">\n\t\t\t\t\t<span class=\"elementor-post-date\">\n\t\t\t2026-01-13\t\t<\/span>\n\t\t\t\t<\/div>\n\t\t\t\t\t<\/div>\n\t\t<\/article>\n\t\t\t\t<article class=\"elementor-post elementor-grid-item post-1636 post type-post status-publish format-standard has-post-thumbnail hentry category-applcation\" role=\"listitem\">\n\t\t\t<div class=\"elementor-post__card\">\n\t\t\t\t<a class=\"elementor-post__thumbnail__link\" href=\"https:\/\/osenc.com\/de\/separate-magnet\/\" tabindex=\"-1\"><div class=\"elementor-post__thumbnail\"><img loading=\"lazy\" decoding=\"async\" width=\"300\" height=\"169\" src=\"https:\/\/osenc.com\/wp-content\/uploads\/2022\/11\/separate-big-magnet-300x169.jpg\" class=\"attachment-medium size-medium wp-image-1637\" alt=\"separater gro\u00dfer Magnet\" srcset=\"https:\/\/osenc.com\/wp-content\/uploads\/2022\/11\/separate-big-magnet-300x169.jpg 300w, https:\/\/osenc.com\/wp-content\/uploads\/2022\/11\/separate-big-magnet.jpg 500w\" sizes=\"(max-width: 300px) 100vw, 300px\" \/><\/div><\/a>\n\t\t\t\t<div class=\"elementor-post__text\">\n\t\t\t\t<h3 class=\"elementor-post__title\">\n\t\t\t<a href=\"https:\/\/osenc.com\/de\/separate-magnet\/\">\n\t\t\t\tWie man festsitzende Magnete trennt (stark\/klein)\t\t\t<\/a>\n\t\t<\/h3>\n\t\t\t\t<div class=\"elementor-post__excerpt\">\n\t\t\t<p>Magnetfelder sind starke Kr\u00e4fte, die in der Wissenschaft, der Industrie und im t\u00e4glichen Leben zum Einsatz kommen. Wenn sie jedoch aneinander haften, lassen sie sich aufgrund ihrer St\u00e4rke nur schwer voneinander trennen. Dabei spielt es keine Rolle, ob Sie kleine Magnete oder schwere Neodym-Magnete haben,<\/p>\n\t\t<\/div>\n\t\t\n\t\t<a class=\"elementor-post__read-more\" href=\"https:\/\/osenc.com\/de\/separate-magnet\/\" aria-label=\"Mehr \u00fcber Wie man festsitzende Magnete trennt (stark\/klein)\" tabindex=\"-1\">\n\t\t\tMehr lesen \"\t\t<\/a>\n\n\t\t\t\t<\/div>\n\t\t\t\t<div class=\"elementor-post__meta-data\">\n\t\t\t\t\t<span class=\"elementor-post-date\">\n\t\t\t2026-01-03\t\t<\/span>\n\t\t\t\t<\/div>\n\t\t\t\t\t<\/div>\n\t\t<\/article>\n\t\t\t\t<\/div>\n\t\t\n\t\t\t\t<div class=\"e-load-more-anchor\" data-page=\"1\" data-max-page=\"9\" data-next-page=\"https:\/\/osenc.com\/de\/wp-json\/wp\/v2\/pages\/4975\/page\/2\/\"><\/div>\n\t\t\t\t<nav class=\"elementor-pagination\" aria-label=\"Seitennummerierung\">\n\t\t\t<span class=\"page-numbers prev\">\" Vorherige<\/span>\n<span aria-current=\"page\" class=\"page-numbers current\"><span class=\"elementor-screen-only\">Seite<\/span>1<\/span>\n<a class=\"page-numbers\" href=\"https:\/\/osenc.com\/de\/wp-json\/wp\/v2\/pages\/4975\/page\/2\/\"><span class=\"elementor-screen-only\">Seite<\/span>2<\/a>\n<a class=\"page-numbers\" href=\"https:\/\/osenc.com\/de\/wp-json\/wp\/v2\/pages\/4975\/page\/3\/\"><span class=\"elementor-screen-only\">Seite<\/span>3<\/a>\n<a class=\"page-numbers\" href=\"https:\/\/osenc.com\/de\/wp-json\/wp\/v2\/pages\/4975\/page\/4\/\"><span class=\"elementor-screen-only\">Seite<\/span>4<\/a>\n<a class=\"page-numbers\" href=\"https:\/\/osenc.com\/de\/wp-json\/wp\/v2\/pages\/4975\/page\/5\/\"><span class=\"elementor-screen-only\">Seite<\/span>5<\/a>\n<a class=\"page-numbers next\" href=\"https:\/\/osenc.com\/de\/wp-json\/wp\/v2\/pages\/4975\/page\/2\/\">N\u00e4chste \"<\/a>\t\t<\/nav>\n\t\t\t\t\t\t<\/div>\n\t\t\t\t<\/div>\n\t\t\t\t\t<\/div>\n\t\t<\/div>\n\t\t\t\t\t<\/div>\n\t\t<\/section>\n\t\t\t\t<\/div>","protected":false},"excerpt":{"rendered":"","protected":false},"author":14,"featured_media":0,"parent":0,"menu_order":0,"comment_status":"closed","ping_status":"closed","template":"","meta":{"_kad_blocks_custom_css":"","_kad_blocks_head_custom_js":"","_kad_blocks_body_custom_js":"","_kad_blocks_footer_custom_js":"","_kad_post_transparent":"","_kad_post_title":"","_kad_post_layout":"","_kad_post_sidebar_id":"","_kad_post_content_style":"","_kad_post_vertical_padding":"","_kad_post_feature":"","_kad_post_feature_position":"","_kad_post_header":false,"_kad_post_footer":false,"_kad_post_classname":"","footnotes":""},"class_list":["post-4975","page","type-page","status-publish","hentry"],"taxonomy_info":[],"featured_image_src_large":false,"author_info":{"display_name":"Wade","author_link":"https:\/\/osenc.com\/de\/author\/wade\/"},"comment_info":"","_links":{"self":[{"href":"https:\/\/osenc.com\/de\/wp-json\/wp\/v2\/pages\/4975","targetHints":{"allow":["GET"]}}],"collection":[{"href":"https:\/\/osenc.com\/de\/wp-json\/wp\/v2\/pages"}],"about":[{"href":"https:\/\/osenc.com\/de\/wp-json\/wp\/v2\/types\/page"}],"author":[{"embeddable":true,"href":"https:\/\/osenc.com\/de\/wp-json\/wp\/v2\/users\/14"}],"replies":[{"embeddable":true,"href":"https:\/\/osenc.com\/de\/wp-json\/wp\/v2\/comments?post=4975"}],"version-history":[{"count":0,"href":"https:\/\/osenc.com\/de\/wp-json\/wp\/v2\/pages\/4975\/revisions"}],"wp:attachment":[{"href":"https:\/\/osenc.com\/de\/wp-json\/wp\/v2\/media?parent=4975"}],"curies":[{"name":"wp","href":"https:\/\/api.w.org\/{rel}","templated":true}]}}