{"id":4169,"date":"2023-04-27T11:02:40","date_gmt":"2023-04-27T03:02:40","guid":{"rendered":"https:\/\/osenc.com\/?page_id=4169"},"modified":"2025-08-19T20:01:05","modified_gmt":"2025-08-19T12:01:05","slug":"small-neodymium-magnets","status":"publish","type":"page","link":"https:\/\/osenc.com\/de\/small-neodymium-magnets\/","title":{"rendered":"Kleine Neodym-Magnete"},"content":{"rendered":"\t\t<div data-elementor-type=\"wp-page\" data-elementor-id=\"4169\" class=\"elementor elementor-4169\" data-elementor-post-type=\"page\">\n\t\t\t\t\t\t<section class=\"elementor-section elementor-top-section elementor-element elementor-element-3798963 elementor-section-boxed elementor-section-height-default elementor-section-height-default\" data-id=\"3798963\" data-element_type=\"section\" data-e-type=\"section\">\n\t\t\t\t\t\t<div class=\"elementor-container elementor-column-gap-default\">\n\t\t\t\t\t<div class=\"elementor-column elementor-col-100 elementor-top-column elementor-element elementor-element-dcda1f5\" data-id=\"dcda1f5\" data-element_type=\"column\" data-e-type=\"column\">\n\t\t\t<div class=\"elementor-widget-wrap elementor-element-populated\">\n\t\t\t\t\t\t<div class=\"elementor-element elementor-element-4311797 elementor-widget elementor-widget-spacer\" data-id=\"4311797\" data-element_type=\"widget\" data-e-type=\"widget\" data-widget_type=\"spacer.default\">\n\t\t\t\t\t\t\t<div class=\"elementor-spacer\">\n\t\t\t<div class=\"elementor-spacer-inner\"><\/div>\n\t\t<\/div>\n\t\t\t\t\t\t<\/div>\n\t\t\t\t\t<\/div>\n\t\t<\/div>\n\t\t\t\t\t<\/div>\n\t\t<\/section>\n\t\t\t\t<section class=\"elementor-section elementor-top-section elementor-element elementor-element-36b6d11a elementor-section-boxed elementor-section-height-default elementor-section-height-default\" data-id=\"36b6d11a\" data-element_type=\"section\" data-e-type=\"section\">\n\t\t\t\t\t\t<div class=\"elementor-container elementor-column-gap-default\">\n\t\t\t\t\t<div class=\"elementor-column elementor-col-50 elementor-top-column elementor-element elementor-element-5ed6f68b\" data-id=\"5ed6f68b\" data-element_type=\"column\" data-e-type=\"column\">\n\t\t\t<div class=\"elementor-widget-wrap elementor-element-populated\">\n\t\t\t\t\t\t<div class=\"elementor-element elementor-element-1129d83d elementor-widget elementor-widget-image\" data-id=\"1129d83d\" data-element_type=\"widget\" data-e-type=\"widget\" data-widget_type=\"image.default\">\n\t\t\t\t\t\t\t\t\t\t\t\t\t\t\t<img fetchpriority=\"high\" decoding=\"async\" width=\"700\" height=\"700\" src=\"https:\/\/osenc.com\/wp-content\/uploads\/2023\/04\/IMG_844881.jpg\" class=\"attachment-large size-large wp-image-4176\" alt=\"Small\/Tiny Neodymium Magnets\" srcset=\"https:\/\/osenc.com\/wp-content\/uploads\/2023\/04\/IMG_844881.jpg 700w, https:\/\/osenc.com\/wp-content\/uploads\/2023\/04\/IMG_844881-300x300.jpg 300w, https:\/\/osenc.com\/wp-content\/uploads\/2023\/04\/IMG_844881-150x150.jpg 150w\" sizes=\"(max-width: 700px) 100vw, 700px\" \/>\t\t\t\t\t\t\t\t\t\t\t\t\t\t\t<\/div>\n\t\t\t\t\t<\/div>\n\t\t<\/div>\n\t\t\t\t<div class=\"elementor-column elementor-col-50 elementor-top-column elementor-element elementor-element-44be4e9c\" data-id=\"44be4e9c\" data-element_type=\"column\" data-e-type=\"column\">\n\t\t\t<div class=\"elementor-widget-wrap elementor-element-populated\">\n\t\t\t\t\t\t<div class=\"elementor-element elementor-element-5bf3737c elementor-widget elementor-widget-heading\" data-id=\"5bf3737c\" data-element_type=\"widget\" data-e-type=\"widget\" data-widget_type=\"heading.default\">\n\t\t\t\t\t<h1 class=\"elementor-heading-title elementor-size-default\">Small\/Tiny Neodymium Magnets<\/h1>\t\t\t\t<\/div>\n\t\t\t\t<div class=\"elementor-element elementor-element-9768a35 elementor-widget elementor-widget-text-editor\" data-id=\"9768a35\" data-element_type=\"widget\" data-e-type=\"widget\" data-widget_type=\"text-editor.default\">\n\t\t\t\t\t\t\t\t\t<ul><li data-start=\"127\" data-end=\"169\"><p data-start=\"130\" data-end=\"169\">Small magnets: largest side 0.8\u201315 mm<\/p><\/li><li data-start=\"170\" data-end=\"214\"><p data-start=\"173\" data-end=\"214\">Tiny magnets: smallest side 0.2\u20130.79 mm<\/p><\/li><li data-start=\"215\" data-end=\"274\"><p data-start=\"218\" data-end=\"274\">Best-selling type: N series conventional small magnets<\/p><\/li><li data-start=\"275\" data-end=\"346\"><p data-start=\"278\" data-end=\"346\">Applications: electronics, medical, industrial, jewelry, education<\/p><\/li><\/ul>\t\t\t\t\t\t\t\t<\/div>\n\t\t\t\t<div class=\"elementor-element elementor-element-43bcdb38 elementor-widget elementor-widget-button\" data-id=\"43bcdb38\" data-element_type=\"widget\" data-e-type=\"widget\" data-widget_type=\"button.default\">\n\t\t\t\t\t\t\t\t\t\t<a class=\"elementor-button elementor-button-link elementor-size-sm\" href=\"#elementor-action%3Aaction%3Dpopup%3Aopen%26settings%3DeyJpZCI6IjIwMSIsInRvZ2dsZSI6ZmFsc2V9\">\n\t\t\t\t\t\t<span class=\"elementor-button-content-wrapper\">\n\t\t\t\t\t\t\t\t\t<span class=\"elementor-button-text\">Get An Instant Quotation Now<\/span>\n\t\t\t\t\t<\/span>\n\t\t\t\t\t<\/a>\n\t\t\t\t\t\t\t\t<\/div>\n\t\t\t\t\t<\/div>\n\t\t<\/div>\n\t\t\t\t\t<\/div>\n\t\t<\/section>\n\t\t\t\t<section class=\"elementor-section elementor-top-section elementor-element elementor-element-7ced35bd elementor-section-boxed elementor-section-height-default elementor-section-height-default\" data-id=\"7ced35bd\" data-element_type=\"section\" data-e-type=\"section\" data-settings=\"{&quot;background_background&quot;:&quot;classic&quot;}\">\n\t\t\t\t\t\t<div class=\"elementor-container elementor-column-gap-default\">\n\t\t\t\t\t<div class=\"elementor-column elementor-col-50 elementor-top-column elementor-element elementor-element-770b719\" data-id=\"770b719\" data-element_type=\"column\" data-e-type=\"column\">\n\t\t\t<div class=\"elementor-widget-wrap elementor-element-populated\">\n\t\t\t\t\t\t<div class=\"elementor-element elementor-element-df97f0e elementor-widget elementor-widget-text-editor\" data-id=\"df97f0e\" data-element_type=\"widget\" data-e-type=\"widget\" data-widget_type=\"text-editor.default\">\n\t\t\t\t\t\t\t\t\t<h2>What is the Small\/Tiny Neodymium Magnets?<\/h2><p>It&#8217;s a vague concept.<br \/>But for Osenc, the magnet with the largest side being 0.8mm-15mm is a small magnet.<br \/>On the contrary, there is also tiny magnetism\uff1a the smallest side is 0.2-0.79mm magnet.<br \/>But no matter how you define it. One thing is certain is that small magnets are the biggest sellers.<br \/>Especially the N series of conventional small magnets, which many magnet factories have stocked all year round.<\/p><p>If you want very very tiny magnets, don&#8217;t hestiate to visit the <a href=\"https:\/\/osenc.com\/micro-magnets\/\">micro magnets<\/a>.<\/p>\t\t\t\t\t\t\t\t<\/div>\n\t\t\t\t<div class=\"elementor-element elementor-element-87d0e27 elementor-widget elementor-widget-text-editor\" data-id=\"87d0e27\" data-element_type=\"widget\" data-e-type=\"widget\" data-widget_type=\"text-editor.default\">\n\t\t\t\t\t\t\t\t\t<h2>What does small magnets use for?<\/h2><p><strong>Electronics<\/strong>: They are used in various electronic devices such as Smart Wearable Device Magnets, headphones, and speakers.<\/p><p><strong>Medical equipment<\/strong>: Neodymium magnets are used in medical equipment such as <a href=\"https:\/\/www.medicaldesignandoutsourcing.com\/molli-remarkable-magnetic-surgical-marker-simplicity-studies\/\" target=\"_blank\" rel=\"noopener\">magnetic surgical markers<\/a> and dental implants.<\/p><p><strong>Industrial equipment<\/strong>: They are used in industrial equipment such as sensors, motors, and generators.<\/p><p><strong>Jewelry<\/strong>: Small neodymium magnets are used in jewelry clasps and closures.<\/p><p><strong>Science and education<\/strong>: Neodymium magnets are used in science experiments and educational demonstrations to illustrate magnetic properties and principles.<\/p><p><img decoding=\"async\" class=\"aligncenter wp-image-1802 size-full\" src=\"https:\/\/osenc.com\/wp-content\/uploads\/2022\/11\/3M-467-adhesive.webp\" alt=\"3M 467 adhesived magnet\" width=\"750\" height=\"350\" srcset=\"https:\/\/osenc.com\/wp-content\/uploads\/2022\/11\/3M-467-adhesive.webp 750w, https:\/\/osenc.com\/wp-content\/uploads\/2022\/11\/3M-467-adhesive-300x140.webp 300w\" sizes=\"(max-width: 750px) 100vw, 750px\" \/><\/p><h2>Feature<\/h2><p>Lots of manufacture have small magnet in stock.<\/p><p>You can find them in online stores.<\/p>\t\t\t\t\t\t\t\t<\/div>\n\t\t\t\t<div class=\"elementor-element elementor-element-4d0bc11b elementor-widget elementor-widget-button\" data-id=\"4d0bc11b\" data-element_type=\"widget\" data-e-type=\"widget\" data-widget_type=\"button.default\">\n\t\t\t\t\t\t\t\t\t\t<a class=\"elementor-button elementor-button-link elementor-size-sm\" href=\"#elementor-action%3Aaction%3Dpopup%3Aopen%26settings%3DeyJpZCI6IjIwMSIsInRvZ2dsZSI6ZmFsc2V9\">\n\t\t\t\t\t\t<span class=\"elementor-button-content-wrapper\">\n\t\t\t\t\t\t\t\t\t<span class=\"elementor-button-text\">Contact Osenc Now<\/span>\n\t\t\t\t\t<\/span>\n\t\t\t\t\t<\/a>\n\t\t\t\t\t\t\t\t<\/div>\n\t\t\t\t\t<\/div>\n\t\t<\/div>\n\t\t\t\t<div class=\"elementor-column elementor-col-50 elementor-top-column elementor-element elementor-element-68a6b0f9\" data-id=\"68a6b0f9\" data-element_type=\"column\" data-e-type=\"column\">\n\t\t\t<div class=\"elementor-widget-wrap elementor-element-populated\">\n\t\t\t\t\t\t<div class=\"elementor-element elementor-element-2d476a0f elementor-toc--minimized-on-tablet elementor-widget elementor-widget-table-of-contents\" data-id=\"2d476a0f\" data-element_type=\"widget\" data-e-type=\"widget\" data-settings=\"{&quot;exclude_headings_by_selector&quot;:[],&quot;no_headings_message&quot;:&quot;No headings were found on this page.&quot;,&quot;headings_by_tags&quot;:[&quot;h2&quot;,&quot;h3&quot;,&quot;h4&quot;,&quot;h5&quot;,&quot;h6&quot;],&quot;marker_view&quot;:&quot;numbers&quot;,&quot;minimize_box&quot;:&quot;yes&quot;,&quot;minimized_on&quot;:&quot;tablet&quot;,&quot;hierarchical_view&quot;:&quot;yes&quot;,&quot;min_height&quot;:{&quot;unit&quot;:&quot;px&quot;,&quot;size&quot;:&quot;&quot;,&quot;sizes&quot;:[]},&quot;min_height_tablet&quot;:{&quot;unit&quot;:&quot;px&quot;,&quot;size&quot;:&quot;&quot;,&quot;sizes&quot;:[]},&quot;min_height_mobile&quot;:{&quot;unit&quot;:&quot;px&quot;,&quot;size&quot;:&quot;&quot;,&quot;sizes&quot;:[]}}\" data-widget_type=\"table-of-contents.default\">\n\t\t\t\t\t\t\t\t\t<div class=\"elementor-toc__header\">\n\t\t\t\t\t\t<h4 class=\"elementor-toc__header-title\">\n\t\t\t\tTable of Contents\t\t\t<\/h4>\n\t\t\t\t\t\t\t\t\t\t<div class=\"elementor-toc__toggle-button elementor-toc__toggle-button--expand\" role=\"button\" tabindex=\"0\" aria-controls=\"elementor-toc__2d476a0f\" aria-expanded=\"true\" aria-label=\"Inhaltsverzeichnis \u00f6ffnen\"><svg aria-hidden=\"true\" class=\"e-font-icon-svg e-fas-chevron-down\" viewBox=\"0 0 448 512\" xmlns=\"http:\/\/www.w3.org\/2000\/svg\"><path d=\"M207.029 381.476L12.686 187.132c-9.373-9.373-9.373-24.569 0-33.941l22.667-22.667c9.357-9.357 24.522-9.375 33.901-.04L224 284.505l154.745-154.021c9.379-9.335 24.544-9.317 33.901.04l22.667 22.667c9.373 9.373 9.373 24.569 0 33.941L240.971 381.476c-9.373 9.372-24.569 9.372-33.942 0z\"><\/path><\/svg><\/div>\n\t\t\t\t<div class=\"elementor-toc__toggle-button elementor-toc__toggle-button--collapse\" role=\"button\" tabindex=\"0\" aria-controls=\"elementor-toc__2d476a0f\" aria-expanded=\"true\" aria-label=\"Inhaltsverzeichnis schlie\u00dfen\"><svg aria-hidden=\"true\" class=\"e-font-icon-svg e-fas-chevron-up\" viewBox=\"0 0 448 512\" xmlns=\"http:\/\/www.w3.org\/2000\/svg\"><path d=\"M240.971 130.524l194.343 194.343c9.373 9.373 9.373 24.569 0 33.941l-22.667 22.667c-9.357 9.357-24.522 9.375-33.901.04L224 227.495 69.255 381.516c-9.379 9.335-24.544 9.317-33.901-.04l-22.667-22.667c-9.373-9.373-9.373-24.569 0-33.941L207.03 130.525c9.372-9.373 24.568-9.373 33.941-.001z\"><\/path><\/svg><\/div>\n\t\t\t\t\t<\/div>\n\t\t\t\t<div id=\"elementor-toc__2d476a0f\" class=\"elementor-toc__body\">\n\t\t\t<div class=\"elementor-toc__spinner-container\">\n\t\t\t\t<svg class=\"elementor-toc__spinner eicon-animation-spin e-font-icon-svg e-eicon-loading\" aria-hidden=\"true\" viewBox=\"0 0 1000 1000\" xmlns=\"http:\/\/www.w3.org\/2000\/svg\"><path d=\"M500 975V858C696 858 858 696 858 500S696 142 500 142 142 304 142 500H25C25 237 238 25 500 25S975 237 975 500 763 975 500 975Z\"><\/path><\/svg>\t\t\t<\/div>\n\t\t<\/div>\n\t\t\t\t\t\t<\/div>\n\t\t\t\t\t<\/div>\n\t\t<\/div>\n\t\t\t\t\t<\/div>\n\t\t<\/section>\n\t\t\t\t<\/div>\n\t\t","protected":false},"excerpt":{"rendered":"<p>Kleine\/Winzige Neodym-Magnete Kleine Magnete: gr\u00f6\u00dfte Seite 0,8-15 mm Winzige Magnete: kleinste Seite 0,2-0,79 mm Meistverkaufter Typ: N-Serie konventionelle kleine Magnete Anwendungen: Elektronik, Medizin, Industrie, Schmuck, Bildung Holen Sie sich ein sofortiges Angebot jetzt Was ist die kleine \/ winzige Neodym-Magnete? Es ist ein vages Konzept, aber f\u00fcr Osenc ist der Magnet mit der gr\u00f6\u00dften Seite von 0,8mm-15mm ein...<\/p>","protected":false},"author":1,"featured_media":4204,"parent":0,"menu_order":2,"comment_status":"closed","ping_status":"closed","template":"","meta":{"_kad_blocks_custom_css":"","_kad_blocks_head_custom_js":"","_kad_blocks_body_custom_js":"","_kad_blocks_footer_custom_js":"","_kad_post_transparent":"","_kad_post_title":"","_kad_post_layout":"","_kad_post_sidebar_id":"","_kad_post_content_style":"","_kad_post_vertical_padding":"","_kad_post_feature":"","_kad_post_feature_position":"","_kad_post_header":false,"_kad_post_footer":false,"_kad_post_classname":"","footnotes":""},"class_list":["post-4169","page","type-page","status-publish","has-post-thumbnail","hentry"],"taxonomy_info":[],"featured_image_src_large":["https:\/\/osenc.com\/wp-content\/uploads\/2023\/05\/micro-neodymium-magnet-1024x683.jpeg",1024,683,true],"author_info":{"display_name":"Ben Zhong","author_link":"https:\/\/osenc.com\/de\/author\/infoosenc-com\/"},"comment_info":"","_links":{"self":[{"href":"https:\/\/osenc.com\/de\/wp-json\/wp\/v2\/pages\/4169","targetHints":{"allow":["GET"]}}],"collection":[{"href":"https:\/\/osenc.com\/de\/wp-json\/wp\/v2\/pages"}],"about":[{"href":"https:\/\/osenc.com\/de\/wp-json\/wp\/v2\/types\/page"}],"author":[{"embeddable":true,"href":"https:\/\/osenc.com\/de\/wp-json\/wp\/v2\/users\/1"}],"replies":[{"embeddable":true,"href":"https:\/\/osenc.com\/de\/wp-json\/wp\/v2\/comments?post=4169"}],"version-history":[{"count":0,"href":"https:\/\/osenc.com\/de\/wp-json\/wp\/v2\/pages\/4169\/revisions"}],"wp:featuredmedia":[{"embeddable":true,"href":"https:\/\/osenc.com\/de\/wp-json\/wp\/v2\/media\/4204"}],"wp:attachment":[{"href":"https:\/\/osenc.com\/de\/wp-json\/wp\/v2\/media?parent=4169"}],"curies":[{"name":"wp","href":"https:\/\/api.w.org\/{rel}","templated":true}]}}