{"id":357,"date":"2022-11-06T05:49:37","date_gmt":"2022-11-06T05:49:37","guid":{"rendered":"https:\/\/neosumk.com\/?page_id=357"},"modified":"2025-08-19T19:55:08","modified_gmt":"2025-08-19T11:55:08","slug":"neodymium-segment-magnets","status":"publish","type":"page","link":"https:\/\/osenc.com\/de\/neodymium-segment-magnets\/","title":{"rendered":"Neodym-Segment-Magnete"},"content":{"rendered":"\t\t<div data-elementor-type=\"wp-page\" data-elementor-id=\"357\" class=\"elementor elementor-357\" data-elementor-post-type=\"page\">\n\t\t\t\t\t\t<section class=\"elementor-section elementor-top-section elementor-element elementor-element-235a86d6 elementor-section-boxed elementor-section-height-default elementor-section-height-default\" data-id=\"235a86d6\" data-element_type=\"section\" data-e-type=\"section\">\n\t\t\t\t\t\t<div class=\"elementor-container elementor-column-gap-default\">\n\t\t\t\t\t<div class=\"elementor-column elementor-col-50 elementor-top-column elementor-element elementor-element-74f2f4ed\" data-id=\"74f2f4ed\" data-element_type=\"column\" data-e-type=\"column\">\n\t\t\t<div class=\"elementor-widget-wrap elementor-element-populated\">\n\t\t\t\t\t\t<div class=\"elementor-element elementor-element-1a8bf31b elementor-widget elementor-widget-image\" data-id=\"1a8bf31b\" data-element_type=\"widget\" data-e-type=\"widget\" data-widget_type=\"image.default\">\n\t\t\t\t\t\t\t\t\t\t\t\t\t\t\t<img fetchpriority=\"high\" decoding=\"async\" width=\"800\" height=\"800\" src=\"https:\/\/osenc.com\/wp-content\/uploads\/2022\/11\/10002.jpg\" class=\"attachment-large size-large wp-image-1297\" alt=\"Neodymium Segment Magnets\" srcset=\"https:\/\/osenc.com\/wp-content\/uploads\/2022\/11\/10002.jpg 800w, https:\/\/osenc.com\/wp-content\/uploads\/2022\/11\/10002-300x300.jpg 300w, https:\/\/osenc.com\/wp-content\/uploads\/2022\/11\/10002-150x150.jpg 150w, https:\/\/osenc.com\/wp-content\/uploads\/2022\/11\/10002-768x768.jpg 768w\" sizes=\"(max-width: 800px) 100vw, 800px\" \/>\t\t\t\t\t\t\t\t\t\t\t\t\t\t\t<\/div>\n\t\t\t\t\t<\/div>\n\t\t<\/div>\n\t\t\t\t<div class=\"elementor-column elementor-col-50 elementor-top-column elementor-element elementor-element-7e185260\" data-id=\"7e185260\" data-element_type=\"column\" data-e-type=\"column\">\n\t\t\t<div class=\"elementor-widget-wrap elementor-element-populated\">\n\t\t\t\t\t\t<div class=\"elementor-element elementor-element-7b2552ac elementor-widget elementor-widget-heading\" data-id=\"7b2552ac\" data-element_type=\"widget\" data-e-type=\"widget\" data-widget_type=\"heading.default\">\n\t\t\t\t\t<h1 class=\"elementor-heading-title elementor-size-default\">neodymium segment magnets\n<\/h1>\t\t\t\t<\/div>\n\t\t\t\t<div class=\"elementor-element elementor-element-df3f8a2 elementor-widget elementor-widget-text-editor\" data-id=\"df3f8a2\" data-element_type=\"widget\" data-e-type=\"widget\" data-widget_type=\"text-editor.default\">\n\t\t\t\t\t\t\t\t\t<p data-start=\"62\" data-end=\"167\"><strong data-start=\"62\" data-end=\"87\">Cost-effective design<\/strong> \u2013 Arc magnets build large rings\/discs more cheaply than single-piece magnets.<\/p><p data-start=\"171\" data-end=\"269\"><strong data-start=\"171\" data-end=\"192\">Wide applications<\/strong> \u2013 Motors, generators, wind turbines, torque couplings, and Halbach arrays.<\/p><p data-start=\"273\" data-end=\"343\"><strong data-start=\"273\" data-end=\"292\">Available sizes<\/strong> \u2013 Outer diameters 1.5\u2013300 mm; height 0.3\u2013120 mm.<\/p><p data-start=\"347\" data-end=\"437\"><strong data-start=\"347\" data-end=\"368\">Grades &amp; coatings<\/strong> \u2013 N35\u2013N55, high-temp grades; coatings include nickel, zinc, epoxy.<\/p>\t\t\t\t\t\t\t\t<\/div>\n\t\t\t\t<div class=\"elementor-element elementor-element-71498c2d elementor-widget elementor-widget-button\" data-id=\"71498c2d\" data-element_type=\"widget\" data-e-type=\"widget\" data-widget_type=\"button.default\">\n\t\t\t\t\t\t\t\t\t\t<a class=\"elementor-button elementor-button-link elementor-size-sm\" href=\"#elementor-action%3Aaction%3Dpopup%3Aopen%26settings%3DeyJpZCI6IjIwMSIsInRvZ2dsZSI6ZmFsc2V9\">\n\t\t\t\t\t\t<span class=\"elementor-button-content-wrapper\">\n\t\t\t\t\t\t\t\t\t<span class=\"elementor-button-text\">Get An Instant Quotation Now<\/span>\n\t\t\t\t\t<\/span>\n\t\t\t\t\t<\/a>\n\t\t\t\t\t\t\t\t<\/div>\n\t\t\t\t\t<\/div>\n\t\t<\/div>\n\t\t\t\t\t<\/div>\n\t\t<\/section>\n\t\t\t\t<section class=\"elementor-section elementor-top-section elementor-element elementor-element-46bafa87 elementor-section-boxed elementor-section-height-default elementor-section-height-default\" data-id=\"46bafa87\" data-element_type=\"section\" data-e-type=\"section\" data-settings=\"{&quot;background_background&quot;:&quot;classic&quot;}\">\n\t\t\t\t\t\t<div class=\"elementor-container elementor-column-gap-default\">\n\t\t\t\t\t<div class=\"elementor-column elementor-col-50 elementor-top-column elementor-element elementor-element-43914f2f\" data-id=\"43914f2f\" data-element_type=\"column\" data-e-type=\"column\">\n\t\t\t<div class=\"elementor-widget-wrap elementor-element-populated\">\n\t\t\t\t\t\t<div class=\"elementor-element elementor-element-3424237 elementor-widget elementor-widget-text-editor\" data-id=\"3424237\" data-element_type=\"widget\" data-e-type=\"widget\" data-widget_type=\"text-editor.default\">\n\t\t\t\t\t\t\t\t\t<p><span data-contrast=\"auto\">Neodymium segment magnets are one of the types of magnets that have a wide range of commercial applications. For example, we often need <a href=\"https:\/\/osenc.com\/big-neodymium-magnets\/\">large neodymium magnet<\/a> rings. However, the cost of producing an individual piece can be high. Luckily, we can alternatively use smaller arc-shaped magnets to build bigger <a href=\"https:\/\/osenc.com\/neodymium-ring-magnets\/\">ring magnets.<\/a><\/span><span data-ccp-props=\"{&quot;201341983&quot;:0,&quot;335559739&quot;:160,&quot;335559740&quot;:259}\">\u00a0<\/span><\/p><p><span data-contrast=\"auto\">Neodymium arc magnets, or neodymium segment magnets, have a curved or arched shape. We often use them in applications where you need a strong magnetic field within a specific and limited space \u2013 usually in an iron housing.\u00a0<\/span><span data-ccp-props=\"{&quot;201341983&quot;:0,&quot;335559739&quot;:160,&quot;335559740&quot;:259}\">\u00a0<\/span><\/p><p><span data-contrast=\"auto\">Neodymium segment magnets have particularly wide industrial applications. They include motors, generators, voice coil <a href=\"https:\/\/osenc.com\/motor-and-permanent-magnet\/\">motors<\/a>, wind turbines, torque <a href=\"https:\/\/magneticcoupling.com\/\" target=\"_blank\" rel=\"noopener\">couplings<\/a>, and other applications.<\/span><span data-ccp-props=\"{&quot;201341983&quot;:0,&quot;335559739&quot;:160,&quot;335559740&quot;:259}\">\u00a0<\/span><\/p><p><span data-contrast=\"auto\">\u00a0<\/span><\/p><h2><span data-contrast=\"none\"> Features of neodymium segment magnets<\/span><\/h2><p><span data-contrast=\"auto\">Neodymium segment magnets are smaller segments of a bigger neodymium ring magnet or neodymium disc magnet. Users usually choose this solution for its better cost-effectiveness than ordering individual disc magnets or ring magnets.<\/span><span data-ccp-props=\"{&quot;201341983&quot;:0,&quot;335559739&quot;:160,&quot;335559740&quot;:259}\">\u00a0<\/span><\/p><p><span data-contrast=\"auto\">Meanwhile, it is also possible to obtain a higher magnetism using multiple smaller segments to build a bigger ring or disc, which is not possible for a complete piece to offer.\u00a0\u00a0<\/span><span data-ccp-props=\"{&quot;201341983&quot;:0,&quot;335559739&quot;:160,&quot;335559740&quot;:259}\">\u00a0<\/span><\/p><p><span data-contrast=\"auto\">\u00a0<\/span><\/p><p><span data-contrast=\"auto\">Arc neodymium magnets have many applications, and two of the most common applications include electrical motors and Halbach arrays.<\/span><span data-ccp-props=\"{&quot;201341983&quot;:0,&quot;335559739&quot;:160,&quot;335559740&quot;:259}\">\u00a0<\/span><\/p><p><span data-contrast=\"auto\"> <img decoding=\"async\" class=\"aligncenter wp-image-1297\" src=\"https:\/\/osenc.com\/wp-content\/uploads\/2022\/11\/10002.jpg\" alt=\"Neodymium Segment Magnets\" width=\"600\" height=\"600\" srcset=\"https:\/\/osenc.com\/wp-content\/uploads\/2022\/11\/10002.jpg 800w, https:\/\/osenc.com\/wp-content\/uploads\/2022\/11\/10002-300x300.jpg 300w, https:\/\/osenc.com\/wp-content\/uploads\/2022\/11\/10002-150x150.jpg 150w, https:\/\/osenc.com\/wp-content\/uploads\/2022\/11\/10002-768x768.jpg 768w\" sizes=\"(max-width: 600px) 100vw, 600px\" \/><\/span><\/p><h3 aria-level=\"2\"><span data-contrast=\"none\">Arc magnets for electrical motors and generators<\/span><span data-ccp-props=\"{&quot;201341983&quot;:0,&quot;335559738&quot;:40,&quot;335559739&quot;:0,&quot;335559740&quot;:259}\">\u00a0<\/span><\/h3><p><span data-contrast=\"auto\">We often use arc magnets to build electric motors and electricity generators. A high-quality motor or generator needs high Coercivity (HCJ), High Energy (BHmax), and high working temperature. Usually, arc neodymium magnets are the best choice.<\/span><span data-ccp-props=\"{&quot;201341983&quot;:0,&quot;335559739&quot;:160,&quot;335559740&quot;:259}\">\u00a0<\/span><\/p><p><span data-contrast=\"auto\">The electric motors and generators have arc-shaped magnets inside with opposite magnetic orientations but the same quantity, arranged in compartments to form a ring.<\/span><span data-ccp-props=\"{&quot;201341983&quot;:0,&quot;335559739&quot;:160,&quot;335559740&quot;:259}\">\u00a0<\/span><\/p><p><span data-contrast=\"auto\">\u00a0<\/span><\/p><p><span data-contrast=\"auto\">\u00a0<\/span><\/p><h3 aria-level=\"2\"><span data-contrast=\"none\">Arc magnets for Halbach arrays<\/span><span data-ccp-props=\"{&quot;201341983&quot;:0,&quot;335559738&quot;:40,&quot;335559739&quot;:0,&quot;335559740&quot;:259}\">\u00a0<\/span><\/h3><p><span data-contrast=\"auto\">A Halbach array is a magnetic assembly of permanent magnets that augments the magnetic field on one side while reducing the field on the other side to near zero.\u00a0<\/span><span data-ccp-props=\"{&quot;201341983&quot;:0,&quot;335559739&quot;:160,&quot;335559740&quot;:259}\">\u00a0<\/span><\/p><p><span data-contrast=\"auto\">There are 2 types of arrays &#8211; the linear array and the ring array. Typically, the ring array is an assembly using arc magnets with different magnetic directions.<\/span><span data-ccp-props=\"{&quot;201341983&quot;:0,&quot;335559739&quot;:160,&quot;335559740&quot;:259}\">\u00a0<\/span><\/p><p><span data-contrast=\"auto\">\u00a0<\/span><\/p><h2><span data-contrast=\"none\"> Dimensional identifications<\/span><\/h2><p><span data-contrast=\"auto\">It\u2019s not easy to tell the dimensions of neodymium arc magnets clearly with a simple formula. Their shapes can have different angles, curves, etc.\u00a0<\/span><span data-ccp-props=\"{&quot;201341983&quot;:0,&quot;335559739&quot;:160,&quot;335559740&quot;:259}\">\u00a0<\/span><\/p><p><span data-contrast=\"auto\">Therefore, we always recommend sending us a technical sketch for a FREE quote.<\/span><span data-ccp-props=\"{&quot;201341983&quot;:0,&quot;335559739&quot;:160,&quot;335559740&quot;:259}\">\u00a0<\/span><\/p><p><span data-contrast=\"auto\">\u00a0<\/span><\/p><h2><span data-contrast=\"none\"> Available dimensions<\/span><\/h2><p><span data-contrast=\"auto\">\u00a0<\/span><span data-contrast=\"auto\">As mentioned above, neodymium arc magnets can have many different shapes. So, it\u2019s not easy to tell what maximum dimensions are available. The values below are based on simplified results. Please talk to Osenc if your design is close to the maximum dimensions.<\/span><span data-ccp-props=\"{&quot;201341983&quot;:0,&quot;335559739&quot;:160,&quot;335559740&quot;:259}\">\u00a0<\/span><\/p><p><span data-contrast=\"auto\">\u00a0<\/span><\/p><h3><span data-contrast=\"auto\">Available sizes for neodymium arc magnets<\/span><span data-ccp-props=\"{&quot;201341983&quot;:0,&quot;335559739&quot;:160,&quot;335559740&quot;:259}\">\u00a0<\/span><\/h3><p><span data-contrast=\"auto\">Outer diameters: 1.5 \u2013 300 mm (1\/16 &#8211; 11 13\/16 inches)<\/span><span data-ccp-props=\"{&quot;201341983&quot;:0,&quot;335559739&quot;:160,&quot;335559740&quot;:259}\">\u00a0<\/span><\/p><p><span data-contrast=\"auto\">Height: 0.3 \u2013 120 mm (1\/64 &#8211; 4 \u00be inches)<\/span><span data-ccp-props=\"{&quot;201341983&quot;:0,&quot;335559739&quot;:160,&quot;335559740&quot;:259}\">\u00a0<\/span><\/p><p><span data-contrast=\"auto\">Magnetic direction: 100mm (3 15\/16 inches)<\/span><span data-ccp-props=\"{&quot;201341983&quot;:0,&quot;335559739&quot;:160,&quot;335559740&quot;:259}\">\u00a0<\/span><\/p><p><span data-contrast=\"auto\">Note:<\/span><span data-ccp-props=\"{&quot;201341983&quot;:0,&quot;335559739&quot;:160,&quot;335559740&quot;:259}\">\u00a0<\/span><\/p><p><span data-contrast=\"auto\">These are the possible limits that Osenc can offer.\u00a0<\/span><span data-ccp-props=\"{&quot;201341983&quot;:0,&quot;335559739&quot;:160,&quot;335559740&quot;:259}\">\u00a0<\/span><\/p><p><span data-contrast=\"auto\">If your designs are close to the biggest or smallest values, we need to confirm details case by case.<\/span><span data-ccp-props=\"{&quot;201341983&quot;:0,&quot;335559739&quot;:160,&quot;335559740&quot;:259}\">\u00a0<\/span><\/p><p><span data-contrast=\"auto\">\u00a0<\/span><\/p><h3><span data-contrast=\"auto\">The smallest neodymium arc magnets<\/span><span data-ccp-props=\"{&quot;201341983&quot;:0,&quot;335559739&quot;:160,&quot;335559740&quot;:259}\">\u00a0<\/span><\/h3><p><span data-contrast=\"auto\">Outer diameter 1.5mm \u00d7 height 0.3mm (1\/16 x 1\/64 inches)<\/span><span data-ccp-props=\"{&quot;201341983&quot;:0,&quot;335559739&quot;:160,&quot;335559740&quot;:259}\">\u00a0<\/span><\/p><p><span data-contrast=\"auto\">\u00a0<\/span><\/p><h2><span data-contrast=\"none\"> Grades<\/span><\/h2><p><span data-contrast=\"auto\">Neodymium magnets have different grades, ranging from N35 to N55, and they also have high-temperature designs for special applications.<\/span><span data-ccp-props=\"{&quot;201341983&quot;:0,&quot;335559739&quot;:160,&quot;335559740&quot;:259}\">\u00a0<\/span><\/p><p><span data-contrast=\"auto\">You can refer to our introduction to neodymium magnet grades. It will be helpful for you to determine which grade is the most appropriate for you.<\/span><span data-ccp-props=\"{&quot;201341983&quot;:0,&quot;335559739&quot;:160,&quot;335559740&quot;:259}\">\u00a0<\/span><\/p><p><span data-contrast=\"auto\">Generally speaking, the neodymium arc magnets work in closed environments that have a lot of heat and energy due to high-speed running. So, it\u2019d be better to choose the high-temperature grades.<\/span><span data-ccp-props=\"{&quot;201341983&quot;:0,&quot;335559739&quot;:160,&quot;335559740&quot;:259}\">\u00a0<\/span><\/p><p><span data-contrast=\"auto\">\u00a0<\/span><\/p><h2><span data-contrast=\"none\"> Magnetization directions<\/span><\/h2><p><span data-contrast=\"auto\">Disc neodymium magnets have 2 common magnetization directions. They are the axial and radial magnetization directions.<\/span><span data-ccp-props=\"{&quot;201341983&quot;:0,&quot;335559739&quot;:160,&quot;335559740&quot;:259}\">\u00a0<\/span><\/p><p><span data-contrast=\"auto\">Meanwhile, they still have 2 additional possible magnetization directions, though they are not commonly applied.\u00a0<\/span><span data-ccp-props=\"{&quot;201341983&quot;:0,&quot;335559739&quot;:160,&quot;335559740&quot;:259}\">\u00a0<\/span><\/p><p><span data-contrast=\"auto\">\u00a0<\/span><\/p><h2><span data-contrast=\"none\"> Coatings<\/span><\/h2><p><span data-contrast=\"auto\">Neodymium magnets are sensitive to the working environment. The humidity and even other corrosive elements can cause them to corrode quickly.<\/span><span data-ccp-props=\"{&quot;201341983&quot;:0,&quot;335559739&quot;:160,&quot;335559740&quot;:259}\">\u00a0<\/span><\/p><p><span data-contrast=\"auto\">To improve the durability of neodymium magnets, we will need to apply a layer or even multiple layers of coatings on their surfaces. Meanwhile, this will also make the magnets more resistant to scratches and other types of damage.\u00a0<\/span><span data-ccp-props=\"{&quot;201341983&quot;:0,&quot;335559739&quot;:160,&quot;335559740&quot;:259}\">\u00a0<\/span><\/p><p><span data-contrast=\"auto\">Osenc can offer custom neodymium magnets with several different types of coatings. They include nickel, zinc, epoxy, etc. Each of them has its own unique properties and benefits.\u00a0<\/span><span data-ccp-props=\"{&quot;201341983&quot;:0,&quot;335559739&quot;:160,&quot;335559740&quot;:259}\">\u00a0<\/span><\/p><p><span data-contrast=\"auto\">Please refer to this page to pick the most appropriate coating for your magnets.<\/span><span data-ccp-props=\"{&quot;201341983&quot;:0,&quot;335559739&quot;:160,&quot;335559740&quot;:259}\">\u00a0<\/span><\/p><h2><span data-contrast=\"none\"> Variants<\/span><\/h2><h3><span data-contrast=\"none\">Regular arc shapes<\/span><span data-ccp-props=\"{&quot;201341983&quot;:0,&quot;335559738&quot;:40,&quot;335559739&quot;:0,&quot;335559740&quot;:259}\">\u00a0<\/span><\/h3><p><span data-contrast=\"auto\">We have another name for the arc magnets &#8211; the tile magnets. This is because their shape is similar to the tile. And usually, we categorize neodymium magnets of this shape as regular arc magnets.<\/span><span data-ccp-props=\"{&quot;201341983&quot;:0,&quot;335559739&quot;:160,&quot;335559740&quot;:259}\">\u00a0<\/span><\/p><h3 aria-level=\"2\"><span data-contrast=\"none\">Twisted arc shapes<\/span><span data-ccp-props=\"{&quot;201341983&quot;:0,&quot;335559738&quot;:40,&quot;335559739&quot;:0,&quot;335559740&quot;:259}\">\u00a0<\/span><\/h3><p><span data-contrast=\"auto\">This is one of the most common custom magnets. They have a curved shape that minimizes detent and enhances motors\u2019 performance. But they are very difficult to process regarding manufacturing techniques. Proudly, Osenc is one of the who can.<\/span><span data-ccp-props=\"{&quot;201341983&quot;:0,&quot;335559739&quot;:160,&quot;335559740&quot;:259}\">\u00a0<\/span><\/p><p><span data-contrast=\"auto\">\u00a0<\/span><\/p><p aria-level=\"2\"><span data-contrast=\"none\">3). Large arc magnets<\/span><span data-ccp-props=\"{&quot;201341983&quot;:0,&quot;335559738&quot;:40,&quot;335559739&quot;:0,&quot;335559740&quot;:259}\">\u00a0<\/span><\/p><p><span data-contrast=\"auto\">Besides arc magnets of the regular dimensions, there can be large arc neodymium magnets as well. We can obtain such designs by using post-processing techniques for block magnets or disc magnets. They are achievable through those metalworking techniques.\u00a0<\/span><span data-ccp-props=\"{&quot;201341983&quot;:0,&quot;335559739&quot;:160,&quot;335559740&quot;:259}\">\u00a0<\/span><\/p><p><span data-contrast=\"auto\">Generally speaking, we can offer large arc magnets smaller than the maximum dimensions of the block magnet 250 x 100 x 40 mm and the disc magnet diameter 300 mm.<\/span><span data-ccp-props=\"{&quot;201341983&quot;:0,&quot;335559739&quot;:160,&quot;335559740&quot;:259}\">\u00a0<\/span><\/p><p><span data-contrast=\"auto\">\u00a0<\/span><\/p>\t\t\t\t\t\t\t\t<\/div>\n\t\t\t\t<div class=\"elementor-element elementor-element-6462fa69 elementor-widget elementor-widget-button\" data-id=\"6462fa69\" data-element_type=\"widget\" data-e-type=\"widget\" data-widget_type=\"button.default\">\n\t\t\t\t\t\t\t\t\t\t<a class=\"elementor-button elementor-button-link elementor-size-sm\" href=\"#elementor-action%3Aaction%3Dpopup%3Aopen%26settings%3DeyJpZCI6IjIwMSIsInRvZ2dsZSI6ZmFsc2V9\">\n\t\t\t\t\t\t<span class=\"elementor-button-content-wrapper\">\n\t\t\t\t\t\t\t\t\t<span class=\"elementor-button-text\">Contact Osenc Now<\/span>\n\t\t\t\t\t<\/span>\n\t\t\t\t\t<\/a>\n\t\t\t\t\t\t\t\t<\/div>\n\t\t\t\t\t<\/div>\n\t\t<\/div>\n\t\t\t\t<div class=\"elementor-column elementor-col-50 elementor-top-column elementor-element elementor-element-6620be6c\" data-id=\"6620be6c\" data-element_type=\"column\" data-e-type=\"column\">\n\t\t\t<div class=\"elementor-widget-wrap elementor-element-populated\">\n\t\t\t\t\t\t<div class=\"elementor-element elementor-element-55a6063b elementor-toc--minimized-on-tablet elementor-widget elementor-widget-table-of-contents\" data-id=\"55a6063b\" data-element_type=\"widget\" data-e-type=\"widget\" data-settings=\"{&quot;exclude_headings_by_selector&quot;:[],&quot;no_headings_message&quot;:&quot;No headings were found on this page.&quot;,&quot;headings_by_tags&quot;:[&quot;h2&quot;,&quot;h3&quot;,&quot;h4&quot;,&quot;h5&quot;,&quot;h6&quot;],&quot;marker_view&quot;:&quot;numbers&quot;,&quot;minimize_box&quot;:&quot;yes&quot;,&quot;minimized_on&quot;:&quot;tablet&quot;,&quot;hierarchical_view&quot;:&quot;yes&quot;,&quot;min_height&quot;:{&quot;unit&quot;:&quot;px&quot;,&quot;size&quot;:&quot;&quot;,&quot;sizes&quot;:[]},&quot;min_height_tablet&quot;:{&quot;unit&quot;:&quot;px&quot;,&quot;size&quot;:&quot;&quot;,&quot;sizes&quot;:[]},&quot;min_height_mobile&quot;:{&quot;unit&quot;:&quot;px&quot;,&quot;size&quot;:&quot;&quot;,&quot;sizes&quot;:[]}}\" data-widget_type=\"table-of-contents.default\">\n\t\t\t\t\t\t\t\t\t<div class=\"elementor-toc__header\">\n\t\t\t\t\t\t<h4 class=\"elementor-toc__header-title\">\n\t\t\t\tTable of Contents\t\t\t<\/h4>\n\t\t\t\t\t\t\t\t\t\t<div class=\"elementor-toc__toggle-button elementor-toc__toggle-button--expand\" role=\"button\" tabindex=\"0\" aria-controls=\"elementor-toc__55a6063b\" aria-expanded=\"true\" aria-label=\"Ouvrir la table des mati\u00e8res\"><svg aria-hidden=\"true\" class=\"e-font-icon-svg e-fas-chevron-down\" viewBox=\"0 0 448 512\" xmlns=\"http:\/\/www.w3.org\/2000\/svg\"><path d=\"M207.029 381.476L12.686 187.132c-9.373-9.373-9.373-24.569 0-33.941l22.667-22.667c9.357-9.357 24.522-9.375 33.901-.04L224 284.505l154.745-154.021c9.379-9.335 24.544-9.317 33.901.04l22.667 22.667c9.373 9.373 9.373 24.569 0 33.941L240.971 381.476c-9.373 9.372-24.569 9.372-33.942 0z\"><\/path><\/svg><\/div>\n\t\t\t\t<div class=\"elementor-toc__toggle-button elementor-toc__toggle-button--collapse\" role=\"button\" tabindex=\"0\" aria-controls=\"elementor-toc__55a6063b\" aria-expanded=\"true\" aria-label=\"Fermer la table des mati\u00e8res\"><svg aria-hidden=\"true\" class=\"e-font-icon-svg e-fas-chevron-up\" viewBox=\"0 0 448 512\" xmlns=\"http:\/\/www.w3.org\/2000\/svg\"><path d=\"M240.971 130.524l194.343 194.343c9.373 9.373 9.373 24.569 0 33.941l-22.667 22.667c-9.357 9.357-24.522 9.375-33.901.04L224 227.495 69.255 381.516c-9.379 9.335-24.544 9.317-33.901-.04l-22.667-22.667c-9.373-9.373-9.373-24.569 0-33.941L207.03 130.525c9.372-9.373 24.568-9.373 33.941-.001z\"><\/path><\/svg><\/div>\n\t\t\t\t\t<\/div>\n\t\t\t\t<div id=\"elementor-toc__55a6063b\" class=\"elementor-toc__body\">\n\t\t\t<div class=\"elementor-toc__spinner-container\">\n\t\t\t\t<svg class=\"elementor-toc__spinner eicon-animation-spin e-font-icon-svg e-eicon-loading\" aria-hidden=\"true\" viewBox=\"0 0 1000 1000\" xmlns=\"http:\/\/www.w3.org\/2000\/svg\"><path d=\"M500 975V858C696 858 858 696 858 500S696 142 500 142 142 304 142 500H25C25 237 238 25 500 25S975 237 975 500 763 975 500 975Z\"><\/path><\/svg>\t\t\t<\/div>\n\t\t<\/div>\n\t\t\t\t\t\t<\/div>\n\t\t\t\t\t<\/div>\n\t\t<\/div>\n\t\t\t\t\t<\/div>\n\t\t<\/section>\n\t\t\t\t<\/div>\n\t\t","protected":false},"excerpt":{"rendered":"<p>Neodym-Segmentmagnete Kosteng\u00fcnstige Konstruktion - Bogenmagnete bilden gro\u00dfe Ringe\/Scheiben kosteng\u00fcnstiger als einteilige Magnete. Breite Anwendungen - Motoren, Generatoren, Windturbinen, Drehmomentkupplungen und Halbach-Arrays. Verf\u00fcgbare Gr\u00f6\u00dfen - Au\u00dfendurchmesser 1,5-300 mm; H\u00f6he 0,3-120 mm. G\u00fcten und Beschichtungen - N35-N55, Hochtemperaturg\u00fcten; Beschichtungen: Nickel, Zink, Epoxid. Jetzt sofortiges Angebot anfordern...<\/p>","protected":false},"author":1,"featured_media":1297,"parent":0,"menu_order":25,"comment_status":"closed","ping_status":"closed","template":"","meta":{"_kad_blocks_custom_css":"","_kad_blocks_head_custom_js":"","_kad_blocks_body_custom_js":"","_kad_blocks_footer_custom_js":"","_kad_post_transparent":"","_kad_post_title":"","_kad_post_layout":"","_kad_post_sidebar_id":"","_kad_post_content_style":"","_kad_post_vertical_padding":"","_kad_post_feature":"","_kad_post_feature_position":"","_kad_post_header":false,"_kad_post_footer":false,"_kad_post_classname":"","footnotes":""},"class_list":["post-357","page","type-page","status-publish","has-post-thumbnail","hentry"],"taxonomy_info":[],"featured_image_src_large":["https:\/\/osenc.com\/wp-content\/uploads\/2022\/11\/10002.jpg",800,800,false],"author_info":{"display_name":"Ben Zhong","author_link":"https:\/\/osenc.com\/de\/author\/infoosenc-com\/"},"comment_info":"","_links":{"self":[{"href":"https:\/\/osenc.com\/de\/wp-json\/wp\/v2\/pages\/357","targetHints":{"allow":["GET"]}}],"collection":[{"href":"https:\/\/osenc.com\/de\/wp-json\/wp\/v2\/pages"}],"about":[{"href":"https:\/\/osenc.com\/de\/wp-json\/wp\/v2\/types\/page"}],"author":[{"embeddable":true,"href":"https:\/\/osenc.com\/de\/wp-json\/wp\/v2\/users\/1"}],"replies":[{"embeddable":true,"href":"https:\/\/osenc.com\/de\/wp-json\/wp\/v2\/comments?post=357"}],"version-history":[{"count":0,"href":"https:\/\/osenc.com\/de\/wp-json\/wp\/v2\/pages\/357\/revisions"}],"wp:featuredmedia":[{"embeddable":true,"href":"https:\/\/osenc.com\/de\/wp-json\/wp\/v2\/media\/1297"}],"wp:attachment":[{"href":"https:\/\/osenc.com\/de\/wp-json\/wp\/v2\/media?parent=357"}],"curies":[{"name":"wp","href":"https:\/\/api.w.org\/{rel}","templated":true}]}}