{"id":277,"date":"2022-11-05T11:53:42","date_gmt":"2022-11-05T11:53:42","guid":{"rendered":"https:\/\/neosumk.com\/?page_id=277"},"modified":"2026-01-31T11:49:29","modified_gmt":"2026-01-31T03:49:29","slug":"big-neodymium-magnets","status":"publish","type":"page","link":"https:\/\/osenc.com\/de\/big-neodymium-magnets\/","title":{"rendered":"Gro\u00dfe Magnete"},"content":{"rendered":"\t\t<div data-elementor-type=\"wp-page\" data-elementor-id=\"277\" class=\"elementor elementor-277\" data-elementor-post-type=\"page\">\n\t\t\t\t\t\t<section class=\"elementor-section elementor-top-section elementor-element elementor-element-626011f7 elementor-section-boxed elementor-section-height-default elementor-section-height-default\" data-id=\"626011f7\" data-element_type=\"section\" data-e-type=\"section\">\n\t\t\t\t\t\t<div class=\"elementor-container elementor-column-gap-default\">\n\t\t\t\t\t<div class=\"elementor-column elementor-col-50 elementor-top-column elementor-element elementor-element-5f9a44bb\" data-id=\"5f9a44bb\" data-element_type=\"column\" data-e-type=\"column\">\n\t\t\t<div class=\"elementor-widget-wrap elementor-element-populated\">\n\t\t\t\t\t\t<div class=\"elementor-element elementor-element-3aab7acc elementor-widget elementor-widget-image\" data-id=\"3aab7acc\" data-element_type=\"widget\" data-e-type=\"widget\" data-widget_type=\"image.default\">\n\t\t\t\t\t\t\t\t\t\t\t\t\t\t\t<img fetchpriority=\"high\" decoding=\"async\" width=\"500\" height=\"500\" src=\"https:\/\/osenc.com\/wp-content\/uploads\/2023\/01\/big.jpg\" class=\"attachment-large size-large wp-image-2748\" alt=\"big magnets\" srcset=\"https:\/\/osenc.com\/wp-content\/uploads\/2023\/01\/big.jpg 500w, https:\/\/osenc.com\/wp-content\/uploads\/2023\/01\/big-300x300.jpg 300w, https:\/\/osenc.com\/wp-content\/uploads\/2023\/01\/big-150x150.jpg 150w\" sizes=\"(max-width: 500px) 100vw, 500px\" \/>\t\t\t\t\t\t\t\t\t\t\t\t\t\t\t<\/div>\n\t\t\t\t\t<\/div>\n\t\t<\/div>\n\t\t\t\t<div class=\"elementor-column elementor-col-50 elementor-top-column elementor-element elementor-element-2f733cb9\" data-id=\"2f733cb9\" data-element_type=\"column\" data-e-type=\"column\">\n\t\t\t<div class=\"elementor-widget-wrap elementor-element-populated\">\n\t\t\t\t\t\t<div class=\"elementor-element elementor-element-3e6e0d22 elementor-widget elementor-widget-heading\" data-id=\"3e6e0d22\" data-element_type=\"widget\" data-e-type=\"widget\" data-widget_type=\"heading.default\">\n\t\t\t\t\t<h1 class=\"elementor-heading-title elementor-size-default\">Big Neodymium Magnets\n<\/h1>\t\t\t\t<\/div>\n\t\t\t\t<div class=\"elementor-element elementor-element-e81b790 elementor-widget elementor-widget-text-editor\" data-id=\"e81b790\" data-element_type=\"widget\" data-e-type=\"widget\" data-widget_type=\"text-editor.default\">\n\t\t\t\t\t\t\t\t\t<ul><li data-start=\"125\" data-end=\"189\"><p data-start=\"128\" data-end=\"189\">Biggest disc: 300 \u00d7 40 mm; biggest block: 250 \u00d7 100 \u00d7 40 mm<\/p><\/li><li data-start=\"190\" data-end=\"243\"><p data-start=\"193\" data-end=\"243\">Magnetic field strength: ~0.6 Tesla (6000 Gauss)<\/p><\/li><li data-start=\"244\" data-end=\"283\"><p data-start=\"247\" data-end=\"283\">Price range: $800\u2013$2000+ per piece<\/p><\/li><li data-start=\"284\" data-end=\"321\"><p data-start=\"287\" data-end=\"321\">Production lead time: 40\u201380 days<\/p><\/li><\/ul>\t\t\t\t\t\t\t\t<\/div>\n\t\t\t\t<div class=\"elementor-element elementor-element-34325921 elementor-widget elementor-widget-button\" data-id=\"34325921\" data-element_type=\"widget\" data-e-type=\"widget\" data-widget_type=\"button.default\">\n\t\t\t\t\t\t\t\t\t\t<a class=\"elementor-button elementor-button-link elementor-size-sm\" href=\"#elementor-action%3Aaction%3Dpopup%3Aopen%26settings%3DeyJpZCI6IjIwMSIsInRvZ2dsZSI6ZmFsc2V9\">\n\t\t\t\t\t\t<span class=\"elementor-button-content-wrapper\">\n\t\t\t\t\t\t\t\t\t<span class=\"elementor-button-text\">Get An Instant Quotation Now<\/span>\n\t\t\t\t\t<\/span>\n\t\t\t\t\t<\/a>\n\t\t\t\t\t\t\t\t<\/div>\n\t\t\t\t\t<\/div>\n\t\t<\/div>\n\t\t\t\t\t<\/div>\n\t\t<\/section>\n\t\t\t\t<section class=\"elementor-section elementor-top-section elementor-element elementor-element-1729a44 elementor-section-boxed elementor-section-height-default elementor-section-height-default\" data-id=\"1729a44\" data-element_type=\"section\" data-e-type=\"section\" data-settings=\"{&quot;background_background&quot;:&quot;classic&quot;}\">\n\t\t\t\t\t\t<div class=\"elementor-container elementor-column-gap-default\">\n\t\t\t\t\t<div class=\"elementor-column elementor-col-50 elementor-top-column elementor-element elementor-element-2831a47b\" data-id=\"2831a47b\" data-element_type=\"column\" data-e-type=\"column\">\n\t\t\t<div class=\"elementor-widget-wrap elementor-element-populated\">\n\t\t\t\t\t\t<div class=\"elementor-element elementor-element-51375b2 elementor-widget elementor-widget-text-editor\" data-id=\"51375b2\" data-element_type=\"widget\" data-e-type=\"widget\" data-widget_type=\"text-editor.default\">\n\t\t\t\t\t\t\t\t\t<p><img decoding=\"async\" class=\"size-medium wp-image-2748 alignleft\" src=\"https:\/\/osenc.com\/wp-content\/uploads\/2023\/01\/big-300x300.jpg\" alt=\"big magnets\" width=\"300\" height=\"300\" srcset=\"https:\/\/osenc.com\/wp-content\/uploads\/2023\/01\/big-300x300.jpg 300w, https:\/\/osenc.com\/wp-content\/uploads\/2023\/01\/big-150x150.jpg 150w, https:\/\/osenc.com\/wp-content\/uploads\/2023\/01\/big.jpg 500w\" sizes=\"(max-width: 300px) 100vw, 300px\" \/><\/p><p>Big Neodymium Magnets are commonly known as huge magnets, or giant magnets. They are industrial magnets with dimensions greater than 150mm, widely used in large fans, motors and large robots because of their strong pull force and magnetic field.<\/p><p>These giant neodymium magnets with super power, regardless of their strength (N35, N45, or N52). It&#8217;d be better to always let professionally trained personnel handle them. Large magnets can stick to an iron plate very easily. Therefore, people should exercise extreme caution when handling them. Additionally, <a href=\"https:\/\/osenc.com\/separate-magnet\/\">separating a big neodymium magnet<\/a> from an object can be quite difficult, as the magnet may be damaged if handled incorrectly.<\/p><p>The cost of heavy duty magnets are very high, and the delivery time is long. For customers who are in the research and development stage, we recommend customers ask <a href=\"https:\/\/www.osenc.com\/\">magnets manufacturers<\/a> if they have any similar size in stock. This will save costs and time.<\/p><p>Osenc&#8217;s production capacity is strong, and we can offer large ring or <a href=\"https:\/\/osenc.com\/neodymium-disc-magnets\/\">round magnets<\/a> with a maximum diameter of 300*40mm or 200*50mm. We can also manufacture smaller magnets according to your special requirements.<\/p>\t\t\t\t\t\t\t\t<\/div>\n\t\t\t\t<div class=\"elementor-element elementor-element-68fef5b elementor-widget elementor-widget-text-editor\" data-id=\"68fef5b\" data-element_type=\"widget\" data-e-type=\"widget\" data-widget_type=\"text-editor.default\">\n\t\t\t\t\t\t\t\t\t<h2><span style=\"color: var(--ast-global-color-2); font-style: inherit; background-color: var(--ast-global-color-4);\">How big are big neodymium magnets?<\/span><\/h2><p>If you search for this question on Google, the answer is 40x40x20mm.<\/p><p>For many consumers, this size is sufficient.<\/p><p>For some enterprise customers, 40x40x20mm is not sufficient.<\/p><h3>Osenc can produce such big magnet<\/h3><p>At present, we are only able to produce:<\/p><p>Biggest <a href=\"https:\/\/osenc.com\/neodymium-disc-magnets\/\">disc Magnet<\/a> of 300*40mm\u00a0<\/p><p>Biggest <a href=\"https:\/\/osenc.com\/neodymium-block-magnets\/\">block<\/a> Magnet of 250*100*40mm\u00a0<\/p><p>The longest magnetized direction is 100*100*100mm<\/p><p><span style=\"font-style: inherit; font-weight: inherit; background-color: var(--ast-global-color-4); color: var(--ast-global-color-3);\">Some <\/span>magnetic drum<span style=\"font-style: inherit; font-weight: inherit; background-color: var(--ast-global-color-4); color: var(--ast-global-color-3);\"> customers have requested larger magnets of increased diameters &#8211; 300mm &#8211; so that a single ring magnet can be used instead of several smaller arc-shaped magnets to assemble their drums.<\/span><\/p><p><img decoding=\"async\" src=\"https:\/\/osenc.com\/wp-content\/uploads\/2022\/11\/10002.webp\" alt=\"big neodymium magnets\" width=\"500\" height=\"500\" \/><\/p><h2>How much do large magnets cost?<\/h2><p>It depends on what magnet it is. Neodymium magnets are expensive. Because they take too much rare-earth to make.<\/p><p>If a neodymium magnet is larger, the price must be higher. The prices can range from $800 to $2000 or more per piece.<\/p><p>The price of big neodymium magnets is higher than that of the smaller magnets sold on Amazon. Because they are large and difficult to process. Many factors affect the price, among which the most important are:<\/p><h3>Dimension<\/h3><p>The magnet is larger means that more raw materials are required for production. The main raw material is neodymium, a rare earth element. Therefore, larger lead to higher prices. Large also means that production is more difficult than with smaller sizes, which will need a special machine and magnetizers.<\/p><h3>Grade<\/h3><p>Neodymium magnets are graded by the materials they are made of. A magnet of higher grade always means it contains more rare earth, like <a href=\"https:\/\/en.wikipedia.org\/wiki\/Dysprosium\" target=\"_blank\" rel=\"noopener\">Dysprosium<\/a>. It is more expensive than Neodymium. The greater the temperature resistance, the greater the number of other types of rare earths needed. That&#8217;s why a N35EH magnet costs more than a N35 magnet of equal size.<\/p><h3>Quantity<\/h3><p>Prices can be quite different depending on the quantity of the order. For example, if a customer buys 1 piece, the price is $1,000. However, if the customer buys 2 pieces, the price per item is $850, since some fixed can be shared by another piece.<br \/><img loading=\"lazy\" decoding=\"async\" src=\"https:\/\/osenc.com\/wp-content\/uploads\/2022\/11\/10004-1.webp\" alt=\"big magnets\" width=\"500\" height=\"405\" \/><\/p><h2>Where can I buy big magnets<\/h2><p>Big magnets just can buy from manufacturer. Customers are hard to buy from local magnet store. They need place an order and wait some wees. There are several reasons:<\/p><p>1. Customisation Requirements: <br \/>Neodymium magnets are customised products. Factors such as grade, coating, dimensions, magnetic direction, and tolerances vary greatly depending on the application, making it difficult to stock standardized options.<\/p><p>2. Limited Demand: <br \/>The market for large neodymium magnets is relatively niche, with most buyers being professional or industrial customers rather than general consumers.<\/p><p>3. Safety and Storage Challenges:<br \/>Large magnets can be dangerous to handle and require special storage conditions to prevent accidents or damage, making it impractical for most stores to keep them in stock.<\/p><p><a href=\"https:\/\/www.osenc.com\/contact-us\/\">Contact us now<\/a><\/p><h2>How to ship big neodymium magnets<\/h2><h3>Ship by sea<\/h3><p>Shipping big neodymium magnets by sea are the best choice because the magnetic strength is too big. Whether you want to ship one piece or a thousand pieces, that&#8217;s not an issue. The negative is that it takes a long time.<span style=\"background-color: var(--ast-global-color-4); color: var(--ast-global-color-2); font-size: 25px; font-style: inherit; font-weight: bold; text-transform: capitalize;\">\u00a0<\/span><\/p>\t\t\t\t\t\t\t\t<\/div>\n\t\t\t\t<div class=\"elementor-element elementor-element-538ba64 elementor-widget elementor-widget-text-editor\" data-id=\"538ba64\" data-element_type=\"widget\" data-e-type=\"widget\" data-widget_type=\"text-editor.default\">\n\t\t\t\t\t\t\t\t\t<h3>Ship By Air Cargo\/Express<\/h3><p>If big neodymium magnets are shipped by air or air cargo, it depends on how big they are. People have to wrap them in a lot of iron plates to meet\u00a0<a href=\"https:\/\/osenc.com\/iata-report\/\">IATA regulation<\/a>s. This would add too much cost. That is why lots of companies suggest customer ship big neodymium magnets by sea.<\/p><p><img loading=\"lazy\" decoding=\"async\" class=\"alignleft wp-image-960 size-full\" src=\"https:\/\/osenc.com\/wp-content\/uploads\/2022\/11\/10001-1.webp\" alt=\"buy neodymium magnets\" width=\"330\" height=\"503\" srcset=\"https:\/\/osenc.com\/wp-content\/uploads\/2022\/11\/10001-1.webp 330w, https:\/\/osenc.com\/wp-content\/uploads\/2022\/11\/10001-1-197x300.webp 197w\" sizes=\"(max-width: 330px) 100vw, 330px\" \/><\/p><p>Even if people wrap them with many iron plates, there is almost a 50% chance that the Gaussian values are still too large. In this case, they cannot obtain an IATA report, nor can we make international shipments.<\/p><p>In our experience, lots of neodymium mangets factories can not ship big magnet well. If only one large magnet is sent, there is only a 30% chance of it being sent successfully. If two magnets are shipped together, there is an 80% chance that they will be shipped successfully. If you would like to know more details about sending magnets abroad, please contact us directly.<\/p><p>Osenc can successfully ship all large neodymium magnets by Offical express, like DHL, UPS, and FedEx.<\/p><p>How Big Is The Magnetic Field From The Big Neodymium Magnets<\/p><p>The magnetic field of a large magnet is still very large.<br \/>A large magnet is nearly 0.6 Tesla(6000guass).<\/p><p>(But this is far less than Halbach. The Halbach we produced has a maximum magnetic field of nearly 14700 gauss.<\/p><p>It was made for the Max Planck Institute.)<\/p>\t\t\t\t\t\t\t\t<\/div>\n\t\t\t\t<div class=\"elementor-element elementor-element-8422b1c elementor-widget elementor-widget-text-editor\" data-id=\"8422b1c\" data-element_type=\"widget\" data-e-type=\"widget\" data-widget_type=\"text-editor.default\">\n\t\t\t\t\t\t\t\t\t<p>\u00a0<\/p><h2>What Should Be Noted When Buying Big Neodymium Magnets<\/h2><h3>Make Sure You Really Need A Big Magnet<\/h3><p>Many customers express their interest in large magnets. However, few of them really need such big neodymium magnets. In many cases, their needs can be met with magnetic assemblies such as\u00a0<a href=\"https:\/\/www.osenc.com\/product\/halbach-array\/\">Halbach<\/a>.<\/p><h3>Be Sure You Are Properly Trained To Handle Big Magnets<\/h3><p>Big neodymium magnets are very powerful. The bigger they are, the more care you need to take to avoid injury. So we need to make sure that people who handle magnets are professional or well trained.<\/p><p>Another characteristic of large neodymium magnets that makes them difficult to handle mechanically is the brittle nature of these magnets, which causes them to shatter into many small pieces if impacted.<\/p><p>Neodymium magnets are very hard to be made bigger, because their pull force is very strong. It is almost impossible to separate two big neodymium magnets from each other. We have<\/p><h3>Lead Time And Shipping Time Is Long<\/h3><p>The production time of big neodymium magnets can be affected by many factors. And it&#8217;s the same for transportation time.<\/p><p>Large-size magnets are all customized, the factory generally does not have raw materials on hand. Therefore, production time is longer than that of small magnets.<\/p><p>Normally, when producing a big neodymium magnet, we will definitely prepare a second part just in case. Sometimes the first sample may fail to meet the standard and needs to be re-produced. This leads to a production time of approximately 40-80 days. In most cases though, this takes only 40 days.<\/p><p>We recommend that all large-size magnets be shipped by sea because this is the most cost-effective. If such an order is shipped by air, the cost will increase dramatically.<\/p><h2>How Strong Is The Pull Of The Big Neodymium Magnets?<\/h2>\t\t\t\t\t\t\t\t<\/div>\n\t\t\t\t<div class=\"elementor-element elementor-element-7317ebf elementor-widget elementor-widget-video\" data-id=\"7317ebf\" data-element_type=\"widget\" data-e-type=\"widget\" data-settings=\"{&quot;youtube_url&quot;:&quot;https:\\\/\\\/www.youtube.com\\\/watch?v=yM4Xe2c0B8M&amp;t=21s&quot;,&quot;video_type&quot;:&quot;youtube&quot;,&quot;controls&quot;:&quot;yes&quot;}\" data-widget_type=\"video.default\">\n\t\t\t\t\t\t\t<div class=\"elementor-wrapper elementor-open-inline\">\n\t\t\t<div class=\"elementor-video\"><\/div>\t\t<\/div>\n\t\t\t\t\t\t<\/div>\n\t\t\t\t<div class=\"elementor-element elementor-element-1037d9f elementor-widget elementor-widget-text-editor\" data-id=\"1037d9f\" data-element_type=\"widget\" data-e-type=\"widget\" data-widget_type=\"text-editor.default\">\n\t\t\t\t\t\t\t\t\t<div id=\"8\"><h2>Does the big neodymium magnets can delete data from the phone or HDD<\/h2><\/div><p>As far as we know magnets are unable to delete data. But it affects some functions of the phone, such as the compass. And magnet also cannot delete HDD information.<\/p><div id=\"9\"><h2>How big neodymium magnets trigger green lights<\/h2><\/div><p>We know that some motorcycle enthusiasts use some big magnets to trigger traffic lights. But actually, we don&#8217;t know much about this. The big magnets that hobbyists say are not the same size as the ones we actually offer. But if you must give an answer, you can refer to this post &#8220;<a href=\"https:\/\/www.indianmotorcycles.net\/threads\/traffic-light-trigger-neodymium-magnet.9630\/\" target=\"_blank\" rel=\"noopener\">Traffic Light Trigger<\/a>&#8220;<\/p><div id=\"10\"><h2>Does the big neodymium magnets have a bigger pull force?<\/h2><\/div><p>The answer is &#8220;no&#8221;.<\/p><p>The ratio of the weight that magnets of different shapes and sizes can pick up and their own weight varies greatly, some are less than 200 times, some are more than 500 times, and some can reach more than 3000 times, so the 600 times written on the Internet is not completely correct<\/p><p><img loading=\"lazy\" decoding=\"async\" class=\"alignnone wp-image-7211 size-medium\" src=\"https:\/\/osenc.com\/wp-content\/uploads\/2026\/01\/10002-565x600.png\" alt=\"big neodymium magnets\" width=\"565\" height=\"600\" srcset=\"https:\/\/osenc.com\/wp-content\/uploads\/2026\/01\/10002-565x600.png 565w, https:\/\/osenc.com\/wp-content\/uploads\/2026\/01\/10002-11x12.png 11w, https:\/\/osenc.com\/wp-content\/uploads\/2026\/01\/10002.png 595w\" sizes=\"(max-width: 565px) 100vw, 565px\" \/> <img loading=\"lazy\" decoding=\"async\" class=\"alignnone wp-image-7212 size-full\" src=\"https:\/\/osenc.com\/wp-content\/uploads\/2026\/01\/10001.png\" alt=\"big neodymium magnets\" width=\"590\" height=\"539\" srcset=\"https:\/\/osenc.com\/wp-content\/uploads\/2026\/01\/10001.png 590w, https:\/\/osenc.com\/wp-content\/uploads\/2026\/01\/10001-13x12.png 13w\" sizes=\"(max-width: 590px) 100vw, 590px\" \/><\/p><p>Cylinders or round cakes of the same diameter, the greater the height, the greater the weight that can be sucked up, and the suction force is basically proportional to the height<br \/>Cylinders or round cakes of the same height, big the diameter, the greater the weight that can be sucked up, and the suction force is basically proportional to the diameter<br \/>Cylinders or round cakes of the same volume and weight have different diameters and heights, and the weight that can be sucked up varies greatly. Generally, the longer the magnet orientation direction, the greater the suction force.<br \/>Magnets of the same volume will not necessarily have the same suction force, depending on the shape, the suction force may vary greatly<br \/>Magnets that pick up ferromagnetic substances of the same weight may vary in shape, volume and weight<br \/>Regardless of the shape, the length of the orientation direction has the greatest effect on the determination of suction.<\/p><p>Is the above text too long? Please see the table below to help you understand.<\/p><p><img loading=\"lazy\" decoding=\"async\" class=\"alignnone wp-image-7210 size-full\" src=\"https:\/\/osenc.com\/wp-content\/uploads\/2026\/01\/10003.png\" alt=\"big neodymium magnets\" width=\"592\" height=\"339\" srcset=\"https:\/\/osenc.com\/wp-content\/uploads\/2026\/01\/10003.png 592w, https:\/\/osenc.com\/wp-content\/uploads\/2026\/01\/10003-18x10.png 18w\" sizes=\"(max-width: 592px) 100vw, 592px\" \/><\/p>\t\t\t\t\t\t\t\t<\/div>\n\t\t\t\t<div class=\"elementor-element elementor-element-243261e7 elementor-widget elementor-widget-button\" data-id=\"243261e7\" data-element_type=\"widget\" data-e-type=\"widget\" data-widget_type=\"button.default\">\n\t\t\t\t\t\t\t\t\t\t<a class=\"elementor-button elementor-button-link elementor-size-sm\" href=\"#elementor-action%3Aaction%3Dpopup%3Aopen%26settings%3DeyJpZCI6IjIwMSIsInRvZ2dsZSI6ZmFsc2V9\">\n\t\t\t\t\t\t<span class=\"elementor-button-content-wrapper\">\n\t\t\t\t\t\t\t\t\t<span class=\"elementor-button-text\">Contact Osenc Now<\/span>\n\t\t\t\t\t<\/span>\n\t\t\t\t\t<\/a>\n\t\t\t\t\t\t\t\t<\/div>\n\t\t\t\t\t<\/div>\n\t\t<\/div>\n\t\t\t\t<div class=\"elementor-column elementor-col-50 elementor-top-column elementor-element elementor-element-511a1fe4\" data-id=\"511a1fe4\" data-element_type=\"column\" data-e-type=\"column\">\n\t\t\t<div class=\"elementor-widget-wrap elementor-element-populated\">\n\t\t\t\t\t\t<div class=\"elementor-element elementor-element-4d99a1b6 elementor-toc--minimized-on-tablet elementor-widget elementor-widget-table-of-contents\" data-id=\"4d99a1b6\" data-element_type=\"widget\" data-e-type=\"widget\" data-settings=\"{&quot;exclude_headings_by_selector&quot;:[],&quot;no_headings_message&quot;:&quot;No headings were found on this page.&quot;,&quot;headings_by_tags&quot;:[&quot;h2&quot;,&quot;h3&quot;,&quot;h4&quot;,&quot;h5&quot;,&quot;h6&quot;],&quot;marker_view&quot;:&quot;numbers&quot;,&quot;minimize_box&quot;:&quot;yes&quot;,&quot;minimized_on&quot;:&quot;tablet&quot;,&quot;hierarchical_view&quot;:&quot;yes&quot;,&quot;min_height&quot;:{&quot;unit&quot;:&quot;px&quot;,&quot;size&quot;:&quot;&quot;,&quot;sizes&quot;:[]},&quot;min_height_tablet&quot;:{&quot;unit&quot;:&quot;px&quot;,&quot;size&quot;:&quot;&quot;,&quot;sizes&quot;:[]},&quot;min_height_mobile&quot;:{&quot;unit&quot;:&quot;px&quot;,&quot;size&quot;:&quot;&quot;,&quot;sizes&quot;:[]}}\" data-widget_type=\"table-of-contents.default\">\n\t\t\t\t\t\t\t\t\t<div class=\"elementor-toc__header\">\n\t\t\t\t\t\t<h4 class=\"elementor-toc__header-title\">\n\t\t\t\tTable of Contents\t\t\t<\/h4>\n\t\t\t\t\t\t\t\t\t\t<div class=\"elementor-toc__toggle-button elementor-toc__toggle-button--expand\" role=\"button\" tabindex=\"0\" aria-controls=\"elementor-toc__4d99a1b6\" aria-expanded=\"true\" aria-label=\"Apri l&#039;indice dei contenuti\"><svg aria-hidden=\"true\" class=\"e-font-icon-svg e-fas-chevron-down\" viewBox=\"0 0 448 512\" xmlns=\"http:\/\/www.w3.org\/2000\/svg\"><path d=\"M207.029 381.476L12.686 187.132c-9.373-9.373-9.373-24.569 0-33.941l22.667-22.667c9.357-9.357 24.522-9.375 33.901-.04L224 284.505l154.745-154.021c9.379-9.335 24.544-9.317 33.901.04l22.667 22.667c9.373 9.373 9.373 24.569 0 33.941L240.971 381.476c-9.373 9.372-24.569 9.372-33.942 0z\"><\/path><\/svg><\/div>\n\t\t\t\t<div class=\"elementor-toc__toggle-button elementor-toc__toggle-button--collapse\" role=\"button\" tabindex=\"0\" aria-controls=\"elementor-toc__4d99a1b6\" aria-expanded=\"true\" aria-label=\"Chiudi l&#039;indice dei contenuti\"><svg aria-hidden=\"true\" class=\"e-font-icon-svg e-fas-chevron-up\" viewBox=\"0 0 448 512\" xmlns=\"http:\/\/www.w3.org\/2000\/svg\"><path d=\"M240.971 130.524l194.343 194.343c9.373 9.373 9.373 24.569 0 33.941l-22.667 22.667c-9.357 9.357-24.522 9.375-33.901.04L224 227.495 69.255 381.516c-9.379 9.335-24.544 9.317-33.901-.04l-22.667-22.667c-9.373-9.373-9.373-24.569 0-33.941L207.03 130.525c9.372-9.373 24.568-9.373 33.941-.001z\"><\/path><\/svg><\/div>\n\t\t\t\t\t<\/div>\n\t\t\t\t<div id=\"elementor-toc__4d99a1b6\" class=\"elementor-toc__body\">\n\t\t\t<div class=\"elementor-toc__spinner-container\">\n\t\t\t\t<svg class=\"elementor-toc__spinner eicon-animation-spin e-font-icon-svg e-eicon-loading\" aria-hidden=\"true\" viewBox=\"0 0 1000 1000\" xmlns=\"http:\/\/www.w3.org\/2000\/svg\"><path d=\"M500 975V858C696 858 858 696 858 500S696 142 500 142 142 304 142 500H25C25 237 238 25 500 25S975 237 975 500 763 975 500 975Z\"><\/path><\/svg>\t\t\t<\/div>\n\t\t<\/div>\n\t\t\t\t\t\t<\/div>\n\t\t\t\t\t<\/div>\n\t\t<\/div>\n\t\t\t\t\t<\/div>\n\t\t<\/section>\n\t\t\t\t<\/div>\n\t\t","protected":false},"excerpt":{"rendered":"<p>Gro\u00dfe Neodym-Magnete Gr\u00f6\u00dfte Scheibe: 300 \u00d7 40 mm; gr\u00f6\u00dfter Block: 250 \u00d7 100 \u00d7 40 mm Magnetische Feldst\u00e4rke: ~0,6 Tesla (6000 Gauss) Preisspanne: $800-$2000+ pro St\u00fcck Produktionsvorlaufzeit: 40-80 Tage Holen Sie sich jetzt ein sofortiges Angebot Gro\u00dfe Neodym-Magnete sind allgemein bekannt als riesige Magnete oder Riesenmagnete. Sie sind industrielle Magnete...<\/p>","protected":false},"author":1,"featured_media":2748,"parent":0,"menu_order":32,"comment_status":"closed","ping_status":"closed","template":"","meta":{"_kad_blocks_custom_css":"","_kad_blocks_head_custom_js":"","_kad_blocks_body_custom_js":"","_kad_blocks_footer_custom_js":"","_kad_post_transparent":"","_kad_post_title":"","_kad_post_layout":"","_kad_post_sidebar_id":"","_kad_post_content_style":"","_kad_post_vertical_padding":"","_kad_post_feature":"","_kad_post_feature_position":"","_kad_post_header":false,"_kad_post_footer":false,"_kad_post_classname":"","footnotes":""},"class_list":["post-277","page","type-page","status-publish","has-post-thumbnail","hentry"],"taxonomy_info":[],"featured_image_src_large":["https:\/\/osenc.com\/wp-content\/uploads\/2023\/01\/big.jpg",500,500,false],"author_info":{"display_name":"Ben Zhong","author_link":"https:\/\/osenc.com\/de\/author\/infoosenc-com\/"},"comment_info":"","_links":{"self":[{"href":"https:\/\/osenc.com\/de\/wp-json\/wp\/v2\/pages\/277","targetHints":{"allow":["GET"]}}],"collection":[{"href":"https:\/\/osenc.com\/de\/wp-json\/wp\/v2\/pages"}],"about":[{"href":"https:\/\/osenc.com\/de\/wp-json\/wp\/v2\/types\/page"}],"author":[{"embeddable":true,"href":"https:\/\/osenc.com\/de\/wp-json\/wp\/v2\/users\/1"}],"replies":[{"embeddable":true,"href":"https:\/\/osenc.com\/de\/wp-json\/wp\/v2\/comments?post=277"}],"version-history":[{"count":0,"href":"https:\/\/osenc.com\/de\/wp-json\/wp\/v2\/pages\/277\/revisions"}],"wp:featuredmedia":[{"embeddable":true,"href":"https:\/\/osenc.com\/de\/wp-json\/wp\/v2\/media\/2748"}],"wp:attachment":[{"href":"https:\/\/osenc.com\/de\/wp-json\/wp\/v2\/media?parent=277"}],"curies":[{"name":"wp","href":"https:\/\/api.w.org\/{rel}","templated":true}]}}