{"id":157,"date":"2022-11-05T09:03:29","date_gmt":"2022-11-05T09:03:29","guid":{"rendered":"https:\/\/neosumk.com\/?page_id=157"},"modified":"2023-01-20T14:42:55","modified_gmt":"2023-01-20T06:42:55","slug":"quality-management","status":"publish","type":"page","link":"https:\/\/osenc.com\/de\/quality-management\/","title":{"rendered":"Qualit\u00e4tsmanagement"},"content":{"rendered":"\t\t<div data-elementor-type=\"wp-page\" data-elementor-id=\"157\" class=\"elementor elementor-157\" data-elementor-post-type=\"page\">\n\t\t\t\t\t\t<section class=\"elementor-section elementor-top-section elementor-element elementor-element-a9e3c6e elementor-section-height-min-height elementor-section-boxed elementor-section-height-default elementor-section-items-middle\" data-id=\"a9e3c6e\" data-element_type=\"section\" data-e-type=\"section\">\n\t\t\t\t\t\t<div class=\"elementor-container elementor-column-gap-default\">\n\t\t\t\t\t<div class=\"elementor-column elementor-col-100 elementor-top-column elementor-element elementor-element-8819d8c\" data-id=\"8819d8c\" data-element_type=\"column\" data-e-type=\"column\">\n\t\t\t<div class=\"elementor-widget-wrap elementor-element-populated\">\n\t\t\t\t\t\t<div class=\"elementor-element elementor-element-fb09b64 elementor-widget elementor-widget-heading\" data-id=\"fb09b64\" data-element_type=\"widget\" data-e-type=\"widget\" data-widget_type=\"heading.default\">\n\t\t\t\t\t<h1 class=\"elementor-heading-title elementor-size-default\">Quality Management<\/h1>\t\t\t\t<\/div>\n\t\t\t\t\t<\/div>\n\t\t<\/div>\n\t\t\t\t\t<\/div>\n\t\t<\/section>\n\t\t\t\t<section class=\"elementor-section elementor-top-section elementor-element elementor-element-1e618f9 elementor-section-boxed elementor-section-height-default elementor-section-height-default\" data-id=\"1e618f9\" data-element_type=\"section\" data-e-type=\"section\">\n\t\t\t\t\t\t<div class=\"elementor-container elementor-column-gap-default\">\n\t\t\t\t\t<div class=\"elementor-column elementor-col-100 elementor-top-column elementor-element elementor-element-fac848d\" data-id=\"fac848d\" data-element_type=\"column\" data-e-type=\"column\">\n\t\t\t<div class=\"elementor-widget-wrap elementor-element-populated\">\n\t\t\t\t\t\t<div class=\"elementor-element elementor-element-99ce333 elementor-toc--minimized-on-tablet elementor-widget elementor-widget-table-of-contents\" data-id=\"99ce333\" data-element_type=\"widget\" data-e-type=\"widget\" data-settings=\"{&quot;exclude_headings_by_selector&quot;:[],&quot;headings_by_tags&quot;:[&quot;h2&quot;,&quot;h3&quot;,&quot;h4&quot;,&quot;h5&quot;,&quot;h6&quot;],&quot;marker_view&quot;:&quot;numbers&quot;,&quot;no_headings_message&quot;:&quot;Es wurden keine \\u00dcberschriften auf dieser Seite gefunden.&quot;,&quot;minimize_box&quot;:&quot;yes&quot;,&quot;minimized_on&quot;:&quot;tablet&quot;,&quot;hierarchical_view&quot;:&quot;yes&quot;,&quot;min_height&quot;:{&quot;unit&quot;:&quot;px&quot;,&quot;size&quot;:&quot;&quot;,&quot;sizes&quot;:[]},&quot;min_height_tablet&quot;:{&quot;unit&quot;:&quot;px&quot;,&quot;size&quot;:&quot;&quot;,&quot;sizes&quot;:[]},&quot;min_height_mobile&quot;:{&quot;unit&quot;:&quot;px&quot;,&quot;size&quot;:&quot;&quot;,&quot;sizes&quot;:[]}}\" data-widget_type=\"table-of-contents.default\">\n\t\t\t\t\t\t\t\t\t<div class=\"elementor-toc__header\">\n\t\t\t\t\t\t<h4 class=\"elementor-toc__header-title\">\n\t\t\t\tTable of Contents\t\t\t<\/h4>\n\t\t\t\t\t\t\t\t\t\t<div class=\"elementor-toc__toggle-button elementor-toc__toggle-button--expand\" role=\"button\" tabindex=\"0\" aria-controls=\"elementor-toc__99ce333\" aria-expanded=\"true\" aria-label=\"Inhaltsverzeichnis \u00f6ffnen\"><svg aria-hidden=\"true\" class=\"e-font-icon-svg e-fas-chevron-down\" viewBox=\"0 0 448 512\" xmlns=\"http:\/\/www.w3.org\/2000\/svg\"><path d=\"M207.029 381.476L12.686 187.132c-9.373-9.373-9.373-24.569 0-33.941l22.667-22.667c9.357-9.357 24.522-9.375 33.901-.04L224 284.505l154.745-154.021c9.379-9.335 24.544-9.317 33.901.04l22.667 22.667c9.373 9.373 9.373 24.569 0 33.941L240.971 381.476c-9.373 9.372-24.569 9.372-33.942 0z\"><\/path><\/svg><\/div>\n\t\t\t\t<div class=\"elementor-toc__toggle-button elementor-toc__toggle-button--collapse\" role=\"button\" tabindex=\"0\" aria-controls=\"elementor-toc__99ce333\" aria-expanded=\"true\" aria-label=\"Inhaltsverzeichnis schlie\u00dfen\"><svg aria-hidden=\"true\" class=\"e-font-icon-svg e-fas-chevron-up\" viewBox=\"0 0 448 512\" xmlns=\"http:\/\/www.w3.org\/2000\/svg\"><path d=\"M240.971 130.524l194.343 194.343c9.373 9.373 9.373 24.569 0 33.941l-22.667 22.667c-9.357 9.357-24.522 9.375-33.901.04L224 227.495 69.255 381.516c-9.379 9.335-24.544 9.317-33.901-.04l-22.667-22.667c-9.373-9.373-9.373-24.569 0-33.941L207.03 130.525c9.372-9.373 24.568-9.373 33.941-.001z\"><\/path><\/svg><\/div>\n\t\t\t\t\t<\/div>\n\t\t\t\t<div id=\"elementor-toc__99ce333\" class=\"elementor-toc__body\">\n\t\t\t<div class=\"elementor-toc__spinner-container\">\n\t\t\t\t<svg class=\"elementor-toc__spinner eicon-animation-spin e-font-icon-svg e-eicon-loading\" aria-hidden=\"true\" viewBox=\"0 0 1000 1000\" xmlns=\"http:\/\/www.w3.org\/2000\/svg\"><path d=\"M500 975V858C696 858 858 696 858 500S696 142 500 142 142 304 142 500H25C25 237 238 25 500 25S975 237 975 500 763 975 500 975Z\"><\/path><\/svg>\t\t\t<\/div>\n\t\t<\/div>\n\t\t\t\t\t\t<\/div>\n\t\t\t\t\t<\/div>\n\t\t<\/div>\n\t\t\t\t\t<\/div>\n\t\t<\/section>\n\t\t\t\t<section class=\"elementor-section elementor-top-section elementor-element elementor-element-eb79236 elementor-section-boxed elementor-section-height-default elementor-section-height-default\" data-id=\"eb79236\" data-element_type=\"section\" data-e-type=\"section\">\n\t\t\t\t\t\t<div class=\"elementor-container elementor-column-gap-default\">\n\t\t\t\t\t<div class=\"elementor-column elementor-col-100 elementor-top-column elementor-element elementor-element-dd48bee\" data-id=\"dd48bee\" data-element_type=\"column\" data-e-type=\"column\">\n\t\t\t<div class=\"elementor-widget-wrap elementor-element-populated\">\n\t\t\t\t\t\t<div class=\"elementor-element elementor-element-f3e783b elementor-widget elementor-widget-text-editor\" data-id=\"f3e783b\" data-element_type=\"widget\" data-e-type=\"widget\" data-widget_type=\"text-editor.default\">\n\t\t\t\t\t\t\t\t\t<p>Osenc Magnet Co.,Ltd is a <a href=\"https:\/\/osenc.com\/\">neodymium magnet supplier<\/a> that prefers quality over cost-effectiveness since the day it was founded. And we have obtained the <a href=\"https:\/\/www.iso.org\/iso-9001-quality-management.html\" target=\"_blank\" rel=\"noopener\">ISO 9001 certification<\/a> in order to be better and better.<\/p><p>If quality management is one of your top priorities, you should definitely consider sending an email to Osenc. Especially, if the performance of the magnets has a significant impact on the results of your projects, then let Osenc make sure the magnets you receive will be up to par, rather than falling short of your standards, which brings unexpected issues to your entire schedule.<\/p><h2>Certification<\/h2><p>Needless to say, it is important to work with a certified supplier. However, it is equally important to understand the limits of certification. A supplier with ISO 9001 doesn&#8217;t guarantee you a product without quality issues.<\/p><p>For many suppliers, getting an ISO 9001 certification is like an exam. Although one of the targets for the ISO 9001 standard is the &#8220;continuous improvement&#8221; concept, there is no real quantification of this continuous improvement or simply of maintaining it after certification is acquired.<\/p><p>There is a common misunderstanding about ISO 9001 certification \u2013 believing that acquiring a standard certification by a company is the same as the product quality standard that a company delivers.<\/p><p>This is a mistake to think so because the standard doesn&#8217;t determine product quality itself, since certification only looks at the company\u2019s internal behaviors, and processes, etc.<\/p><h2>Quality management Needs Solid Foundation<\/h2><p>Osenc people deeply understand quality is a systematic project, and ISO 9001 certification alone doesn&#8217;t guarantee product quality. Quality management begins with the top management of a company.<\/p><p>The competitive strategies that they choose determine the overall quality level of their products. If they decide to compete with a strategy that emphasizes quality, reliability, and long-term success, then they will lay a solid foundation for their product quality.<\/p><p>On the contrary, if they decide to compete with a strategy that focuses on cost-effectiveness, it will be very likely the first action will be to reduce the cost of materials, skip procedures, etc. And this direction will surely lead to a lower overall quality level.<\/p><h2>Quality Originates from Optimum Materials<\/h2><p>No matter what quality management method you apply to your products and production, one thing will remain unchanged. That is, good quality comes from optimum materials.<\/p><p>You can never achieve good quality by using cheaper but worse materials. This is the same as making a meal. If you use rotten apples, how can you make a cup of delicious apple juice?<\/p><p>As for Osenc as a magnet supplier, we prefer to focus on the best type of material \u2013 neodymium magnets for various types of production. From regular shapes to irregular shapes , from micro magnets to <a href=\"https:\/\/osenc.com\/big-neodymium-magnets\/\">giant sizes magnets<\/a>, all are made with this superior material, so that they have better performance for the users.<\/p><p>It is always our biggest honor to hear our customers are happy with what they buy from us!<\/p><h2>Sub-Suppliers for Quality<\/h2><p>It is rare for a supplier to do every procedure regarding manufacturing a product. Doing everything alone is technically and finally illogical. It is a common practice to work with material sub-suppliers and outsource procedures to technique providers.<\/p><p>The key point is what kind of partners you choose to work with. For Osenc, our principle is to work with those who focus on quality, reliability and efficiency. Therefore, one of the basic criteria is to pick those also with certificates of ISO 9001 and ISO16949.<\/p><p>In this way, we will be able to build a complete supply chain that opts for quality and performance. And it will minimize the risk of potential magnet defeats that are only noticeable in the long term.<\/p><h2>Full-time quality inspectors<\/h2><p>Many manufacturers do have a complete quality management system. Unfortunately, it is common for manufacturers to assign employees to take quality inspection as a part of their work, rather than function as full-time quality inspectors, which can lead to compromised quality.<\/p><p>Unquestionably, it is the people that get things done. As one of the fundamental management practices, it is necessary to assign the right people to do the right things in the right way.<\/p><p>At Osenc, we have people who function solely as quality engineers, and they only do things regarding quality inspections. Their tasks include inspections for incoming inspections, during production inspections, and pre-shipment inspections.<\/p><h2>Measure to Evaluate Quality Properly<\/h2><p>Magnets look simple. It is almost impossible to evaluate the quality of magnets properly with naked eyes and bare hands. You will need quite a few devices and instruments to obtain some data for technical analysis (That\u2019s why we can see many magnet buyers complain what they receive from their suppliers fall short of standard).<\/p><p>Therefore, you should definitely consider working with a supplier who measures their magnets. Ask them to give you some numbers about the magnets, rather than only adjectives like good, strong, powerful, etc.<\/p><p>Osenc has invested in some of the most important testing facilities for evaluating magnets\u2019 quality. With these facilities, we can reveal the real performance of magnets.<\/p><p>The inspection instruments include 3 types:<\/p><p>Magnetic performance: Permeameter, Helmholtz coil, Gauss meter, and magnetic declination tester<\/p><p>Appearance &amp; dimension: Precise calibrator, micrometer, and dimension imager<\/p><p>Surface finishing: Salt spray chamber, coating thickness tester, and climate testing chamber.<\/p><h2>Pre-shipment Inspection for Timely Deliveries<\/h2><p>Besides producing good magnets, it\u2019s equally important to deliver on time. And the last important thing before leaving our warehouse is to do pre-shipment inspections. Especially, make sure the packages comply with the requirements of IATA regulations. \u00a0<\/p><p>Magnets are special goods for shipping since they have magnetism and will interfere with the proper functions of various meters on airplanes. Improper packing and failures on IATA tests can result in denials of shipping requests by the government and shipping companies.<\/p><p>Osenc always does pre-shipment inspections to make sure the packages are under the mandatory minimum value of magnetic impact. And we will also obtain the <a href=\"https:\/\/osenc.com\/iata-report\/\">IATA reports<\/a> for your magnets. They will assure smooth deliveries of magnets to you!<\/p>\t\t\t\t\t\t\t\t<\/div>\n\t\t\t\t\t<\/div>\n\t\t<\/div>\n\t\t\t\t\t<\/div>\n\t\t<\/section>\n\t\t\t\t<section class=\"elementor-section elementor-top-section elementor-element elementor-element-0a85f21 elementor-section-boxed elementor-section-height-default elementor-section-height-default\" data-id=\"0a85f21\" data-element_type=\"section\" data-e-type=\"section\">\n\t\t\t\t\t\t<div class=\"elementor-container elementor-column-gap-default\">\n\t\t\t\t\t<div class=\"elementor-column elementor-col-100 elementor-top-column elementor-element elementor-element-10413f2\" data-id=\"10413f2\" data-element_type=\"column\" data-e-type=\"column\">\n\t\t\t<div class=\"elementor-widget-wrap elementor-element-populated\">\n\t\t\t\t\t\t<div class=\"elementor-element elementor-element-d4a7df7 elementor-widget elementor-widget-heading\" data-id=\"d4a7df7\" data-element_type=\"widget\" data-e-type=\"widget\" data-widget_type=\"heading.default\">\n\t\t\t\t\t<h3 class=\"elementor-heading-title elementor-size-default\">Inspection Tool<\/h3>\t\t\t\t<\/div>\n\t\t\t\t\t<\/div>\n\t\t<\/div>\n\t\t\t\t\t<\/div>\n\t\t<\/section>\n\t\t\t\t<section class=\"elementor-section elementor-top-section elementor-element elementor-element-2c703ea elementor-section-boxed elementor-section-height-default elementor-section-height-default\" data-id=\"2c703ea\" data-element_type=\"section\" data-e-type=\"section\">\n\t\t\t\t\t\t<div class=\"elementor-container elementor-column-gap-default\">\n\t\t\t\t\t<div class=\"elementor-column elementor-col-100 elementor-top-column elementor-element elementor-element-6eae2f3\" data-id=\"6eae2f3\" data-element_type=\"column\" data-e-type=\"column\">\n\t\t\t<div class=\"elementor-widget-wrap elementor-element-populated\">\n\t\t\t\t\t\t<div class=\"elementor-element elementor-element-abf28b7 elementor-widget elementor-widget-image\" data-id=\"abf28b7\" data-element_type=\"widget\" data-e-type=\"widget\" data-widget_type=\"image.default\">\n\t\t\t\t\t\t\t\t\t\t\t\t\t\t\t<img fetchpriority=\"high\" decoding=\"async\" width=\"768\" height=\"418\" src=\"https:\/\/osenc.com\/wp-content\/uploads\/2022\/11\/Inspection-Tool-768x418.jpg\" class=\"attachment-medium_large size-medium_large wp-image-924\" alt=\"Quality Management\" srcset=\"https:\/\/osenc.com\/wp-content\/uploads\/2022\/11\/Inspection-Tool-768x418.jpg 768w, https:\/\/osenc.com\/wp-content\/uploads\/2022\/11\/Inspection-Tool-300x163.jpg 300w, https:\/\/osenc.com\/wp-content\/uploads\/2022\/11\/Inspection-Tool.jpg 905w\" sizes=\"(max-width: 768px) 100vw, 768px\" \/>\t\t\t\t\t\t\t\t\t\t\t\t\t\t\t<\/div>\n\t\t\t\t\t<\/div>\n\t\t<\/div>\n\t\t\t\t\t<\/div>\n\t\t<\/section>\n\t\t\t\t<\/div>\n\t\t","protected":false},"excerpt":{"rendered":"<p>Qualit\u00e4tsmanagement Inhaltsverzeichnis Osenc Magnet Co.,Ltd ist ein Neodym-Magnet-Lieferant, der seit dem Tag seiner Gr\u00fcndung die Qualit\u00e4t der Wirtschaftlichkeit vorzieht. Und wir haben die ISO 9001-Zertifizierung erhalten, um immer besser zu werden. Wenn Qualit\u00e4tsmanagement eine Ihrer h\u00f6chsten Priorit\u00e4ten ist, sollten Sie auf jeden Fall in Betracht ziehen, uns eine E-Mail zu schicken...<\/p>","protected":false},"author":1,"featured_media":0,"parent":0,"menu_order":37,"comment_status":"closed","ping_status":"closed","template":"","meta":{"_kad_blocks_custom_css":"","_kad_blocks_head_custom_js":"","_kad_blocks_body_custom_js":"","_kad_blocks_footer_custom_js":"","_kad_post_transparent":"","_kad_post_title":"","_kad_post_layout":"","_kad_post_sidebar_id":"","_kad_post_content_style":"","_kad_post_vertical_padding":"","_kad_post_feature":"","_kad_post_feature_position":"","_kad_post_header":false,"_kad_post_footer":false,"_kad_post_classname":"","footnotes":""},"class_list":["post-157","page","type-page","status-publish","hentry"],"taxonomy_info":[],"featured_image_src_large":false,"author_info":{"display_name":"Ben Zhong","author_link":"https:\/\/osenc.com\/de\/author\/infoosenc-com\/"},"comment_info":"","_links":{"self":[{"href":"https:\/\/osenc.com\/de\/wp-json\/wp\/v2\/pages\/157","targetHints":{"allow":["GET"]}}],"collection":[{"href":"https:\/\/osenc.com\/de\/wp-json\/wp\/v2\/pages"}],"about":[{"href":"https:\/\/osenc.com\/de\/wp-json\/wp\/v2\/types\/page"}],"author":[{"embeddable":true,"href":"https:\/\/osenc.com\/de\/wp-json\/wp\/v2\/users\/1"}],"replies":[{"embeddable":true,"href":"https:\/\/osenc.com\/de\/wp-json\/wp\/v2\/comments?post=157"}],"version-history":[{"count":0,"href":"https:\/\/osenc.com\/de\/wp-json\/wp\/v2\/pages\/157\/revisions"}],"wp:attachment":[{"href":"https:\/\/osenc.com\/de\/wp-json\/wp\/v2\/media?parent=157"}],"curies":[{"name":"wp","href":"https:\/\/api.w.org\/{rel}","templated":true}]}}