{"id":1411,"date":"2022-11-15T12:42:39","date_gmt":"2022-11-15T12:42:39","guid":{"rendered":"https:\/\/neosumk.com\/?page_id=1411"},"modified":"2025-08-19T17:39:32","modified_gmt":"2025-08-19T09:39:32","slug":"custom-neodymium-magnets","status":"publish","type":"page","link":"https:\/\/osenc.com\/de\/custom-neodymium-magnets\/","title":{"rendered":"Kundenspezifische Neodym-Magnete"},"content":{"rendered":"\t\t<div data-elementor-type=\"wp-page\" data-elementor-id=\"1411\" class=\"elementor elementor-1411\" data-elementor-post-type=\"page\">\n\t\t\t\t\t\t<section class=\"elementor-section elementor-top-section elementor-element elementor-element-36a4a663 elementor-section-boxed elementor-section-height-default elementor-section-height-default\" data-id=\"36a4a663\" data-element_type=\"section\" data-e-type=\"section\">\n\t\t\t\t\t\t<div class=\"elementor-container elementor-column-gap-default\">\n\t\t\t\t\t<div class=\"elementor-column elementor-col-50 elementor-top-column elementor-element elementor-element-55bd64f2\" data-id=\"55bd64f2\" data-element_type=\"column\" data-e-type=\"column\">\n\t\t\t<div class=\"elementor-widget-wrap elementor-element-populated\">\n\t\t\t\t\t\t<div class=\"elementor-element elementor-element-657387df elementor-widget elementor-widget-image\" data-id=\"657387df\" data-element_type=\"widget\" data-e-type=\"widget\" data-widget_type=\"image.default\">\n\t\t\t\t\t\t\t\t\t\t\t\t\t\t\t<img fetchpriority=\"high\" decoding=\"async\" width=\"500\" height=\"500\" src=\"https:\/\/osenc.com\/wp-content\/uploads\/2023\/02\/custom-magnet.jpeg\" class=\"attachment-large size-large wp-image-3228\" alt=\"custom magnet\" srcset=\"https:\/\/osenc.com\/wp-content\/uploads\/2023\/02\/custom-magnet.jpeg 500w, https:\/\/osenc.com\/wp-content\/uploads\/2023\/02\/custom-magnet-300x300.jpeg 300w, https:\/\/osenc.com\/wp-content\/uploads\/2023\/02\/custom-magnet-150x150.jpeg 150w\" sizes=\"(max-width: 500px) 100vw, 500px\" \/>\t\t\t\t\t\t\t\t\t\t\t\t\t\t\t<\/div>\n\t\t\t\t\t<\/div>\n\t\t<\/div>\n\t\t\t\t<div class=\"elementor-column elementor-col-50 elementor-top-column elementor-element elementor-element-5ffae614\" data-id=\"5ffae614\" data-element_type=\"column\" data-e-type=\"column\">\n\t\t\t<div class=\"elementor-widget-wrap elementor-element-populated\">\n\t\t\t\t\t\t<div class=\"elementor-element elementor-element-1005f4ed elementor-widget elementor-widget-heading\" data-id=\"1005f4ed\" data-element_type=\"widget\" data-e-type=\"widget\" data-widget_type=\"heading.default\">\n\t\t\t\t\t<h1 class=\"elementor-heading-title elementor-size-default\">Custom Neodymium Magnet<\/h1>\t\t\t\t<\/div>\n\t\t\t\t<div class=\"elementor-element elementor-element-4d49501 elementor-widget elementor-widget-text-editor\" data-id=\"4d49501\" data-element_type=\"widget\" data-e-type=\"widget\" data-widget_type=\"text-editor.default\">\n\t\t\t\t\t\t\t\t\t<ul><li data-start=\"138\" data-end=\"193\"><p data-start=\"141\" data-end=\"193\">Smallest side cut with diamond saw for fabrication<\/p><\/li><li data-start=\"194\" data-end=\"247\"><p data-start=\"197\" data-end=\"247\">Coatings available: nickel, copper, gold, Teflon<\/p><\/li><li data-start=\"248\" data-end=\"298\"><p data-start=\"251\" data-end=\"298\">Grades: selected per application requirements<\/p><\/li><li data-start=\"299\" data-end=\"361\"><p data-start=\"302\" data-end=\"361\">Applications: medical, automotive, electronics industries<\/p><\/li><\/ul>\t\t\t\t\t\t\t\t<\/div>\n\t\t\t\t<div class=\"elementor-element elementor-element-2f6ea2fc elementor-widget elementor-widget-button\" data-id=\"2f6ea2fc\" data-element_type=\"widget\" data-e-type=\"widget\" data-widget_type=\"button.default\">\n\t\t\t\t\t\t\t\t\t\t<a class=\"elementor-button elementor-button-link elementor-size-sm\" href=\"#elementor-action%3Aaction%3Dpopup%3Aopen%26settings%3DeyJpZCI6IjIwMSIsInRvZ2dsZSI6ZmFsc2V9\">\n\t\t\t\t\t\t<span class=\"elementor-button-content-wrapper\">\n\t\t\t\t\t\t\t\t\t<span class=\"elementor-button-text\">Get An Instant Quotation Now<\/span>\n\t\t\t\t\t<\/span>\n\t\t\t\t\t<\/a>\n\t\t\t\t\t\t\t\t<\/div>\n\t\t\t\t\t<\/div>\n\t\t<\/div>\n\t\t\t\t\t<\/div>\n\t\t<\/section>\n\t\t\t\t<section class=\"elementor-section elementor-top-section elementor-element elementor-element-41d1dce9 elementor-section-boxed elementor-section-height-default elementor-section-height-default\" data-id=\"41d1dce9\" data-element_type=\"section\" data-e-type=\"section\" data-settings=\"{&quot;background_background&quot;:&quot;classic&quot;}\">\n\t\t\t\t\t\t<div class=\"elementor-container elementor-column-gap-default\">\n\t\t\t\t\t<div class=\"elementor-column elementor-col-50 elementor-top-column elementor-element elementor-element-1571384b\" data-id=\"1571384b\" data-element_type=\"column\" data-e-type=\"column\">\n\t\t\t<div class=\"elementor-widget-wrap elementor-element-populated\">\n\t\t\t\t\t\t<div class=\"elementor-element elementor-element-10030a2 elementor-widget elementor-widget-text-editor\" data-id=\"10030a2\" data-element_type=\"widget\" data-e-type=\"widget\" data-widget_type=\"text-editor.default\">\n\t\t\t\t\t\t\t\t\t<h2>Custom Irregular Magnet Shape<\/h2><p>Custom neodymium magnets are one of the most powerful permanent magnets available today. Custom neodymium magnets means custom irregular shape neodymium magnet. (That does not include ring, block, disc magnet.) They are widely used in various industries, including electronics, automotive, medical, and renewable energy. These magnets are known for their high magnetic strength, durability, and versatility. One of the unique features of neodymium magnets is their ability to be custom-made into irregular shapes to meet specific requirements.<br \/>This article will focus on custom irregular shape neodymium magnets and their applications. We will discuss their benefits, manufacturing process, and various applications in different industries.<\/p><p><img decoding=\"async\" class=\"aligncenter wp-image-3228 size-medium\" src=\"https:\/\/osenc.com\/wp-content\/uploads\/2023\/02\/custom-magnet-300x300.jpeg\" alt=\"custom magnet\" width=\"300\" height=\"300\" srcset=\"https:\/\/osenc.com\/wp-content\/uploads\/2023\/02\/custom-magnet-300x300.jpeg 300w, https:\/\/osenc.com\/wp-content\/uploads\/2023\/02\/custom-magnet-150x150.jpeg 150w, https:\/\/osenc.com\/wp-content\/uploads\/2023\/02\/custom-magnet.jpeg 500w\" sizes=\"(max-width: 300px) 100vw, 300px\" \/><\/p><h3>Benefits of Custom Neodymium Magnets<\/h3><p>Custom irregular shape neodymium magnets have several benefits over traditional magnets. Some of the main advantages are as follows:<\/p><h4>Flexibility<\/h4><p>Neodymium magnets can be manufactured in any shape and size, making them ideal for various applications. Their unique shape can be designed to fit specific requirements, making them a preferred choice in the industry.<\/p><h4>High Magnetic Strength<\/h4><p>Neodymium magnets are known for their high magnetic strength. They are capable of generating a strong magnetic field, which makes them ideal for applications that require a high level of magnetism.<\/p><h4>Durability<\/h4><p>Neodymium magnets are highly resistant to demagnetization, corrosion, and other external factors. They have a longer lifespan than other types of magnets, making them a cost-effective solution in the long run.<\/p><p><img decoding=\"async\" class=\"aligncenter wp-image-3229 size-medium\" src=\"https:\/\/osenc.com\/wp-content\/uploads\/2023\/02\/custom-neodymium-magnet-300x300.jpeg\" alt=\"custom neodymium magnet\" width=\"300\" height=\"300\" srcset=\"https:\/\/osenc.com\/wp-content\/uploads\/2023\/02\/custom-neodymium-magnet-300x300.jpeg 300w, https:\/\/osenc.com\/wp-content\/uploads\/2023\/02\/custom-neodymium-magnet-150x150.jpeg 150w, https:\/\/osenc.com\/wp-content\/uploads\/2023\/02\/custom-neodymium-magnet.jpeg 500w\" sizes=\"(max-width: 300px) 100vw, 300px\" \/><\/p><h3>Manufacturing Process<\/h3><p>The manufacturing process of custom irregular shape neodymium magnets involves several steps. Here are the basic steps involved in the manufacturing process:<\/p><h4>Design<\/h4><p>The first step is to design the magnet&#8217;s shape and size. This is done using computer-aided design (CAD) software, which allows the designer to create a 3D model of the magnet.<\/p><h4>Grade<\/h4><p>Once the design is finalized, the next step is to select the right grade for the magnet. The grade used for the magnet will depend on the specific requirements of the application.<\/p><h4>Fabrication<\/h4><p>The fabrication process involves cutting the magnet into the desired shape and size. This is done using a diamond saw, which cuts through the magnet material without damaging it.<\/p><h4>Coating<\/h4><p>After the magnet is fabricated, it is coated with a protective layer to prevent corrosion and other external factors. The coating can be a variety of materials, such as nickel, copper, or gold, <a href=\"https:\/\/osenc.com\/teflon-coated-magnets\/\">Teflon<\/a>.<\/p><p><img loading=\"lazy\" decoding=\"async\" class=\"aligncenter wp-image-1450 size-medium\" src=\"https:\/\/osenc.com\/wp-content\/uploads\/2022\/11\/10001-1-300x300.png\" alt=\"cone magnet\" width=\"300\" height=\"300\" srcset=\"https:\/\/osenc.com\/wp-content\/uploads\/2022\/11\/10001-1-300x300.png 300w, https:\/\/osenc.com\/wp-content\/uploads\/2022\/11\/10001-1-150x150.png 150w, https:\/\/osenc.com\/wp-content\/uploads\/2022\/11\/10001-1.png 600w\" sizes=\"(max-width: 300px) 100vw, 300px\" \/><\/p><h2>Applications\u00a0<\/h2><p>Custom irregular shape neodymium magnets have a wide range of applications in different industries. Some of the common applications are as follows:<\/p><h4>Medical Equipment<\/h4><p>Neodymium magnets are widely used in medical equipment, such as MRI machines, pacemakers, and surgical instruments. The magnets&#8217; high magnetic strength makes them ideal for creating a strong magnetic field needed for imaging and therapy.<\/p><h4>Automotive Industry<\/h4><p>Neodymium magnets are used in various applications in the automotive industry, such as electric motors, sensors, and actuators. The magnets&#8217; high magnetic strength and durability make them ideal for these applications.<\/p><h4>Electronics<\/h4><p>Neodymium magnets are used in various electronic devices, such as headphones, speakers, and hard disk drives. The magnets&#8217; high magnetic strength makes them ideal for creating a strong magnetic field needed for these devices.<\/p><h2>Conclusion<\/h2><p>Custom irregular neodymium magnets are a versatile and cost-effective solution for various industrial applications. Their flexibility, high magnetic strength, and durability make them a preferred choice in the industry. The manufacturing process of custom irregular shape neodymium magnets involves several steps, including design, material selection, fabrication, and coating. These magnets have a wide range of applications in different industries, such as medical equipment, automotive industry, and electronics. As technology advances, the demand for custom magnets will only continue to grow.<br \/>In conclusion, custom neodymium magnets offer numerous benefits over traditional magnets, including flexibility, high magnetic strength, and durability. Their unique shape can be designed to meet specific requirements, making them a preferred choice in various industries. The manufacturing process involves several steps, including design, material selection, fabrication, and coating. These magnets have a wide range of applications in different industries, such as medical equipment, automotive industry, and electronics. The use of these magnets will only continue to grow as technology advances.<\/p>\t\t\t\t\t\t\t\t<\/div>\n\t\t\t\t<div class=\"elementor-element elementor-element-e54c589 elementor-widget elementor-widget-gallery\" data-id=\"e54c589\" data-element_type=\"widget\" data-e-type=\"widget\" data-settings=\"{&quot;gap&quot;:{&quot;unit&quot;:&quot;px&quot;,&quot;size&quot;:24,&quot;sizes&quot;:[]},&quot;aspect_ratio&quot;:&quot;1:1&quot;,&quot;lazyload&quot;:&quot;yes&quot;,&quot;gallery_layout&quot;:&quot;grid&quot;,&quot;columns&quot;:4,&quot;columns_tablet&quot;:2,&quot;columns_mobile&quot;:1,&quot;gap_tablet&quot;:{&quot;unit&quot;:&quot;px&quot;,&quot;size&quot;:10,&quot;sizes&quot;:[]},&quot;gap_mobile&quot;:{&quot;unit&quot;:&quot;px&quot;,&quot;size&quot;:10,&quot;sizes&quot;:[]},&quot;link_to&quot;:&quot;file&quot;,&quot;overlay_background&quot;:&quot;yes&quot;,&quot;content_hover_animation&quot;:&quot;fade-in&quot;}\" data-widget_type=\"gallery.default\">\n\t\t\t\t\t\t\t<div class=\"elementor-gallery__container\">\n\t\t\t\t\t\t\t<a class=\"e-gallery-item elementor-gallery-item elementor-animated-content\" href=\"https:\/\/osenc.com\/wp-content\/uploads\/2022\/11\/cone-magnet.png\" data-elementor-open-lightbox=\"yes\" data-elementor-lightbox-slideshow=\"e54c589\" data-elementor-lightbox-title=\"cone magnet\" data-e-action-hash=\"#elementor-action%3Aaction%3Dlightbox%26settings%3DeyJpZCI6MTI4NywidXJsIjoiaHR0cHM6XC9cL29zZW5jLmNvbVwvd3AtY29udGVudFwvdXBsb2Fkc1wvMjAyMlwvMTFcL2NvbmUtbWFnbmV0LnBuZyIsInNsaWRlc2hvdyI6ImU1NGM1ODkifQ%3D%3D\">\n\t\t\t\t\t<div class=\"e-gallery-image elementor-gallery-item__image\" data-thumbnail=\"https:\/\/osenc.com\/wp-content\/uploads\/2022\/11\/cone-magnet.png\" data-width=\"256\" data-height=\"256\" aria-label=\"cone neodymium magnet\" role=\"img\" ><\/div>\n\t\t\t\t\t\t\t\t\t\t\t<div class=\"elementor-gallery-item__overlay\"><\/div>\n\t\t\t\t\t\t\t\t\t\t\t\t\t\t<\/a>\n\t\t\t\t\t\t\t<a class=\"e-gallery-item elementor-gallery-item elementor-animated-content\" href=\"https:\/\/osenc.com\/wp-content\/uploads\/2022\/11\/10002.jpg\" data-elementor-open-lightbox=\"yes\" data-elementor-lightbox-slideshow=\"e54c589\" data-elementor-lightbox-title=\"10002\" data-e-action-hash=\"#elementor-action%3Aaction%3Dlightbox%26settings%3DeyJpZCI6MTI5NywidXJsIjoiaHR0cHM6XC9cL29zZW5jLmNvbVwvd3AtY29udGVudFwvdXBsb2Fkc1wvMjAyMlwvMTFcLzEwMDAyLmpwZyIsInNsaWRlc2hvdyI6ImU1NGM1ODkifQ%3D%3D\">\n\t\t\t\t\t<div class=\"e-gallery-image elementor-gallery-item__image\" data-thumbnail=\"https:\/\/osenc.com\/wp-content\/uploads\/2022\/11\/10002-300x300.jpg\" data-width=\"300\" data-height=\"300\" aria-label=\"Neodymium Segment Magnets\" role=\"img\" ><\/div>\n\t\t\t\t\t\t\t\t\t\t\t<div class=\"elementor-gallery-item__overlay\"><\/div>\n\t\t\t\t\t\t\t\t\t\t\t\t\t\t<\/a>\n\t\t\t\t\t\t\t<a class=\"e-gallery-item elementor-gallery-item elementor-animated-content\" href=\"https:\/\/osenc.com\/wp-content\/uploads\/2022\/11\/10001.jpg\" data-elementor-open-lightbox=\"yes\" data-elementor-lightbox-slideshow=\"e54c589\" data-elementor-lightbox-title=\"hexagon neodymium magnets\" data-e-action-hash=\"#elementor-action%3Aaction%3Dlightbox%26settings%3DeyJpZCI6MTQyNywidXJsIjoiaHR0cHM6XC9cL29zZW5jLmNvbVwvd3AtY29udGVudFwvdXBsb2Fkc1wvMjAyMlwvMTFcLzEwMDAxLmpwZyIsInNsaWRlc2hvdyI6ImU1NGM1ODkifQ%3D%3D\">\n\t\t\t\t\t<div class=\"e-gallery-image elementor-gallery-item__image\" data-thumbnail=\"https:\/\/osenc.com\/wp-content\/uploads\/2022\/11\/10001-300x300.jpg\" data-width=\"300\" data-height=\"300\" aria-label=\"hexagon neodymium magnets\" role=\"img\" ><\/div>\n\t\t\t\t\t\t\t\t\t\t\t<div class=\"elementor-gallery-item__overlay\"><\/div>\n\t\t\t\t\t\t\t\t\t\t\t\t\t\t<\/a>\n\t\t\t\t\t\t\t<a class=\"e-gallery-item elementor-gallery-item elementor-animated-content\" href=\"https:\/\/osenc.com\/wp-content\/uploads\/2022\/11\/countersunk-magnet.jpg\" data-elementor-open-lightbox=\"yes\" data-elementor-lightbox-slideshow=\"e54c589\" data-elementor-lightbox-title=\"countersunk neodymium magnets\" data-e-action-hash=\"#elementor-action%3Aaction%3Dlightbox%26settings%3DeyJpZCI6MTI4OCwidXJsIjoiaHR0cHM6XC9cL29zZW5jLmNvbVwvd3AtY29udGVudFwvdXBsb2Fkc1wvMjAyMlwvMTFcL2NvdW50ZXJzdW5rLW1hZ25ldC5qcGciLCJzbGlkZXNob3ciOiJlNTRjNTg5In0%3D\">\n\t\t\t\t\t<div class=\"e-gallery-image elementor-gallery-item__image\" data-thumbnail=\"https:\/\/osenc.com\/wp-content\/uploads\/2022\/11\/countersunk-magnet-300x300.jpg\" data-width=\"300\" data-height=\"300\" aria-label=\"countersunk neodymium magnets\" role=\"img\" ><\/div>\n\t\t\t\t\t\t\t\t\t\t\t<div class=\"elementor-gallery-item__overlay\"><\/div>\n\t\t\t\t\t\t\t\t\t\t\t\t\t\t<\/a>\n\t\t\t\t\t\t\t<a class=\"e-gallery-item elementor-gallery-item elementor-animated-content\" href=\"https:\/\/osenc.com\/wp-content\/uploads\/2022\/11\/Neodymium-Magnet-Balls.jpg\" data-elementor-open-lightbox=\"yes\" data-elementor-lightbox-slideshow=\"e54c589\" data-elementor-lightbox-title=\"Neodymium Magnet Balls\" data-e-action-hash=\"#elementor-action%3Aaction%3Dlightbox%26settings%3DeyJpZCI6MTM1NywidXJsIjoiaHR0cHM6XC9cL29zZW5jLmNvbVwvd3AtY29udGVudFwvdXBsb2Fkc1wvMjAyMlwvMTFcL05lb2R5bWl1bS1NYWduZXQtQmFsbHMuanBnIiwic2xpZGVzaG93IjoiZTU0YzU4OSJ9\">\n\t\t\t\t\t<div class=\"e-gallery-image elementor-gallery-item__image\" data-thumbnail=\"https:\/\/osenc.com\/wp-content\/uploads\/2022\/11\/Neodymium-Magnet-Balls-300x300.jpg\" data-width=\"300\" data-height=\"300\" aria-label=\"Neodymium Magnet Balls\" role=\"img\" ><\/div>\n\t\t\t\t\t\t\t\t\t\t\t<div class=\"elementor-gallery-item__overlay\"><\/div>\n\t\t\t\t\t\t\t\t\t\t\t\t\t\t<\/a>\n\t\t\t\t\t\t\t<a class=\"e-gallery-item elementor-gallery-item elementor-animated-content\" href=\"https:\/\/osenc.com\/wp-content\/uploads\/2022\/11\/Triangular-Neodymium-Magnets.jpg\" data-elementor-open-lightbox=\"yes\" data-elementor-lightbox-slideshow=\"e54c589\" data-elementor-lightbox-title=\"Triangular Neodymium Magnets\" data-e-action-hash=\"#elementor-action%3Aaction%3Dlightbox%26settings%3DeyJpZCI6MTQzMSwidXJsIjoiaHR0cHM6XC9cL29zZW5jLmNvbVwvd3AtY29udGVudFwvdXBsb2Fkc1wvMjAyMlwvMTFcL1RyaWFuZ3VsYXItTmVvZHltaXVtLU1hZ25ldHMuanBnIiwic2xpZGVzaG93IjoiZTU0YzU4OSJ9\">\n\t\t\t\t\t<div class=\"e-gallery-image elementor-gallery-item__image\" data-thumbnail=\"https:\/\/osenc.com\/wp-content\/uploads\/2022\/11\/Triangular-Neodymium-Magnets-300x300.jpg\" data-width=\"300\" data-height=\"300\" aria-label=\"Triangular Neodymium Magnets\" role=\"img\" ><\/div>\n\t\t\t\t\t\t\t\t\t\t\t<div class=\"elementor-gallery-item__overlay\"><\/div>\n\t\t\t\t\t\t\t\t\t\t\t\t\t\t<\/a>\n\t\t\t\t\t\t\t<a class=\"e-gallery-item elementor-gallery-item elementor-animated-content\" href=\"https:\/\/osenc.com\/wp-content\/uploads\/2023\/03\/neodymium-wedge-magnets.jpg\" data-elementor-open-lightbox=\"yes\" data-elementor-lightbox-slideshow=\"e54c589\" data-elementor-lightbox-title=\"neodymium-wedge-magnets\" data-e-action-hash=\"#elementor-action%3Aaction%3Dlightbox%26settings%3DeyJpZCI6MzgyNiwidXJsIjoiaHR0cHM6XC9cL29zZW5jLmNvbVwvd3AtY29udGVudFwvdXBsb2Fkc1wvMjAyM1wvMDNcL25lb2R5bWl1bS13ZWRnZS1tYWduZXRzLmpwZyIsInNsaWRlc2hvdyI6ImU1NGM1ODkifQ%3D%3D\">\n\t\t\t\t\t<div class=\"e-gallery-image elementor-gallery-item__image\" data-thumbnail=\"https:\/\/osenc.com\/wp-content\/uploads\/2023\/03\/neodymium-wedge-magnets-300x300.jpg\" data-width=\"300\" data-height=\"300\" aria-label=\"neodymium-wedge-magnets\" role=\"img\" ><\/div>\n\t\t\t\t\t\t\t\t\t\t\t<div class=\"elementor-gallery-item__overlay\"><\/div>\n\t\t\t\t\t\t\t\t\t\t\t\t\t\t<\/a>\n\t\t\t\t\t<\/div>\n\t\t\t\t\t<\/div>\n\t\t\t\t<div class=\"elementor-element elementor-element-1a1e69bd elementor-widget elementor-widget-button\" data-id=\"1a1e69bd\" data-element_type=\"widget\" data-e-type=\"widget\" data-widget_type=\"button.default\">\n\t\t\t\t\t\t\t\t\t\t<a class=\"elementor-button elementor-button-link elementor-size-sm\" href=\"#elementor-action%3Aaction%3Dpopup%3Aopen%26settings%3DeyJpZCI6IjIwMSIsInRvZ2dsZSI6ZmFsc2V9\">\n\t\t\t\t\t\t<span class=\"elementor-button-content-wrapper\">\n\t\t\t\t\t\t\t\t\t<span class=\"elementor-button-text\">Contact Osenc Now<\/span>\n\t\t\t\t\t<\/span>\n\t\t\t\t\t<\/a>\n\t\t\t\t\t\t\t\t<\/div>\n\t\t\t\t\t<\/div>\n\t\t<\/div>\n\t\t\t\t<div class=\"elementor-column elementor-col-50 elementor-top-column elementor-element elementor-element-37164bff\" data-id=\"37164bff\" data-element_type=\"column\" data-e-type=\"column\">\n\t\t\t<div class=\"elementor-widget-wrap elementor-element-populated\">\n\t\t\t\t\t\t<div class=\"elementor-element elementor-element-55b5adcf elementor-toc--minimized-on-tablet elementor-widget elementor-widget-table-of-contents\" data-id=\"55b5adcf\" data-element_type=\"widget\" data-e-type=\"widget\" data-settings=\"{&quot;exclude_headings_by_selector&quot;:[],&quot;no_headings_message&quot;:&quot;No headings were found on this page.&quot;,&quot;headings_by_tags&quot;:[&quot;h2&quot;,&quot;h3&quot;,&quot;h4&quot;,&quot;h5&quot;,&quot;h6&quot;],&quot;marker_view&quot;:&quot;numbers&quot;,&quot;minimize_box&quot;:&quot;yes&quot;,&quot;minimized_on&quot;:&quot;tablet&quot;,&quot;hierarchical_view&quot;:&quot;yes&quot;,&quot;min_height&quot;:{&quot;unit&quot;:&quot;px&quot;,&quot;size&quot;:&quot;&quot;,&quot;sizes&quot;:[]},&quot;min_height_tablet&quot;:{&quot;unit&quot;:&quot;px&quot;,&quot;size&quot;:&quot;&quot;,&quot;sizes&quot;:[]},&quot;min_height_mobile&quot;:{&quot;unit&quot;:&quot;px&quot;,&quot;size&quot;:&quot;&quot;,&quot;sizes&quot;:[]}}\" data-widget_type=\"table-of-contents.default\">\n\t\t\t\t\t\t\t\t\t<div class=\"elementor-toc__header\">\n\t\t\t\t\t\t<h4 class=\"elementor-toc__header-title\">\n\t\t\t\tTable of Contents\t\t\t<\/h4>\n\t\t\t\t\t\t\t\t\t\t<div class=\"elementor-toc__toggle-button elementor-toc__toggle-button--expand\" role=\"button\" tabindex=\"0\" aria-controls=\"elementor-toc__55b5adcf\" aria-expanded=\"true\" aria-label=\"Inhaltsverzeichnis \u00f6ffnen\"><svg aria-hidden=\"true\" class=\"e-font-icon-svg e-fas-chevron-down\" viewBox=\"0 0 448 512\" xmlns=\"http:\/\/www.w3.org\/2000\/svg\"><path d=\"M207.029 381.476L12.686 187.132c-9.373-9.373-9.373-24.569 0-33.941l22.667-22.667c9.357-9.357 24.522-9.375 33.901-.04L224 284.505l154.745-154.021c9.379-9.335 24.544-9.317 33.901.04l22.667 22.667c9.373 9.373 9.373 24.569 0 33.941L240.971 381.476c-9.373 9.372-24.569 9.372-33.942 0z\"><\/path><\/svg><\/div>\n\t\t\t\t<div class=\"elementor-toc__toggle-button elementor-toc__toggle-button--collapse\" role=\"button\" tabindex=\"0\" aria-controls=\"elementor-toc__55b5adcf\" aria-expanded=\"true\" aria-label=\"Inhaltsverzeichnis schlie\u00dfen\"><svg aria-hidden=\"true\" class=\"e-font-icon-svg e-fas-chevron-up\" viewBox=\"0 0 448 512\" xmlns=\"http:\/\/www.w3.org\/2000\/svg\"><path d=\"M240.971 130.524l194.343 194.343c9.373 9.373 9.373 24.569 0 33.941l-22.667 22.667c-9.357 9.357-24.522 9.375-33.901.04L224 227.495 69.255 381.516c-9.379 9.335-24.544 9.317-33.901-.04l-22.667-22.667c-9.373-9.373-9.373-24.569 0-33.941L207.03 130.525c9.372-9.373 24.568-9.373 33.941-.001z\"><\/path><\/svg><\/div>\n\t\t\t\t\t<\/div>\n\t\t\t\t<div id=\"elementor-toc__55b5adcf\" class=\"elementor-toc__body\">\n\t\t\t<div class=\"elementor-toc__spinner-container\">\n\t\t\t\t<svg class=\"elementor-toc__spinner eicon-animation-spin e-font-icon-svg e-eicon-loading\" aria-hidden=\"true\" viewBox=\"0 0 1000 1000\" xmlns=\"http:\/\/www.w3.org\/2000\/svg\"><path d=\"M500 975V858C696 858 858 696 858 500S696 142 500 142 142 304 142 500H25C25 237 238 25 500 25S975 237 975 500 763 975 500 975Z\"><\/path><\/svg>\t\t\t<\/div>\n\t\t<\/div>\n\t\t\t\t\t\t<\/div>\n\t\t\t\t\t<\/div>\n\t\t<\/div>\n\t\t\t\t\t<\/div>\n\t\t<\/section>\n\t\t\t\t<\/div>\n\t\t","protected":false},"excerpt":{"rendered":"<p>Kundenspezifische Neodym-Magnete Kleinster Seitenschnitt mit Diamants\u00e4ge f\u00fcr die Fertigung Verf\u00fcgbare Beschichtungen: Nickel, Kupfer, Gold, Teflon Qualit\u00e4ten: je nach Anwendungsanforderungen ausgew\u00e4hlt Anwendungen: Medizin, Automobil-, Elektronikindustrie Holen Sie sich jetzt ein sofortiges Angebot Kundenspezifische unregelm\u00e4\u00dfige Magnetform Kundenspezifische Neodym-Magnete geh\u00f6ren zu den st\u00e4rksten heute verf\u00fcgbaren Dauermagneten. Benutzerdefinierte Neodym-Magnete bedeutet benutzerdefinierte unregelm\u00e4\u00dfige...<\/p>","protected":false},"author":1,"featured_media":1488,"parent":0,"menu_order":7,"comment_status":"closed","ping_status":"closed","template":"","meta":{"_kad_blocks_custom_css":"","_kad_blocks_head_custom_js":"","_kad_blocks_body_custom_js":"","_kad_blocks_footer_custom_js":"","_kad_post_transparent":"","_kad_post_title":"","_kad_post_layout":"","_kad_post_sidebar_id":"","_kad_post_content_style":"","_kad_post_vertical_padding":"","_kad_post_feature":"","_kad_post_feature_position":"","_kad_post_header":false,"_kad_post_footer":false,"_kad_post_classname":"","footnotes":""},"class_list":["post-1411","page","type-page","status-publish","has-post-thumbnail","hentry"],"taxonomy_info":[],"featured_image_src_large":["https:\/\/osenc.com\/wp-content\/uploads\/2022\/11\/custom-neodymium-magnet.png",840,469,false],"author_info":{"display_name":"Ben Zhong","author_link":"https:\/\/osenc.com\/de\/author\/infoosenc-com\/"},"comment_info":"","_links":{"self":[{"href":"https:\/\/osenc.com\/de\/wp-json\/wp\/v2\/pages\/1411","targetHints":{"allow":["GET"]}}],"collection":[{"href":"https:\/\/osenc.com\/de\/wp-json\/wp\/v2\/pages"}],"about":[{"href":"https:\/\/osenc.com\/de\/wp-json\/wp\/v2\/types\/page"}],"author":[{"embeddable":true,"href":"https:\/\/osenc.com\/de\/wp-json\/wp\/v2\/users\/1"}],"replies":[{"embeddable":true,"href":"https:\/\/osenc.com\/de\/wp-json\/wp\/v2\/comments?post=1411"}],"version-history":[{"count":0,"href":"https:\/\/osenc.com\/de\/wp-json\/wp\/v2\/pages\/1411\/revisions"}],"wp:featuredmedia":[{"embeddable":true,"href":"https:\/\/osenc.com\/de\/wp-json\/wp\/v2\/media\/1488"}],"wp:attachment":[{"href":"https:\/\/osenc.com\/de\/wp-json\/wp\/v2\/media?parent=1411"}],"curies":[{"name":"wp","href":"https:\/\/api.w.org\/{rel}","templated":true}]}}